{"id":7970,"date":"2022-11-17T10:15:18","date_gmt":"2022-11-17T10:15:18","guid":{"rendered":"https:\/\/everydaychemshop.com\/pl\/?post_type=product&#038;p=7970"},"modified":"2023-04-07T18:18:05","modified_gmt":"2023-04-07T18:18:05","slug":"kup-ald-52-blottery","status":"publish","type":"product","link":"https:\/\/everydaychemshop.com\/pl\/product\/kup-ald-52-blottery\/","title":{"rendered":"Kup blottery ALD-52"},"content":{"rendered":"<h1>Kup blottery ALD-52 online<\/h1>\n<p><a href=\"https:\/\/everydaychemshop.com\/pl\/product\/kup-ald-52-blottery\/\">Kup blottery ALD-52 online<\/a>. ALD-52 to modny lek, kt\u00f3ry wystaje skonsolidowany przez r\u00f3\u017cne chemikalia responsywne, czuj\u0105c si\u0119 zwi\u0105zany z odroczon\u0105 histori\u0105 ALD-52 i r\u00f3\u017cnymi innymi nazwami ALD-52. Naukowcy kupuj\u0105 ALD-52 online, aby u\u017cywa\u0107 go w dziedzinie lek\u00f3w, w celach rekreacyjnych i badawczych. W\u0142a\u015bciwo\u015bci psychotropowe ALD-52 sprawi\u0142y, \u017ce sta\u0142 si\u0119 on niepodwa\u017calny w\u015br\u00f3d pracownik\u00f3w laboratori\u00f3w i znawc\u00f3w tematu. Wielu typowych klient\u00f3w decyduje si\u0119 na zakup dost\u0119pny do kupienia, aby uzyska\u0107 podniecenie, satysfakcj\u0119, podtrzymanie energii, zwi\u0119kszenie aktywno\u015bci <a href=\"https:\/\/en.wikipedia.org\/wiki\/ALD-52\">seksualnej<\/a>.<\/p>\n<p>Uwaga, aby wybra\u0107 ALD-52 wyprodukowany przez najlepsze typy post\u0119pu metodami dla ca\u0142kowicie kontrolowanego zbierania. Obszerne odcinki bada\u0144 nad produkowanymi mieszankami dost\u0119pnymi do kupienia umo\u017cliwiaj\u0105 na rynku regulacj\u0119 stanu produkcji w chi\u0144skich laboratoriach, w kt\u00f3rych wytwarzane s\u0105 wszystkie sole pod prysznic.<\/p>\n<p>Jako niezr\u00f3wnany dostawca, nasze stowarzyszenie interesuje si\u0119 bezpo\u015brednio legalnymi chi\u0144skimi stowarzyszeniami. Udziela licencji na handel solami pod prysznic o najwy\u017cszej bezb\u0142\u0119dno\u015bci i pierwszorz\u0119dnej jako\u015bci. ALD-52 jest mieszany pod pe\u0142nym nadzorem i zgodnie z deklaracjami wszystkich zasad. Decyduj\u0105c si\u0119 na wsp\u00f3\u0142czesne sp\u00f3jne dane udost\u0119pnione, aby uzyska\u0107 najbardziej osza\u0142amiaj\u0105cy wydatek na najlepszej stronie do zakupu materia\u0142\u00f3w in\u017cynieryjnych. W chi\u0144skich laboratoriach transportowane s\u0105 granulki ALD-52, powierzchnie plamiste ALD-52, proszki ALD-52. Nadawca ALD-52 wysy\u0142a ALD-52 do dowolnego kraju. \u015acis\u0142a wsp\u00f3\u0142praca z legalnymi dostawcami ALD-52 gwarantuje donios\u0142e, op\u00f3\u017anione skutki Twoich test\u00f3w i bada\u0144.<\/p>\n<p>Dostawca od d\u0142u\u017cszego czasu jest niezawodnym tw\u00f3rc\u0105 chemii oceny. Witryna zapewni\u0142a klientom przyt\u0142aczaj\u0105c\u0105 reputacj\u0119 w ca\u0142ej sieci res chems. ald 52 na sprzeda\u017c, ald 52 kup, kup ald 52, ald-52 kup Jako godni zaufania dostawcy RC ka\u017cdego dnia pomagaj\u0105 organizacji poprzez rozmowy na \u017cywo z do\u015bwiadczonymi mened\u017cerami, kt\u00f3rzy maj\u0105 istotne dane, aby pom\u00f3c w ka\u017cdej k\u0142opotliwej chorobie.<\/p>\n<p>Na znakomitych dochodzeniach in\u017cynieryjnych obci\u0105\u017ca dost\u0119pnych do kupienia rozmowach istniej\u0105cych w sieci mo\u017cna znale\u017a\u0107 pozytywne reakcje naszych kupuj\u0105cych, kt\u00f3rzy s\u0105 obecnie zadowoleni z oferowanych rodzaj\u00f3w pomocy i najlepszych rzeczy zakupionych w tym Internecie<\/p>\n","protected":false},"excerpt":{"rendered":"<p><em>ALD<\/em>\u2013<em>52<\/em>\u00a0na sprzeda\u017c w Europie,\u00a0<em>kup<\/em>\u00a0za Bitcoiny, dyskretna wysy\u0142ka z UE. <em>Kup ALD<\/em>\u2013<em>52 blotter\u00f3w<\/em>,\u00a0<em>ALD<\/em>\u2013<em>52<\/em>\u00a0surowy proszek, dostawca chemikali\u00f3w badawczych.<\/p>\n","protected":false},"featured_media":7979,"comment_status":"open","ping_status":"closed","template":"","meta":{"inline_featured_image":false},"product_brand":[],"product_cat":[116],"product_tag":[],"class_list":{"0":"post-7970","1":"product","2":"type-product","3":"status-publish","4":"has-post-thumbnail","6":"product_cat-pain-killers","8":"first","9":"instock","10":"shipping-taxable","11":"purchasable","12":"product-type-variable","13":"has-default-attributes"},"yoast_head":"<!-- This site is optimized with the Yoast SEO Premium plugin v19.2 (Yoast SEO v27.3) - https:\/\/yoast.com\/product\/yoast-seo-premium-wordpress\/ -->\n<title>Kup blottery ALD-52 online - Everyday Chem Shop<\/title>\n<meta name=\"description\" content=\"Kup blottery ALD-52 online. Sprzedajemy online najlepszej jako\u015bci blottery ALD-52. Uprzejmie prosimy o kontakt w celu uzyskania dalszych informacji i cen.\" \/>\n<meta name=\"robots\" content=\"index, follow, max-snippet:-1, max-image-preview:large, max-video-preview:-1\" \/>\n<link rel=\"canonical\" href=\"https:\/\/everydaychemshop.com\/pl\/product\/kup-ald-52-blottery\/\" \/>\n<meta property=\"og:locale\" content=\"en_US\" \/>\n<meta property=\"og:type\" content=\"article\" \/>\n<meta property=\"og:title\" content=\"Kup blottery ALD-52\" \/>\n<meta property=\"og:description\" content=\"Kup blottery ALD-52 online. Sprzedajemy online najlepszej jako\u015bci blottery ALD-52. Uprzejmie prosimy o kontakt w celu uzyskania dalszych informacji i cen.\" \/>\n<meta property=\"og:url\" content=\"https:\/\/everydaychemshop.com\/pl\/product\/kup-ald-52-blottery\/\" \/>\n<meta property=\"og:site_name\" content=\"Everyday Chem Shop\" \/>\n<meta property=\"article:modified_time\" content=\"2023-04-07T18:18:05+00:00\" \/>\n<meta property=\"og:image\" content=\"https:\/\/everydaychemshop.com\/pl\/wp-content\/uploads\/sites\/8\/2022\/11\/Buy-ALD-52-Blotters.jpg\" \/>\n\t<meta property=\"og:image:width\" content=\"350\" \/>\n\t<meta property=\"og:image:height\" content=\"350\" \/>\n\t<meta property=\"og:image:type\" content=\"image\/jpeg\" \/>\n<meta name=\"twitter:card\" content=\"summary_large_image\" \/>\n<meta name=\"twitter:label1\" content=\"Est. reading time\" \/>\n\t<meta name=\"twitter:data1\" content=\"2 minutes\" \/>\n<script type=\"application\/ld+json\" class=\"yoast-schema-graph\">{\"@context\":\"https:\\\/\\\/schema.org\",\"@graph\":[{\"@type\":\"WebPage\",\"@id\":\"https:\\\/\\\/everydaychemshop.com\\\/pl\\\/product\\\/kup-ald-52-blottery\\\/\",\"url\":\"https:\\\/\\\/everydaychemshop.com\\\/pl\\\/product\\\/kup-ald-52-blottery\\\/\",\"name\":\"Kup blottery ALD-52 online - Everyday Chem Shop\",\"isPartOf\":{\"@id\":\"https:\\\/\\\/everydaychemshop.com\\\/pl\\\/#website\"},\"primaryImageOfPage\":{\"@id\":\"https:\\\/\\\/everydaychemshop.com\\\/pl\\\/product\\\/kup-ald-52-blottery\\\/#primaryimage\"},\"image\":{\"@id\":\"https:\\\/\\\/everydaychemshop.com\\\/pl\\\/product\\\/kup-ald-52-blottery\\\/#primaryimage\"},\"thumbnailUrl\":\"https:\\\/\\\/everydaychemshop.com\\\/pl\\\/wp-content\\\/uploads\\\/sites\\\/8\\\/2022\\\/11\\\/Buy-ALD-52-Blotters.jpg\",\"datePublished\":\"2022-11-17T10:15:18+00:00\",\"dateModified\":\"2023-04-07T18:18:05+00:00\",\"description\":\"Kup blottery ALD-52 online. Sprzedajemy online najlepszej jako\u015bci blottery ALD-52. Uprzejmie prosimy o kontakt w celu uzyskania dalszych informacji i cen.\",\"breadcrumb\":{\"@id\":\"https:\\\/\\\/everydaychemshop.com\\\/pl\\\/product\\\/kup-ald-52-blottery\\\/#breadcrumb\"},\"inLanguage\":\"en-US\",\"potentialAction\":[{\"@type\":\"ReadAction\",\"target\":[\"https:\\\/\\\/everydaychemshop.com\\\/pl\\\/product\\\/kup-ald-52-blottery\\\/\"]}]},{\"@type\":\"ImageObject\",\"inLanguage\":\"en-US\",\"@id\":\"https:\\\/\\\/everydaychemshop.com\\\/pl\\\/product\\\/kup-ald-52-blottery\\\/#primaryimage\",\"url\":\"https:\\\/\\\/everydaychemshop.com\\\/pl\\\/wp-content\\\/uploads\\\/sites\\\/8\\\/2022\\\/11\\\/Buy-ALD-52-Blotters.jpg\",\"contentUrl\":\"https:\\\/\\\/everydaychemshop.com\\\/pl\\\/wp-content\\\/uploads\\\/sites\\\/8\\\/2022\\\/11\\\/Buy-ALD-52-Blotters.jpg\",\"width\":350,\"height\":350,\"caption\":\"Kup blottery ALD-52 online\"},{\"@type\":\"BreadcrumbList\",\"@id\":\"https:\\\/\\\/everydaychemshop.com\\\/pl\\\/product\\\/kup-ald-52-blottery\\\/#breadcrumb\",\"itemListElement\":[{\"@type\":\"ListItem\",\"position\":1,\"name\":\"Home\",\"item\":\"https:\\\/\\\/everydaychemshop.com\\\/pl\\\/\"},{\"@type\":\"ListItem\",\"position\":2,\"name\":\"Produkty\",\"item\":\"https:\\\/\\\/everydaychemshop.com\\\/pl\\\/produkty\\\/\"},{\"@type\":\"ListItem\",\"position\":3,\"name\":\"Kup blottery ALD-52\"}]},{\"@type\":\"WebSite\",\"@id\":\"https:\\\/\\\/everydaychemshop.com\\\/pl\\\/#website\",\"url\":\"https:\\\/\\\/everydaychemshop.com\\\/pl\\\/\",\"name\":\"Everyday Chem Shop\",\"description\":\"\",\"potentialAction\":[{\"@type\":\"SearchAction\",\"target\":{\"@type\":\"EntryPoint\",\"urlTemplate\":\"https:\\\/\\\/everydaychemshop.com\\\/pl\\\/?s={search_term_string}\"},\"query-input\":{\"@type\":\"PropertyValueSpecification\",\"valueRequired\":true,\"valueName\":\"search_term_string\"}}],\"inLanguage\":\"en-US\"}]}<\/script>\n<!-- \/ Yoast SEO Premium plugin. -->","yoast_head_json":{"title":"Kup blottery ALD-52 online - Everyday Chem Shop","description":"Kup blottery ALD-52 online. Sprzedajemy online najlepszej jako\u015bci blottery ALD-52. Uprzejmie prosimy o kontakt w celu uzyskania dalszych informacji i cen.","robots":{"index":"index","follow":"follow","max-snippet":"max-snippet:-1","max-image-preview":"max-image-preview:large","max-video-preview":"max-video-preview:-1"},"canonical":"https:\/\/everydaychemshop.com\/pl\/product\/kup-ald-52-blottery\/","og_locale":"en_US","og_type":"article","og_title":"Kup blottery ALD-52","og_description":"Kup blottery ALD-52 online. Sprzedajemy online najlepszej jako\u015bci blottery ALD-52. Uprzejmie prosimy o kontakt w celu uzyskania dalszych informacji i cen.","og_url":"https:\/\/everydaychemshop.com\/pl\/product\/kup-ald-52-blottery\/","og_site_name":"Everyday Chem Shop","article_modified_time":"2023-04-07T18:18:05+00:00","og_image":[{"width":350,"height":350,"url":"https:\/\/everydaychemshop.com\/pl\/wp-content\/uploads\/sites\/8\/2022\/11\/Buy-ALD-52-Blotters.jpg","type":"image\/jpeg"}],"twitter_card":"summary_large_image","twitter_misc":{"Est. reading time":"2 minutes"},"schema":{"@context":"https:\/\/schema.org","@graph":[{"@type":"WebPage","@id":"https:\/\/everydaychemshop.com\/pl\/product\/kup-ald-52-blottery\/","url":"https:\/\/everydaychemshop.com\/pl\/product\/kup-ald-52-blottery\/","name":"Kup blottery ALD-52 online - Everyday Chem Shop","isPartOf":{"@id":"https:\/\/everydaychemshop.com\/pl\/#website"},"primaryImageOfPage":{"@id":"https:\/\/everydaychemshop.com\/pl\/product\/kup-ald-52-blottery\/#primaryimage"},"image":{"@id":"https:\/\/everydaychemshop.com\/pl\/product\/kup-ald-52-blottery\/#primaryimage"},"thumbnailUrl":"https:\/\/everydaychemshop.com\/pl\/wp-content\/uploads\/sites\/8\/2022\/11\/Buy-ALD-52-Blotters.jpg","datePublished":"2022-11-17T10:15:18+00:00","dateModified":"2023-04-07T18:18:05+00:00","description":"Kup blottery ALD-52 online. Sprzedajemy online najlepszej jako\u015bci blottery ALD-52. Uprzejmie prosimy o kontakt w celu uzyskania dalszych informacji i cen.","breadcrumb":{"@id":"https:\/\/everydaychemshop.com\/pl\/product\/kup-ald-52-blottery\/#breadcrumb"},"inLanguage":"en-US","potentialAction":[{"@type":"ReadAction","target":["https:\/\/everydaychemshop.com\/pl\/product\/kup-ald-52-blottery\/"]}]},{"@type":"ImageObject","inLanguage":"en-US","@id":"https:\/\/everydaychemshop.com\/pl\/product\/kup-ald-52-blottery\/#primaryimage","url":"https:\/\/everydaychemshop.com\/pl\/wp-content\/uploads\/sites\/8\/2022\/11\/Buy-ALD-52-Blotters.jpg","contentUrl":"https:\/\/everydaychemshop.com\/pl\/wp-content\/uploads\/sites\/8\/2022\/11\/Buy-ALD-52-Blotters.jpg","width":350,"height":350,"caption":"Kup blottery ALD-52 online"},{"@type":"BreadcrumbList","@id":"https:\/\/everydaychemshop.com\/pl\/product\/kup-ald-52-blottery\/#breadcrumb","itemListElement":[{"@type":"ListItem","position":1,"name":"Home","item":"https:\/\/everydaychemshop.com\/pl\/"},{"@type":"ListItem","position":2,"name":"Produkty","item":"https:\/\/everydaychemshop.com\/pl\/produkty\/"},{"@type":"ListItem","position":3,"name":"Kup blottery ALD-52"}]},{"@type":"WebSite","@id":"https:\/\/everydaychemshop.com\/pl\/#website","url":"https:\/\/everydaychemshop.com\/pl\/","name":"Everyday Chem Shop","description":"","potentialAction":[{"@type":"SearchAction","target":{"@type":"EntryPoint","urlTemplate":"https:\/\/everydaychemshop.com\/pl\/?s={search_term_string}"},"query-input":{"@type":"PropertyValueSpecification","valueRequired":true,"valueName":"search_term_string"}}],"inLanguage":"en-US"}]}},"_links":{"self":[{"href":"https:\/\/everydaychemshop.com\/pl\/wp-json\/wp\/v2\/product\/7970","targetHints":{"allow":["GET"]}}],"collection":[{"href":"https:\/\/everydaychemshop.com\/pl\/wp-json\/wp\/v2\/product"}],"about":[{"href":"https:\/\/everydaychemshop.com\/pl\/wp-json\/wp\/v2\/types\/product"}],"replies":[{"embeddable":true,"href":"https:\/\/everydaychemshop.com\/pl\/wp-json\/wp\/v2\/comments?post=7970"}],"wp:featuredmedia":[{"embeddable":true,"href":"https:\/\/everydaychemshop.com\/pl\/wp-json\/wp\/v2\/media\/7979"}],"wp:attachment":[{"href":"https:\/\/everydaychemshop.com\/pl\/wp-json\/wp\/v2\/media?parent=7970"}],"wp:term":[{"taxonomy":"product_brand","embeddable":true,"href":"https:\/\/everydaychemshop.com\/pl\/wp-json\/wp\/v2\/product_brand?post=7970"},{"taxonomy":"product_cat","embeddable":true,"href":"https:\/\/everydaychemshop.com\/pl\/wp-json\/wp\/v2\/product_cat?post=7970"},{"taxonomy":"product_tag","embeddable":true,"href":"https:\/\/everydaychemshop.com\/pl\/wp-json\/wp\/v2\/product_tag?post=7970"}],"curies":[{"name":"wp","href":"https:\/\/api.w.org\/{rel}","templated":true}]}}