{"id":7980,"date":"2022-11-17T10:22:08","date_gmt":"2022-11-17T10:22:08","guid":{"rendered":"https:\/\/everydaychemshop.com\/pl\/?post_type=product&#038;p=7980"},"modified":"2023-04-07T18:16:48","modified_gmt":"2023-04-07T18:16:48","slug":"sol-do-kapieli-lek","status":"publish","type":"product","link":"https:\/\/everydaychemshop.com\/pl\/product\/sol-do-kapieli-lek\/","title":{"rendered":"Lek na s\u00f3l do k\u0105pieli"},"content":{"rendered":"<h1>Kup sole do k\u0105pieli online<\/h1>\n<p><a href=\"https:\/\/everydaychemshop.com\/pl\/product\/sol-do-kapieli-lek\/\">Kup sole do k\u0105pieli online<\/a>. Sole do k\u0105pieli s\u0105 dopalaczami, kt\u00f3re zg\u0142aszane s\u0105 przez oddzia\u0142y ratunkowe w ca\u0142ych Stanach Zjednoczonych. \u201eSole do k\u0105pieli\u201d nie s\u0105 produktami higienicznymi u\u017cywanymi do <a href=\"https:\/\/en.wikipedia.org\/wiki\/Bath_salts_(drug)\">k\u0105pieli<\/a>, jak mo\u017ce sugerowa\u0107 nazwa, ale s\u0105 niebezpiecznymi syntetycznymi (\u201ewytworzonymi przez cz\u0142owieka\u201d) katynonami. Katynony to stymulanty wyst\u0119puj\u0105ce w ro\u015blinie khat, uprawianej w Afryce Wschodniej i po\u0142udniowej Arabii. Te leki zmieniaj\u0105ce umys\u0142 s\u0105 silnymi stymulantami o\u015brodkowego uk\u0142adu nerwowego, kt\u00f3re hamuj\u0105 uk\u0142ad wychwytu zwrotnego dopaminy i noradrenaliny (neuroprzeka\u017aniki w m\u00f3zgu).<\/p>\n","protected":false},"excerpt":{"rendered":"<p>Sole do k\u0105pieli to dopalacze, kt\u00f3rych przypadki niebezpiecznego zatrucia zg\u0142aszane s\u0105 przez oddzia\u0142y ratunkowe w ca\u0142ych Stanach Zjednoczonych.<\/p>\n","protected":false},"featured_media":7982,"comment_status":"open","ping_status":"closed","template":"","meta":{"inline_featured_image":false},"product_brand":[],"product_cat":[116],"product_tag":[],"class_list":{"0":"post-7980","1":"product","2":"type-product","3":"status-publish","4":"has-post-thumbnail","6":"product_cat-pain-killers","8":"first","9":"instock","10":"shipping-taxable","11":"purchasable","12":"product-type-simple"},"yoast_head":"<!-- This site is optimized with the Yoast SEO Premium plugin v19.2 (Yoast SEO v27.3) - https:\/\/yoast.com\/product\/yoast-seo-premium-wordpress\/ -->\n<title>Kup sole do k\u0105pieli online - Everyday Chem Shop<\/title>\n<meta name=\"description\" content=\"Kup sole do k\u0105pieli online. Sprzedajemy najwy\u017cszej jako\u015bci sole do k\u0105pieli online. Prosimy o kontakt, aby uzyska\u0107 wi\u0119cej informacji i ceny za zam\u00f3wienie.\" \/>\n<meta name=\"robots\" content=\"index, follow, max-snippet:-1, max-image-preview:large, max-video-preview:-1\" \/>\n<link rel=\"canonical\" href=\"https:\/\/everydaychemshop.com\/pl\/product\/sol-do-kapieli-lek\/\" \/>\n<meta property=\"og:locale\" content=\"en_US\" \/>\n<meta property=\"og:type\" content=\"article\" \/>\n<meta property=\"og:title\" content=\"Lek na s\u00f3l do k\u0105pieli\" \/>\n<meta property=\"og:description\" content=\"Kup sole do k\u0105pieli online. Sprzedajemy najwy\u017cszej jako\u015bci sole do k\u0105pieli online. Prosimy o kontakt, aby uzyska\u0107 wi\u0119cej informacji i ceny za zam\u00f3wienie.\" \/>\n<meta property=\"og:url\" content=\"https:\/\/everydaychemshop.com\/pl\/product\/sol-do-kapieli-lek\/\" \/>\n<meta property=\"og:site_name\" content=\"Everyday Chem Shop\" \/>\n<meta property=\"article:modified_time\" content=\"2023-04-07T18:16:48+00:00\" \/>\n<meta property=\"og:image\" content=\"https:\/\/everydaychemshop.com\/pl\/wp-content\/uploads\/sites\/8\/2022\/11\/Bath-salts-drug-1.jpg\" \/>\n\t<meta property=\"og:image:width\" content=\"300\" \/>\n\t<meta property=\"og:image:height\" content=\"200\" \/>\n\t<meta property=\"og:image:type\" content=\"image\/jpeg\" \/>\n<meta name=\"twitter:card\" content=\"summary_large_image\" \/>\n<meta name=\"twitter:label1\" content=\"Est. reading time\" \/>\n\t<meta name=\"twitter:data1\" content=\"1 minute\" \/>\n<script type=\"application\/ld+json\" class=\"yoast-schema-graph\">{\"@context\":\"https:\\\/\\\/schema.org\",\"@graph\":[{\"@type\":\"WebPage\",\"@id\":\"https:\\\/\\\/everydaychemshop.com\\\/pl\\\/product\\\/sol-do-kapieli-lek\\\/\",\"url\":\"https:\\\/\\\/everydaychemshop.com\\\/pl\\\/product\\\/sol-do-kapieli-lek\\\/\",\"name\":\"Kup sole do k\u0105pieli online - Everyday Chem Shop\",\"isPartOf\":{\"@id\":\"https:\\\/\\\/everydaychemshop.com\\\/pl\\\/#website\"},\"primaryImageOfPage\":{\"@id\":\"https:\\\/\\\/everydaychemshop.com\\\/pl\\\/product\\\/sol-do-kapieli-lek\\\/#primaryimage\"},\"image\":{\"@id\":\"https:\\\/\\\/everydaychemshop.com\\\/pl\\\/product\\\/sol-do-kapieli-lek\\\/#primaryimage\"},\"thumbnailUrl\":\"https:\\\/\\\/everydaychemshop.com\\\/pl\\\/wp-content\\\/uploads\\\/sites\\\/8\\\/2022\\\/11\\\/Bath-salts-drug-1.jpg\",\"datePublished\":\"2022-11-17T10:22:08+00:00\",\"dateModified\":\"2023-04-07T18:16:48+00:00\",\"description\":\"Kup sole do k\u0105pieli online. Sprzedajemy najwy\u017cszej jako\u015bci sole do k\u0105pieli online. Prosimy o kontakt, aby uzyska\u0107 wi\u0119cej informacji i ceny za zam\u00f3wienie.\",\"breadcrumb\":{\"@id\":\"https:\\\/\\\/everydaychemshop.com\\\/pl\\\/product\\\/sol-do-kapieli-lek\\\/#breadcrumb\"},\"inLanguage\":\"en-US\",\"potentialAction\":[{\"@type\":\"ReadAction\",\"target\":[\"https:\\\/\\\/everydaychemshop.com\\\/pl\\\/product\\\/sol-do-kapieli-lek\\\/\"]}]},{\"@type\":\"ImageObject\",\"inLanguage\":\"en-US\",\"@id\":\"https:\\\/\\\/everydaychemshop.com\\\/pl\\\/product\\\/sol-do-kapieli-lek\\\/#primaryimage\",\"url\":\"https:\\\/\\\/everydaychemshop.com\\\/pl\\\/wp-content\\\/uploads\\\/sites\\\/8\\\/2022\\\/11\\\/Bath-salts-drug-1.jpg\",\"contentUrl\":\"https:\\\/\\\/everydaychemshop.com\\\/pl\\\/wp-content\\\/uploads\\\/sites\\\/8\\\/2022\\\/11\\\/Bath-salts-drug-1.jpg\",\"width\":300,\"height\":200,\"caption\":\"Kup sole do k\u0105pieli online\"},{\"@type\":\"BreadcrumbList\",\"@id\":\"https:\\\/\\\/everydaychemshop.com\\\/pl\\\/product\\\/sol-do-kapieli-lek\\\/#breadcrumb\",\"itemListElement\":[{\"@type\":\"ListItem\",\"position\":1,\"name\":\"Home\",\"item\":\"https:\\\/\\\/everydaychemshop.com\\\/pl\\\/\"},{\"@type\":\"ListItem\",\"position\":2,\"name\":\"Produkty\",\"item\":\"https:\\\/\\\/everydaychemshop.com\\\/pl\\\/produkty\\\/\"},{\"@type\":\"ListItem\",\"position\":3,\"name\":\"Lek na s\u00f3l do k\u0105pieli\"}]},{\"@type\":\"WebSite\",\"@id\":\"https:\\\/\\\/everydaychemshop.com\\\/pl\\\/#website\",\"url\":\"https:\\\/\\\/everydaychemshop.com\\\/pl\\\/\",\"name\":\"Everyday Chem Shop\",\"description\":\"\",\"potentialAction\":[{\"@type\":\"SearchAction\",\"target\":{\"@type\":\"EntryPoint\",\"urlTemplate\":\"https:\\\/\\\/everydaychemshop.com\\\/pl\\\/?s={search_term_string}\"},\"query-input\":{\"@type\":\"PropertyValueSpecification\",\"valueRequired\":true,\"valueName\":\"search_term_string\"}}],\"inLanguage\":\"en-US\"}]}<\/script>\n<!-- \/ Yoast SEO Premium plugin. -->","yoast_head_json":{"title":"Kup sole do k\u0105pieli online - Everyday Chem Shop","description":"Kup sole do k\u0105pieli online. Sprzedajemy najwy\u017cszej jako\u015bci sole do k\u0105pieli online. Prosimy o kontakt, aby uzyska\u0107 wi\u0119cej informacji i ceny za zam\u00f3wienie.","robots":{"index":"index","follow":"follow","max-snippet":"max-snippet:-1","max-image-preview":"max-image-preview:large","max-video-preview":"max-video-preview:-1"},"canonical":"https:\/\/everydaychemshop.com\/pl\/product\/sol-do-kapieli-lek\/","og_locale":"en_US","og_type":"article","og_title":"Lek na s\u00f3l do k\u0105pieli","og_description":"Kup sole do k\u0105pieli online. Sprzedajemy najwy\u017cszej jako\u015bci sole do k\u0105pieli online. Prosimy o kontakt, aby uzyska\u0107 wi\u0119cej informacji i ceny za zam\u00f3wienie.","og_url":"https:\/\/everydaychemshop.com\/pl\/product\/sol-do-kapieli-lek\/","og_site_name":"Everyday Chem Shop","article_modified_time":"2023-04-07T18:16:48+00:00","og_image":[{"width":300,"height":200,"url":"https:\/\/everydaychemshop.com\/pl\/wp-content\/uploads\/sites\/8\/2022\/11\/Bath-salts-drug-1.jpg","type":"image\/jpeg"}],"twitter_card":"summary_large_image","twitter_misc":{"Est. reading time":"1 minute"},"schema":{"@context":"https:\/\/schema.org","@graph":[{"@type":"WebPage","@id":"https:\/\/everydaychemshop.com\/pl\/product\/sol-do-kapieli-lek\/","url":"https:\/\/everydaychemshop.com\/pl\/product\/sol-do-kapieli-lek\/","name":"Kup sole do k\u0105pieli online - Everyday Chem Shop","isPartOf":{"@id":"https:\/\/everydaychemshop.com\/pl\/#website"},"primaryImageOfPage":{"@id":"https:\/\/everydaychemshop.com\/pl\/product\/sol-do-kapieli-lek\/#primaryimage"},"image":{"@id":"https:\/\/everydaychemshop.com\/pl\/product\/sol-do-kapieli-lek\/#primaryimage"},"thumbnailUrl":"https:\/\/everydaychemshop.com\/pl\/wp-content\/uploads\/sites\/8\/2022\/11\/Bath-salts-drug-1.jpg","datePublished":"2022-11-17T10:22:08+00:00","dateModified":"2023-04-07T18:16:48+00:00","description":"Kup sole do k\u0105pieli online. Sprzedajemy najwy\u017cszej jako\u015bci sole do k\u0105pieli online. Prosimy o kontakt, aby uzyska\u0107 wi\u0119cej informacji i ceny za zam\u00f3wienie.","breadcrumb":{"@id":"https:\/\/everydaychemshop.com\/pl\/product\/sol-do-kapieli-lek\/#breadcrumb"},"inLanguage":"en-US","potentialAction":[{"@type":"ReadAction","target":["https:\/\/everydaychemshop.com\/pl\/product\/sol-do-kapieli-lek\/"]}]},{"@type":"ImageObject","inLanguage":"en-US","@id":"https:\/\/everydaychemshop.com\/pl\/product\/sol-do-kapieli-lek\/#primaryimage","url":"https:\/\/everydaychemshop.com\/pl\/wp-content\/uploads\/sites\/8\/2022\/11\/Bath-salts-drug-1.jpg","contentUrl":"https:\/\/everydaychemshop.com\/pl\/wp-content\/uploads\/sites\/8\/2022\/11\/Bath-salts-drug-1.jpg","width":300,"height":200,"caption":"Kup sole do k\u0105pieli online"},{"@type":"BreadcrumbList","@id":"https:\/\/everydaychemshop.com\/pl\/product\/sol-do-kapieli-lek\/#breadcrumb","itemListElement":[{"@type":"ListItem","position":1,"name":"Home","item":"https:\/\/everydaychemshop.com\/pl\/"},{"@type":"ListItem","position":2,"name":"Produkty","item":"https:\/\/everydaychemshop.com\/pl\/produkty\/"},{"@type":"ListItem","position":3,"name":"Lek na s\u00f3l do k\u0105pieli"}]},{"@type":"WebSite","@id":"https:\/\/everydaychemshop.com\/pl\/#website","url":"https:\/\/everydaychemshop.com\/pl\/","name":"Everyday Chem Shop","description":"","potentialAction":[{"@type":"SearchAction","target":{"@type":"EntryPoint","urlTemplate":"https:\/\/everydaychemshop.com\/pl\/?s={search_term_string}"},"query-input":{"@type":"PropertyValueSpecification","valueRequired":true,"valueName":"search_term_string"}}],"inLanguage":"en-US"}]}},"_links":{"self":[{"href":"https:\/\/everydaychemshop.com\/pl\/wp-json\/wp\/v2\/product\/7980","targetHints":{"allow":["GET"]}}],"collection":[{"href":"https:\/\/everydaychemshop.com\/pl\/wp-json\/wp\/v2\/product"}],"about":[{"href":"https:\/\/everydaychemshop.com\/pl\/wp-json\/wp\/v2\/types\/product"}],"replies":[{"embeddable":true,"href":"https:\/\/everydaychemshop.com\/pl\/wp-json\/wp\/v2\/comments?post=7980"}],"wp:featuredmedia":[{"embeddable":true,"href":"https:\/\/everydaychemshop.com\/pl\/wp-json\/wp\/v2\/media\/7982"}],"wp:attachment":[{"href":"https:\/\/everydaychemshop.com\/pl\/wp-json\/wp\/v2\/media?parent=7980"}],"wp:term":[{"taxonomy":"product_brand","embeddable":true,"href":"https:\/\/everydaychemshop.com\/pl\/wp-json\/wp\/v2\/product_brand?post=7980"},{"taxonomy":"product_cat","embeddable":true,"href":"https:\/\/everydaychemshop.com\/pl\/wp-json\/wp\/v2\/product_cat?post=7980"},{"taxonomy":"product_tag","embeddable":true,"href":"https:\/\/everydaychemshop.com\/pl\/wp-json\/wp\/v2\/product_tag?post=7980"}],"curies":[{"name":"wp","href":"https:\/\/api.w.org\/{rel}","templated":true}]}}