{"id":7988,"date":"2022-11-18T17:54:58","date_gmt":"2022-11-18T17:54:58","guid":{"rendered":"https:\/\/everydaychemshop.com\/pl\/?post_type=product&#038;p=7988"},"modified":"2025-01-15T09:20:08","modified_gmt":"2025-01-15T09:20:08","slug":"2-fluorometamfetamina-2-fma-hcl","status":"publish","type":"product","link":"https:\/\/everydaychemshop.com\/pl\/product\/2-fluorometamfetamina-2-fma-hcl\/","title":{"rendered":"2-Fluorometamfetamina (2-FMA HCl)"},"content":{"rendered":"<h1>Kup 2-FMA HCl przez Internet<\/h1>\n<p><a href=\"https:\/\/everydaychemshop.com\/pl\/product\/2-fluorometamfetamina-2-fma-hcl\/\">Kup 2-FMA HCl przez Internet<\/a>. 2-FMA to skr\u00f3t od 2-fluorometamfetaminy. 2-FMA to badana substancja chemiczna nale\u017c\u0105ca do klasy amfetamin. 2-FMA jest bardzo podobny do innych stymulant\u00f3w, takich jak 2-FA, 3-FA i 4-FMA. Jest powszechnie okre\u015blana jako substytut amfetaminy. Uwa\u017ca si\u0119, \u017ce 2-FMA prowadzi do wynik\u00f3w <a href=\"https:\/\/en.wikipedia.org\/wiki\/2-Fluoromethamphetamine\">bada\u0144<\/a>, dzia\u0142aj\u0105c na receptory dopaminy i noradrenaliny w m\u00f3zgu. Staje si\u0119 ulubie\u0144cem naukowc\u00f3w laboratoryjnych, kt\u00f3rzy wol\u0105 eksperymentowa\u0107 ze \u015brodkami pobudzaj\u0105cymi. Wyniki eksperyment\u00f3w dla 2-FMA cz\u0119sto obejmuj\u0105 stymulacj\u0119, fizyczn\u0105 eufori\u0119, wzmocnienie dotykowe, dryfowanie, zwi\u0119kszone libido, popraw\u0119 skupienia, odhamowanie, przyspieszenie my\u015bli, zniekszta\u0142cenie czasu, zwi\u0119kszone docenienie muzyki i wzmocnienie wytrzyma\u0142o\u015bci.<\/p>\n<p>Gdzie kupi\u0107 2-FMA?<\/p>\n<p>W Chemical Planet sprzedajemy niezwykle wysokiej jako\u015bci 2-FMA, zazwyczaj w postaci proszku. Je\u015bli jednak potrzebujesz innego formularza, skontaktuj si\u0119 z nami, aby sprawdzi\u0107, czy nie mamy innego dost\u0119pnego, poniewa\u017c cz\u0119sto tak jest. Aby kupi\u0107 od nas 2-FMA, musisz mie\u0107 co najmniej 18 lat, a tak\u017ce w pe\u0142ni przestrzega\u0107 przepis\u00f3w dotycz\u0105cych chemii badawczej obowi\u0105zuj\u0105cych w Twoim kraju. Nasze chemikalia nie s\u0105 przeznaczone do spo\u017cycia przez ludzi lub zwierz\u0119ta, s\u0105 przeznaczone wy\u0142\u0105cznie do cel\u00f3w badawczych.<\/p>\n<p>2-FMA Legalno\u015b\u0107<\/p>\n<p>2-FMA jest nielegalne w Kanadzie, Chinach, Niemczech, Nowej Zelandii i Wielkiej Brytanii. Mo\u017ce to by\u0107 r\u00f3wnie\u017c potencjalnie nielegalne w innych krajach o silnych przepisach analogicznych, takich jak Stany Zjednoczone.<\/p>\n<p>Zawsze przechowuj w ch\u0142odnym, suchym miejscu, aby zapewni\u0107 maksymalny okres przydatno\u015bci do spo\u017cycia. Ten produkt jest przeznaczony wy\u0142\u0105cznie do zastosowa\u0144 kryminalistycznych i badawczych. Dlatego NIE jest przeznaczony do spo\u017cycia przez ludzi ani do jakichkolwiek test\u00f3w in vivo na zwierz\u0119tach lub \u017cywych organizmach.<\/p>\n","protected":false},"excerpt":{"rendered":"<p>Co to jest 2-FMA? 2-FMA to skr\u00f3t od 2-fluorometamfetaminy. 2-FMA to badana substancja chemiczna nale\u017c\u0105ca do klasy amfetamin.<\/p>\n","protected":false},"featured_media":7990,"comment_status":"open","ping_status":"closed","template":"","meta":{"inline_featured_image":false},"product_brand":[],"product_cat":[264],"product_tag":[],"class_list":{"0":"post-7988","1":"product","2":"type-product","3":"status-publish","4":"has-post-thumbnail","6":"product_cat-chemia-badawcza","8":"first","9":"instock","10":"shipping-taxable","11":"purchasable","12":"product-type-variable","13":"has-default-attributes"},"yoast_head":"<!-- This site is optimized with the Yoast SEO Premium plugin v19.2 (Yoast SEO v27.3) - https:\/\/yoast.com\/product\/yoast-seo-premium-wordpress\/ -->\n<title>Kup 2-FMA HCl przez Internet - Everyday Chem Shop<\/title>\n<meta name=\"description\" content=\"Kup 2-FMA HCl przez Internet. Sprzedajemy online najwy\u017cszej jako\u015bci 2-FMA HCl. Prosimy o kontakt w celu uzyskania dalszych informacji i cen dotycz\u0105cych sposobu zamawiania.\" \/>\n<meta name=\"robots\" content=\"index, follow, max-snippet:-1, max-image-preview:large, max-video-preview:-1\" \/>\n<link rel=\"canonical\" href=\"https:\/\/everydaychemshop.com\/pl\/product\/2-fluorometamfetamina-2-fma-hcl\/\" \/>\n<meta property=\"og:locale\" content=\"en_US\" \/>\n<meta property=\"og:type\" content=\"article\" \/>\n<meta property=\"og:title\" content=\"2-Fluorometamfetamina (2-FMA HCl)\" \/>\n<meta property=\"og:description\" content=\"Kup 2-FMA HCl przez Internet. Sprzedajemy online najwy\u017cszej jako\u015bci 2-FMA HCl. Prosimy o kontakt w celu uzyskania dalszych informacji i cen dotycz\u0105cych sposobu zamawiania.\" \/>\n<meta property=\"og:url\" content=\"https:\/\/everydaychemshop.com\/pl\/product\/2-fluorometamfetamina-2-fma-hcl\/\" \/>\n<meta property=\"og:site_name\" content=\"Everyday Chem Shop\" \/>\n<meta property=\"article:modified_time\" content=\"2025-01-15T09:20:08+00:00\" \/>\n<meta property=\"og:image\" content=\"https:\/\/everydaychemshop.com\/pl\/wp-content\/uploads\/sites\/8\/2022\/11\/2-Fluoromethamphetamine-2-FMA-HCL.png\" \/>\n\t<meta property=\"og:image:width\" content=\"289\" \/>\n\t<meta property=\"og:image:height\" content=\"200\" \/>\n\t<meta property=\"og:image:type\" content=\"image\/png\" \/>\n<meta name=\"twitter:card\" content=\"summary_large_image\" \/>\n<meta name=\"twitter:label1\" content=\"Est. reading time\" \/>\n\t<meta name=\"twitter:data1\" content=\"2 minutes\" \/>\n<script type=\"application\/ld+json\" class=\"yoast-schema-graph\">{\"@context\":\"https:\\\/\\\/schema.org\",\"@graph\":[{\"@type\":\"WebPage\",\"@id\":\"https:\\\/\\\/everydaychemshop.com\\\/pl\\\/product\\\/2-fluorometamfetamina-2-fma-hcl\\\/\",\"url\":\"https:\\\/\\\/everydaychemshop.com\\\/pl\\\/product\\\/2-fluorometamfetamina-2-fma-hcl\\\/\",\"name\":\"Kup 2-FMA HCl przez Internet - Everyday Chem Shop\",\"isPartOf\":{\"@id\":\"https:\\\/\\\/everydaychemshop.com\\\/pl\\\/#website\"},\"primaryImageOfPage\":{\"@id\":\"https:\\\/\\\/everydaychemshop.com\\\/pl\\\/product\\\/2-fluorometamfetamina-2-fma-hcl\\\/#primaryimage\"},\"image\":{\"@id\":\"https:\\\/\\\/everydaychemshop.com\\\/pl\\\/product\\\/2-fluorometamfetamina-2-fma-hcl\\\/#primaryimage\"},\"thumbnailUrl\":\"https:\\\/\\\/everydaychemshop.com\\\/pl\\\/wp-content\\\/uploads\\\/sites\\\/8\\\/2022\\\/11\\\/2-Fluoromethamphetamine-2-FMA-HCL.png\",\"datePublished\":\"2022-11-18T17:54:58+00:00\",\"dateModified\":\"2025-01-15T09:20:08+00:00\",\"description\":\"Kup 2-FMA HCl przez Internet. Sprzedajemy online najwy\u017cszej jako\u015bci 2-FMA HCl. Prosimy o kontakt w celu uzyskania dalszych informacji i cen dotycz\u0105cych sposobu zamawiania.\",\"breadcrumb\":{\"@id\":\"https:\\\/\\\/everydaychemshop.com\\\/pl\\\/product\\\/2-fluorometamfetamina-2-fma-hcl\\\/#breadcrumb\"},\"inLanguage\":\"en-US\",\"potentialAction\":[{\"@type\":\"ReadAction\",\"target\":[\"https:\\\/\\\/everydaychemshop.com\\\/pl\\\/product\\\/2-fluorometamfetamina-2-fma-hcl\\\/\"]}]},{\"@type\":\"ImageObject\",\"inLanguage\":\"en-US\",\"@id\":\"https:\\\/\\\/everydaychemshop.com\\\/pl\\\/product\\\/2-fluorometamfetamina-2-fma-hcl\\\/#primaryimage\",\"url\":\"https:\\\/\\\/everydaychemshop.com\\\/pl\\\/wp-content\\\/uploads\\\/sites\\\/8\\\/2022\\\/11\\\/2-Fluoromethamphetamine-2-FMA-HCL.png\",\"contentUrl\":\"https:\\\/\\\/everydaychemshop.com\\\/pl\\\/wp-content\\\/uploads\\\/sites\\\/8\\\/2022\\\/11\\\/2-Fluoromethamphetamine-2-FMA-HCL.png\",\"width\":289,\"height\":200,\"caption\":\"Kup 2-FMA HCl przez Internet\"},{\"@type\":\"BreadcrumbList\",\"@id\":\"https:\\\/\\\/everydaychemshop.com\\\/pl\\\/product\\\/2-fluorometamfetamina-2-fma-hcl\\\/#breadcrumb\",\"itemListElement\":[{\"@type\":\"ListItem\",\"position\":1,\"name\":\"Home\",\"item\":\"https:\\\/\\\/everydaychemshop.com\\\/pl\\\/\"},{\"@type\":\"ListItem\",\"position\":2,\"name\":\"Produkty\",\"item\":\"https:\\\/\\\/everydaychemshop.com\\\/pl\\\/produkty\\\/\"},{\"@type\":\"ListItem\",\"position\":3,\"name\":\"2-Fluorometamfetamina (2-FMA HCl)\"}]},{\"@type\":\"WebSite\",\"@id\":\"https:\\\/\\\/everydaychemshop.com\\\/pl\\\/#website\",\"url\":\"https:\\\/\\\/everydaychemshop.com\\\/pl\\\/\",\"name\":\"Everyday Chem Shop\",\"description\":\"\",\"potentialAction\":[{\"@type\":\"SearchAction\",\"target\":{\"@type\":\"EntryPoint\",\"urlTemplate\":\"https:\\\/\\\/everydaychemshop.com\\\/pl\\\/?s={search_term_string}\"},\"query-input\":{\"@type\":\"PropertyValueSpecification\",\"valueRequired\":true,\"valueName\":\"search_term_string\"}}],\"inLanguage\":\"en-US\"}]}<\/script>\n<!-- \/ Yoast SEO Premium plugin. -->","yoast_head_json":{"title":"Kup 2-FMA HCl przez Internet - Everyday Chem Shop","description":"Kup 2-FMA HCl przez Internet. Sprzedajemy online najwy\u017cszej jako\u015bci 2-FMA HCl. Prosimy o kontakt w celu uzyskania dalszych informacji i cen dotycz\u0105cych sposobu zamawiania.","robots":{"index":"index","follow":"follow","max-snippet":"max-snippet:-1","max-image-preview":"max-image-preview:large","max-video-preview":"max-video-preview:-1"},"canonical":"https:\/\/everydaychemshop.com\/pl\/product\/2-fluorometamfetamina-2-fma-hcl\/","og_locale":"en_US","og_type":"article","og_title":"2-Fluorometamfetamina (2-FMA HCl)","og_description":"Kup 2-FMA HCl przez Internet. Sprzedajemy online najwy\u017cszej jako\u015bci 2-FMA HCl. Prosimy o kontakt w celu uzyskania dalszych informacji i cen dotycz\u0105cych sposobu zamawiania.","og_url":"https:\/\/everydaychemshop.com\/pl\/product\/2-fluorometamfetamina-2-fma-hcl\/","og_site_name":"Everyday Chem Shop","article_modified_time":"2025-01-15T09:20:08+00:00","og_image":[{"width":289,"height":200,"url":"https:\/\/everydaychemshop.com\/pl\/wp-content\/uploads\/sites\/8\/2022\/11\/2-Fluoromethamphetamine-2-FMA-HCL.png","type":"image\/png"}],"twitter_card":"summary_large_image","twitter_misc":{"Est. reading time":"2 minutes"},"schema":{"@context":"https:\/\/schema.org","@graph":[{"@type":"WebPage","@id":"https:\/\/everydaychemshop.com\/pl\/product\/2-fluorometamfetamina-2-fma-hcl\/","url":"https:\/\/everydaychemshop.com\/pl\/product\/2-fluorometamfetamina-2-fma-hcl\/","name":"Kup 2-FMA HCl przez Internet - Everyday Chem Shop","isPartOf":{"@id":"https:\/\/everydaychemshop.com\/pl\/#website"},"primaryImageOfPage":{"@id":"https:\/\/everydaychemshop.com\/pl\/product\/2-fluorometamfetamina-2-fma-hcl\/#primaryimage"},"image":{"@id":"https:\/\/everydaychemshop.com\/pl\/product\/2-fluorometamfetamina-2-fma-hcl\/#primaryimage"},"thumbnailUrl":"https:\/\/everydaychemshop.com\/pl\/wp-content\/uploads\/sites\/8\/2022\/11\/2-Fluoromethamphetamine-2-FMA-HCL.png","datePublished":"2022-11-18T17:54:58+00:00","dateModified":"2025-01-15T09:20:08+00:00","description":"Kup 2-FMA HCl przez Internet. Sprzedajemy online najwy\u017cszej jako\u015bci 2-FMA HCl. Prosimy o kontakt w celu uzyskania dalszych informacji i cen dotycz\u0105cych sposobu zamawiania.","breadcrumb":{"@id":"https:\/\/everydaychemshop.com\/pl\/product\/2-fluorometamfetamina-2-fma-hcl\/#breadcrumb"},"inLanguage":"en-US","potentialAction":[{"@type":"ReadAction","target":["https:\/\/everydaychemshop.com\/pl\/product\/2-fluorometamfetamina-2-fma-hcl\/"]}]},{"@type":"ImageObject","inLanguage":"en-US","@id":"https:\/\/everydaychemshop.com\/pl\/product\/2-fluorometamfetamina-2-fma-hcl\/#primaryimage","url":"https:\/\/everydaychemshop.com\/pl\/wp-content\/uploads\/sites\/8\/2022\/11\/2-Fluoromethamphetamine-2-FMA-HCL.png","contentUrl":"https:\/\/everydaychemshop.com\/pl\/wp-content\/uploads\/sites\/8\/2022\/11\/2-Fluoromethamphetamine-2-FMA-HCL.png","width":289,"height":200,"caption":"Kup 2-FMA HCl przez Internet"},{"@type":"BreadcrumbList","@id":"https:\/\/everydaychemshop.com\/pl\/product\/2-fluorometamfetamina-2-fma-hcl\/#breadcrumb","itemListElement":[{"@type":"ListItem","position":1,"name":"Home","item":"https:\/\/everydaychemshop.com\/pl\/"},{"@type":"ListItem","position":2,"name":"Produkty","item":"https:\/\/everydaychemshop.com\/pl\/produkty\/"},{"@type":"ListItem","position":3,"name":"2-Fluorometamfetamina (2-FMA HCl)"}]},{"@type":"WebSite","@id":"https:\/\/everydaychemshop.com\/pl\/#website","url":"https:\/\/everydaychemshop.com\/pl\/","name":"Everyday Chem Shop","description":"","potentialAction":[{"@type":"SearchAction","target":{"@type":"EntryPoint","urlTemplate":"https:\/\/everydaychemshop.com\/pl\/?s={search_term_string}"},"query-input":{"@type":"PropertyValueSpecification","valueRequired":true,"valueName":"search_term_string"}}],"inLanguage":"en-US"}]}},"_links":{"self":[{"href":"https:\/\/everydaychemshop.com\/pl\/wp-json\/wp\/v2\/product\/7988","targetHints":{"allow":["GET"]}}],"collection":[{"href":"https:\/\/everydaychemshop.com\/pl\/wp-json\/wp\/v2\/product"}],"about":[{"href":"https:\/\/everydaychemshop.com\/pl\/wp-json\/wp\/v2\/types\/product"}],"replies":[{"embeddable":true,"href":"https:\/\/everydaychemshop.com\/pl\/wp-json\/wp\/v2\/comments?post=7988"}],"wp:featuredmedia":[{"embeddable":true,"href":"https:\/\/everydaychemshop.com\/pl\/wp-json\/wp\/v2\/media\/7990"}],"wp:attachment":[{"href":"https:\/\/everydaychemshop.com\/pl\/wp-json\/wp\/v2\/media?parent=7988"}],"wp:term":[{"taxonomy":"product_brand","embeddable":true,"href":"https:\/\/everydaychemshop.com\/pl\/wp-json\/wp\/v2\/product_brand?post=7988"},{"taxonomy":"product_cat","embeddable":true,"href":"https:\/\/everydaychemshop.com\/pl\/wp-json\/wp\/v2\/product_cat?post=7988"},{"taxonomy":"product_tag","embeddable":true,"href":"https:\/\/everydaychemshop.com\/pl\/wp-json\/wp\/v2\/product_tag?post=7988"}],"curies":[{"name":"wp","href":"https:\/\/api.w.org\/{rel}","templated":true}]}}