{"id":8009,"date":"2022-11-18T18:27:54","date_gmt":"2022-11-18T18:27:54","guid":{"rendered":"https:\/\/everydaychemshop.com\/pl\/?post_type=product&#038;p=8009"},"modified":"2023-04-07T18:14:34","modified_gmt":"2023-04-07T18:14:34","slug":"kup-2-mppp-online","status":"publish","type":"product","link":"https:\/\/everydaychemshop.com\/pl\/product\/kup-2-mppp-online\/","title":{"rendered":"Kup 2-MPPP online"},"content":{"rendered":"<h1>Kup proszek 2-MPPP przez Internet<\/h1>\n<p>Pe\u0142na nazwa chemiczna:\u00a0(1-metylo-4-fenylopiperydyn-4-ylo)propanian<\/p>\n<p>Inne nazwy:Desmetyloprodyna, 1-metylo-4-fenylo-4-propionoksypiperydyna, <a href=\"https:\/\/everydaychemshop.com\/pl\/product\/kup-2-mppp-online\/\">MPPP<\/a><\/p>\n<p>Numer CAS substancji:\u00a013147-09-6<\/p>\n<p>W\u0142a\u015bciwo\u015bci fizyczne:\u00a0Drobny bia\u0142y proszek<\/p>\n<p>Formu\u0142a:\u00a0C15H21N\u00d0\u017e2<\/p>\n<p>Masa molowa substancji:\u00a0247,33 g\/<a href=\"https:\/\/en.wikipedia.org\/wiki\/Desmethylprodine\">mol<\/a><\/p>\n<p>Czysto\u015b\u0107 preparatu: 98% i wi\u0119cej<\/p>\n","protected":false},"excerpt":{"rendered":"<p class=\"one\"><strong>Pe\u0142na nazwa chemiczna:<\/strong>\u00a0(1-metylo-4-fenylopiperydyn-4-ylo)propanian<\/p>\n<p><strong>Inne nazwy:<\/strong> Desmetyloprodyna, 1-metylo-4-fenylo-4-propionoksypiperydyna, MPPP<\/p>\n<p><strong>Numer CAS substancji:<\/strong>\u00a013147-09-6<\/p>\n<p><strong>Fizyczne w\u0142a\u015bciwo\u015bci:<\/strong>\u00a0Drobny bia\u0142y proszek<\/p>\n<p><strong>Wz\u00f3r:<\/strong>\u00a0C<sub>15<\/sub>H<sub>21<\/sub>N\u00d0\u017e<sub>2<\/sub><\/p>\n<p><strong>Masa molowa substancji:<\/strong>\u00a0247,33 g\/mol<\/p>\n<p><strong>Czysto\u015b\u0107 preparatu<\/strong>: 98% oraz powy\u017cej<\/p>\n","protected":false},"featured_media":8018,"comment_status":"open","ping_status":"closed","template":"","meta":{"inline_featured_image":false},"product_brand":[],"product_cat":[264],"product_tag":[],"class_list":{"0":"post-8009","1":"product","2":"type-product","3":"status-publish","4":"has-post-thumbnail","6":"product_cat-chemia-badawcza","8":"first","9":"instock","10":"shipping-taxable","11":"purchasable","12":"product-type-variable","13":"has-default-attributes"},"yoast_head":"<!-- This site is optimized with the Yoast SEO Premium plugin v19.2 (Yoast SEO v27.3) - https:\/\/yoast.com\/product\/yoast-seo-premium-wordpress\/ -->\n<title>Kup proszek 2-MPPP przez Internet- Everyday Chem Shop<\/title>\n<meta name=\"description\" content=\"Kup proszek 2-MPPP przez Internet. Sprzedajemy najwy\u017cszej jako\u015bci proszek 2-MPPP online. Uprzejmie prosimy o kontakt w celu uzyskania dalszych informacji i cen.\" \/>\n<meta name=\"robots\" content=\"index, follow, max-snippet:-1, max-image-preview:large, max-video-preview:-1\" \/>\n<link rel=\"canonical\" href=\"https:\/\/everydaychemshop.com\/pl\/product\/kup-2-mppp-online\/\" \/>\n<meta property=\"og:locale\" content=\"en_US\" \/>\n<meta property=\"og:type\" content=\"article\" \/>\n<meta property=\"og:title\" content=\"Kup 2-MPPP online\" \/>\n<meta property=\"og:description\" content=\"Kup proszek 2-MPPP przez Internet. Sprzedajemy najwy\u017cszej jako\u015bci proszek 2-MPPP online. Uprzejmie prosimy o kontakt w celu uzyskania dalszych informacji i cen.\" \/>\n<meta property=\"og:url\" content=\"https:\/\/everydaychemshop.com\/pl\/product\/kup-2-mppp-online\/\" \/>\n<meta property=\"og:site_name\" content=\"Everyday Chem Shop\" \/>\n<meta property=\"article:modified_time\" content=\"2023-04-07T18:14:34+00:00\" \/>\n<meta property=\"og:image\" content=\"https:\/\/everydaychemshop.com\/pl\/wp-content\/uploads\/sites\/8\/2022\/11\/2-MPPP.jpg\" \/>\n\t<meta property=\"og:image:width\" content=\"600\" \/>\n\t<meta property=\"og:image:height\" content=\"600\" \/>\n\t<meta property=\"og:image:type\" content=\"image\/jpeg\" \/>\n<meta name=\"twitter:card\" content=\"summary_large_image\" \/>\n<meta name=\"twitter:label1\" content=\"Est. reading time\" \/>\n\t<meta name=\"twitter:data1\" content=\"1 minute\" \/>\n<script type=\"application\/ld+json\" class=\"yoast-schema-graph\">{\"@context\":\"https:\\\/\\\/schema.org\",\"@graph\":[{\"@type\":\"WebPage\",\"@id\":\"https:\\\/\\\/everydaychemshop.com\\\/pl\\\/product\\\/kup-2-mppp-online\\\/\",\"url\":\"https:\\\/\\\/everydaychemshop.com\\\/pl\\\/product\\\/kup-2-mppp-online\\\/\",\"name\":\"Kup proszek 2-MPPP przez Internet- Everyday Chem Shop\",\"isPartOf\":{\"@id\":\"https:\\\/\\\/everydaychemshop.com\\\/pl\\\/#website\"},\"primaryImageOfPage\":{\"@id\":\"https:\\\/\\\/everydaychemshop.com\\\/pl\\\/product\\\/kup-2-mppp-online\\\/#primaryimage\"},\"image\":{\"@id\":\"https:\\\/\\\/everydaychemshop.com\\\/pl\\\/product\\\/kup-2-mppp-online\\\/#primaryimage\"},\"thumbnailUrl\":\"https:\\\/\\\/everydaychemshop.com\\\/pl\\\/wp-content\\\/uploads\\\/sites\\\/8\\\/2022\\\/11\\\/2-MPPP.jpg\",\"datePublished\":\"2022-11-18T18:27:54+00:00\",\"dateModified\":\"2023-04-07T18:14:34+00:00\",\"description\":\"Kup proszek 2-MPPP przez Internet. Sprzedajemy najwy\u017cszej jako\u015bci proszek 2-MPPP online. Uprzejmie prosimy o kontakt w celu uzyskania dalszych informacji i cen.\",\"breadcrumb\":{\"@id\":\"https:\\\/\\\/everydaychemshop.com\\\/pl\\\/product\\\/kup-2-mppp-online\\\/#breadcrumb\"},\"inLanguage\":\"en-US\",\"potentialAction\":[{\"@type\":\"ReadAction\",\"target\":[\"https:\\\/\\\/everydaychemshop.com\\\/pl\\\/product\\\/kup-2-mppp-online\\\/\"]}]},{\"@type\":\"ImageObject\",\"inLanguage\":\"en-US\",\"@id\":\"https:\\\/\\\/everydaychemshop.com\\\/pl\\\/product\\\/kup-2-mppp-online\\\/#primaryimage\",\"url\":\"https:\\\/\\\/everydaychemshop.com\\\/pl\\\/wp-content\\\/uploads\\\/sites\\\/8\\\/2022\\\/11\\\/2-MPPP.jpg\",\"contentUrl\":\"https:\\\/\\\/everydaychemshop.com\\\/pl\\\/wp-content\\\/uploads\\\/sites\\\/8\\\/2022\\\/11\\\/2-MPPP.jpg\",\"width\":600,\"height\":600,\"caption\":\"Kup proszek 2-MPPP przez Internet\"},{\"@type\":\"BreadcrumbList\",\"@id\":\"https:\\\/\\\/everydaychemshop.com\\\/pl\\\/product\\\/kup-2-mppp-online\\\/#breadcrumb\",\"itemListElement\":[{\"@type\":\"ListItem\",\"position\":1,\"name\":\"Home\",\"item\":\"https:\\\/\\\/everydaychemshop.com\\\/pl\\\/\"},{\"@type\":\"ListItem\",\"position\":2,\"name\":\"Produkty\",\"item\":\"https:\\\/\\\/everydaychemshop.com\\\/pl\\\/produkty\\\/\"},{\"@type\":\"ListItem\",\"position\":3,\"name\":\"Kup 2-MPPP online\"}]},{\"@type\":\"WebSite\",\"@id\":\"https:\\\/\\\/everydaychemshop.com\\\/pl\\\/#website\",\"url\":\"https:\\\/\\\/everydaychemshop.com\\\/pl\\\/\",\"name\":\"Everyday Chem Shop\",\"description\":\"\",\"potentialAction\":[{\"@type\":\"SearchAction\",\"target\":{\"@type\":\"EntryPoint\",\"urlTemplate\":\"https:\\\/\\\/everydaychemshop.com\\\/pl\\\/?s={search_term_string}\"},\"query-input\":{\"@type\":\"PropertyValueSpecification\",\"valueRequired\":true,\"valueName\":\"search_term_string\"}}],\"inLanguage\":\"en-US\"}]}<\/script>\n<!-- \/ Yoast SEO Premium plugin. -->","yoast_head_json":{"title":"Kup proszek 2-MPPP przez Internet- Everyday Chem Shop","description":"Kup proszek 2-MPPP przez Internet. Sprzedajemy najwy\u017cszej jako\u015bci proszek 2-MPPP online. Uprzejmie prosimy o kontakt w celu uzyskania dalszych informacji i cen.","robots":{"index":"index","follow":"follow","max-snippet":"max-snippet:-1","max-image-preview":"max-image-preview:large","max-video-preview":"max-video-preview:-1"},"canonical":"https:\/\/everydaychemshop.com\/pl\/product\/kup-2-mppp-online\/","og_locale":"en_US","og_type":"article","og_title":"Kup 2-MPPP online","og_description":"Kup proszek 2-MPPP przez Internet. Sprzedajemy najwy\u017cszej jako\u015bci proszek 2-MPPP online. Uprzejmie prosimy o kontakt w celu uzyskania dalszych informacji i cen.","og_url":"https:\/\/everydaychemshop.com\/pl\/product\/kup-2-mppp-online\/","og_site_name":"Everyday Chem Shop","article_modified_time":"2023-04-07T18:14:34+00:00","og_image":[{"width":600,"height":600,"url":"https:\/\/everydaychemshop.com\/pl\/wp-content\/uploads\/sites\/8\/2022\/11\/2-MPPP.jpg","type":"image\/jpeg"}],"twitter_card":"summary_large_image","twitter_misc":{"Est. reading time":"1 minute"},"schema":{"@context":"https:\/\/schema.org","@graph":[{"@type":"WebPage","@id":"https:\/\/everydaychemshop.com\/pl\/product\/kup-2-mppp-online\/","url":"https:\/\/everydaychemshop.com\/pl\/product\/kup-2-mppp-online\/","name":"Kup proszek 2-MPPP przez Internet- Everyday Chem Shop","isPartOf":{"@id":"https:\/\/everydaychemshop.com\/pl\/#website"},"primaryImageOfPage":{"@id":"https:\/\/everydaychemshop.com\/pl\/product\/kup-2-mppp-online\/#primaryimage"},"image":{"@id":"https:\/\/everydaychemshop.com\/pl\/product\/kup-2-mppp-online\/#primaryimage"},"thumbnailUrl":"https:\/\/everydaychemshop.com\/pl\/wp-content\/uploads\/sites\/8\/2022\/11\/2-MPPP.jpg","datePublished":"2022-11-18T18:27:54+00:00","dateModified":"2023-04-07T18:14:34+00:00","description":"Kup proszek 2-MPPP przez Internet. Sprzedajemy najwy\u017cszej jako\u015bci proszek 2-MPPP online. Uprzejmie prosimy o kontakt w celu uzyskania dalszych informacji i cen.","breadcrumb":{"@id":"https:\/\/everydaychemshop.com\/pl\/product\/kup-2-mppp-online\/#breadcrumb"},"inLanguage":"en-US","potentialAction":[{"@type":"ReadAction","target":["https:\/\/everydaychemshop.com\/pl\/product\/kup-2-mppp-online\/"]}]},{"@type":"ImageObject","inLanguage":"en-US","@id":"https:\/\/everydaychemshop.com\/pl\/product\/kup-2-mppp-online\/#primaryimage","url":"https:\/\/everydaychemshop.com\/pl\/wp-content\/uploads\/sites\/8\/2022\/11\/2-MPPP.jpg","contentUrl":"https:\/\/everydaychemshop.com\/pl\/wp-content\/uploads\/sites\/8\/2022\/11\/2-MPPP.jpg","width":600,"height":600,"caption":"Kup proszek 2-MPPP przez Internet"},{"@type":"BreadcrumbList","@id":"https:\/\/everydaychemshop.com\/pl\/product\/kup-2-mppp-online\/#breadcrumb","itemListElement":[{"@type":"ListItem","position":1,"name":"Home","item":"https:\/\/everydaychemshop.com\/pl\/"},{"@type":"ListItem","position":2,"name":"Produkty","item":"https:\/\/everydaychemshop.com\/pl\/produkty\/"},{"@type":"ListItem","position":3,"name":"Kup 2-MPPP online"}]},{"@type":"WebSite","@id":"https:\/\/everydaychemshop.com\/pl\/#website","url":"https:\/\/everydaychemshop.com\/pl\/","name":"Everyday Chem Shop","description":"","potentialAction":[{"@type":"SearchAction","target":{"@type":"EntryPoint","urlTemplate":"https:\/\/everydaychemshop.com\/pl\/?s={search_term_string}"},"query-input":{"@type":"PropertyValueSpecification","valueRequired":true,"valueName":"search_term_string"}}],"inLanguage":"en-US"}]}},"_links":{"self":[{"href":"https:\/\/everydaychemshop.com\/pl\/wp-json\/wp\/v2\/product\/8009","targetHints":{"allow":["GET"]}}],"collection":[{"href":"https:\/\/everydaychemshop.com\/pl\/wp-json\/wp\/v2\/product"}],"about":[{"href":"https:\/\/everydaychemshop.com\/pl\/wp-json\/wp\/v2\/types\/product"}],"replies":[{"embeddable":true,"href":"https:\/\/everydaychemshop.com\/pl\/wp-json\/wp\/v2\/comments?post=8009"}],"wp:featuredmedia":[{"embeddable":true,"href":"https:\/\/everydaychemshop.com\/pl\/wp-json\/wp\/v2\/media\/8018"}],"wp:attachment":[{"href":"https:\/\/everydaychemshop.com\/pl\/wp-json\/wp\/v2\/media?parent=8009"}],"wp:term":[{"taxonomy":"product_brand","embeddable":true,"href":"https:\/\/everydaychemshop.com\/pl\/wp-json\/wp\/v2\/product_brand?post=8009"},{"taxonomy":"product_cat","embeddable":true,"href":"https:\/\/everydaychemshop.com\/pl\/wp-json\/wp\/v2\/product_cat?post=8009"},{"taxonomy":"product_tag","embeddable":true,"href":"https:\/\/everydaychemshop.com\/pl\/wp-json\/wp\/v2\/product_tag?post=8009"}],"curies":[{"name":"wp","href":"https:\/\/api.w.org\/{rel}","templated":true}]}}