{"id":8010,"date":"2022-11-18T20:32:27","date_gmt":"2022-11-18T20:32:27","guid":{"rendered":"https:\/\/everydaychemshop.com\/pl\/?post_type=product&#038;p=8010"},"modified":"2023-04-07T18:13:33","modified_gmt":"2023-04-07T18:13:33","slug":"kup-2c-e-research-chemical","status":"publish","type":"product","link":"https:\/\/everydaychemshop.com\/pl\/product\/kup-2c-e-research-chemical\/","title":{"rendered":"Kup substancj\u0119 badawcz\u0105 2C-E"},"content":{"rendered":"<h1>Kup chemikalia badawcze 2C-E przez Internet<\/h1>\n<p><a href=\"https:\/\/everydaychemshop.com\/pl\/product\/kup-2c-e-research-chemical\/\">Kup chemikalia badawcze 2C-E przez Internet<\/a>. Alexander Shulgin rozwija substancj\u0119 chemiczn\u0105 i zdobywa wielu zwolennik\u00f3w.<\/p>\n<p>Czynnik chemiczny 2C-E (trip) nale\u017cy do rodziny 2C, a tak\u017ce 2C-I i 2C-H. 2C-E ma dzia\u0142anie psychodeliczne i jest fenyloetyloamin\u0105. Po serii eksperyment\u00f3w badawczych odkrywamy teraz, \u017ce przy przyjmowaniu proszku 2C-E donosowo, jego standardowa dawka nie powinna przekracza\u0107 wi\u0119cej ni\u017c 5 miligram\u00f3w. Niemniej jednak, przyjmuj\u0105c go doustnie, dawka nie powinna przekracza\u0107 oko\u0142o 10-20 miligram\u00f3w. Zauwa\u017ca si\u0119, \u017ce podczas wdechu przez nos obserwujemy silne pieczenie po oko\u0142o 10 minutach. W ksi\u0105\u017cce PiHKAL Shulgin odnosi substancj\u0119 2C-E do \u201emagicznego <a href=\"https:\/\/en.wikipedia.org\/wiki\/2C-E\">p\u00f3\u0142<\/a> tuzina\u201d, razem z meskalin\u0105, 2C-T-2, 2C-B i 2C-T-7. Kup\u00a0chemikalia badawcze\u00a02C-E przez Internet<\/p>\n<p>Mo\u017cemy zaobserwowa\u0107 nast\u0119puj\u0105ce efekty 2C-E: przyp\u0142yw energii, wzrost kreatywno\u015bci, efekty wizualne, wzrost przyczepno\u015bci. Ponadto pojawiaj\u0105 si\u0119 pewne zmiany w \u015bwiadomo\u015bci, trudno\u015bci z koncentracj\u0105, przyspieszony puls, mo\u017ce nieznacznie wzrosn\u0105\u0107 temperatura cia\u0142a. W\u015br\u00f3d skutk\u00f3w ubocznych 2C-E s\u0105 r\u00f3wnie\u017c zawroty g\u0142owy, nudno\u015bci, wysoka wra\u017cliwo\u015b\u0107 na ha\u0142as i strach. 2C-E na sprzeda\u017c online<\/p>\n<p>Czas dzia\u0142ania 2C-E wynosi \u015brednio od 4 do 9 godzin. Je\u015bli por\u00f3wnamy 2C-E do 2C-I, w trakcie testowania zauwa\u017cymy, \u017ce 2C-E wywo\u0142uje bardziej znacz\u0105ce efekty wizualne i d\u017awi\u0119kowe.<\/p>\n<p>Na naszej stronie internetowej mo\u017cesz kupi\u0107 2C-E\u00a0(trip)\u00a0tylko do bada\u0144 chemicznych i laboratoryjnych, ale najpierw dowiedz si\u0119, czy ten preparat jest legalny w Twojej okolicy. Oferujemy substancje wysokiej jako\u015bci.<\/p>\n","protected":false},"excerpt":{"rendered":"<p>1 \u2013 3 dni dla USA\/KANADY<br \/>\n2 \u2013 10 dni dla WSZYSTKICH INNYCH KRAJ\u00d3W<\/p>\n","protected":false},"featured_media":8023,"comment_status":"open","ping_status":"closed","template":"","meta":{"inline_featured_image":false},"product_brand":[],"product_cat":[264],"product_tag":[],"class_list":{"0":"post-8010","1":"product","2":"type-product","3":"status-publish","4":"has-post-thumbnail","6":"product_cat-chemia-badawcza","8":"first","9":"instock","10":"sale","11":"shipping-taxable","12":"purchasable","13":"product-type-variable","14":"has-default-attributes"},"yoast_head":"<!-- This site is optimized with the Yoast SEO Premium plugin v19.2 (Yoast SEO v27.3) - https:\/\/yoast.com\/product\/yoast-seo-premium-wordpress\/ -->\n<title>Kup chemikalia badawcze 2C-E przez - Everyday Chem Shop<\/title>\n<meta name=\"description\" content=\"Kup chemikalia badawcze 2C-E przez Internet. Sprzedajemy online chemikalia badawcze 2C-E najwy\u017cszej jako\u015bci. Uprzejmie prosimy o kontakt w celu uzyskania dalszych informacji i cen.\" \/>\n<meta name=\"robots\" content=\"index, follow, max-snippet:-1, max-image-preview:large, max-video-preview:-1\" \/>\n<link rel=\"canonical\" href=\"https:\/\/everydaychemshop.com\/pl\/product\/kup-2c-e-research-chemical\/\" \/>\n<meta property=\"og:locale\" content=\"en_US\" \/>\n<meta property=\"og:type\" content=\"article\" \/>\n<meta property=\"og:title\" content=\"Kup substancj\u0119 badawcz\u0105 2C-E\" \/>\n<meta property=\"og:description\" content=\"Kup chemikalia badawcze 2C-E przez Internet. Sprzedajemy online chemikalia badawcze 2C-E najwy\u017cszej jako\u015bci. Uprzejmie prosimy o kontakt w celu uzyskania dalszych informacji i cen.\" \/>\n<meta property=\"og:url\" content=\"https:\/\/everydaychemshop.com\/pl\/product\/kup-2c-e-research-chemical\/\" \/>\n<meta property=\"og:site_name\" content=\"Everyday Chem Shop\" \/>\n<meta property=\"article:modified_time\" content=\"2023-04-07T18:13:33+00:00\" \/>\n<meta property=\"og:image\" content=\"https:\/\/everydaychemshop.com\/pl\/wp-content\/uploads\/sites\/8\/2022\/11\/2ce.jpg\" \/>\n\t<meta property=\"og:image:width\" content=\"600\" \/>\n\t<meta property=\"og:image:height\" content=\"400\" \/>\n\t<meta property=\"og:image:type\" content=\"image\/jpeg\" \/>\n<meta name=\"twitter:card\" content=\"summary_large_image\" \/>\n<meta name=\"twitter:label1\" content=\"Est. reading time\" \/>\n\t<meta name=\"twitter:data1\" content=\"1 minute\" \/>\n<script type=\"application\/ld+json\" class=\"yoast-schema-graph\">{\"@context\":\"https:\\\/\\\/schema.org\",\"@graph\":[{\"@type\":\"WebPage\",\"@id\":\"https:\\\/\\\/everydaychemshop.com\\\/pl\\\/product\\\/kup-2c-e-research-chemical\\\/\",\"url\":\"https:\\\/\\\/everydaychemshop.com\\\/pl\\\/product\\\/kup-2c-e-research-chemical\\\/\",\"name\":\"Kup chemikalia badawcze 2C-E przez - Everyday Chem Shop\",\"isPartOf\":{\"@id\":\"https:\\\/\\\/everydaychemshop.com\\\/pl\\\/#website\"},\"primaryImageOfPage\":{\"@id\":\"https:\\\/\\\/everydaychemshop.com\\\/pl\\\/product\\\/kup-2c-e-research-chemical\\\/#primaryimage\"},\"image\":{\"@id\":\"https:\\\/\\\/everydaychemshop.com\\\/pl\\\/product\\\/kup-2c-e-research-chemical\\\/#primaryimage\"},\"thumbnailUrl\":\"https:\\\/\\\/everydaychemshop.com\\\/pl\\\/wp-content\\\/uploads\\\/sites\\\/8\\\/2022\\\/11\\\/2ce.jpg\",\"datePublished\":\"2022-11-18T20:32:27+00:00\",\"dateModified\":\"2023-04-07T18:13:33+00:00\",\"description\":\"Kup chemikalia badawcze 2C-E przez Internet. Sprzedajemy online chemikalia badawcze 2C-E najwy\u017cszej jako\u015bci. Uprzejmie prosimy o kontakt w celu uzyskania dalszych informacji i cen.\",\"breadcrumb\":{\"@id\":\"https:\\\/\\\/everydaychemshop.com\\\/pl\\\/product\\\/kup-2c-e-research-chemical\\\/#breadcrumb\"},\"inLanguage\":\"en-US\",\"potentialAction\":[{\"@type\":\"ReadAction\",\"target\":[\"https:\\\/\\\/everydaychemshop.com\\\/pl\\\/product\\\/kup-2c-e-research-chemical\\\/\"]}]},{\"@type\":\"ImageObject\",\"inLanguage\":\"en-US\",\"@id\":\"https:\\\/\\\/everydaychemshop.com\\\/pl\\\/product\\\/kup-2c-e-research-chemical\\\/#primaryimage\",\"url\":\"https:\\\/\\\/everydaychemshop.com\\\/pl\\\/wp-content\\\/uploads\\\/sites\\\/8\\\/2022\\\/11\\\/2ce.jpg\",\"contentUrl\":\"https:\\\/\\\/everydaychemshop.com\\\/pl\\\/wp-content\\\/uploads\\\/sites\\\/8\\\/2022\\\/11\\\/2ce.jpg\",\"width\":600,\"height\":400,\"caption\":\"Kup chemikalia badawcze 2C-E przez Internet\"},{\"@type\":\"BreadcrumbList\",\"@id\":\"https:\\\/\\\/everydaychemshop.com\\\/pl\\\/product\\\/kup-2c-e-research-chemical\\\/#breadcrumb\",\"itemListElement\":[{\"@type\":\"ListItem\",\"position\":1,\"name\":\"Home\",\"item\":\"https:\\\/\\\/everydaychemshop.com\\\/pl\\\/\"},{\"@type\":\"ListItem\",\"position\":2,\"name\":\"Produkty\",\"item\":\"https:\\\/\\\/everydaychemshop.com\\\/pl\\\/produkty\\\/\"},{\"@type\":\"ListItem\",\"position\":3,\"name\":\"Kup substancj\u0119 badawcz\u0105 2C-E\"}]},{\"@type\":\"WebSite\",\"@id\":\"https:\\\/\\\/everydaychemshop.com\\\/pl\\\/#website\",\"url\":\"https:\\\/\\\/everydaychemshop.com\\\/pl\\\/\",\"name\":\"Everyday Chem Shop\",\"description\":\"\",\"potentialAction\":[{\"@type\":\"SearchAction\",\"target\":{\"@type\":\"EntryPoint\",\"urlTemplate\":\"https:\\\/\\\/everydaychemshop.com\\\/pl\\\/?s={search_term_string}\"},\"query-input\":{\"@type\":\"PropertyValueSpecification\",\"valueRequired\":true,\"valueName\":\"search_term_string\"}}],\"inLanguage\":\"en-US\"}]}<\/script>\n<!-- \/ Yoast SEO Premium plugin. -->","yoast_head_json":{"title":"Kup chemikalia badawcze 2C-E przez - Everyday Chem Shop","description":"Kup chemikalia badawcze 2C-E przez Internet. Sprzedajemy online chemikalia badawcze 2C-E najwy\u017cszej jako\u015bci. Uprzejmie prosimy o kontakt w celu uzyskania dalszych informacji i cen.","robots":{"index":"index","follow":"follow","max-snippet":"max-snippet:-1","max-image-preview":"max-image-preview:large","max-video-preview":"max-video-preview:-1"},"canonical":"https:\/\/everydaychemshop.com\/pl\/product\/kup-2c-e-research-chemical\/","og_locale":"en_US","og_type":"article","og_title":"Kup substancj\u0119 badawcz\u0105 2C-E","og_description":"Kup chemikalia badawcze 2C-E przez Internet. Sprzedajemy online chemikalia badawcze 2C-E najwy\u017cszej jako\u015bci. Uprzejmie prosimy o kontakt w celu uzyskania dalszych informacji i cen.","og_url":"https:\/\/everydaychemshop.com\/pl\/product\/kup-2c-e-research-chemical\/","og_site_name":"Everyday Chem Shop","article_modified_time":"2023-04-07T18:13:33+00:00","og_image":[{"width":600,"height":400,"url":"https:\/\/everydaychemshop.com\/pl\/wp-content\/uploads\/sites\/8\/2022\/11\/2ce.jpg","type":"image\/jpeg"}],"twitter_card":"summary_large_image","twitter_misc":{"Est. reading time":"1 minute"},"schema":{"@context":"https:\/\/schema.org","@graph":[{"@type":"WebPage","@id":"https:\/\/everydaychemshop.com\/pl\/product\/kup-2c-e-research-chemical\/","url":"https:\/\/everydaychemshop.com\/pl\/product\/kup-2c-e-research-chemical\/","name":"Kup chemikalia badawcze 2C-E przez - Everyday Chem Shop","isPartOf":{"@id":"https:\/\/everydaychemshop.com\/pl\/#website"},"primaryImageOfPage":{"@id":"https:\/\/everydaychemshop.com\/pl\/product\/kup-2c-e-research-chemical\/#primaryimage"},"image":{"@id":"https:\/\/everydaychemshop.com\/pl\/product\/kup-2c-e-research-chemical\/#primaryimage"},"thumbnailUrl":"https:\/\/everydaychemshop.com\/pl\/wp-content\/uploads\/sites\/8\/2022\/11\/2ce.jpg","datePublished":"2022-11-18T20:32:27+00:00","dateModified":"2023-04-07T18:13:33+00:00","description":"Kup chemikalia badawcze 2C-E przez Internet. Sprzedajemy online chemikalia badawcze 2C-E najwy\u017cszej jako\u015bci. Uprzejmie prosimy o kontakt w celu uzyskania dalszych informacji i cen.","breadcrumb":{"@id":"https:\/\/everydaychemshop.com\/pl\/product\/kup-2c-e-research-chemical\/#breadcrumb"},"inLanguage":"en-US","potentialAction":[{"@type":"ReadAction","target":["https:\/\/everydaychemshop.com\/pl\/product\/kup-2c-e-research-chemical\/"]}]},{"@type":"ImageObject","inLanguage":"en-US","@id":"https:\/\/everydaychemshop.com\/pl\/product\/kup-2c-e-research-chemical\/#primaryimage","url":"https:\/\/everydaychemshop.com\/pl\/wp-content\/uploads\/sites\/8\/2022\/11\/2ce.jpg","contentUrl":"https:\/\/everydaychemshop.com\/pl\/wp-content\/uploads\/sites\/8\/2022\/11\/2ce.jpg","width":600,"height":400,"caption":"Kup chemikalia badawcze 2C-E przez Internet"},{"@type":"BreadcrumbList","@id":"https:\/\/everydaychemshop.com\/pl\/product\/kup-2c-e-research-chemical\/#breadcrumb","itemListElement":[{"@type":"ListItem","position":1,"name":"Home","item":"https:\/\/everydaychemshop.com\/pl\/"},{"@type":"ListItem","position":2,"name":"Produkty","item":"https:\/\/everydaychemshop.com\/pl\/produkty\/"},{"@type":"ListItem","position":3,"name":"Kup substancj\u0119 badawcz\u0105 2C-E"}]},{"@type":"WebSite","@id":"https:\/\/everydaychemshop.com\/pl\/#website","url":"https:\/\/everydaychemshop.com\/pl\/","name":"Everyday Chem Shop","description":"","potentialAction":[{"@type":"SearchAction","target":{"@type":"EntryPoint","urlTemplate":"https:\/\/everydaychemshop.com\/pl\/?s={search_term_string}"},"query-input":{"@type":"PropertyValueSpecification","valueRequired":true,"valueName":"search_term_string"}}],"inLanguage":"en-US"}]}},"_links":{"self":[{"href":"https:\/\/everydaychemshop.com\/pl\/wp-json\/wp\/v2\/product\/8010","targetHints":{"allow":["GET"]}}],"collection":[{"href":"https:\/\/everydaychemshop.com\/pl\/wp-json\/wp\/v2\/product"}],"about":[{"href":"https:\/\/everydaychemshop.com\/pl\/wp-json\/wp\/v2\/types\/product"}],"replies":[{"embeddable":true,"href":"https:\/\/everydaychemshop.com\/pl\/wp-json\/wp\/v2\/comments?post=8010"}],"wp:featuredmedia":[{"embeddable":true,"href":"https:\/\/everydaychemshop.com\/pl\/wp-json\/wp\/v2\/media\/8023"}],"wp:attachment":[{"href":"https:\/\/everydaychemshop.com\/pl\/wp-json\/wp\/v2\/media?parent=8010"}],"wp:term":[{"taxonomy":"product_brand","embeddable":true,"href":"https:\/\/everydaychemshop.com\/pl\/wp-json\/wp\/v2\/product_brand?post=8010"},{"taxonomy":"product_cat","embeddable":true,"href":"https:\/\/everydaychemshop.com\/pl\/wp-json\/wp\/v2\/product_cat?post=8010"},{"taxonomy":"product_tag","embeddable":true,"href":"https:\/\/everydaychemshop.com\/pl\/wp-json\/wp\/v2\/product_tag?post=8010"}],"curies":[{"name":"wp","href":"https:\/\/api.w.org\/{rel}","templated":true}]}}