{"id":8024,"date":"2022-11-18T20:42:56","date_gmt":"2022-11-18T20:42:56","guid":{"rendered":"https:\/\/everydaychemshop.com\/pl\/?post_type=product&#038;p=8024"},"modified":"2023-04-07T18:12:13","modified_gmt":"2023-04-07T18:12:13","slug":"kup-3-fmc-3-fluorometokatynon","status":"publish","type":"product","link":"https:\/\/everydaychemshop.com\/pl\/product\/kup-3-fmc-3-fluorometokatynon\/","title":{"rendered":"Kup 3-FMC | 3- Fluorometokatynon"},"content":{"rendered":"<h1>Kup 3-FMC Proszek przez Internet<\/h1>\n<p><a href=\"https:\/\/everydaychemshop.com\/pl\/product\/kup-3-fmc-3-fluorometokatynon\/\">Kup 3-FMC Proszek przez Internet<\/a>. 3-Fluorometkatynon\u00a0(znany r\u00f3wnie\u017c jako\u00a03-FMC) to\u00a0zwi\u0105zek chemiczny\u00a0z klas\u00a0fenetyloaminy,\u00a0amfetaminy i\u00a0katynonu\u00a0kt\u00f3ry jest sprzedawany online jako\u00a0dopalacz. Jest\u00a0izomerem strukturalnym\u00a0flefedronu\u00a0(4-fluorometokatynonu).<\/p>\n<p>3-Fluoroizometakatynon\u00a0jest wytwarzany jako produkt uboczny podczas syntezy 3-FMC, aktywno\u015b\u0107 tego zwi\u0105zku jest nieznana.<\/p>\n<p>Kup hurtowo 3-FMC Powder Chemical. Tania cena hurtowa <a href=\"https:\/\/en.wikipedia.org\/wiki\/3-Fluoromethcathinone\">gwarantowana<\/a>.<\/p>\n<p>Proszek 3-FMC jest stymulantem klas chemicznych fenyloetyloaminy, amfetaminy i katynonu i jest izomerem strukturalnym 4-FMC (Flephedrone)<br \/>\n(RS)-1-(3-fluorofenylo)-2-metyloaminopropan-1-on<\/p>\n<p>Tylko do u\u017cytku odczynnikowego<\/p>\n<p>Sprzeda\u017c 3-FMC, Kup chemikalia badawcze 3-FMC, Sprzeda\u017c chemikali\u00f3w 3-FMC, 3-FMC do bada\u0144, Kup chemikalia badawcze 3-FMC hurtowo<\/p>\n<p>3-fluorometokatynon do sprzeda\u017cy online, gdzie kupi\u0107 3-fluorometokatynon online, 3-fluorometokatynon do bada\u0144 chemicznych na sprzeda\u017c, leki 3-fluorometokatynon na sprzeda\u017c, kup 3-fluorometokatynon online, 3-fluorometokatynon kup Wielk\u0105 Brytani\u0119, 3-fluorometokatynon na sprzeda\u017c USA, 3 -Fluorometokatynon na sprzeda\u017c w Europie<\/p>\n","protected":false},"excerpt":{"rendered":"<p>Chcesz kupi\u0107 3-FMC Powder Online w dobrej i przyst\u0119pnej cenie? Masz to tutaj najlepiej z wysok\u0105 jako\u015bci\u0105 (99% czysto\u015bci). Nasza wysy\u0142ka i dostawa 3-FMC Powder Research Chemicals jest w 100% bezpieczna i dyskretna. Fair Price jest wiod\u0105cym dystrybutorem 3-fluorometokatynonu i innych powi\u0105zanych produkt\u00f3w na ca\u0142ym \u015bwiecie.<br \/>\nWysokiej jako\u015bci 3-fluorometokatynon (3-FMC)<\/p>\n","protected":false},"featured_media":8032,"comment_status":"open","ping_status":"closed","template":"","meta":{"inline_featured_image":false},"product_brand":[],"product_cat":[264],"product_tag":[],"class_list":{"0":"post-8024","1":"product","2":"type-product","3":"status-publish","4":"has-post-thumbnail","6":"product_cat-chemia-badawcza","8":"first","9":"instock","10":"shipping-taxable","11":"purchasable","12":"product-type-variable","13":"has-default-attributes"},"yoast_head":"<!-- This site is optimized with the Yoast SEO Premium plugin v19.2 (Yoast SEO v27.3) - https:\/\/yoast.com\/product\/yoast-seo-premium-wordpress\/ -->\n<title>Kup 3-FMC Proszek przez Internet - Everyday Chem Shop<\/title>\n<meta name=\"description\" content=\"Kup 3-FMC Proszek przez Internet. Sprzedajemy najwy\u017cszej jako\u015bci proszek 3-FMC online. Uprzejmie prosimy o kontakt w celu uzyskania dalszych informacji i cen.\" \/>\n<meta name=\"robots\" content=\"index, follow, max-snippet:-1, max-image-preview:large, max-video-preview:-1\" \/>\n<link rel=\"canonical\" href=\"https:\/\/everydaychemshop.com\/pl\/product\/kup-3-fmc-3-fluorometokatynon\/\" \/>\n<meta property=\"og:locale\" content=\"en_US\" \/>\n<meta property=\"og:type\" content=\"article\" \/>\n<meta property=\"og:title\" content=\"Kup 3-FMC | 3- Fluorometokatynon\" \/>\n<meta property=\"og:description\" content=\"Kup 3-FMC Proszek przez Internet. Sprzedajemy najwy\u017cszej jako\u015bci proszek 3-FMC online. Uprzejmie prosimy o kontakt w celu uzyskania dalszych informacji i cen.\" \/>\n<meta property=\"og:url\" content=\"https:\/\/everydaychemshop.com\/pl\/product\/kup-3-fmc-3-fluorometokatynon\/\" \/>\n<meta property=\"og:site_name\" content=\"Everyday Chem Shop\" \/>\n<meta property=\"article:modified_time\" content=\"2023-04-07T18:12:13+00:00\" \/>\n<meta property=\"og:image\" content=\"https:\/\/everydaychemshop.com\/pl\/wp-content\/uploads\/sites\/8\/2022\/11\/buy-3-FMC.jpg\" \/>\n\t<meta property=\"og:image:width\" content=\"500\" \/>\n\t<meta property=\"og:image:height\" content=\"375\" \/>\n\t<meta property=\"og:image:type\" content=\"image\/jpeg\" \/>\n<meta name=\"twitter:card\" content=\"summary_large_image\" \/>\n<meta name=\"twitter:label1\" content=\"Est. reading time\" \/>\n\t<meta name=\"twitter:data1\" content=\"1 minute\" \/>\n<script type=\"application\/ld+json\" class=\"yoast-schema-graph\">{\"@context\":\"https:\\\/\\\/schema.org\",\"@graph\":[{\"@type\":\"WebPage\",\"@id\":\"https:\\\/\\\/everydaychemshop.com\\\/pl\\\/product\\\/kup-3-fmc-3-fluorometokatynon\\\/\",\"url\":\"https:\\\/\\\/everydaychemshop.com\\\/pl\\\/product\\\/kup-3-fmc-3-fluorometokatynon\\\/\",\"name\":\"Kup 3-FMC Proszek przez Internet - Everyday Chem Shop\",\"isPartOf\":{\"@id\":\"https:\\\/\\\/everydaychemshop.com\\\/pl\\\/#website\"},\"primaryImageOfPage\":{\"@id\":\"https:\\\/\\\/everydaychemshop.com\\\/pl\\\/product\\\/kup-3-fmc-3-fluorometokatynon\\\/#primaryimage\"},\"image\":{\"@id\":\"https:\\\/\\\/everydaychemshop.com\\\/pl\\\/product\\\/kup-3-fmc-3-fluorometokatynon\\\/#primaryimage\"},\"thumbnailUrl\":\"https:\\\/\\\/everydaychemshop.com\\\/pl\\\/wp-content\\\/uploads\\\/sites\\\/8\\\/2022\\\/11\\\/buy-3-FMC.jpg\",\"datePublished\":\"2022-11-18T20:42:56+00:00\",\"dateModified\":\"2023-04-07T18:12:13+00:00\",\"description\":\"Kup 3-FMC Proszek przez Internet. Sprzedajemy najwy\u017cszej jako\u015bci proszek 3-FMC online. Uprzejmie prosimy o kontakt w celu uzyskania dalszych informacji i cen.\",\"breadcrumb\":{\"@id\":\"https:\\\/\\\/everydaychemshop.com\\\/pl\\\/product\\\/kup-3-fmc-3-fluorometokatynon\\\/#breadcrumb\"},\"inLanguage\":\"en-US\",\"potentialAction\":[{\"@type\":\"ReadAction\",\"target\":[\"https:\\\/\\\/everydaychemshop.com\\\/pl\\\/product\\\/kup-3-fmc-3-fluorometokatynon\\\/\"]}]},{\"@type\":\"ImageObject\",\"inLanguage\":\"en-US\",\"@id\":\"https:\\\/\\\/everydaychemshop.com\\\/pl\\\/product\\\/kup-3-fmc-3-fluorometokatynon\\\/#primaryimage\",\"url\":\"https:\\\/\\\/everydaychemshop.com\\\/pl\\\/wp-content\\\/uploads\\\/sites\\\/8\\\/2022\\\/11\\\/buy-3-FMC.jpg\",\"contentUrl\":\"https:\\\/\\\/everydaychemshop.com\\\/pl\\\/wp-content\\\/uploads\\\/sites\\\/8\\\/2022\\\/11\\\/buy-3-FMC.jpg\",\"width\":500,\"height\":375,\"caption\":\"Kup 3-FMC Proszek przez Internet\"},{\"@type\":\"BreadcrumbList\",\"@id\":\"https:\\\/\\\/everydaychemshop.com\\\/pl\\\/product\\\/kup-3-fmc-3-fluorometokatynon\\\/#breadcrumb\",\"itemListElement\":[{\"@type\":\"ListItem\",\"position\":1,\"name\":\"Home\",\"item\":\"https:\\\/\\\/everydaychemshop.com\\\/pl\\\/\"},{\"@type\":\"ListItem\",\"position\":2,\"name\":\"Produkty\",\"item\":\"https:\\\/\\\/everydaychemshop.com\\\/pl\\\/produkty\\\/\"},{\"@type\":\"ListItem\",\"position\":3,\"name\":\"Kup 3-FMC | 3- Fluorometokatynon\"}]},{\"@type\":\"WebSite\",\"@id\":\"https:\\\/\\\/everydaychemshop.com\\\/pl\\\/#website\",\"url\":\"https:\\\/\\\/everydaychemshop.com\\\/pl\\\/\",\"name\":\"Everyday Chem Shop\",\"description\":\"\",\"potentialAction\":[{\"@type\":\"SearchAction\",\"target\":{\"@type\":\"EntryPoint\",\"urlTemplate\":\"https:\\\/\\\/everydaychemshop.com\\\/pl\\\/?s={search_term_string}\"},\"query-input\":{\"@type\":\"PropertyValueSpecification\",\"valueRequired\":true,\"valueName\":\"search_term_string\"}}],\"inLanguage\":\"en-US\"}]}<\/script>\n<!-- \/ Yoast SEO Premium plugin. -->","yoast_head_json":{"title":"Kup 3-FMC Proszek przez Internet - Everyday Chem Shop","description":"Kup 3-FMC Proszek przez Internet. Sprzedajemy najwy\u017cszej jako\u015bci proszek 3-FMC online. Uprzejmie prosimy o kontakt w celu uzyskania dalszych informacji i cen.","robots":{"index":"index","follow":"follow","max-snippet":"max-snippet:-1","max-image-preview":"max-image-preview:large","max-video-preview":"max-video-preview:-1"},"canonical":"https:\/\/everydaychemshop.com\/pl\/product\/kup-3-fmc-3-fluorometokatynon\/","og_locale":"en_US","og_type":"article","og_title":"Kup 3-FMC | 3- Fluorometokatynon","og_description":"Kup 3-FMC Proszek przez Internet. Sprzedajemy najwy\u017cszej jako\u015bci proszek 3-FMC online. Uprzejmie prosimy o kontakt w celu uzyskania dalszych informacji i cen.","og_url":"https:\/\/everydaychemshop.com\/pl\/product\/kup-3-fmc-3-fluorometokatynon\/","og_site_name":"Everyday Chem Shop","article_modified_time":"2023-04-07T18:12:13+00:00","og_image":[{"width":500,"height":375,"url":"https:\/\/everydaychemshop.com\/pl\/wp-content\/uploads\/sites\/8\/2022\/11\/buy-3-FMC.jpg","type":"image\/jpeg"}],"twitter_card":"summary_large_image","twitter_misc":{"Est. reading time":"1 minute"},"schema":{"@context":"https:\/\/schema.org","@graph":[{"@type":"WebPage","@id":"https:\/\/everydaychemshop.com\/pl\/product\/kup-3-fmc-3-fluorometokatynon\/","url":"https:\/\/everydaychemshop.com\/pl\/product\/kup-3-fmc-3-fluorometokatynon\/","name":"Kup 3-FMC Proszek przez Internet - Everyday Chem Shop","isPartOf":{"@id":"https:\/\/everydaychemshop.com\/pl\/#website"},"primaryImageOfPage":{"@id":"https:\/\/everydaychemshop.com\/pl\/product\/kup-3-fmc-3-fluorometokatynon\/#primaryimage"},"image":{"@id":"https:\/\/everydaychemshop.com\/pl\/product\/kup-3-fmc-3-fluorometokatynon\/#primaryimage"},"thumbnailUrl":"https:\/\/everydaychemshop.com\/pl\/wp-content\/uploads\/sites\/8\/2022\/11\/buy-3-FMC.jpg","datePublished":"2022-11-18T20:42:56+00:00","dateModified":"2023-04-07T18:12:13+00:00","description":"Kup 3-FMC Proszek przez Internet. Sprzedajemy najwy\u017cszej jako\u015bci proszek 3-FMC online. Uprzejmie prosimy o kontakt w celu uzyskania dalszych informacji i cen.","breadcrumb":{"@id":"https:\/\/everydaychemshop.com\/pl\/product\/kup-3-fmc-3-fluorometokatynon\/#breadcrumb"},"inLanguage":"en-US","potentialAction":[{"@type":"ReadAction","target":["https:\/\/everydaychemshop.com\/pl\/product\/kup-3-fmc-3-fluorometokatynon\/"]}]},{"@type":"ImageObject","inLanguage":"en-US","@id":"https:\/\/everydaychemshop.com\/pl\/product\/kup-3-fmc-3-fluorometokatynon\/#primaryimage","url":"https:\/\/everydaychemshop.com\/pl\/wp-content\/uploads\/sites\/8\/2022\/11\/buy-3-FMC.jpg","contentUrl":"https:\/\/everydaychemshop.com\/pl\/wp-content\/uploads\/sites\/8\/2022\/11\/buy-3-FMC.jpg","width":500,"height":375,"caption":"Kup 3-FMC Proszek przez Internet"},{"@type":"BreadcrumbList","@id":"https:\/\/everydaychemshop.com\/pl\/product\/kup-3-fmc-3-fluorometokatynon\/#breadcrumb","itemListElement":[{"@type":"ListItem","position":1,"name":"Home","item":"https:\/\/everydaychemshop.com\/pl\/"},{"@type":"ListItem","position":2,"name":"Produkty","item":"https:\/\/everydaychemshop.com\/pl\/produkty\/"},{"@type":"ListItem","position":3,"name":"Kup 3-FMC | 3- Fluorometokatynon"}]},{"@type":"WebSite","@id":"https:\/\/everydaychemshop.com\/pl\/#website","url":"https:\/\/everydaychemshop.com\/pl\/","name":"Everyday Chem Shop","description":"","potentialAction":[{"@type":"SearchAction","target":{"@type":"EntryPoint","urlTemplate":"https:\/\/everydaychemshop.com\/pl\/?s={search_term_string}"},"query-input":{"@type":"PropertyValueSpecification","valueRequired":true,"valueName":"search_term_string"}}],"inLanguage":"en-US"}]}},"_links":{"self":[{"href":"https:\/\/everydaychemshop.com\/pl\/wp-json\/wp\/v2\/product\/8024","targetHints":{"allow":["GET"]}}],"collection":[{"href":"https:\/\/everydaychemshop.com\/pl\/wp-json\/wp\/v2\/product"}],"about":[{"href":"https:\/\/everydaychemshop.com\/pl\/wp-json\/wp\/v2\/types\/product"}],"replies":[{"embeddable":true,"href":"https:\/\/everydaychemshop.com\/pl\/wp-json\/wp\/v2\/comments?post=8024"}],"wp:featuredmedia":[{"embeddable":true,"href":"https:\/\/everydaychemshop.com\/pl\/wp-json\/wp\/v2\/media\/8032"}],"wp:attachment":[{"href":"https:\/\/everydaychemshop.com\/pl\/wp-json\/wp\/v2\/media?parent=8024"}],"wp:term":[{"taxonomy":"product_brand","embeddable":true,"href":"https:\/\/everydaychemshop.com\/pl\/wp-json\/wp\/v2\/product_brand?post=8024"},{"taxonomy":"product_cat","embeddable":true,"href":"https:\/\/everydaychemshop.com\/pl\/wp-json\/wp\/v2\/product_cat?post=8024"},{"taxonomy":"product_tag","embeddable":true,"href":"https:\/\/everydaychemshop.com\/pl\/wp-json\/wp\/v2\/product_tag?post=8024"}],"curies":[{"name":"wp","href":"https:\/\/api.w.org\/{rel}","templated":true}]}}