{"id":8033,"date":"2022-11-18T20:51:32","date_gmt":"2022-11-18T20:51:32","guid":{"rendered":"https:\/\/everydaychemshop.com\/pl\/?post_type=product&#038;p=8033"},"modified":"2023-04-07T18:11:04","modified_gmt":"2023-04-07T18:11:04","slug":"3-fpm-3-fluorofenmetrazyna","status":"publish","type":"product","link":"https:\/\/everydaychemshop.com\/pl\/product\/3-fpm-3-fluorofenmetrazyna\/","title":{"rendered":"3-FPM (3-fluorofenmetrazyna)"},"content":{"rendered":"<h1>Kup proszek 3-FPM przez Internet<\/h1>\n<p><a href=\"https:\/\/everydaychemshop.com\/pl\/product\/3-fpm-3-fluorofenmetrazyna\/\">Kup proszek 3-FPM przez Internet<\/a>. 3-Fluorofenmetrazyna (znana r\u00f3wnie\u017c jako\u00a03-FPM,\u00a03-FPH\u00a0i\u00a0PAL-593) to\u00a0stymulant na bazie fenylomorfoliny\u00a0i\u00a0fluorowany\u00a0analog\u00a0fenmetrazyny\u00a0, kt\u00f3ry by\u0142 sprzedawany online jako\u00a0dopalacz.<\/p>\n<p>3-Fluorofenmetrazyna\u00a0(znana r\u00f3wnie\u017c jako\u00a03F-fenmetrazyna,\u00a0PAL-593 i\u00a03-FPM) to nowa\u00a0substancja stymuluj\u0105ca\u00a0z klasy\u00a0fenylomorfoliny. 3-FPM jest pochodn\u0105\u00a0fenmetrazyny, niegdy\u015b popularnej substancji pobudzaj\u0105cej, stosowanej klinicznie jako \u015brodek anorektyczny w Europie w latach 50. XX wieku. Wytwarza swoj\u0105 aktywno\u015b\u0107 poprzez zwi\u0119kszanie poziomu\u00a0serotoniny,\u00a0dopaminy i\u00a0noradrenaliny\u00a0w m\u00f3zgu.<\/p>\n<p>Syntez\u0119 i farmakologi\u0119 3-FPM po raz pierwszy opisano w patencie z\u0142o\u017conym w 2011 r. Doniesienia o stosowaniu u ludzi pojawi\u0142y si\u0119 po raz pierwszy na pocz\u0105tku 2015 r., po tym, jak pojawi\u0142 si\u0119 <a href=\"https:\/\/en.wikipedia.org\/wiki\/3-Fluorophenmetrazine\">on<\/a> w sprzeda\u017cy na internetowym rynku chemii badawczej. Kup kryszta\u0142 3-FPM online<\/p>\n<p>3-FPM to skr\u00f3t od 3-fluorofenmetrazyny. 3-FPM to badana substancja chemiczna, kt\u00f3ra ma sta\u0142e w\u0142a\u015bciwo\u015bci stymuluj\u0105ce. 3-FPM nale\u017cy do klasy chemikali\u00f3w fenolomorfoliny. Eksperymentalne wyniki 3-FPM s\u0105 zwykle uwa\u017cane za bardzo podobne i prawie identyczne z wynikami amfetaminy. Eksperymenty z 3-FPM zwykle daj\u0105 zwi\u0119kszon\u0105 koncentracj\u0119 i motywacj\u0119, przyspieszenie my\u015blenia i eufori\u0119. Jednak wyniki te s\u0105 cz\u0119sto opisywane jako mniej intensywne ni\u017c amfetamina lub inne stymulanty. Nerwowo\u015b\u0107 i bezsenno\u015b\u0107 to dwa objawy, kt\u00f3re s\u0105 generalnie mniej widoczne lub obserwowane przy zmniejszonych cz\u0119sto\u015bciach z 3-FPM. Kup proszek 3-FPM, 3-FPM na sprzeda\u017c online, kup granulki 3-FPM na sprzeda\u017c, Kup 3-FPM Crystal Online<\/p>\n<p>Gdzie kupi\u0107 3-FPM?<\/p>\n<p>W Best Globel Med mamy na sprzeda\u017c bardzo wysokiej jako\u015bci 3-FPM. Nasz 3-FPM jest dost\u0119pny zar\u00f3wno w postaci proszku, jak i peletek. Wi\u0119c niezale\u017cnie od tego, kt\u00f3ry stan chemiczny wolisz spo\u015br\u00f3d tych dw\u00f3ch opcji, zapewniamy Ci ochron\u0119.<\/p>\n<p>Dost\u0119pny w sprzeda\u017cy 3-FPM jest przeznaczony wy\u0142\u0105cznie do cel\u00f3w badawczych. Nie jest przeznaczony do u\u017cytku wewn\u0119trznego. Musisz tak\u017ce mie\u0107 uko\u0144czone 18 lat, aby kupi\u0107 od nas 3-FPM i by\u0107 w pe\u0142nej zgodno\u015bci z prawem swojego kraju.<\/p>\n<p>Status prawny 3-FPM<\/p>\n<p>Kupowanie, sprzedawanie lub posiadanie 3-FPM jest nielegalne w Izraelu, Szwajcarii i Stanach Zjednoczonych. W Wielkiej Brytanii jest uwa\u017cany za odpowiednik fenmetrazyny, leku z harmonogramu II stosowanego do spo\u017cycia przez ludzi.<\/p>\n<p>Zawsze przechowuj w ch\u0142odnym, suchym miejscu, aby zapewni\u0107 maksymalny okres przydatno\u015bci do spo\u017cycia. Ten produkt jest przeznaczony wy\u0142\u0105cznie do zastosowa\u0144 kryminalistycznych i badawczych. Dlatego NIE jest przeznaczony do spo\u017cycia przez ludzi ani do jakichkolwiek test\u00f3w in vivo na zwierz\u0119tach lub \u017cywych organizmach.<\/p>\n","protected":false},"excerpt":{"rendered":"<p><span data-preserver-spaces=\"true\">Kup 3-FMP online. <b>3-Fluorofenmetrazyna\u00a0<\/b>(znana r\u00f3wnie\u017c jako\u00a0<b>3-FPM<\/b>,\u00a0<b>3-FPH<\/b>\u00a0i\u00a0<b>PAL-593<\/b>) jest dost\u0119pna dla sprzeda\u017c w Wielkiej Brytanii, USA, Europie (UE). Kup go na Fairpricemedical.com w wysokiej jako\u015bci.<\/span><\/p>\n<p><span data-preserver-spaces=\"true\">Kup proszek 3-FMP w zaciszu w\u0142asnego domu lub biura, a my zleci wysy\u0142k\u0119 i dostaw\u0119 na Tw\u00f3j adres.<\/span><\/p>\n","protected":false},"featured_media":8039,"comment_status":"open","ping_status":"closed","template":"","meta":{"inline_featured_image":false},"product_brand":[],"product_cat":[264],"product_tag":[],"class_list":{"0":"post-8033","1":"product","2":"type-product","3":"status-publish","4":"has-post-thumbnail","6":"product_cat-chemia-badawcza","8":"first","9":"instock","10":"shipping-taxable","11":"purchasable","12":"product-type-variable","13":"has-default-attributes"},"yoast_head":"<!-- This site is optimized with the Yoast SEO Premium plugin v19.2 (Yoast SEO v27.3) - https:\/\/yoast.com\/product\/yoast-seo-premium-wordpress\/ -->\n<title>Kup proszek 3-FPM przez Internet - Everyday Chem Shop<\/title>\n<meta name=\"description\" content=\"Kup proszek 3-FPM przez Internet. Sprzedajemy online najwy\u017cszej jako\u015bci proszek 3-FPM. Prosimy o kontakt w celu uzyskania dalszych informacji i cen.\" \/>\n<meta name=\"robots\" content=\"index, follow, max-snippet:-1, max-image-preview:large, max-video-preview:-1\" \/>\n<link rel=\"canonical\" href=\"https:\/\/everydaychemshop.com\/pl\/product\/3-fpm-3-fluorofenmetrazyna\/\" \/>\n<meta property=\"og:locale\" content=\"en_US\" \/>\n<meta property=\"og:type\" content=\"article\" \/>\n<meta property=\"og:title\" content=\"3-FPM (3-fluorofenmetrazyna)\" \/>\n<meta property=\"og:description\" content=\"Kup proszek 3-FPM przez Internet. Sprzedajemy online najwy\u017cszej jako\u015bci proszek 3-FPM. Prosimy o kontakt w celu uzyskania dalszych informacji i cen.\" \/>\n<meta property=\"og:url\" content=\"https:\/\/everydaychemshop.com\/pl\/product\/3-fpm-3-fluorofenmetrazyna\/\" \/>\n<meta property=\"og:site_name\" content=\"Everyday Chem Shop\" \/>\n<meta property=\"article:modified_time\" content=\"2023-04-07T18:11:04+00:00\" \/>\n<meta property=\"og:image\" content=\"https:\/\/everydaychemshop.com\/pl\/wp-content\/uploads\/sites\/8\/2022\/11\/3fpm.jpg\" \/>\n\t<meta property=\"og:image:width\" content=\"600\" \/>\n\t<meta property=\"og:image:height\" content=\"600\" \/>\n\t<meta property=\"og:image:type\" content=\"image\/jpeg\" \/>\n<meta name=\"twitter:card\" content=\"summary_large_image\" \/>\n<meta name=\"twitter:label1\" content=\"Est. reading time\" \/>\n\t<meta name=\"twitter:data1\" content=\"2 minutes\" \/>\n<script type=\"application\/ld+json\" class=\"yoast-schema-graph\">{\"@context\":\"https:\\\/\\\/schema.org\",\"@graph\":[{\"@type\":\"WebPage\",\"@id\":\"https:\\\/\\\/everydaychemshop.com\\\/pl\\\/product\\\/3-fpm-3-fluorofenmetrazyna\\\/\",\"url\":\"https:\\\/\\\/everydaychemshop.com\\\/pl\\\/product\\\/3-fpm-3-fluorofenmetrazyna\\\/\",\"name\":\"Kup proszek 3-FPM przez Internet - Everyday Chem Shop\",\"isPartOf\":{\"@id\":\"https:\\\/\\\/everydaychemshop.com\\\/pl\\\/#website\"},\"primaryImageOfPage\":{\"@id\":\"https:\\\/\\\/everydaychemshop.com\\\/pl\\\/product\\\/3-fpm-3-fluorofenmetrazyna\\\/#primaryimage\"},\"image\":{\"@id\":\"https:\\\/\\\/everydaychemshop.com\\\/pl\\\/product\\\/3-fpm-3-fluorofenmetrazyna\\\/#primaryimage\"},\"thumbnailUrl\":\"https:\\\/\\\/everydaychemshop.com\\\/pl\\\/wp-content\\\/uploads\\\/sites\\\/8\\\/2022\\\/11\\\/3fpm.jpg\",\"datePublished\":\"2022-11-18T20:51:32+00:00\",\"dateModified\":\"2023-04-07T18:11:04+00:00\",\"description\":\"Kup proszek 3-FPM przez Internet. Sprzedajemy online najwy\u017cszej jako\u015bci proszek 3-FPM. Prosimy o kontakt w celu uzyskania dalszych informacji i cen.\",\"breadcrumb\":{\"@id\":\"https:\\\/\\\/everydaychemshop.com\\\/pl\\\/product\\\/3-fpm-3-fluorofenmetrazyna\\\/#breadcrumb\"},\"inLanguage\":\"en-US\",\"potentialAction\":[{\"@type\":\"ReadAction\",\"target\":[\"https:\\\/\\\/everydaychemshop.com\\\/pl\\\/product\\\/3-fpm-3-fluorofenmetrazyna\\\/\"]}]},{\"@type\":\"ImageObject\",\"inLanguage\":\"en-US\",\"@id\":\"https:\\\/\\\/everydaychemshop.com\\\/pl\\\/product\\\/3-fpm-3-fluorofenmetrazyna\\\/#primaryimage\",\"url\":\"https:\\\/\\\/everydaychemshop.com\\\/pl\\\/wp-content\\\/uploads\\\/sites\\\/8\\\/2022\\\/11\\\/3fpm.jpg\",\"contentUrl\":\"https:\\\/\\\/everydaychemshop.com\\\/pl\\\/wp-content\\\/uploads\\\/sites\\\/8\\\/2022\\\/11\\\/3fpm.jpg\",\"width\":600,\"height\":600,\"caption\":\"Kup proszek 3-FPM przez Internet\"},{\"@type\":\"BreadcrumbList\",\"@id\":\"https:\\\/\\\/everydaychemshop.com\\\/pl\\\/product\\\/3-fpm-3-fluorofenmetrazyna\\\/#breadcrumb\",\"itemListElement\":[{\"@type\":\"ListItem\",\"position\":1,\"name\":\"Home\",\"item\":\"https:\\\/\\\/everydaychemshop.com\\\/pl\\\/\"},{\"@type\":\"ListItem\",\"position\":2,\"name\":\"Produkty\",\"item\":\"https:\\\/\\\/everydaychemshop.com\\\/pl\\\/produkty\\\/\"},{\"@type\":\"ListItem\",\"position\":3,\"name\":\"3-FPM (3-fluorofenmetrazyna)\"}]},{\"@type\":\"WebSite\",\"@id\":\"https:\\\/\\\/everydaychemshop.com\\\/pl\\\/#website\",\"url\":\"https:\\\/\\\/everydaychemshop.com\\\/pl\\\/\",\"name\":\"Everyday Chem Shop\",\"description\":\"\",\"potentialAction\":[{\"@type\":\"SearchAction\",\"target\":{\"@type\":\"EntryPoint\",\"urlTemplate\":\"https:\\\/\\\/everydaychemshop.com\\\/pl\\\/?s={search_term_string}\"},\"query-input\":{\"@type\":\"PropertyValueSpecification\",\"valueRequired\":true,\"valueName\":\"search_term_string\"}}],\"inLanguage\":\"en-US\"}]}<\/script>\n<!-- \/ Yoast SEO Premium plugin. -->","yoast_head_json":{"title":"Kup proszek 3-FPM przez Internet - Everyday Chem Shop","description":"Kup proszek 3-FPM przez Internet. Sprzedajemy online najwy\u017cszej jako\u015bci proszek 3-FPM. Prosimy o kontakt w celu uzyskania dalszych informacji i cen.","robots":{"index":"index","follow":"follow","max-snippet":"max-snippet:-1","max-image-preview":"max-image-preview:large","max-video-preview":"max-video-preview:-1"},"canonical":"https:\/\/everydaychemshop.com\/pl\/product\/3-fpm-3-fluorofenmetrazyna\/","og_locale":"en_US","og_type":"article","og_title":"3-FPM (3-fluorofenmetrazyna)","og_description":"Kup proszek 3-FPM przez Internet. Sprzedajemy online najwy\u017cszej jako\u015bci proszek 3-FPM. Prosimy o kontakt w celu uzyskania dalszych informacji i cen.","og_url":"https:\/\/everydaychemshop.com\/pl\/product\/3-fpm-3-fluorofenmetrazyna\/","og_site_name":"Everyday Chem Shop","article_modified_time":"2023-04-07T18:11:04+00:00","og_image":[{"width":600,"height":600,"url":"https:\/\/everydaychemshop.com\/pl\/wp-content\/uploads\/sites\/8\/2022\/11\/3fpm.jpg","type":"image\/jpeg"}],"twitter_card":"summary_large_image","twitter_misc":{"Est. reading time":"2 minutes"},"schema":{"@context":"https:\/\/schema.org","@graph":[{"@type":"WebPage","@id":"https:\/\/everydaychemshop.com\/pl\/product\/3-fpm-3-fluorofenmetrazyna\/","url":"https:\/\/everydaychemshop.com\/pl\/product\/3-fpm-3-fluorofenmetrazyna\/","name":"Kup proszek 3-FPM przez Internet - Everyday Chem Shop","isPartOf":{"@id":"https:\/\/everydaychemshop.com\/pl\/#website"},"primaryImageOfPage":{"@id":"https:\/\/everydaychemshop.com\/pl\/product\/3-fpm-3-fluorofenmetrazyna\/#primaryimage"},"image":{"@id":"https:\/\/everydaychemshop.com\/pl\/product\/3-fpm-3-fluorofenmetrazyna\/#primaryimage"},"thumbnailUrl":"https:\/\/everydaychemshop.com\/pl\/wp-content\/uploads\/sites\/8\/2022\/11\/3fpm.jpg","datePublished":"2022-11-18T20:51:32+00:00","dateModified":"2023-04-07T18:11:04+00:00","description":"Kup proszek 3-FPM przez Internet. Sprzedajemy online najwy\u017cszej jako\u015bci proszek 3-FPM. Prosimy o kontakt w celu uzyskania dalszych informacji i cen.","breadcrumb":{"@id":"https:\/\/everydaychemshop.com\/pl\/product\/3-fpm-3-fluorofenmetrazyna\/#breadcrumb"},"inLanguage":"en-US","potentialAction":[{"@type":"ReadAction","target":["https:\/\/everydaychemshop.com\/pl\/product\/3-fpm-3-fluorofenmetrazyna\/"]}]},{"@type":"ImageObject","inLanguage":"en-US","@id":"https:\/\/everydaychemshop.com\/pl\/product\/3-fpm-3-fluorofenmetrazyna\/#primaryimage","url":"https:\/\/everydaychemshop.com\/pl\/wp-content\/uploads\/sites\/8\/2022\/11\/3fpm.jpg","contentUrl":"https:\/\/everydaychemshop.com\/pl\/wp-content\/uploads\/sites\/8\/2022\/11\/3fpm.jpg","width":600,"height":600,"caption":"Kup proszek 3-FPM przez Internet"},{"@type":"BreadcrumbList","@id":"https:\/\/everydaychemshop.com\/pl\/product\/3-fpm-3-fluorofenmetrazyna\/#breadcrumb","itemListElement":[{"@type":"ListItem","position":1,"name":"Home","item":"https:\/\/everydaychemshop.com\/pl\/"},{"@type":"ListItem","position":2,"name":"Produkty","item":"https:\/\/everydaychemshop.com\/pl\/produkty\/"},{"@type":"ListItem","position":3,"name":"3-FPM (3-fluorofenmetrazyna)"}]},{"@type":"WebSite","@id":"https:\/\/everydaychemshop.com\/pl\/#website","url":"https:\/\/everydaychemshop.com\/pl\/","name":"Everyday Chem Shop","description":"","potentialAction":[{"@type":"SearchAction","target":{"@type":"EntryPoint","urlTemplate":"https:\/\/everydaychemshop.com\/pl\/?s={search_term_string}"},"query-input":{"@type":"PropertyValueSpecification","valueRequired":true,"valueName":"search_term_string"}}],"inLanguage":"en-US"}]}},"_links":{"self":[{"href":"https:\/\/everydaychemshop.com\/pl\/wp-json\/wp\/v2\/product\/8033","targetHints":{"allow":["GET"]}}],"collection":[{"href":"https:\/\/everydaychemshop.com\/pl\/wp-json\/wp\/v2\/product"}],"about":[{"href":"https:\/\/everydaychemshop.com\/pl\/wp-json\/wp\/v2\/types\/product"}],"replies":[{"embeddable":true,"href":"https:\/\/everydaychemshop.com\/pl\/wp-json\/wp\/v2\/comments?post=8033"}],"wp:featuredmedia":[{"embeddable":true,"href":"https:\/\/everydaychemshop.com\/pl\/wp-json\/wp\/v2\/media\/8039"}],"wp:attachment":[{"href":"https:\/\/everydaychemshop.com\/pl\/wp-json\/wp\/v2\/media?parent=8033"}],"wp:term":[{"taxonomy":"product_brand","embeddable":true,"href":"https:\/\/everydaychemshop.com\/pl\/wp-json\/wp\/v2\/product_brand?post=8033"},{"taxonomy":"product_cat","embeddable":true,"href":"https:\/\/everydaychemshop.com\/pl\/wp-json\/wp\/v2\/product_cat?post=8033"},{"taxonomy":"product_tag","embeddable":true,"href":"https:\/\/everydaychemshop.com\/pl\/wp-json\/wp\/v2\/product_tag?post=8033"}],"curies":[{"name":"wp","href":"https:\/\/api.w.org\/{rel}","templated":true}]}}