{"id":8040,"date":"2022-11-18T20:58:01","date_gmt":"2022-11-18T20:58:01","guid":{"rendered":"https:\/\/everydaychemshop.com\/pl\/?post_type=product&#038;p=8040"},"modified":"2025-11-23T15:30:35","modified_gmt":"2025-11-23T15:30:35","slug":"3-mmc-proszek","status":"publish","type":"product","link":"https:\/\/everydaychemshop.com\/pl\/product\/3-mmc-proszek\/","title":{"rendered":"Proszek 3-MMC"},"content":{"rendered":"<h1>Kup proszek 3-MMC online | Wysokiej czysto\u015bci 3-metylometkatynon do bada\u0144<\/h1>\n<p><a href=\"https:\/\/everydaychemshop.com\/pl\/product\/3-mmc-proszek\/\">Kup wysokiej jako\u015bci proszek 3-MMC online<\/a>. Chcesz kupi\u0107 proszek 3-MMC do swojego kolejnego projektu laboratoryjnego? W Everyday Chem Shop specjalizujemy si\u0119 w wysokiej jako\u015bci odczynnikach do bada\u0144 3-MMC, dostarczaj\u0105c laboratoryjnej jako\u015bci 3-metylometkatynon o niezr\u00f3wnanej czysto\u015bci i niezawodno\u015bci. Jako zaufany dostawca w kategorii syntetycznych katynon\u00f3w, gwarantujemy, \u017ce ka\u017cda partia proszku 3-MMC na sprzeda\u017c spe\u0142nia rygorystyczne standardy testowe \u2013 poniewa\u017c Twoje badania na to zas\u0142uguj\u0105.<\/p>\n<p>Niezale\u017cnie od tego, czy badasz interakcje neuroprzeka\u017anik\u00f3w, czy analogi strukturalne, takie jak metafedron, nasz wysokiej czysto\u015bci proszek 3-MMC to najlepszy wyb\u00f3r dla naukowc\u00f3w i badaczy na ca\u0142ym \u015bwiecie. Zam\u00f3w 3-MMC HCL ju\u017c dzi\u015b i skorzystaj z szybkiej, dyskretnej dostawy prosto pod Twoje drzwi.<\/p>\n<p>Czym jest proszek 3-MMC? Kr\u00f3tki przegl\u0105d<\/p>\n<p>Proszek 3-MMC, znany r\u00f3wnie\u017c jako 3-metylometkatynon lub metafedron, to syntetyczny katynon nale\u017c\u0105cy do rodziny substancji chemicznych stosowanych w badaniach. Strukturalnie podobny do 4-MMC (mefedronu), posiada grup\u0119 metylow\u0105 w pozycji 3 pier\u015bcienia fenylowego, co czyni go skutecznym narz\u0119dziem do badania w\u0142a\u015bciwo\u015bci pobudzaj\u0105cych w kontrolowanych warunkach laboratoryjnych.<\/p>\n<p>Numer CAS: 1246816-62-5<br \/>\nSynonimy: 3-metylo MC, metafedron, 3-MMC HCL<br \/>\nWygl\u0105d: Drobny, bia\u0142y lub bia\u0142awy, krystaliczny proszek<br \/>\nCzysto\u015b\u0107: \u226598% (testy laboratoryjne przeprowadzone przez niezale\u017cne laboratorium)<\/p>\n<p>Ten zwi\u0105zek chemiczny stosowany w badaniach 3-MMC jest szeroko stosowany w badaniach analitycznych w celu zbadania jego wp\u0142ywu na uk\u0142ad dopaminowy i serotoninowy. Uwaga: Kup proszek 3-MMC online wy\u0142\u0105cznie w celach naukowych \u2013 nie jest on przeznaczony do spo\u017cycia przez ludzi i musi by\u0107 zgodny z lokalnymi przepisami.<\/p>\n<p>Dlaczego warto wybra\u0107 sklep Everyday Chem Shop, aby kupi\u0107 proszek 3-MMC?<\/p>\n<p>Na rynku zalewanym niezweryfikowanymi dostawcami, wyr\u00f3\u017cnienie si\u0119 oznacza priorytetowe traktowanie jako\u015bci i zaufania. Oto dlaczego naukowcy kupuj\u0105 u nas 3-MMC online:<\/p>\n<p>Doskona\u0142o\u015b\u0107 potwierdzona laboratoryjnie: Ka\u017cdy gram proszku 3-MMC o wysokiej czysto\u015bci jest poddawany testom HPLC i GC-MS, aby potwierdzi\u0107 czysto\u015b\u0107 \u226598% i brak zanieczyszcze\u0144.<br \/>\nKonkurencyjne ceny: Przyst\u0119pne ceny od , z rabatami hurtowymi przy wi\u0119kszych zam\u00f3wieniach (powy\u017cej 25 g). Zaoszcz\u0119d\u017a wi\u0119cej, kupuj\u0105c 3-metylometakatynon w wi\u0119kszych ilo\u015bciach!<br \/>\nDyskretna i bezpieczna wysy\u0142ka: Dostawa na ca\u0142y \u015bwiat (USA, Wielka Brytania, UE, Kanada) w prostym opakowaniu z zabezpieczeniem przed otwarciem. Dost\u0119pne opcje \u015bledzenia \u2013 spodziewaj si\u0119 dostawy w ci\u0105gu 3 dni.<br \/>\nObs\u0142uga klienta na pierwszym miejscu: ca\u0142odobowe wsparcie, \u0142atwe zwroty i p\u0142atno\u015bci Bitcoin\/kryptowalutami zapewniaj\u0105ce prywatno\u015b\u0107.<\/p>\n<p>Nie zadowalaj si\u0119 syntetycznymi katynonami niskiej jako\u015bci \u2013 ulepsz swoje eksperymenty dzi\u0119ki naszym niezawodnym kryszta\u0142om i proszkowi 3-MMC.<\/p>\n<p>Sugerowane zastosowanie w badaniach<\/p>\n<p>Dla os\u00f3b kupuj\u0105cych proszek 3-MMC online, oto przewodnik dotycz\u0105cy post\u0119powania z tym wszechstronnym zwi\u0105zkiem w protoko\u0142ach laboratoryjnych:<\/p>\n<p>Rozpuszczalno\u015b\u0107: Wysoce rozpuszczalny w wodzie i rozpuszczalnikach organicznych, takich jak DMSO \u2013 idealny do bada\u0144 in vitro.<br \/>\nPrzechowywanie: Przechowywa\u0107 w ch\u0142odnym, suchym miejscu, z dala od \u015bwiat\u0142a, aby zachowa\u0107 stabilno\u015b\u0107. Okres przydatno\u015bci do u\u017cycia: Ponad 2 lata po zamkni\u0119ciu.<br \/>\nZastosowanie: Powszechnie stosowany w badaniach farmakologicznych do modelowania efekt\u00f3w entaktogennych, bada\u0144 wi\u0105zania z receptorami lub analiz por\u00f3wnawczych z innymi katynonami.<\/p>\n<p>Wa\u017cna uwaga dotycz\u0105ca bezpiecze\u0144stwa: Zawsze u\u017cywaj pod wyci\u0105giem laboratoryjnym i korzystaj z odpowiednich \u015brodk\u00f3w ochrony indywidualnej. Proszek 3-MMC jest przeznaczony wy\u0142\u0105cznie do bada\u0144 \u2013 zapoznaj si\u0119 z kart\u0105 charakterystyki substancji niebezpiecznej (SDS), aby uzyska\u0107 pe\u0142ne instrukcje dotycz\u0105ce post\u0119powania.<\/p>\n<p>Cz\u0119sto zadawane pytania dotycz\u0105ce substancji chemicznej 3-MMC do bada\u0144<br \/>\nGdzie mog\u0119 bezpiecznie kupi\u0107 proszek 3-MMC online?<\/p>\n<p>Everyday Chem Shop to Tw\u00f3j g\u0142\u00f3wny punkt sprzeda\u017cy 3-MMC. Wysy\u0142amy na ca\u0142y \u015bwiat, z potwierdzon\u0105 czysto\u015bci\u0105 i w dyskretnym opakowaniu.<\/p>\n<p>Czy 3-MMC to to samo co mefedron?<\/p>\n<p>Nie, ale blisko \u2013 3-MMC to izomer 4-MMC, oferuj\u0105cy podobne, ale r\u00f3\u017cne profile do bada\u0144.<\/p>\n<p>Jakie ilo\u015bci s\u0105 dost\u0119pne do zakupu 3-metylometkatynonu?<\/p>\n<p>Zam\u00f3wienia od 50 g. Sprawd\u017a nasze ceny, aby znale\u017a\u0107 najlepsze oferty na proszek metafedronu.<\/p>\n<p>Chcesz uzupe\u0142ni\u0107 zapasy? Dodaj proszek 3-MMC do koszyka ju\u017c teraz i do\u0142\u0105cz do tysi\u0119cy zadowolonych badaczy. Masz pytania? Skontaktuj si\u0119 z nami \u2013 jeste\u015bmy tutaj, aby pom\u00f3c Ci w rozwoju Twoich odkry\u0107.<\/p>\n<p>Zastrze\u017cenie: Wszystkie produkty s\u0105 sprzedawane wy\u0142\u0105cznie jako odczynniki badawcze. Nie s\u0105 przeznaczone do u\u017cytku przez ludzi ani weterynaryjnego. Przed zakupem sprawd\u017a legalno\u015b\u0107 w swoim regionie.<\/p>\n","protected":false},"excerpt":{"rendered":"<p><span data-preserver-spaces=\"true\">Kup 3-MMC online. 3-Methylmethcathinone (3-MMC) jest dost\u0119pny w sprzeda\u017cy w Wielkiej Brytanii, USA, Europie (UE). Jest podobny do 4-MMC, mefedronu, kt\u00f3ry nale\u017cy do kategorii katynon\u00f3w. Kup go na Fairpricemedical.com w wysokiej jako\u015bci.<\/span><\/p>\n<p><span data-preserver-spaces=\"true\">Kup 3-MMC Crystal w zaciszu swojego domu lub biura, a my zleci wysy\u0142k\u0119 i dostaw\u0119 na Tw\u00f3j adres.<\/span><\/p>\n","protected":false},"featured_media":8047,"comment_status":"open","ping_status":"closed","template":"","meta":{"inline_featured_image":false},"product_brand":[],"product_cat":[264],"product_tag":[],"class_list":{"0":"post-8040","1":"product","2":"type-product","3":"status-publish","4":"has-post-thumbnail","6":"product_cat-chemia-badawcza","8":"first","9":"instock","10":"shipping-taxable","11":"purchasable","12":"product-type-variable","13":"has-default-attributes"},"yoast_head":"<!-- This site is optimized with the Yoast SEO Premium plugin v19.2 (Yoast SEO v27.3) - https:\/\/yoast.com\/product\/yoast-seo-premium-wordpress\/ -->\n<title>Kup wysokiej jako\u015bci proszek 3-MMC online - Everyday Chem Shop<\/title>\n<meta name=\"description\" content=\"Kup online wysokiej jako\u015bci proszek 3-MMC w sklepie Everyday Chem Shop \u2013 3-metylometkatynon o wysokiej czysto\u015bci (98%+) wy\u0142\u0105cznie do cel\u00f3w badawczych. Dyskretna wysy\u0142ka na ca\u0142y \u015bwiat, jako\u015b\u0107 przetestowana laboratoryjnie i konkurencyjne ceny. Zam\u00f3w ju\u017c teraz odczynnik chemiczny 3-MMC do bada\u0144 \u2013 nie do spo\u017cycia przez ludzi.\" \/>\n<meta name=\"robots\" content=\"index, follow, max-snippet:-1, max-image-preview:large, max-video-preview:-1\" \/>\n<link rel=\"canonical\" href=\"https:\/\/everydaychemshop.com\/pl\/product\/3-mmc-proszek\/\" \/>\n<meta property=\"og:locale\" content=\"en_US\" \/>\n<meta property=\"og:type\" content=\"article\" \/>\n<meta property=\"og:title\" content=\"Proszek 3-MMC\" \/>\n<meta property=\"og:description\" content=\"Kup online wysokiej jako\u015bci proszek 3-MMC w sklepie Everyday Chem Shop \u2013 3-metylometkatynon o wysokiej czysto\u015bci (98%+) wy\u0142\u0105cznie do cel\u00f3w badawczych. Dyskretna wysy\u0142ka na ca\u0142y \u015bwiat, jako\u015b\u0107 przetestowana laboratoryjnie i konkurencyjne ceny. Zam\u00f3w ju\u017c teraz odczynnik chemiczny 3-MMC do bada\u0144 \u2013 nie do spo\u017cycia przez ludzi.\" \/>\n<meta property=\"og:url\" content=\"https:\/\/everydaychemshop.com\/pl\/product\/3-mmc-proszek\/\" \/>\n<meta property=\"og:site_name\" content=\"Everyday Chem Shop\" \/>\n<meta property=\"article:modified_time\" content=\"2025-11-23T15:30:35+00:00\" \/>\n<meta property=\"og:image\" content=\"https:\/\/everydaychemshop.com\/pl\/wp-content\/uploads\/sites\/8\/2022\/11\/Buy-3-MMC.jpg\" \/>\n\t<meta property=\"og:image:width\" content=\"469\" \/>\n\t<meta property=\"og:image:height\" content=\"534\" \/>\n\t<meta property=\"og:image:type\" content=\"image\/jpeg\" \/>\n<meta name=\"twitter:card\" content=\"summary_large_image\" \/>\n<meta name=\"twitter:label1\" content=\"Est. reading time\" \/>\n\t<meta name=\"twitter:data1\" content=\"3 minutes\" \/>\n<script type=\"application\/ld+json\" class=\"yoast-schema-graph\">{\"@context\":\"https:\\\/\\\/schema.org\",\"@graph\":[{\"@type\":\"WebPage\",\"@id\":\"https:\\\/\\\/everydaychemshop.com\\\/pl\\\/product\\\/3-mmc-proszek\\\/\",\"url\":\"https:\\\/\\\/everydaychemshop.com\\\/pl\\\/product\\\/3-mmc-proszek\\\/\",\"name\":\"Kup wysokiej jako\u015bci proszek 3-MMC online - Everyday Chem Shop\",\"isPartOf\":{\"@id\":\"https:\\\/\\\/everydaychemshop.com\\\/pl\\\/#website\"},\"primaryImageOfPage\":{\"@id\":\"https:\\\/\\\/everydaychemshop.com\\\/pl\\\/product\\\/3-mmc-proszek\\\/#primaryimage\"},\"image\":{\"@id\":\"https:\\\/\\\/everydaychemshop.com\\\/pl\\\/product\\\/3-mmc-proszek\\\/#primaryimage\"},\"thumbnailUrl\":\"https:\\\/\\\/everydaychemshop.com\\\/pl\\\/wp-content\\\/uploads\\\/sites\\\/8\\\/2022\\\/11\\\/Buy-3-MMC.jpg\",\"datePublished\":\"2022-11-18T20:58:01+00:00\",\"dateModified\":\"2025-11-23T15:30:35+00:00\",\"description\":\"Kup online wysokiej jako\u015bci proszek 3-MMC w sklepie Everyday Chem Shop \u2013 3-metylometkatynon o wysokiej czysto\u015bci (98%+) wy\u0142\u0105cznie do cel\u00f3w badawczych. Dyskretna wysy\u0142ka na ca\u0142y \u015bwiat, jako\u015b\u0107 przetestowana laboratoryjnie i konkurencyjne ceny. Zam\u00f3w ju\u017c teraz odczynnik chemiczny 3-MMC do bada\u0144 \u2013 nie do spo\u017cycia przez ludzi.\",\"breadcrumb\":{\"@id\":\"https:\\\/\\\/everydaychemshop.com\\\/pl\\\/product\\\/3-mmc-proszek\\\/#breadcrumb\"},\"inLanguage\":\"en-US\",\"potentialAction\":[{\"@type\":\"ReadAction\",\"target\":[\"https:\\\/\\\/everydaychemshop.com\\\/pl\\\/product\\\/3-mmc-proszek\\\/\"]}]},{\"@type\":\"ImageObject\",\"inLanguage\":\"en-US\",\"@id\":\"https:\\\/\\\/everydaychemshop.com\\\/pl\\\/product\\\/3-mmc-proszek\\\/#primaryimage\",\"url\":\"https:\\\/\\\/everydaychemshop.com\\\/pl\\\/wp-content\\\/uploads\\\/sites\\\/8\\\/2022\\\/11\\\/Buy-3-MMC.jpg\",\"contentUrl\":\"https:\\\/\\\/everydaychemshop.com\\\/pl\\\/wp-content\\\/uploads\\\/sites\\\/8\\\/2022\\\/11\\\/Buy-3-MMC.jpg\",\"width\":469,\"height\":534,\"caption\":\"Kup wysokiej jako\u015bci proszek 3-MMC online\"},{\"@type\":\"BreadcrumbList\",\"@id\":\"https:\\\/\\\/everydaychemshop.com\\\/pl\\\/product\\\/3-mmc-proszek\\\/#breadcrumb\",\"itemListElement\":[{\"@type\":\"ListItem\",\"position\":1,\"name\":\"Home\",\"item\":\"https:\\\/\\\/everydaychemshop.com\\\/pl\\\/\"},{\"@type\":\"ListItem\",\"position\":2,\"name\":\"Produkty\",\"item\":\"https:\\\/\\\/everydaychemshop.com\\\/pl\\\/produkty\\\/\"},{\"@type\":\"ListItem\",\"position\":3,\"name\":\"Proszek 3-MMC\"}]},{\"@type\":\"WebSite\",\"@id\":\"https:\\\/\\\/everydaychemshop.com\\\/pl\\\/#website\",\"url\":\"https:\\\/\\\/everydaychemshop.com\\\/pl\\\/\",\"name\":\"Everyday Chem Shop\",\"description\":\"\",\"potentialAction\":[{\"@type\":\"SearchAction\",\"target\":{\"@type\":\"EntryPoint\",\"urlTemplate\":\"https:\\\/\\\/everydaychemshop.com\\\/pl\\\/?s={search_term_string}\"},\"query-input\":{\"@type\":\"PropertyValueSpecification\",\"valueRequired\":true,\"valueName\":\"search_term_string\"}}],\"inLanguage\":\"en-US\"}]}<\/script>\n<!-- \/ Yoast SEO Premium plugin. -->","yoast_head_json":{"title":"Kup wysokiej jako\u015bci proszek 3-MMC online - Everyday Chem Shop","description":"Kup online wysokiej jako\u015bci proszek 3-MMC w sklepie Everyday Chem Shop \u2013 3-metylometkatynon o wysokiej czysto\u015bci (98%+) wy\u0142\u0105cznie do cel\u00f3w badawczych. Dyskretna wysy\u0142ka na ca\u0142y \u015bwiat, jako\u015b\u0107 przetestowana laboratoryjnie i konkurencyjne ceny. Zam\u00f3w ju\u017c teraz odczynnik chemiczny 3-MMC do bada\u0144 \u2013 nie do spo\u017cycia przez ludzi.","robots":{"index":"index","follow":"follow","max-snippet":"max-snippet:-1","max-image-preview":"max-image-preview:large","max-video-preview":"max-video-preview:-1"},"canonical":"https:\/\/everydaychemshop.com\/pl\/product\/3-mmc-proszek\/","og_locale":"en_US","og_type":"article","og_title":"Proszek 3-MMC","og_description":"Kup online wysokiej jako\u015bci proszek 3-MMC w sklepie Everyday Chem Shop \u2013 3-metylometkatynon o wysokiej czysto\u015bci (98%+) wy\u0142\u0105cznie do cel\u00f3w badawczych. Dyskretna wysy\u0142ka na ca\u0142y \u015bwiat, jako\u015b\u0107 przetestowana laboratoryjnie i konkurencyjne ceny. Zam\u00f3w ju\u017c teraz odczynnik chemiczny 3-MMC do bada\u0144 \u2013 nie do spo\u017cycia przez ludzi.","og_url":"https:\/\/everydaychemshop.com\/pl\/product\/3-mmc-proszek\/","og_site_name":"Everyday Chem Shop","article_modified_time":"2025-11-23T15:30:35+00:00","og_image":[{"width":469,"height":534,"url":"https:\/\/everydaychemshop.com\/pl\/wp-content\/uploads\/sites\/8\/2022\/11\/Buy-3-MMC.jpg","type":"image\/jpeg"}],"twitter_card":"summary_large_image","twitter_misc":{"Est. reading time":"3 minutes"},"schema":{"@context":"https:\/\/schema.org","@graph":[{"@type":"WebPage","@id":"https:\/\/everydaychemshop.com\/pl\/product\/3-mmc-proszek\/","url":"https:\/\/everydaychemshop.com\/pl\/product\/3-mmc-proszek\/","name":"Kup wysokiej jako\u015bci proszek 3-MMC online - Everyday Chem Shop","isPartOf":{"@id":"https:\/\/everydaychemshop.com\/pl\/#website"},"primaryImageOfPage":{"@id":"https:\/\/everydaychemshop.com\/pl\/product\/3-mmc-proszek\/#primaryimage"},"image":{"@id":"https:\/\/everydaychemshop.com\/pl\/product\/3-mmc-proszek\/#primaryimage"},"thumbnailUrl":"https:\/\/everydaychemshop.com\/pl\/wp-content\/uploads\/sites\/8\/2022\/11\/Buy-3-MMC.jpg","datePublished":"2022-11-18T20:58:01+00:00","dateModified":"2025-11-23T15:30:35+00:00","description":"Kup online wysokiej jako\u015bci proszek 3-MMC w sklepie Everyday Chem Shop \u2013 3-metylometkatynon o wysokiej czysto\u015bci (98%+) wy\u0142\u0105cznie do cel\u00f3w badawczych. Dyskretna wysy\u0142ka na ca\u0142y \u015bwiat, jako\u015b\u0107 przetestowana laboratoryjnie i konkurencyjne ceny. Zam\u00f3w ju\u017c teraz odczynnik chemiczny 3-MMC do bada\u0144 \u2013 nie do spo\u017cycia przez ludzi.","breadcrumb":{"@id":"https:\/\/everydaychemshop.com\/pl\/product\/3-mmc-proszek\/#breadcrumb"},"inLanguage":"en-US","potentialAction":[{"@type":"ReadAction","target":["https:\/\/everydaychemshop.com\/pl\/product\/3-mmc-proszek\/"]}]},{"@type":"ImageObject","inLanguage":"en-US","@id":"https:\/\/everydaychemshop.com\/pl\/product\/3-mmc-proszek\/#primaryimage","url":"https:\/\/everydaychemshop.com\/pl\/wp-content\/uploads\/sites\/8\/2022\/11\/Buy-3-MMC.jpg","contentUrl":"https:\/\/everydaychemshop.com\/pl\/wp-content\/uploads\/sites\/8\/2022\/11\/Buy-3-MMC.jpg","width":469,"height":534,"caption":"Kup wysokiej jako\u015bci proszek 3-MMC online"},{"@type":"BreadcrumbList","@id":"https:\/\/everydaychemshop.com\/pl\/product\/3-mmc-proszek\/#breadcrumb","itemListElement":[{"@type":"ListItem","position":1,"name":"Home","item":"https:\/\/everydaychemshop.com\/pl\/"},{"@type":"ListItem","position":2,"name":"Produkty","item":"https:\/\/everydaychemshop.com\/pl\/produkty\/"},{"@type":"ListItem","position":3,"name":"Proszek 3-MMC"}]},{"@type":"WebSite","@id":"https:\/\/everydaychemshop.com\/pl\/#website","url":"https:\/\/everydaychemshop.com\/pl\/","name":"Everyday Chem Shop","description":"","potentialAction":[{"@type":"SearchAction","target":{"@type":"EntryPoint","urlTemplate":"https:\/\/everydaychemshop.com\/pl\/?s={search_term_string}"},"query-input":{"@type":"PropertyValueSpecification","valueRequired":true,"valueName":"search_term_string"}}],"inLanguage":"en-US"}]}},"_links":{"self":[{"href":"https:\/\/everydaychemshop.com\/pl\/wp-json\/wp\/v2\/product\/8040","targetHints":{"allow":["GET"]}}],"collection":[{"href":"https:\/\/everydaychemshop.com\/pl\/wp-json\/wp\/v2\/product"}],"about":[{"href":"https:\/\/everydaychemshop.com\/pl\/wp-json\/wp\/v2\/types\/product"}],"replies":[{"embeddable":true,"href":"https:\/\/everydaychemshop.com\/pl\/wp-json\/wp\/v2\/comments?post=8040"}],"wp:featuredmedia":[{"embeddable":true,"href":"https:\/\/everydaychemshop.com\/pl\/wp-json\/wp\/v2\/media\/8047"}],"wp:attachment":[{"href":"https:\/\/everydaychemshop.com\/pl\/wp-json\/wp\/v2\/media?parent=8040"}],"wp:term":[{"taxonomy":"product_brand","embeddable":true,"href":"https:\/\/everydaychemshop.com\/pl\/wp-json\/wp\/v2\/product_brand?post=8040"},{"taxonomy":"product_cat","embeddable":true,"href":"https:\/\/everydaychemshop.com\/pl\/wp-json\/wp\/v2\/product_cat?post=8040"},{"taxonomy":"product_tag","embeddable":true,"href":"https:\/\/everydaychemshop.com\/pl\/wp-json\/wp\/v2\/product_tag?post=8040"}],"curies":[{"name":"wp","href":"https:\/\/api.w.org\/{rel}","templated":true}]}}