{"id":8052,"date":"2022-11-18T21:12:25","date_gmt":"2022-11-18T21:12:25","guid":{"rendered":"https:\/\/everydaychemshop.com\/pl\/?post_type=product&#038;p=8052"},"modified":"2023-04-07T18:06:25","modified_gmt":"2023-04-07T18:06:25","slug":"krysztal-4-chlorometokatynonu-4-cmc-hcl","status":"publish","type":"product","link":"https:\/\/everydaychemshop.com\/pl\/product\/krysztal-4-chlorometokatynonu-4-cmc-hcl\/","title":{"rendered":"Kryszta\u0142 4-chlorometokatynonu (4-CMC HCl)."},"content":{"rendered":"<h1>Kup kryszta\u0142y 4-CMC online<\/h1>\n<p><a href=\"https:\/\/everydaychemshop.com\/pl\/product\/krysztal-4-chlorometokatynonu-4-cmc-hcl\/\">Kup kryszta\u0142y 4-CMC online<\/a>. 4-CMC to skr\u00f3t od 4-chlorometokatynonu. 4-CMC nale\u017cy do chemikali\u00f3w klasy katynon\u00f3w. Jest \u015brodkiem pobudzaj\u0105cym. Ta badana substancja chemiczna jest nowo\u015bci\u0105 na rynku. <a href=\"https:\/\/en.wikipedia.org\/wiki\/4-Chloromethcathinone\">Oznacza<\/a> to, \u017ce jest wielu badaczy, kt\u00f3rzy jeszcze tego nie przetestowali.<\/p>\n<p>Kup kryszta\u0142y 4-CMC \u2713 4-chlorometokatynon \u2713 Najwy\u017cszej jako\u015bci substancja chemiczna do bada\u0144 \u2713 Szybka dostawa, \u015bwietne ceny \u2713 Tylko tutaj na globalhomemed.com<\/p>\n<p>Jednak pomimo faktu, \u017ce 4-CMC jest nowo\u015bci\u0105, wst\u0119pne eksperymenty z t\u0105 substancj\u0105 mia\u0142y przynie\u015b\u0107 efekty w postaci wzmo\u017conych emocji, przyspieszenia proces\u00f3w my\u015blowych i wysokiego poziomu energii. 4-CMC jest bardzo podobny do 4-MMC, bk-MDMA i 3-MMC. Tak wi\u0119c, je\u015bli eksperymentowa\u0142e\u015b z kt\u00f3r\u0105kolwiek z tych chemikali\u00f3w badawczych, masz dobre poj\u0119cie, czego si\u0119 spodziewa\u0107 po eksperymentach badawczych 4-CMC.<\/p>\n<p>&nbsp;<\/p>\n<p>Gdzie kupi\u0107 4-CMC?<\/p>\n<p>W Chemical Planet mamy na sprzeda\u017c niezwykle wysokiej jako\u015bci 4-CMC. Nasz 4-CMC jest zazwyczaj dost\u0119pny w postaci krystalicznej. Je\u015bli nie widzisz \u017c\u0105danego formularza, skontaktuj si\u0119 z nami, aby dowiedzie\u0107 si\u0119, kiedy mo\u017ce wr\u00f3ci\u0107.<\/p>\n<p>Je\u015bli planujesz zakup 4-CMC od Chemical Planet, musisz mie\u0107 uko\u0144czone 18 lat i w pe\u0142ni przestrzega\u0107 wszystkich przepis\u00f3w dotycz\u0105cych chemii badawczej w swoim kraju. Nasze chemikalia s\u0105 przeznaczone wy\u0142\u0105cznie do cel\u00f3w badawczych i nie s\u0105 przeznaczone do u\u017cytku przez ludzi lub zwierz\u0119ta.<\/p>\n<p>4-CMC Legalno\u015b\u0107<\/p>\n<p>4-CMC jest nielegalne w Chinach i Szwecji. W Niemczech jest to lek kontrolowany \u201eAnlage I\u201d. Wiele innych narod\u00f3w nie zaplanowa\u0142o jeszcze tej substancji chemicznej. Dzieje si\u0119 tak g\u0142\u00f3wnie dlatego, \u017ce jest tak nowy.<\/p>\n<p>Zawsze przechowuj w ch\u0142odnym, suchym miejscu, aby zapewni\u0107 maksymalny okres przydatno\u015bci do spo\u017cycia. Ten produkt jest przeznaczony wy\u0142\u0105cznie do zastosowa\u0144 kryminalistycznych i badawczych. Dlatego NIE jest przeznaczony do spo\u017cycia przez ludzi ani do jakichkolwiek test\u00f3w in vivo na zwierz\u0119tach lub \u017cywych organizmach.<\/p>\n","protected":false},"excerpt":{"rendered":"<p>Kup 4-CMC Crystal &amp; Proszek Online Tanie. Kup 4-CMC Crystal &amp; Proszek luzem o czysto\u015bci 99%. Zam\u00f3w 4-chlorometokatynon na sprzeda\u017c Wielka Brytania, Europa<\/p>\n<p>Chc\u0119\u00a0<em>kupi\u0107 4<\/em>-chlorometokatynon (<em>4<\/em> \u2013 <em>CMC<\/em>\u00a0HCl) chlorowodorek <em>kryszta\u0142<\/em>\u00a0w najlepszych cenach, kupuj z szybk\u0105 dostaw\u0105 na ca\u0142y \u015bwiat! Zam\u00f3w\u00a0<em>4<\/em> \u2013 <em>CMC<\/em>\u00a0Wielka Brytania, Europa.<\/p>\n<p>Kup 4-CMC Crystal &amp; Proszek Online Tanie. Kup 4-CMC Crystal &amp; Proszek luzem 99% czysto\u015bci .<\/p>\n","protected":false},"featured_media":8059,"comment_status":"open","ping_status":"closed","template":"","meta":{"inline_featured_image":false},"product_brand":[],"product_cat":[264],"product_tag":[],"class_list":{"0":"post-8052","1":"product","2":"type-product","3":"status-publish","4":"has-post-thumbnail","6":"product_cat-chemia-badawcza","8":"first","9":"instock","10":"shipping-taxable","11":"purchasable","12":"product-type-variable","13":"has-default-attributes"},"yoast_head":"<!-- This site is optimized with the Yoast SEO Premium plugin v19.2 (Yoast SEO v27.3) - https:\/\/yoast.com\/product\/yoast-seo-premium-wordpress\/ -->\n<title>Kup kryszta\u0142y 4-CMC online- Everyday Chem Shop<\/title>\n<meta name=\"description\" content=\"Kup kryszta\u0142y 4-CMC online. Sprzedajemy najwy\u017cszej jako\u015bci kryszta\u0142y 4-CMC online. Uprzejmie prosimy o kontakt w celu uzyskania dalszych informacji i cen.\" \/>\n<meta name=\"robots\" content=\"index, follow, max-snippet:-1, max-image-preview:large, max-video-preview:-1\" \/>\n<link rel=\"canonical\" href=\"https:\/\/everydaychemshop.com\/pl\/product\/krysztal-4-chlorometokatynonu-4-cmc-hcl\/\" \/>\n<meta property=\"og:locale\" content=\"en_US\" \/>\n<meta property=\"og:type\" content=\"article\" \/>\n<meta property=\"og:title\" content=\"Kryszta\u0142 4-chlorometokatynonu (4-CMC HCl).\" \/>\n<meta property=\"og:description\" content=\"Kup kryszta\u0142y 4-CMC online. Sprzedajemy najwy\u017cszej jako\u015bci kryszta\u0142y 4-CMC online. Uprzejmie prosimy o kontakt w celu uzyskania dalszych informacji i cen.\" \/>\n<meta property=\"og:url\" content=\"https:\/\/everydaychemshop.com\/pl\/product\/krysztal-4-chlorometokatynonu-4-cmc-hcl\/\" \/>\n<meta property=\"og:site_name\" content=\"Everyday Chem Shop\" \/>\n<meta property=\"article:modified_time\" content=\"2023-04-07T18:06:25+00:00\" \/>\n<meta property=\"og:image\" content=\"https:\/\/everydaychemshop.com\/pl\/wp-content\/uploads\/sites\/8\/2022\/11\/buy-4-Chloromethcathinone.jpg\" \/>\n\t<meta property=\"og:image:width\" content=\"2560\" \/>\n\t<meta property=\"og:image:height\" content=\"1887\" \/>\n\t<meta property=\"og:image:type\" content=\"image\/jpeg\" \/>\n<meta name=\"twitter:card\" content=\"summary_large_image\" \/>\n<meta name=\"twitter:label1\" content=\"Est. reading time\" \/>\n\t<meta name=\"twitter:data1\" content=\"2 minutes\" \/>\n<script type=\"application\/ld+json\" class=\"yoast-schema-graph\">{\"@context\":\"https:\\\/\\\/schema.org\",\"@graph\":[{\"@type\":\"WebPage\",\"@id\":\"https:\\\/\\\/everydaychemshop.com\\\/pl\\\/product\\\/krysztal-4-chlorometokatynonu-4-cmc-hcl\\\/\",\"url\":\"https:\\\/\\\/everydaychemshop.com\\\/pl\\\/product\\\/krysztal-4-chlorometokatynonu-4-cmc-hcl\\\/\",\"name\":\"Kup kryszta\u0142y 4-CMC online- Everyday Chem Shop\",\"isPartOf\":{\"@id\":\"https:\\\/\\\/everydaychemshop.com\\\/pl\\\/#website\"},\"primaryImageOfPage\":{\"@id\":\"https:\\\/\\\/everydaychemshop.com\\\/pl\\\/product\\\/krysztal-4-chlorometokatynonu-4-cmc-hcl\\\/#primaryimage\"},\"image\":{\"@id\":\"https:\\\/\\\/everydaychemshop.com\\\/pl\\\/product\\\/krysztal-4-chlorometokatynonu-4-cmc-hcl\\\/#primaryimage\"},\"thumbnailUrl\":\"https:\\\/\\\/everydaychemshop.com\\\/pl\\\/wp-content\\\/uploads\\\/sites\\\/8\\\/2022\\\/11\\\/buy-4-Chloromethcathinone.jpg\",\"datePublished\":\"2022-11-18T21:12:25+00:00\",\"dateModified\":\"2023-04-07T18:06:25+00:00\",\"description\":\"Kup kryszta\u0142y 4-CMC online. Sprzedajemy najwy\u017cszej jako\u015bci kryszta\u0142y 4-CMC online. Uprzejmie prosimy o kontakt w celu uzyskania dalszych informacji i cen.\",\"breadcrumb\":{\"@id\":\"https:\\\/\\\/everydaychemshop.com\\\/pl\\\/product\\\/krysztal-4-chlorometokatynonu-4-cmc-hcl\\\/#breadcrumb\"},\"inLanguage\":\"en-US\",\"potentialAction\":[{\"@type\":\"ReadAction\",\"target\":[\"https:\\\/\\\/everydaychemshop.com\\\/pl\\\/product\\\/krysztal-4-chlorometokatynonu-4-cmc-hcl\\\/\"]}]},{\"@type\":\"ImageObject\",\"inLanguage\":\"en-US\",\"@id\":\"https:\\\/\\\/everydaychemshop.com\\\/pl\\\/product\\\/krysztal-4-chlorometokatynonu-4-cmc-hcl\\\/#primaryimage\",\"url\":\"https:\\\/\\\/everydaychemshop.com\\\/pl\\\/wp-content\\\/uploads\\\/sites\\\/8\\\/2022\\\/11\\\/buy-4-Chloromethcathinone.jpg\",\"contentUrl\":\"https:\\\/\\\/everydaychemshop.com\\\/pl\\\/wp-content\\\/uploads\\\/sites\\\/8\\\/2022\\\/11\\\/buy-4-Chloromethcathinone.jpg\",\"width\":2560,\"height\":1887,\"caption\":\"Kup kryszta\u0142y 4-CMC online\"},{\"@type\":\"BreadcrumbList\",\"@id\":\"https:\\\/\\\/everydaychemshop.com\\\/pl\\\/product\\\/krysztal-4-chlorometokatynonu-4-cmc-hcl\\\/#breadcrumb\",\"itemListElement\":[{\"@type\":\"ListItem\",\"position\":1,\"name\":\"Home\",\"item\":\"https:\\\/\\\/everydaychemshop.com\\\/pl\\\/\"},{\"@type\":\"ListItem\",\"position\":2,\"name\":\"Produkty\",\"item\":\"https:\\\/\\\/everydaychemshop.com\\\/pl\\\/produkty\\\/\"},{\"@type\":\"ListItem\",\"position\":3,\"name\":\"Kryszta\u0142 4-chlorometokatynonu (4-CMC HCl).\"}]},{\"@type\":\"WebSite\",\"@id\":\"https:\\\/\\\/everydaychemshop.com\\\/pl\\\/#website\",\"url\":\"https:\\\/\\\/everydaychemshop.com\\\/pl\\\/\",\"name\":\"Everyday Chem Shop\",\"description\":\"\",\"potentialAction\":[{\"@type\":\"SearchAction\",\"target\":{\"@type\":\"EntryPoint\",\"urlTemplate\":\"https:\\\/\\\/everydaychemshop.com\\\/pl\\\/?s={search_term_string}\"},\"query-input\":{\"@type\":\"PropertyValueSpecification\",\"valueRequired\":true,\"valueName\":\"search_term_string\"}}],\"inLanguage\":\"en-US\"}]}<\/script>\n<!-- \/ Yoast SEO Premium plugin. -->","yoast_head_json":{"title":"Kup kryszta\u0142y 4-CMC online- Everyday Chem Shop","description":"Kup kryszta\u0142y 4-CMC online. Sprzedajemy najwy\u017cszej jako\u015bci kryszta\u0142y 4-CMC online. Uprzejmie prosimy o kontakt w celu uzyskania dalszych informacji i cen.","robots":{"index":"index","follow":"follow","max-snippet":"max-snippet:-1","max-image-preview":"max-image-preview:large","max-video-preview":"max-video-preview:-1"},"canonical":"https:\/\/everydaychemshop.com\/pl\/product\/krysztal-4-chlorometokatynonu-4-cmc-hcl\/","og_locale":"en_US","og_type":"article","og_title":"Kryszta\u0142 4-chlorometokatynonu (4-CMC HCl).","og_description":"Kup kryszta\u0142y 4-CMC online. Sprzedajemy najwy\u017cszej jako\u015bci kryszta\u0142y 4-CMC online. Uprzejmie prosimy o kontakt w celu uzyskania dalszych informacji i cen.","og_url":"https:\/\/everydaychemshop.com\/pl\/product\/krysztal-4-chlorometokatynonu-4-cmc-hcl\/","og_site_name":"Everyday Chem Shop","article_modified_time":"2023-04-07T18:06:25+00:00","og_image":[{"width":2560,"height":1887,"url":"https:\/\/everydaychemshop.com\/pl\/wp-content\/uploads\/sites\/8\/2022\/11\/buy-4-Chloromethcathinone.jpg","type":"image\/jpeg"}],"twitter_card":"summary_large_image","twitter_misc":{"Est. reading time":"2 minutes"},"schema":{"@context":"https:\/\/schema.org","@graph":[{"@type":"WebPage","@id":"https:\/\/everydaychemshop.com\/pl\/product\/krysztal-4-chlorometokatynonu-4-cmc-hcl\/","url":"https:\/\/everydaychemshop.com\/pl\/product\/krysztal-4-chlorometokatynonu-4-cmc-hcl\/","name":"Kup kryszta\u0142y 4-CMC online- Everyday Chem Shop","isPartOf":{"@id":"https:\/\/everydaychemshop.com\/pl\/#website"},"primaryImageOfPage":{"@id":"https:\/\/everydaychemshop.com\/pl\/product\/krysztal-4-chlorometokatynonu-4-cmc-hcl\/#primaryimage"},"image":{"@id":"https:\/\/everydaychemshop.com\/pl\/product\/krysztal-4-chlorometokatynonu-4-cmc-hcl\/#primaryimage"},"thumbnailUrl":"https:\/\/everydaychemshop.com\/pl\/wp-content\/uploads\/sites\/8\/2022\/11\/buy-4-Chloromethcathinone.jpg","datePublished":"2022-11-18T21:12:25+00:00","dateModified":"2023-04-07T18:06:25+00:00","description":"Kup kryszta\u0142y 4-CMC online. Sprzedajemy najwy\u017cszej jako\u015bci kryszta\u0142y 4-CMC online. Uprzejmie prosimy o kontakt w celu uzyskania dalszych informacji i cen.","breadcrumb":{"@id":"https:\/\/everydaychemshop.com\/pl\/product\/krysztal-4-chlorometokatynonu-4-cmc-hcl\/#breadcrumb"},"inLanguage":"en-US","potentialAction":[{"@type":"ReadAction","target":["https:\/\/everydaychemshop.com\/pl\/product\/krysztal-4-chlorometokatynonu-4-cmc-hcl\/"]}]},{"@type":"ImageObject","inLanguage":"en-US","@id":"https:\/\/everydaychemshop.com\/pl\/product\/krysztal-4-chlorometokatynonu-4-cmc-hcl\/#primaryimage","url":"https:\/\/everydaychemshop.com\/pl\/wp-content\/uploads\/sites\/8\/2022\/11\/buy-4-Chloromethcathinone.jpg","contentUrl":"https:\/\/everydaychemshop.com\/pl\/wp-content\/uploads\/sites\/8\/2022\/11\/buy-4-Chloromethcathinone.jpg","width":2560,"height":1887,"caption":"Kup kryszta\u0142y 4-CMC online"},{"@type":"BreadcrumbList","@id":"https:\/\/everydaychemshop.com\/pl\/product\/krysztal-4-chlorometokatynonu-4-cmc-hcl\/#breadcrumb","itemListElement":[{"@type":"ListItem","position":1,"name":"Home","item":"https:\/\/everydaychemshop.com\/pl\/"},{"@type":"ListItem","position":2,"name":"Produkty","item":"https:\/\/everydaychemshop.com\/pl\/produkty\/"},{"@type":"ListItem","position":3,"name":"Kryszta\u0142 4-chlorometokatynonu (4-CMC HCl)."}]},{"@type":"WebSite","@id":"https:\/\/everydaychemshop.com\/pl\/#website","url":"https:\/\/everydaychemshop.com\/pl\/","name":"Everyday Chem Shop","description":"","potentialAction":[{"@type":"SearchAction","target":{"@type":"EntryPoint","urlTemplate":"https:\/\/everydaychemshop.com\/pl\/?s={search_term_string}"},"query-input":{"@type":"PropertyValueSpecification","valueRequired":true,"valueName":"search_term_string"}}],"inLanguage":"en-US"}]}},"_links":{"self":[{"href":"https:\/\/everydaychemshop.com\/pl\/wp-json\/wp\/v2\/product\/8052","targetHints":{"allow":["GET"]}}],"collection":[{"href":"https:\/\/everydaychemshop.com\/pl\/wp-json\/wp\/v2\/product"}],"about":[{"href":"https:\/\/everydaychemshop.com\/pl\/wp-json\/wp\/v2\/types\/product"}],"replies":[{"embeddable":true,"href":"https:\/\/everydaychemshop.com\/pl\/wp-json\/wp\/v2\/comments?post=8052"}],"wp:featuredmedia":[{"embeddable":true,"href":"https:\/\/everydaychemshop.com\/pl\/wp-json\/wp\/v2\/media\/8059"}],"wp:attachment":[{"href":"https:\/\/everydaychemshop.com\/pl\/wp-json\/wp\/v2\/media?parent=8052"}],"wp:term":[{"taxonomy":"product_brand","embeddable":true,"href":"https:\/\/everydaychemshop.com\/pl\/wp-json\/wp\/v2\/product_brand?post=8052"},{"taxonomy":"product_cat","embeddable":true,"href":"https:\/\/everydaychemshop.com\/pl\/wp-json\/wp\/v2\/product_cat?post=8052"},{"taxonomy":"product_tag","embeddable":true,"href":"https:\/\/everydaychemshop.com\/pl\/wp-json\/wp\/v2\/product_tag?post=8052"}],"curies":[{"name":"wp","href":"https:\/\/api.w.org\/{rel}","templated":true}]}}