{"id":8060,"date":"2022-11-18T21:27:31","date_gmt":"2022-11-18T21:27:31","guid":{"rendered":"https:\/\/everydaychemshop.com\/pl\/?post_type=product&#038;p=8060"},"modified":"2023-04-07T18:05:19","modified_gmt":"2023-04-07T18:05:19","slug":"kup-4-cl-pvp-krysztaly","status":"publish","type":"product","link":"https:\/\/everydaychemshop.com\/pl\/product\/kup-4-cl-pvp-krysztaly\/","title":{"rendered":"Kup Kryszta\u0142y 4-CL-PVP"},"content":{"rendered":"<h1>Kup Kryszta\u0142y 4-CL-PVP online<\/h1>\n<p><a href=\"https:\/\/everydaychemshop.com\/pl\/product\/kup-4-cl-pvp-krysztaly\/\">Kup Kryszta\u0142y 4-CL-PVP online<\/a>. 4-CL-PVP jest krystalicznym analogiem a-PVP. To podr\u0119cznikowy \u015brodek pobudzaj\u0105cy. Eksperymenty badawcze z 4-CL-PVP maj\u0105 tendencj\u0119 do uzyskiwania wynik\u00f3w gadatliwo\u015bci, poprawy czujno\u015bci, wysokiej energii i innych stymuluj\u0105cych wynik\u00f3w. Wyniki 4-CL-PVP zwykle trwaj\u0105 kr\u00f3cej ni\u017c trzy godziny. Substancja chemiczna jest r\u00f3wnie\u017c znana z wywo\u0142ywania umiarkowanych do ekstremalnych wynik\u00f3w euforycznych. Badacze, kt\u00f3rzy szukaj\u0105 alternatywy dla a-PVP, stwierdz\u0105, \u017ce 4-CL-PVP jest odpowiedni\u0105 alternatyw\u0105. 4-CL-PVP jest inhibitorem wychwytu zwrotnego norepinefryny i dopaminy. Stymuluj\u0105ce wyniki tej substancji chemicznej wynikaj\u0105 w du\u017cej mierze z tego <a href=\"https:\/\/en.wikipedia.org\/wiki\/4-Chloro-alpha-pyrrolidinovalerophenone\">faktu<\/a>.<\/p>\n<p>Gdzie kupi\u0107 4-CL-PVP?<\/p>\n<p>W Chemical Planet mamy na sprzeda\u017c niezwykle wysokiej jako\u015bci 4-CL-PVP. Nasz 4-CL-PVP jest zazwyczaj dost\u0119pny w postaci krystalicznej. Je\u015bli nie widzisz \u017c\u0105danego formularza, skontaktuj si\u0119 z nami, aby zobaczy\u0107, kiedy wr\u00f3ci.<\/p>\n<p>Je\u015bli planujesz zakup 4-Cl-PVP od Chemical Planet, musisz mie\u0107 uko\u0144czone 18 lat i w pe\u0142ni przestrzega\u0107 wszystkich przepis\u00f3w dotycz\u0105cych chemii badawczej w swoim kraju. Nasze chemikalia s\u0105 przeznaczone wy\u0142\u0105cznie do cel\u00f3w badawczych i nie s\u0105 przeznaczone do u\u017cytku przez ludzi lub zwierz\u0119ta.<\/p>\n<p>Legalno\u015b\u0107 4-CL-PVP<\/p>\n<p>Wi\u0119kszo\u015b\u0107 rz\u0105d\u00f3w na ca\u0142ym \u015bwiecie nie ujawni\u0142a si\u0119 i nie og\u0142osi\u0142a, \u017ce 4-CL-PVP jest nielegaln\u0105 substancj\u0105 chemiczn\u0105. Oznacza to, \u017ce w wi\u0119kszo\u015bci miejsc jest nieplanowany. Je\u015bli potrzebujesz dalszych informacji, skontaktuj si\u0119 z rz\u0105dem federalnym w celu wyja\u015bnienia statusu prawnego 4-CL-PVP.<\/p>\n<p>Zawsze przechowuj w ch\u0142odnym, suchym miejscu, aby zapewni\u0107 maksymalny okres przydatno\u015bci do spo\u017cycia. Ten produkt jest przeznaczony wy\u0142\u0105cznie do zastosowa\u0144 kryminalistycznych i badawczych. Dlatego NIE jest przeznaczony do spo\u017cycia przez ludzi ani do jakichkolwiek test\u00f3w in vivo na zwierz\u0119tach lub \u017cywych organizmach.<\/p>\n","protected":false},"excerpt":{"rendered":"<p>Kup kryszta\u0142y 4-CL-PVP na sprzeda\u017c Wielka Brytania, Europa, UE. Kup kryszta\u0142y 4-CL-PVP online, bezp\u0142atna wysy\u0142ka na ca\u0142y \u015bwiat w najwy\u017cszej jako\u015bci, najtaniej w historii, najlepsza cena przy zam\u00f3wieniu.<\/p>\n<p><em>4<\/em>\u2013<em>CL<\/em>\u2013<em>Kryszta\u0142y PVP na sprzeda\u017c<\/em>. <em>Kup 4<\/em>\u2013<em>CL<\/em>\u2013<em>kryszta\u0142y PVP<\/em>\u00a0Online, bezp\u0142atna wysy\u0142ka na ca\u0142y \u015bwiat w najwy\u017cszej jako\u015bci, najtaniej w historii, najlepsza cena przy zam\u00f3wieniu.<\/p>\n<p>Kup tanie kryszta\u0142y 4-CL-PVP online. 4-CL-PVP Crystal to stosunkowo nowy produkt pobudzaj\u0105cy i analog niezwykle popularnego zwi\u0105zku a-PVP.<\/p>\n","protected":false},"featured_media":8067,"comment_status":"open","ping_status":"closed","template":"","meta":{"inline_featured_image":false},"product_brand":[],"product_cat":[264],"product_tag":[],"class_list":{"0":"post-8060","1":"product","2":"type-product","3":"status-publish","4":"has-post-thumbnail","6":"product_cat-chemia-badawcza","8":"first","9":"instock","10":"shipping-taxable","11":"purchasable","12":"product-type-variable","13":"has-default-attributes"},"yoast_head":"<!-- This site is optimized with the Yoast SEO Premium plugin v19.2 (Yoast SEO v27.3) - https:\/\/yoast.com\/product\/yoast-seo-premium-wordpress\/ -->\n<title>Kup Kryszta\u0142y 4-CL-PVP online - Everyday Chem Shop<\/title>\n<meta name=\"description\" content=\"Kup Kryszta\u0142y 4-CL-PVP online. Sprzedajemy online kryszta\u0142y 4-CL-PVP. Prosimy o kontakt, aby uzyska\u0107 wi\u0119cej informacji i ceny za zam\u00f3wienie.\" \/>\n<meta name=\"robots\" content=\"index, follow, max-snippet:-1, max-image-preview:large, max-video-preview:-1\" \/>\n<link rel=\"canonical\" href=\"https:\/\/everydaychemshop.com\/pl\/product\/kup-4-cl-pvp-krysztaly\/\" \/>\n<meta property=\"og:locale\" content=\"en_US\" \/>\n<meta property=\"og:type\" content=\"article\" \/>\n<meta property=\"og:title\" content=\"Kup Kryszta\u0142y 4-CL-PVP\" \/>\n<meta property=\"og:description\" content=\"Kup Kryszta\u0142y 4-CL-PVP online. Sprzedajemy online kryszta\u0142y 4-CL-PVP. Prosimy o kontakt, aby uzyska\u0107 wi\u0119cej informacji i ceny za zam\u00f3wienie.\" \/>\n<meta property=\"og:url\" content=\"https:\/\/everydaychemshop.com\/pl\/product\/kup-4-cl-pvp-krysztaly\/\" \/>\n<meta property=\"og:site_name\" content=\"Everyday Chem Shop\" \/>\n<meta property=\"article:modified_time\" content=\"2023-04-07T18:05:19+00:00\" \/>\n<meta property=\"og:image\" content=\"https:\/\/everydaychemshop.com\/pl\/wp-content\/uploads\/sites\/8\/2022\/11\/Buy-4-CL-PVP-Crystals.jpg\" \/>\n\t<meta property=\"og:image:width\" content=\"275\" \/>\n\t<meta property=\"og:image:height\" content=\"183\" \/>\n\t<meta property=\"og:image:type\" content=\"image\/jpeg\" \/>\n<meta name=\"twitter:card\" content=\"summary_large_image\" \/>\n<meta name=\"twitter:label1\" content=\"Est. reading time\" \/>\n\t<meta name=\"twitter:data1\" content=\"2 minutes\" \/>\n<script type=\"application\/ld+json\" class=\"yoast-schema-graph\">{\"@context\":\"https:\\\/\\\/schema.org\",\"@graph\":[{\"@type\":\"WebPage\",\"@id\":\"https:\\\/\\\/everydaychemshop.com\\\/pl\\\/product\\\/kup-4-cl-pvp-krysztaly\\\/\",\"url\":\"https:\\\/\\\/everydaychemshop.com\\\/pl\\\/product\\\/kup-4-cl-pvp-krysztaly\\\/\",\"name\":\"Kup Kryszta\u0142y 4-CL-PVP online - Everyday Chem Shop\",\"isPartOf\":{\"@id\":\"https:\\\/\\\/everydaychemshop.com\\\/pl\\\/#website\"},\"primaryImageOfPage\":{\"@id\":\"https:\\\/\\\/everydaychemshop.com\\\/pl\\\/product\\\/kup-4-cl-pvp-krysztaly\\\/#primaryimage\"},\"image\":{\"@id\":\"https:\\\/\\\/everydaychemshop.com\\\/pl\\\/product\\\/kup-4-cl-pvp-krysztaly\\\/#primaryimage\"},\"thumbnailUrl\":\"https:\\\/\\\/everydaychemshop.com\\\/pl\\\/wp-content\\\/uploads\\\/sites\\\/8\\\/2022\\\/11\\\/Buy-4-CL-PVP-Crystals.jpg\",\"datePublished\":\"2022-11-18T21:27:31+00:00\",\"dateModified\":\"2023-04-07T18:05:19+00:00\",\"description\":\"Kup Kryszta\u0142y 4-CL-PVP online. Sprzedajemy online kryszta\u0142y 4-CL-PVP. Prosimy o kontakt, aby uzyska\u0107 wi\u0119cej informacji i ceny za zam\u00f3wienie.\",\"breadcrumb\":{\"@id\":\"https:\\\/\\\/everydaychemshop.com\\\/pl\\\/product\\\/kup-4-cl-pvp-krysztaly\\\/#breadcrumb\"},\"inLanguage\":\"en-US\",\"potentialAction\":[{\"@type\":\"ReadAction\",\"target\":[\"https:\\\/\\\/everydaychemshop.com\\\/pl\\\/product\\\/kup-4-cl-pvp-krysztaly\\\/\"]}]},{\"@type\":\"ImageObject\",\"inLanguage\":\"en-US\",\"@id\":\"https:\\\/\\\/everydaychemshop.com\\\/pl\\\/product\\\/kup-4-cl-pvp-krysztaly\\\/#primaryimage\",\"url\":\"https:\\\/\\\/everydaychemshop.com\\\/pl\\\/wp-content\\\/uploads\\\/sites\\\/8\\\/2022\\\/11\\\/Buy-4-CL-PVP-Crystals.jpg\",\"contentUrl\":\"https:\\\/\\\/everydaychemshop.com\\\/pl\\\/wp-content\\\/uploads\\\/sites\\\/8\\\/2022\\\/11\\\/Buy-4-CL-PVP-Crystals.jpg\",\"width\":275,\"height\":183,\"caption\":\"Kup Kryszta\u0142y 4-CL-PVP online\"},{\"@type\":\"BreadcrumbList\",\"@id\":\"https:\\\/\\\/everydaychemshop.com\\\/pl\\\/product\\\/kup-4-cl-pvp-krysztaly\\\/#breadcrumb\",\"itemListElement\":[{\"@type\":\"ListItem\",\"position\":1,\"name\":\"Home\",\"item\":\"https:\\\/\\\/everydaychemshop.com\\\/pl\\\/\"},{\"@type\":\"ListItem\",\"position\":2,\"name\":\"Produkty\",\"item\":\"https:\\\/\\\/everydaychemshop.com\\\/pl\\\/produkty\\\/\"},{\"@type\":\"ListItem\",\"position\":3,\"name\":\"Kup Kryszta\u0142y 4-CL-PVP\"}]},{\"@type\":\"WebSite\",\"@id\":\"https:\\\/\\\/everydaychemshop.com\\\/pl\\\/#website\",\"url\":\"https:\\\/\\\/everydaychemshop.com\\\/pl\\\/\",\"name\":\"Everyday Chem Shop\",\"description\":\"\",\"potentialAction\":[{\"@type\":\"SearchAction\",\"target\":{\"@type\":\"EntryPoint\",\"urlTemplate\":\"https:\\\/\\\/everydaychemshop.com\\\/pl\\\/?s={search_term_string}\"},\"query-input\":{\"@type\":\"PropertyValueSpecification\",\"valueRequired\":true,\"valueName\":\"search_term_string\"}}],\"inLanguage\":\"en-US\"}]}<\/script>\n<!-- \/ Yoast SEO Premium plugin. -->","yoast_head_json":{"title":"Kup Kryszta\u0142y 4-CL-PVP online - Everyday Chem Shop","description":"Kup Kryszta\u0142y 4-CL-PVP online. Sprzedajemy online kryszta\u0142y 4-CL-PVP. Prosimy o kontakt, aby uzyska\u0107 wi\u0119cej informacji i ceny za zam\u00f3wienie.","robots":{"index":"index","follow":"follow","max-snippet":"max-snippet:-1","max-image-preview":"max-image-preview:large","max-video-preview":"max-video-preview:-1"},"canonical":"https:\/\/everydaychemshop.com\/pl\/product\/kup-4-cl-pvp-krysztaly\/","og_locale":"en_US","og_type":"article","og_title":"Kup Kryszta\u0142y 4-CL-PVP","og_description":"Kup Kryszta\u0142y 4-CL-PVP online. Sprzedajemy online kryszta\u0142y 4-CL-PVP. Prosimy o kontakt, aby uzyska\u0107 wi\u0119cej informacji i ceny za zam\u00f3wienie.","og_url":"https:\/\/everydaychemshop.com\/pl\/product\/kup-4-cl-pvp-krysztaly\/","og_site_name":"Everyday Chem Shop","article_modified_time":"2023-04-07T18:05:19+00:00","og_image":[{"width":275,"height":183,"url":"https:\/\/everydaychemshop.com\/pl\/wp-content\/uploads\/sites\/8\/2022\/11\/Buy-4-CL-PVP-Crystals.jpg","type":"image\/jpeg"}],"twitter_card":"summary_large_image","twitter_misc":{"Est. reading time":"2 minutes"},"schema":{"@context":"https:\/\/schema.org","@graph":[{"@type":"WebPage","@id":"https:\/\/everydaychemshop.com\/pl\/product\/kup-4-cl-pvp-krysztaly\/","url":"https:\/\/everydaychemshop.com\/pl\/product\/kup-4-cl-pvp-krysztaly\/","name":"Kup Kryszta\u0142y 4-CL-PVP online - Everyday Chem Shop","isPartOf":{"@id":"https:\/\/everydaychemshop.com\/pl\/#website"},"primaryImageOfPage":{"@id":"https:\/\/everydaychemshop.com\/pl\/product\/kup-4-cl-pvp-krysztaly\/#primaryimage"},"image":{"@id":"https:\/\/everydaychemshop.com\/pl\/product\/kup-4-cl-pvp-krysztaly\/#primaryimage"},"thumbnailUrl":"https:\/\/everydaychemshop.com\/pl\/wp-content\/uploads\/sites\/8\/2022\/11\/Buy-4-CL-PVP-Crystals.jpg","datePublished":"2022-11-18T21:27:31+00:00","dateModified":"2023-04-07T18:05:19+00:00","description":"Kup Kryszta\u0142y 4-CL-PVP online. Sprzedajemy online kryszta\u0142y 4-CL-PVP. Prosimy o kontakt, aby uzyska\u0107 wi\u0119cej informacji i ceny za zam\u00f3wienie.","breadcrumb":{"@id":"https:\/\/everydaychemshop.com\/pl\/product\/kup-4-cl-pvp-krysztaly\/#breadcrumb"},"inLanguage":"en-US","potentialAction":[{"@type":"ReadAction","target":["https:\/\/everydaychemshop.com\/pl\/product\/kup-4-cl-pvp-krysztaly\/"]}]},{"@type":"ImageObject","inLanguage":"en-US","@id":"https:\/\/everydaychemshop.com\/pl\/product\/kup-4-cl-pvp-krysztaly\/#primaryimage","url":"https:\/\/everydaychemshop.com\/pl\/wp-content\/uploads\/sites\/8\/2022\/11\/Buy-4-CL-PVP-Crystals.jpg","contentUrl":"https:\/\/everydaychemshop.com\/pl\/wp-content\/uploads\/sites\/8\/2022\/11\/Buy-4-CL-PVP-Crystals.jpg","width":275,"height":183,"caption":"Kup Kryszta\u0142y 4-CL-PVP online"},{"@type":"BreadcrumbList","@id":"https:\/\/everydaychemshop.com\/pl\/product\/kup-4-cl-pvp-krysztaly\/#breadcrumb","itemListElement":[{"@type":"ListItem","position":1,"name":"Home","item":"https:\/\/everydaychemshop.com\/pl\/"},{"@type":"ListItem","position":2,"name":"Produkty","item":"https:\/\/everydaychemshop.com\/pl\/produkty\/"},{"@type":"ListItem","position":3,"name":"Kup Kryszta\u0142y 4-CL-PVP"}]},{"@type":"WebSite","@id":"https:\/\/everydaychemshop.com\/pl\/#website","url":"https:\/\/everydaychemshop.com\/pl\/","name":"Everyday Chem Shop","description":"","potentialAction":[{"@type":"SearchAction","target":{"@type":"EntryPoint","urlTemplate":"https:\/\/everydaychemshop.com\/pl\/?s={search_term_string}"},"query-input":{"@type":"PropertyValueSpecification","valueRequired":true,"valueName":"search_term_string"}}],"inLanguage":"en-US"}]}},"_links":{"self":[{"href":"https:\/\/everydaychemshop.com\/pl\/wp-json\/wp\/v2\/product\/8060","targetHints":{"allow":["GET"]}}],"collection":[{"href":"https:\/\/everydaychemshop.com\/pl\/wp-json\/wp\/v2\/product"}],"about":[{"href":"https:\/\/everydaychemshop.com\/pl\/wp-json\/wp\/v2\/types\/product"}],"replies":[{"embeddable":true,"href":"https:\/\/everydaychemshop.com\/pl\/wp-json\/wp\/v2\/comments?post=8060"}],"wp:featuredmedia":[{"embeddable":true,"href":"https:\/\/everydaychemshop.com\/pl\/wp-json\/wp\/v2\/media\/8067"}],"wp:attachment":[{"href":"https:\/\/everydaychemshop.com\/pl\/wp-json\/wp\/v2\/media?parent=8060"}],"wp:term":[{"taxonomy":"product_brand","embeddable":true,"href":"https:\/\/everydaychemshop.com\/pl\/wp-json\/wp\/v2\/product_brand?post=8060"},{"taxonomy":"product_cat","embeddable":true,"href":"https:\/\/everydaychemshop.com\/pl\/wp-json\/wp\/v2\/product_cat?post=8060"},{"taxonomy":"product_tag","embeddable":true,"href":"https:\/\/everydaychemshop.com\/pl\/wp-json\/wp\/v2\/product_tag?post=8060"}],"curies":[{"name":"wp","href":"https:\/\/api.w.org\/{rel}","templated":true}]}}