{"id":8068,"date":"2022-11-18T21:32:32","date_gmt":"2022-11-18T21:32:32","guid":{"rendered":"https:\/\/everydaychemshop.com\/pl\/?post_type=product&#038;p=8068"},"modified":"2023-04-07T18:04:11","modified_gmt":"2023-04-07T18:04:11","slug":"4-etylometatynon-4-emc","status":"publish","type":"product","link":"https:\/\/everydaychemshop.com\/pl\/product\/4-etylometatynon-4-emc\/","title":{"rendered":"4-Etylometokatynon (4-EMC)"},"content":{"rendered":"<h1>Kup 4-etylometaktynon (4-EMC) online<\/h1>\n<p><span data-preserver-spaces=\"true\"><a href=\"https:\/\/everydaychemshop.com\/pl\/product\/4-etylometatynon-4-emc\/\">Kup 4-etylometaktynon (4-EMC) online<\/a>. Kup 4-EMC. 4-EMC ma pe\u0142n\u0105 nazw\u0119 IUPAC 1-(4-etylofenylo)-2-(metyloamino)propan-1-onu, monochlorowodorek, kt\u00f3ry nale\u017cy do klasy chemikali\u00f3w badawczych zwanych <a href=\"https:\/\/en.wikipedia.org\/wiki\/4-Ethylmethcathinone\">stymulantami<\/a> o\u015brodkowego uk\u0142adu nerwowego.<\/span><\/p>\n<p><span data-preserver=\"\">4-Ethylmethcathinone (4-EMC)<\/span><span data-preserver-spaces=\"true\">\u00a0to rekreacyjny dopalacz z klasy stymulant\u00f3w i entaktogen\u00f3w. Jest izomerem strukturalnym 4-MEC. <b>4-Ethylmethcathinone<\/b>\u00a0(<b>4-EMC<\/b>) to rekreacyjny\u00a0dopalacz\u00a0o tytule\u00a0stymulant\u00a0i\u00a0entactogen.<sup id=\"cite_ref-pmid25624004_1-0\" class=\"reference\"><\/sup> Jest izomerem strukturalnym\u00a04-MEC\u00a0i 3,4-DMMC. <sup id=\"cite_ref-pmid28456284_2-0\" class=\"reference\"><\/sup>\u00a0Zosta\u0142a zidentyfikowana w wielu krajach na ca\u0142ym \u015bwiecie, pocz\u0105tkowo w Europie, ale po raz pierwszy zosta\u0142a znaleziona w Australii w 2020 r.<\/span><\/p>\n<p>4-EMC kup online, Kup 4-EMC Powder USA, Kup 4-EMC Crystal Australia, 4-EMC Powder kup online, Kup 4-EMC Crystal Europe, Kup 4-FA Crystal Canada, gdzie kupi\u0107 4 -EM Sole C, Kup 4-EMC Powder na sprzeda\u017c, 4-EMC Crystal online, Kup 4-EMC Crystal online, 4-EMC Powder na sprzeda\u017c, 4-EMC Crystal na sprzeda\u017c USA online, 4-EM Ccrystal na sprzeda\u017c, jest 4- EMC Crystal legal, chlorowodorek 4-EMC, substancja chemiczna 4-EMC na sprzeda\u017c, 4-EMC do bada\u0144, Kup chemikalia badawcze 4-EMC w sprzeda\u017cy hurtowej<\/p>\n<div class=\"mb-5 row\">\n<div class=\"w-100 col\">\n<div class=\"row\">\n<div class=\"col\">\n<div class=\"row\" data-attribute=\"synonimy\">\n<div class=\"text-lg-right vertical -rule product-info-left float-left pl-3 pr-2 pb-3 col-6 col-md-5 col-lg-4 col-xl-3\">Synonimy<\/div>\n<div class=\"float -right pl-3 text-xsm product-info-right col-6 col-md-7 col-lg-8 col-xl-9\">\n<ul class=\" p-0 mb-3 list-unstyled\">\n<li class=\"undefined text-lato-bold\"><span class=\"\">4-EMC<\/span><\/li>\n<\/ul>\n<\/div>\n<\/div>\n<\/div>\n<\/div>\n<\/div>\n<\/div>\n<div class=\"mb-5 row\">\n<div class=\"w-100 col\">\n<h5>Informacje techniczne<\/h5>\n<div class=\"row\">\n<div class=\"col\">\n<div class=\"row\" data-attribute=\"formalName\">\n<div class=\"text -lg-right-regu\u0142a-pionowa-informacje o produkcie-left float-left pl-3 pr-2 pb-3 col-6 col-md-5 col-lg-4 col-xl-3\">Nazwa formalna<\/div>\n<div class=\"float-right pl-3 text-xsm product-info-right col-6 col-md-7 col-lg-8 col-xl-9\">1-(4-etylofenylo)-2-( monochlorowodorek metyloamino)propan-1-onu<\/div>\n<\/div>\n<div class=\"row\" data-attribute=\"casNumber\">\n<div class=\"text-lg-right-regu\u0142a-pionowa-informacje-o-produktach-lewa float-left pl-3 pr-2 pb-3 col-6 col-md-5 col-lg-4 col-xl-3\">Numer CAS<\/div>\n<div class=\"float-right pl-3 text -xsm product-info-right col-6 col-md-7 col-lg-8 col-xl-9\">1391053-87-4<\/div>\n<\/div>\n<div class=\"row\">\n<div class=\"text-lg-right-regu\u0142a-pionowa-informacje-o produkcie-left float-left pl-3 pr-2 pb-3 col-6 col-md-5 col-lg-4 col- xl-3\">Wz\u00f3r cz\u0105steczkowy<\/div>\n<div class=\"float-right pl-3 text-xsm product-info-right col-6 col-md-7 col-lg-8 col-xl-9\">C<sub><small>12<\/small><\/sub>H<sub><small>17<\/small><\/sub>NIE \u2022 HCl<\/div>\n<\/div>\n<div class=\"row\" data-attribute=\"Waga formu\u0142y\">\n<div class=\"text-lg-right-regu\u0142a-pionowa-informacje-o produkcie-left float-left pl-3 pr-2 pb-3 col-6 col-md-5 col-lg-4 col-xl-3\">Formu\u0142a wagowa<\/div>\n<div class=\"float-right pl-3 text-xsm product-info-right col-6 col-md-7 col-lg-8 col-xl-9\">227,7<\/div>\n<\/div>\n<div class=\"row\" data-attribute=\"purity\">\n<div class=\"text-lg-right vertical-rule product-info-left float-left pl-3 pr-2 pb-3 col-6 col-md-5 col-lg-4 col-xl-3\">Czysto\u015b\u0107<\/div>\n<div class=\"float-right pl-3 text-xsm product-info-right col-6 col-md-7 col-lg-8 col-xl-9\">\u226597%<\/div>\n<\/div>\n<div class=\"row\" data-attribute=\"formulation\">\n<div class=\"text-lg-right-regu\u0142a-pionowa-informacje o produkcie-left float-left pl-3 pr-2 pb-3 col- 6 col-md-5 col-lg-4 col-xl-3\">Receptura<\/div>\n<div class=\"float-right pl-3 text-xsm product-info-right col-6 col-md-7 col-lg-8 col-xl-9\">Krystaliczne cia\u0142o sta\u0142e<\/div>\n<\/div>\n<div class=\"row\" data-attribute=\"solubility\">\n<div class=\"text-lg-right vertical- regu\u0142a product-info-left float-left pl-3 pr-2 pb-3 col-6 col-md-5 col-lg-4 col-xl-3\">Rozpuszczalno\u015b\u0107<small>(Dowiedz si\u0119 wi\u0119cej o wariancji rozpuszczalno\u015bci )<\/small><\/div>\n<div class=\"float-right pl-3 text-xsm product-info-right col-6 col-md-7 co l-lg-8 col-xl-9\">\n<ul class=\" p-0 mb-3 list-unstyled\">\n<li class=\"undefined text-lato-bold\"><span class=\"\">DMF: 1 mg\/ml<\/span><\/li>\n<li class=\"undefined text-lato-bold\"><span class=\"\">DMSO: 2,5 mg\/ml<\/span><\/li>\n<li class=\"undefined text-lato-bold\"><span class=\"\">Etanol: 5 mg\/ml<\/span><\/li>\n<li class=\"undefined text-lato-bold\"><span class=\"\"> PBS (pH 7,2): 10 mg\/ml<\/span><\/li>\n<\/ul>\n<p>4-EMC Crystal kup Kanada, 4-EMC Crystal kup Wielka Brytania, 4-EMC Crystal kup USA, 4-EMC Crystal cena online, jako\u015b\u0107 4-EMC Crystal na sprzeda\u017c,<\/p>\n<\/div>\n<\/div>\n<div class=\"row\" data-attribute=\"lambdaMax\">\n<div class=\"text-lg-right vertical- regu\u0142a product-info-left float-left pl-3 pr-2 pb-3 col-6 col-md-5 col-lg-4 col-xl-3\">\u03bb<sub>max<\/sub>&gt;<\/div>\n<div class=\"float-right pl-3 text-xsm product-info-right col-6 col-md-7 col-lg-8 col-xl-9\">260 nm<\/div>\n<\/div>\n<div class=\"row\" data-attribute=\"smiles\">\n<div class=\"text-lg-right-regu\u0142a-pionowa-informacje-o-produktach-left float-left pl-3 pr-2 pb-3 col-6 col- md-5 col-lg-4 col-xl-3\">U\u015aMIECHY<\/div>\n<div class=\"float-right pl-3 text-xsm product-info-right col-6 col-md-7 col-lg-8 col-xl-9\">CCC1=CC=C(C (C(NC)C)=O)C=C1<\/div>\n<\/div>\n<div class=\"row\" data-attribute=\"inchi\">\n<div class=\"text-lg-right-regu\u0142a pionowa iloczyn -info-left float-left pl-3 pr-2 pb-3 col-6 col-md-5 col-lg-4 col-xl-3\">Kod InChi<\/div>\n<div class=\"float-right pl-3 text-xsm product-info-right col-6 col-md-7 col-lg-8 col-xl-9\">InChI=1S\/C12H17NO.ClH\/c1-4-10-5-7-11 (8-6-10)12(14)9(2)13-3;\/h5-9,13H,4H2,1-3H3;1H<\/div>\n<\/div>\n<div class=\"wiersz\">\n<div class=\"text-lg-right-regu\u0142a-pionowa-informacje-o-produktach-left float-left pl-3 pr-2 pb-3 col-6 col-md-5 col-lg-4 col -xl-3\">Klucz InChi<\/div>\n<div class=\"float-right pl-3 text-xsm product-info-right col-6 col-md-7 col-lg-8 col-xl-9\">GGAVBQDFUOWSJS-UHFFFAOYSA-N<\/div>\n<\/div>\n<div class=\"row\" data-attribute=\"deaSchedule\">\n<div class=\"text-lg-right-regu\u0142a-pionowa-informacje-o-produktach-lewa-zmiennoprzecinkowa-lewa pl-3 pr-2 pb-3 col-6 col-md-5 col-lg-4 col-xl-3\">Harmonogram DEA<\/div>\n<div>I<\/div>\n<\/div>\n<\/div>\n<\/div>\n<\/div>\n<\/div>\n<div class=\"row\">\n<div class=\"col\">\n<h5>Wysy\u0142ka &amp; Informacje o pami\u0119ci masowej<\/h5>\n<div class=\"row\">\n<div class=\"col\">\n<div class=\"row\" data-attribute=\"storageTemp\">\n<div class=\"text-lg-right vertical-rule product-info-left float-left pl-3 pr-2 pb-3 col-6 col-md-5 col-lg-4 col-xl-3\">Przechowywanie<\/div>\n<div class=\"float-right pl-3 text-xsm product-info-right col-6 col-md-7 col-lg-8 col-xl-9\">-20\u00b0C<\/div>\n<\/div>\n<div class=\"row\">\n<div class=\"text-lg-right-regu\u0142a-pionowa-informacje-lewe-zmiennoprzecinkowe-lewe pl-3 pr-2 pb-3 col-6 col-md-5 col-lg- 4 col-xl-3\">Wysy\u0142ka<\/div>\n<div>Temperatura pokojowa\u00a0w kontynentalnej cz\u0119\u015bci Stan\u00f3w Zjednoczonych; mo\u017ce si\u0119 r\u00f3\u017cni\u0107 w innych miejscach<\/div>\n<\/div>\n<div class=\"row\" data-attribute=\"stabilityDisplay\">\n<div class=\"text-lg-right vertical-rule product-info-left float-left pl-3 pr-2 pb-3 col-6 col-md-5 col-lg-4 col-xl-3\">Stabilno\u015b\u0107<\/div>\n<div class=\"float-right pl-3 text-xsm product-info-right col-6 col-md-7 col-lg-8 col-xl-9\">\u2265 2 lata<\/div>\n<\/div>\n<\/div>\n<\/div>\n<\/div>\n<\/div>\n<p><span data-preserver-spaces=\"true\">Badana substancja chemiczna o nazwie 4-EMC nale\u017cy do klas zwi\u0105zk\u00f3w chemicznych fenetyloaminy\u00a0i amfetaminy i ma wz\u00f3r cz\u0105steczkowy C12H17NO. Masa formu\u0142y ma warto\u015b\u0107 191,270 g\/mc. Kup 4-EMC Online<\/span><\/p>\n<p><span data-preserver-spaces=\"true\">W zwi\u0105zku z du\u017cym zainteresowaniem rynku wprowadzamy nowy produkt katynonowy, kt\u00f3ry mo\u017ce by\u0107 stosowany do zaawansowanych studia naukowe. 4-EMC na sprzeda\u017c online. 4-metylometokatynon jest form\u0105 izomeryczn\u0105, kt\u00f3ra z kolei jest blisko spokrewniona z obecnie ograniczonym mefedronem, przy czym wszystkie wymienione substancje chemiczne wykazuj\u0105 w\u0142a\u015bciwo\u015bci pobudzaj\u0105ce i entaktogenne. 4-EMC na sprzeda\u017c online, Kup 4-EMC Wielka Brytania, 4-EMC kup online,<\/span><\/p>\n<p><span data-preserver-spaces=\"true\">Jak to typowe\u00a0klasa chemiczna, 4-EMC\u00a0uwa\u017ca si\u0119, \u017ce blokuje wychwyt zwrotny kluczowych neuroprzeka\u017anik\u00f3w w szczelinie synaptycznej, z dopamin\u0105 i serotonin\u0105 jako ich prawdopodobnymi g\u0142\u00f3wnymi celami. Kup 4-EMC na sprzeda\u017c, 4-EMC online, Kup 4-EMC online,<\/span><\/p>\n<p><span data-preserver-spaces=\"true\">Substancja wygl\u0105da jak krystaliczny proszek w normalnych warunkach warunki. Mo\u017ce z \u0142atwo\u015bci\u0105 przygotowa\u0107 go do test\u00f3w bez ryzyka dodania zanieczyszcze\u0144. 4-EMC mo\u017cna rozpu\u015bci\u0107 w wodzie i przechowywa\u0107 w suchym i hermetycznym miejscu.<\/span><\/p>\n<p><span data-preserver-spaces=\"true\">Poniewa\u017c substancja nie zosta\u0142a dok\u0142adnie przetestowana w przesz\u0142o\u015b\u0107 i wi\u0119kszo\u015b\u0107 tego, co o nim wiadomo, pochodzi z analogii z pokrewnymi chemikaliami, badacze maj\u0105 szans\u0119 odwzorowa\u0107 jego profil od podstaw. Wszystkie projekty eksperyment\u00f3w powinny odzwierciedla\u0107 nowy status substancji chemicznej i pozostawia\u0107 du\u017cy margines b\u0142\u0119du. 4-EMC na sprzeda\u017c USA online, Kup 4-FA online, Kup 4-EMC Online<\/span><\/p>\n<p>Kup 4EMC Crystal online, Kup 4-EMC USA, Kup 4EMC Australia, 4-EMC kup online , Kup 4-EMC Crystal Europe, Kup 4-EMC Kanada, Gdzie kupi\u0107 4-EMC, 4-EMC kupi\u0107 Kanada, 4-EMC kupi\u0107 Wielka Brytania, 4-EMC kupi\u0107 USA, 4-EMC Crystal online, jako\u015b\u0107 4-EMC za sprzeda\u017c, Proszek 4EMC na sprzeda\u017c online, Kup 4-EMC Crystal Uk,<\/p>\n<p>4-cprc,<br \/>\nnormefedron,<br \/>\netyloamfetamina,<br \/>\n3,4-dmmc,<br \/>\n4-mec,<br \/>\nbenzedrone,<br \/>\n4-mpd,<br \/>\n4-mpd psychonautwiki,<\/p>\n<p>&nbsp;<\/p>\n<p><strong><span data-preserver-spaces=\"true\">Farmakologia<\/span><\/strong><\/p>\n<p><span data-preserver-spaces=\"true\">4EMC ma z\u0142o\u017con\u0105 farmakologi\u0119, ale u podstaw le\u017cy syntetyczny \u015brodek pobudzaj\u0105cy i empatogenny w taki sam spos\u00f3b jak metakatynon.<\/span><\/p>\n<p><strong><span data-preserver-spaces=\"true\">Podobne zwi\u0105zki:<\/span><\/strong><\/p>\n<ul>\n<li><span data-preserver-spaces=\"true\">4-MEC<\/span><\/li>\n<li><span data-preserver-spaces=\"true\">Mefedron&lt;\/span <\/span><\/li>\n<li>Methcathinone<\/li>\n<li><span data-preserver-spaces=\"true\">Benzedron<\/span><\/li>\n<li>4-Metylopentedron<\/li>\n<li><span data-preserver-spaces=\"true\">4-Metylobufedron<\/span><\/li>\n<\/ul>\n<p><strong><span data-preserver-spaces=\"true\">Legalno\u015b\u0107:<\/span><\/strong><\/p>\n<p><span data-preserver-spaces=\"true\">4-EMC jest nie zosta\u0142a wyra\u017anie wymieniona jako substancja kontrolowana w \u017cadnym znanym kraju. Mimo to jest to g\u0142\u00f3wnie substancja kontrolowana w ameryka\u0144skim stanie Vermont. Poniewa\u017c mo\u017ce by\u0107 prawnie analogiem 4-MEC lub zwi\u0105zk\u00f3w pokrewnych, mo\u017ce podlega\u0107 przepisom dotycz\u0105cym analog\u00f3w wielu kraj\u00f3w, takich jak Stany Zjednoczone czy Wielka Brytania.<\/span><\/p>\n","protected":false},"excerpt":{"rendered":"<p>Kup proszek 4-EMC przez Internet. Ta substancja chemiczna nale\u017cy do klasy stymulant\u00f3w i entaktogen\u00f3w. Jest izomerem strukturalnym 4-MEC.<\/p>\n<p>Kup 4-EMC (4-etylomethcathinone) jest dost\u0119pny w sprzeda\u017cy online w Europie, UE, Wielkiej Brytanii i USA na Fairpricemedical.com.<\/p>\n<p>Masz to tutaj w najlepszych cenach i jako\u015bci. Jeste\u015bmy tutaj, aby zapewni\u0107 Ci najlepsze wra\u017cenia.<\/p>\n","protected":false},"featured_media":8075,"comment_status":"open","ping_status":"closed","template":"","meta":{"inline_featured_image":false},"product_brand":[],"product_cat":[264],"product_tag":[],"class_list":{"0":"post-8068","1":"product","2":"type-product","3":"status-publish","4":"has-post-thumbnail","6":"product_cat-chemia-badawcza","8":"first","9":"instock","10":"shipping-taxable","11":"purchasable","12":"product-type-variable","13":"has-default-attributes"},"yoast_head":"<!-- This site is optimized with the Yoast SEO Premium plugin v19.2 (Yoast SEO v27.3) - https:\/\/yoast.com\/product\/yoast-seo-premium-wordpress\/ -->\n<title>Kup 4-etylometaktynon (4-EMC) online - Everyday Chem Shop<\/title>\n<meta name=\"description\" content=\"Kup 4-etylometaktynon (4-EMC) online. Sprzedajemy najwy\u017cszej jako\u015bci 4-etylometaktynon (4-EMC). Prosimy o kontakt, aby uzyska\u0107 wi\u0119cej informacji.\" \/>\n<meta name=\"robots\" content=\"index, follow, max-snippet:-1, max-image-preview:large, max-video-preview:-1\" \/>\n<link rel=\"canonical\" href=\"https:\/\/everydaychemshop.com\/pl\/product\/4-etylometatynon-4-emc\/\" \/>\n<meta property=\"og:locale\" content=\"en_US\" \/>\n<meta property=\"og:type\" content=\"article\" \/>\n<meta property=\"og:title\" content=\"4-Etylometokatynon (4-EMC)\" \/>\n<meta property=\"og:description\" content=\"Kup 4-etylometaktynon (4-EMC) online. Sprzedajemy najwy\u017cszej jako\u015bci 4-etylometaktynon (4-EMC). Prosimy o kontakt, aby uzyska\u0107 wi\u0119cej informacji.\" \/>\n<meta property=\"og:url\" content=\"https:\/\/everydaychemshop.com\/pl\/product\/4-etylometatynon-4-emc\/\" \/>\n<meta property=\"og:site_name\" content=\"Everyday Chem Shop\" \/>\n<meta property=\"article:modified_time\" content=\"2023-04-07T18:04:11+00:00\" \/>\n<meta property=\"og:image\" content=\"https:\/\/everydaychemshop.com\/pl\/wp-content\/uploads\/sites\/8\/2022\/11\/Buy-4-EMC.jpg\" \/>\n\t<meta property=\"og:image:width\" content=\"230\" \/>\n\t<meta property=\"og:image:height\" content=\"230\" \/>\n\t<meta property=\"og:image:type\" content=\"image\/jpeg\" \/>\n<meta name=\"twitter:card\" content=\"summary_large_image\" \/>\n<meta name=\"twitter:label1\" content=\"Est. reading time\" \/>\n\t<meta name=\"twitter:data1\" content=\"3 minutes\" \/>\n<script type=\"application\/ld+json\" class=\"yoast-schema-graph\">{\"@context\":\"https:\\\/\\\/schema.org\",\"@graph\":[{\"@type\":\"WebPage\",\"@id\":\"https:\\\/\\\/everydaychemshop.com\\\/pl\\\/product\\\/4-etylometatynon-4-emc\\\/\",\"url\":\"https:\\\/\\\/everydaychemshop.com\\\/pl\\\/product\\\/4-etylometatynon-4-emc\\\/\",\"name\":\"Kup 4-etylometaktynon (4-EMC) online - Everyday Chem Shop\",\"isPartOf\":{\"@id\":\"https:\\\/\\\/everydaychemshop.com\\\/pl\\\/#website\"},\"primaryImageOfPage\":{\"@id\":\"https:\\\/\\\/everydaychemshop.com\\\/pl\\\/product\\\/4-etylometatynon-4-emc\\\/#primaryimage\"},\"image\":{\"@id\":\"https:\\\/\\\/everydaychemshop.com\\\/pl\\\/product\\\/4-etylometatynon-4-emc\\\/#primaryimage\"},\"thumbnailUrl\":\"https:\\\/\\\/everydaychemshop.com\\\/pl\\\/wp-content\\\/uploads\\\/sites\\\/8\\\/2022\\\/11\\\/Buy-4-EMC.jpg\",\"datePublished\":\"2022-11-18T21:32:32+00:00\",\"dateModified\":\"2023-04-07T18:04:11+00:00\",\"description\":\"Kup 4-etylometaktynon (4-EMC) online. Sprzedajemy najwy\u017cszej jako\u015bci 4-etylometaktynon (4-EMC). Prosimy o kontakt, aby uzyska\u0107 wi\u0119cej informacji.\",\"breadcrumb\":{\"@id\":\"https:\\\/\\\/everydaychemshop.com\\\/pl\\\/product\\\/4-etylometatynon-4-emc\\\/#breadcrumb\"},\"inLanguage\":\"en-US\",\"potentialAction\":[{\"@type\":\"ReadAction\",\"target\":[\"https:\\\/\\\/everydaychemshop.com\\\/pl\\\/product\\\/4-etylometatynon-4-emc\\\/\"]}]},{\"@type\":\"ImageObject\",\"inLanguage\":\"en-US\",\"@id\":\"https:\\\/\\\/everydaychemshop.com\\\/pl\\\/product\\\/4-etylometatynon-4-emc\\\/#primaryimage\",\"url\":\"https:\\\/\\\/everydaychemshop.com\\\/pl\\\/wp-content\\\/uploads\\\/sites\\\/8\\\/2022\\\/11\\\/Buy-4-EMC.jpg\",\"contentUrl\":\"https:\\\/\\\/everydaychemshop.com\\\/pl\\\/wp-content\\\/uploads\\\/sites\\\/8\\\/2022\\\/11\\\/Buy-4-EMC.jpg\",\"width\":230,\"height\":230,\"caption\":\"Kup 4-etylometaktynon (4-EMC) online\"},{\"@type\":\"BreadcrumbList\",\"@id\":\"https:\\\/\\\/everydaychemshop.com\\\/pl\\\/product\\\/4-etylometatynon-4-emc\\\/#breadcrumb\",\"itemListElement\":[{\"@type\":\"ListItem\",\"position\":1,\"name\":\"Home\",\"item\":\"https:\\\/\\\/everydaychemshop.com\\\/pl\\\/\"},{\"@type\":\"ListItem\",\"position\":2,\"name\":\"Produkty\",\"item\":\"https:\\\/\\\/everydaychemshop.com\\\/pl\\\/produkty\\\/\"},{\"@type\":\"ListItem\",\"position\":3,\"name\":\"4-Etylometokatynon (4-EMC)\"}]},{\"@type\":\"WebSite\",\"@id\":\"https:\\\/\\\/everydaychemshop.com\\\/pl\\\/#website\",\"url\":\"https:\\\/\\\/everydaychemshop.com\\\/pl\\\/\",\"name\":\"Everyday Chem Shop\",\"description\":\"\",\"potentialAction\":[{\"@type\":\"SearchAction\",\"target\":{\"@type\":\"EntryPoint\",\"urlTemplate\":\"https:\\\/\\\/everydaychemshop.com\\\/pl\\\/?s={search_term_string}\"},\"query-input\":{\"@type\":\"PropertyValueSpecification\",\"valueRequired\":true,\"valueName\":\"search_term_string\"}}],\"inLanguage\":\"en-US\"}]}<\/script>\n<!-- \/ Yoast SEO Premium plugin. -->","yoast_head_json":{"title":"Kup 4-etylometaktynon (4-EMC) online - Everyday Chem Shop","description":"Kup 4-etylometaktynon (4-EMC) online. Sprzedajemy najwy\u017cszej jako\u015bci 4-etylometaktynon (4-EMC). Prosimy o kontakt, aby uzyska\u0107 wi\u0119cej informacji.","robots":{"index":"index","follow":"follow","max-snippet":"max-snippet:-1","max-image-preview":"max-image-preview:large","max-video-preview":"max-video-preview:-1"},"canonical":"https:\/\/everydaychemshop.com\/pl\/product\/4-etylometatynon-4-emc\/","og_locale":"en_US","og_type":"article","og_title":"4-Etylometokatynon (4-EMC)","og_description":"Kup 4-etylometaktynon (4-EMC) online. Sprzedajemy najwy\u017cszej jako\u015bci 4-etylometaktynon (4-EMC). Prosimy o kontakt, aby uzyska\u0107 wi\u0119cej informacji.","og_url":"https:\/\/everydaychemshop.com\/pl\/product\/4-etylometatynon-4-emc\/","og_site_name":"Everyday Chem Shop","article_modified_time":"2023-04-07T18:04:11+00:00","og_image":[{"width":230,"height":230,"url":"https:\/\/everydaychemshop.com\/pl\/wp-content\/uploads\/sites\/8\/2022\/11\/Buy-4-EMC.jpg","type":"image\/jpeg"}],"twitter_card":"summary_large_image","twitter_misc":{"Est. reading time":"3 minutes"},"schema":{"@context":"https:\/\/schema.org","@graph":[{"@type":"WebPage","@id":"https:\/\/everydaychemshop.com\/pl\/product\/4-etylometatynon-4-emc\/","url":"https:\/\/everydaychemshop.com\/pl\/product\/4-etylometatynon-4-emc\/","name":"Kup 4-etylometaktynon (4-EMC) online - Everyday Chem Shop","isPartOf":{"@id":"https:\/\/everydaychemshop.com\/pl\/#website"},"primaryImageOfPage":{"@id":"https:\/\/everydaychemshop.com\/pl\/product\/4-etylometatynon-4-emc\/#primaryimage"},"image":{"@id":"https:\/\/everydaychemshop.com\/pl\/product\/4-etylometatynon-4-emc\/#primaryimage"},"thumbnailUrl":"https:\/\/everydaychemshop.com\/pl\/wp-content\/uploads\/sites\/8\/2022\/11\/Buy-4-EMC.jpg","datePublished":"2022-11-18T21:32:32+00:00","dateModified":"2023-04-07T18:04:11+00:00","description":"Kup 4-etylometaktynon (4-EMC) online. Sprzedajemy najwy\u017cszej jako\u015bci 4-etylometaktynon (4-EMC). Prosimy o kontakt, aby uzyska\u0107 wi\u0119cej informacji.","breadcrumb":{"@id":"https:\/\/everydaychemshop.com\/pl\/product\/4-etylometatynon-4-emc\/#breadcrumb"},"inLanguage":"en-US","potentialAction":[{"@type":"ReadAction","target":["https:\/\/everydaychemshop.com\/pl\/product\/4-etylometatynon-4-emc\/"]}]},{"@type":"ImageObject","inLanguage":"en-US","@id":"https:\/\/everydaychemshop.com\/pl\/product\/4-etylometatynon-4-emc\/#primaryimage","url":"https:\/\/everydaychemshop.com\/pl\/wp-content\/uploads\/sites\/8\/2022\/11\/Buy-4-EMC.jpg","contentUrl":"https:\/\/everydaychemshop.com\/pl\/wp-content\/uploads\/sites\/8\/2022\/11\/Buy-4-EMC.jpg","width":230,"height":230,"caption":"Kup 4-etylometaktynon (4-EMC) online"},{"@type":"BreadcrumbList","@id":"https:\/\/everydaychemshop.com\/pl\/product\/4-etylometatynon-4-emc\/#breadcrumb","itemListElement":[{"@type":"ListItem","position":1,"name":"Home","item":"https:\/\/everydaychemshop.com\/pl\/"},{"@type":"ListItem","position":2,"name":"Produkty","item":"https:\/\/everydaychemshop.com\/pl\/produkty\/"},{"@type":"ListItem","position":3,"name":"4-Etylometokatynon (4-EMC)"}]},{"@type":"WebSite","@id":"https:\/\/everydaychemshop.com\/pl\/#website","url":"https:\/\/everydaychemshop.com\/pl\/","name":"Everyday Chem Shop","description":"","potentialAction":[{"@type":"SearchAction","target":{"@type":"EntryPoint","urlTemplate":"https:\/\/everydaychemshop.com\/pl\/?s={search_term_string}"},"query-input":{"@type":"PropertyValueSpecification","valueRequired":true,"valueName":"search_term_string"}}],"inLanguage":"en-US"}]}},"_links":{"self":[{"href":"https:\/\/everydaychemshop.com\/pl\/wp-json\/wp\/v2\/product\/8068","targetHints":{"allow":["GET"]}}],"collection":[{"href":"https:\/\/everydaychemshop.com\/pl\/wp-json\/wp\/v2\/product"}],"about":[{"href":"https:\/\/everydaychemshop.com\/pl\/wp-json\/wp\/v2\/types\/product"}],"replies":[{"embeddable":true,"href":"https:\/\/everydaychemshop.com\/pl\/wp-json\/wp\/v2\/comments?post=8068"}],"wp:featuredmedia":[{"embeddable":true,"href":"https:\/\/everydaychemshop.com\/pl\/wp-json\/wp\/v2\/media\/8075"}],"wp:attachment":[{"href":"https:\/\/everydaychemshop.com\/pl\/wp-json\/wp\/v2\/media?parent=8068"}],"wp:term":[{"taxonomy":"product_brand","embeddable":true,"href":"https:\/\/everydaychemshop.com\/pl\/wp-json\/wp\/v2\/product_brand?post=8068"},{"taxonomy":"product_cat","embeddable":true,"href":"https:\/\/everydaychemshop.com\/pl\/wp-json\/wp\/v2\/product_cat?post=8068"},{"taxonomy":"product_tag","embeddable":true,"href":"https:\/\/everydaychemshop.com\/pl\/wp-json\/wp\/v2\/product_tag?post=8068"}],"curies":[{"name":"wp","href":"https:\/\/api.w.org\/{rel}","templated":true}]}}