{"id":8076,"date":"2022-11-18T21:37:59","date_gmt":"2022-11-18T21:37:59","guid":{"rendered":"https:\/\/everydaychemshop.com\/pl\/?post_type=product&#038;p=8076"},"modified":"2023-04-07T18:02:52","modified_gmt":"2023-04-07T18:02:52","slug":"proszek-4-fa-4-fluoroamfetaminy","status":"publish","type":"product","link":"https:\/\/everydaychemshop.com\/pl\/product\/proszek-4-fa-4-fluoroamfetaminy\/","title":{"rendered":"Proszek 4-FA (4-fluoroamfetaminy)."},"content":{"rendered":"<h1>Kup proszek 4-FA online<\/h1>\n<p><a href=\"https:\/\/everydaychemshop.com\/pl\/product\/proszek-4-fa-4-fluoroamfetaminy\/\">Kup proszek 4-FA online<\/a>. 4-FA (4-fluoramfetamina) to lek podobny do amfetaminy, kt\u00f3ry w\u0142a\u015bnie pojawi\u0142 si\u0119 na rynku holenderskim w stosunkowo kr\u00f3tkim czasie. W okresie od 2007 do 2009 roku by\u0142 sprzedawany g\u0142\u00f3wnie jako speed lub MDMA. Kup 4-FA w proszku przez Internet. Wynika\u0142o to z faktu, \u017ce w tamtym czasie brakowa\u0142o surowych materia\u0142\u00f3w dla tych specjalist\u00f3w, wi\u0119c 4-FA zosta\u0142 wykorzystany jako specjalista od ci\u0119cia. W ka\u017cdym razie <a href=\"https:\/\/en.wikipedia.org\/wiki\/4-Fluoroamphetamine\">od<\/a> 2010 r. 4-FA jest stopniowo sprzedawany przez sprzedawc\u00f3w jako 4-FA, co r\u00f3wnie\u017c oznacza, \u017ce kupuj\u0105cy uwa\u017caj\u0105 go za \u201elekarstwo na decyzj\u0119\u201d. 4-FA Proszek na sprzeda\u017c \u2013 Sprzeda\u017c hurtowa Proszk\u00f3w badawczych \u2013 Kup 4-Fluoroamfetamin\u0119 online<\/p>\n<p>Efekty\u00a04-Fluoroamfetamina<\/p>\n<p>Subiektywne\u00a0efekty 4-fluoroamfetaminy\u00a0obejmuj\u0105\u00a0eufori\u0119, kt\u00f3r\u0105 niekt\u00f3rzy uwa\u017caj\u0105 za podobn\u0105 do dzia\u0142ania\u00a0MDMA\u00a0i amfetaminy,\u00a0wzrost energii (pobudzenie), podwy\u017cszenie nastroju, uczucie ciep\u0142a i empatii, nadmierne m\u00f3wienie,\u00a0bruksizm i t\u0142umiony apetyt (anoreksja). Og\u00f3lny przebieg efekt\u00f3w obejmuje przede wszystkim efekty empatogenne przez pierwsze kilka godzin, kt\u00f3re zanikaj\u0105 wraz z rozwojem wzmo\u017conej stymulacji w ci\u0105gu nast\u0119pnych kilku godzin. Wyprzeda\u017c hurtowa Research Chemical Powders<\/p>\n<p>Hamowanie\u00a0wychwytu zwrotnego dopaminy\u00a0wytwarzane przez 4-FA jest silniejsze ni\u017c w przypadku\u00a04-CA\u00a0lub\u00a04-IA. 4-FA powoduje r\u00f3wnie\u017c mniejsz\u0105\u00a0hipertermi\u0119\u00a0ni\u017c podobne zwi\u0105zki, takie jak\u00a0PMA,\u00a03-MTA i\u00a04-metyloamfetamina.<\/p>\n<p>Cz\u0119stymi ostrymi dzia\u0142aniami niepo\u017c\u0105danymi s\u0105 nudno\u015bci, b\u00f3le g\u0142owy, przyspieszenie akcji serca i bezsenno\u015b\u0107.<\/p>\n<p>Powszechnie donosi si\u0119, \u017ce pierwsze trzy do czterech godzin 4-FA wykazuj\u0105 wyra\u017ane\u00a0efekty entaktogenne\u00a0, kt\u00f3re zosta\u0142y zg\u0142oszone jako nieco podobne do MDMA, chocia\u017c nie tak silne. Uwa\u017ca si\u0119, \u017ce koreluje to z czasem, w kt\u00f3rym promuje uwalnianie\u00a0serotoniny\u00a0(opr\u00f3cz\u00a0dopaminy\u00a0i\u00a0norepinefryny). Po tej pierwszej fazie doznania efekt przesuwa si\u0119 w kierunku czego\u015b, co przypomina klasyczn\u0105 stymulacj\u0119 amfetamin\u0105, kt\u00f3ra mo\u017ce utrzymywa\u0107 si\u0119 przez d\u0142u\u017cszy czas. Wyprzeda\u017c hurtowa Research Chemical Powders \u2013 Kup 4-Fluoroamfetamin\u0119 online<\/p>\n<p>Nie u\u017cywaj 4-FA, je\u015bli masz problemy z sercem lub odczuwasz silny b\u00f3l g\u0142owy po jego u\u017cyciu. Zostali\u015bmy poinformowani o raporcie wydanym przez Trimbos-instituut i Nationaal Vergiftigingen Informatie Centrum (NVIC), opisuj\u0105cym przypadki udar\u00f3w po zwi\u0119kszonym stosowaniu 4-FA. Opr\u00f3cz typowych dzia\u0142a\u0144 podobnych do amfetaminy (pobudzenie, niepok\u00f3j, tachykardia, nadci\u015bnienie, b\u00f3l w klatce piersiowej i in.), zg\u0142aszano powa\u017cne powik\u0142ania sercowo-naczyniowe i m\u00f3zgowo-naczyniowe, w tym rytm (arytmia zatokowa, dodatkowe skurcze komorowe (bigeminia), zaburzenia przewodzenia) i ostra niewydolno\u015b\u0107 serca. Chocia\u017c zwi\u0105zek przyczynowy nie zosta\u0142 potwierdzony, ocena medyczna na oddziale ratunkowym powinna zosta\u0107 natychmiast przeprowadzona w przypadku wyst\u0105pienia silnego b\u00f3lu g\u0142owy i lateralizacji po zastosowaniu 4-FA. Wyprzeda\u017c hurtowa Research Chemical Powders \u2013 Kup 4-Fluoroamfetamin\u0119 online<\/p>\n","protected":false},"excerpt":{"rendered":"<p>Chcesz kupi\u0107 4-FA Powder Online w dobrej i przyst\u0119pnej cenie? Masz to tutaj najlepiej z wysok\u0105 jako\u015bci\u0105 (99% czysto\u015bci). Nasza wysy\u0142ka i dostawa 4-FA Powder Research Chemicals s\u0105 w 100% bezpieczne i dyskretne. Fair Price jest wiod\u0105cym dystrybutorem 4-fluorometamfetaminy i innych powi\u0105zanych produkt\u00f3w na ca\u0142ym \u015bwiecie.<\/p>\n","protected":false},"featured_media":8083,"comment_status":"open","ping_status":"closed","template":"","meta":{"inline_featured_image":false},"product_brand":[],"product_cat":[264],"product_tag":[],"class_list":{"0":"post-8076","1":"product","2":"type-product","3":"status-publish","4":"has-post-thumbnail","6":"product_cat-chemia-badawcza","8":"first","9":"instock","10":"shipping-taxable","11":"purchasable","12":"product-type-variable","13":"has-default-attributes"},"yoast_head":"<!-- This site is optimized with the Yoast SEO Premium plugin v19.2 (Yoast SEO v27.3) - https:\/\/yoast.com\/product\/yoast-seo-premium-wordpress\/ -->\n<title>Kup proszek 4-FA online - Everyday Chem Shop<\/title>\n<meta name=\"description\" content=\"Kup proszek 4-FA online. Sprzedajemy najwy\u017cszej jako\u015bci proszek 4-FA online. Skontaktuj si\u0119, aby uzyska\u0107 wi\u0119cej informacji i ceny, aby z\u0142o\u017cy\u0107 zam\u00f3wienie.\" \/>\n<meta name=\"robots\" content=\"index, follow, max-snippet:-1, max-image-preview:large, max-video-preview:-1\" \/>\n<link rel=\"canonical\" href=\"https:\/\/everydaychemshop.com\/pl\/product\/proszek-4-fa-4-fluoroamfetaminy\/\" \/>\n<meta property=\"og:locale\" content=\"en_US\" \/>\n<meta property=\"og:type\" content=\"article\" \/>\n<meta property=\"og:title\" content=\"Proszek 4-FA (4-fluoroamfetaminy).\" \/>\n<meta property=\"og:description\" content=\"Kup proszek 4-FA online. Sprzedajemy najwy\u017cszej jako\u015bci proszek 4-FA online. Skontaktuj si\u0119, aby uzyska\u0107 wi\u0119cej informacji i ceny, aby z\u0142o\u017cy\u0107 zam\u00f3wienie.\" \/>\n<meta property=\"og:url\" content=\"https:\/\/everydaychemshop.com\/pl\/product\/proszek-4-fa-4-fluoroamfetaminy\/\" \/>\n<meta property=\"og:site_name\" content=\"Everyday Chem Shop\" \/>\n<meta property=\"article:modified_time\" content=\"2023-04-07T18:02:52+00:00\" \/>\n<meta property=\"og:image\" content=\"https:\/\/everydaychemshop.com\/pl\/wp-content\/uploads\/sites\/8\/2022\/11\/Buy-4-FA-Powder.jpeg\" \/>\n\t<meta property=\"og:image:width\" content=\"510\" \/>\n\t<meta property=\"og:image:height\" content=\"365\" \/>\n\t<meta property=\"og:image:type\" content=\"image\/jpeg\" \/>\n<meta name=\"twitter:card\" content=\"summary_large_image\" \/>\n<meta name=\"twitter:label1\" content=\"Est. reading time\" \/>\n\t<meta name=\"twitter:data1\" content=\"2 minutes\" \/>\n<script type=\"application\/ld+json\" class=\"yoast-schema-graph\">{\"@context\":\"https:\\\/\\\/schema.org\",\"@graph\":[{\"@type\":\"WebPage\",\"@id\":\"https:\\\/\\\/everydaychemshop.com\\\/pl\\\/product\\\/proszek-4-fa-4-fluoroamfetaminy\\\/\",\"url\":\"https:\\\/\\\/everydaychemshop.com\\\/pl\\\/product\\\/proszek-4-fa-4-fluoroamfetaminy\\\/\",\"name\":\"Kup proszek 4-FA online - Everyday Chem Shop\",\"isPartOf\":{\"@id\":\"https:\\\/\\\/everydaychemshop.com\\\/pl\\\/#website\"},\"primaryImageOfPage\":{\"@id\":\"https:\\\/\\\/everydaychemshop.com\\\/pl\\\/product\\\/proszek-4-fa-4-fluoroamfetaminy\\\/#primaryimage\"},\"image\":{\"@id\":\"https:\\\/\\\/everydaychemshop.com\\\/pl\\\/product\\\/proszek-4-fa-4-fluoroamfetaminy\\\/#primaryimage\"},\"thumbnailUrl\":\"https:\\\/\\\/everydaychemshop.com\\\/pl\\\/wp-content\\\/uploads\\\/sites\\\/8\\\/2022\\\/11\\\/Buy-4-FA-Powder.jpeg\",\"datePublished\":\"2022-11-18T21:37:59+00:00\",\"dateModified\":\"2023-04-07T18:02:52+00:00\",\"description\":\"Kup proszek 4-FA online. Sprzedajemy najwy\u017cszej jako\u015bci proszek 4-FA online. Skontaktuj si\u0119, aby uzyska\u0107 wi\u0119cej informacji i ceny, aby z\u0142o\u017cy\u0107 zam\u00f3wienie.\",\"breadcrumb\":{\"@id\":\"https:\\\/\\\/everydaychemshop.com\\\/pl\\\/product\\\/proszek-4-fa-4-fluoroamfetaminy\\\/#breadcrumb\"},\"inLanguage\":\"en-US\",\"potentialAction\":[{\"@type\":\"ReadAction\",\"target\":[\"https:\\\/\\\/everydaychemshop.com\\\/pl\\\/product\\\/proszek-4-fa-4-fluoroamfetaminy\\\/\"]}]},{\"@type\":\"ImageObject\",\"inLanguage\":\"en-US\",\"@id\":\"https:\\\/\\\/everydaychemshop.com\\\/pl\\\/product\\\/proszek-4-fa-4-fluoroamfetaminy\\\/#primaryimage\",\"url\":\"https:\\\/\\\/everydaychemshop.com\\\/pl\\\/wp-content\\\/uploads\\\/sites\\\/8\\\/2022\\\/11\\\/Buy-4-FA-Powder.jpeg\",\"contentUrl\":\"https:\\\/\\\/everydaychemshop.com\\\/pl\\\/wp-content\\\/uploads\\\/sites\\\/8\\\/2022\\\/11\\\/Buy-4-FA-Powder.jpeg\",\"width\":510,\"height\":365,\"caption\":\"Kup proszek 4-FA online\"},{\"@type\":\"BreadcrumbList\",\"@id\":\"https:\\\/\\\/everydaychemshop.com\\\/pl\\\/product\\\/proszek-4-fa-4-fluoroamfetaminy\\\/#breadcrumb\",\"itemListElement\":[{\"@type\":\"ListItem\",\"position\":1,\"name\":\"Home\",\"item\":\"https:\\\/\\\/everydaychemshop.com\\\/pl\\\/\"},{\"@type\":\"ListItem\",\"position\":2,\"name\":\"Produkty\",\"item\":\"https:\\\/\\\/everydaychemshop.com\\\/pl\\\/produkty\\\/\"},{\"@type\":\"ListItem\",\"position\":3,\"name\":\"Proszek 4-FA (4-fluoroamfetaminy).\"}]},{\"@type\":\"WebSite\",\"@id\":\"https:\\\/\\\/everydaychemshop.com\\\/pl\\\/#website\",\"url\":\"https:\\\/\\\/everydaychemshop.com\\\/pl\\\/\",\"name\":\"Everyday Chem Shop\",\"description\":\"\",\"potentialAction\":[{\"@type\":\"SearchAction\",\"target\":{\"@type\":\"EntryPoint\",\"urlTemplate\":\"https:\\\/\\\/everydaychemshop.com\\\/pl\\\/?s={search_term_string}\"},\"query-input\":{\"@type\":\"PropertyValueSpecification\",\"valueRequired\":true,\"valueName\":\"search_term_string\"}}],\"inLanguage\":\"en-US\"}]}<\/script>\n<!-- \/ Yoast SEO Premium plugin. -->","yoast_head_json":{"title":"Kup proszek 4-FA online - Everyday Chem Shop","description":"Kup proszek 4-FA online. Sprzedajemy najwy\u017cszej jako\u015bci proszek 4-FA online. Skontaktuj si\u0119, aby uzyska\u0107 wi\u0119cej informacji i ceny, aby z\u0142o\u017cy\u0107 zam\u00f3wienie.","robots":{"index":"index","follow":"follow","max-snippet":"max-snippet:-1","max-image-preview":"max-image-preview:large","max-video-preview":"max-video-preview:-1"},"canonical":"https:\/\/everydaychemshop.com\/pl\/product\/proszek-4-fa-4-fluoroamfetaminy\/","og_locale":"en_US","og_type":"article","og_title":"Proszek 4-FA (4-fluoroamfetaminy).","og_description":"Kup proszek 4-FA online. Sprzedajemy najwy\u017cszej jako\u015bci proszek 4-FA online. Skontaktuj si\u0119, aby uzyska\u0107 wi\u0119cej informacji i ceny, aby z\u0142o\u017cy\u0107 zam\u00f3wienie.","og_url":"https:\/\/everydaychemshop.com\/pl\/product\/proszek-4-fa-4-fluoroamfetaminy\/","og_site_name":"Everyday Chem Shop","article_modified_time":"2023-04-07T18:02:52+00:00","og_image":[{"width":510,"height":365,"url":"https:\/\/everydaychemshop.com\/pl\/wp-content\/uploads\/sites\/8\/2022\/11\/Buy-4-FA-Powder.jpeg","type":"image\/jpeg"}],"twitter_card":"summary_large_image","twitter_misc":{"Est. reading time":"2 minutes"},"schema":{"@context":"https:\/\/schema.org","@graph":[{"@type":"WebPage","@id":"https:\/\/everydaychemshop.com\/pl\/product\/proszek-4-fa-4-fluoroamfetaminy\/","url":"https:\/\/everydaychemshop.com\/pl\/product\/proszek-4-fa-4-fluoroamfetaminy\/","name":"Kup proszek 4-FA online - Everyday Chem Shop","isPartOf":{"@id":"https:\/\/everydaychemshop.com\/pl\/#website"},"primaryImageOfPage":{"@id":"https:\/\/everydaychemshop.com\/pl\/product\/proszek-4-fa-4-fluoroamfetaminy\/#primaryimage"},"image":{"@id":"https:\/\/everydaychemshop.com\/pl\/product\/proszek-4-fa-4-fluoroamfetaminy\/#primaryimage"},"thumbnailUrl":"https:\/\/everydaychemshop.com\/pl\/wp-content\/uploads\/sites\/8\/2022\/11\/Buy-4-FA-Powder.jpeg","datePublished":"2022-11-18T21:37:59+00:00","dateModified":"2023-04-07T18:02:52+00:00","description":"Kup proszek 4-FA online. Sprzedajemy najwy\u017cszej jako\u015bci proszek 4-FA online. Skontaktuj si\u0119, aby uzyska\u0107 wi\u0119cej informacji i ceny, aby z\u0142o\u017cy\u0107 zam\u00f3wienie.","breadcrumb":{"@id":"https:\/\/everydaychemshop.com\/pl\/product\/proszek-4-fa-4-fluoroamfetaminy\/#breadcrumb"},"inLanguage":"en-US","potentialAction":[{"@type":"ReadAction","target":["https:\/\/everydaychemshop.com\/pl\/product\/proszek-4-fa-4-fluoroamfetaminy\/"]}]},{"@type":"ImageObject","inLanguage":"en-US","@id":"https:\/\/everydaychemshop.com\/pl\/product\/proszek-4-fa-4-fluoroamfetaminy\/#primaryimage","url":"https:\/\/everydaychemshop.com\/pl\/wp-content\/uploads\/sites\/8\/2022\/11\/Buy-4-FA-Powder.jpeg","contentUrl":"https:\/\/everydaychemshop.com\/pl\/wp-content\/uploads\/sites\/8\/2022\/11\/Buy-4-FA-Powder.jpeg","width":510,"height":365,"caption":"Kup proszek 4-FA online"},{"@type":"BreadcrumbList","@id":"https:\/\/everydaychemshop.com\/pl\/product\/proszek-4-fa-4-fluoroamfetaminy\/#breadcrumb","itemListElement":[{"@type":"ListItem","position":1,"name":"Home","item":"https:\/\/everydaychemshop.com\/pl\/"},{"@type":"ListItem","position":2,"name":"Produkty","item":"https:\/\/everydaychemshop.com\/pl\/produkty\/"},{"@type":"ListItem","position":3,"name":"Proszek 4-FA (4-fluoroamfetaminy)."}]},{"@type":"WebSite","@id":"https:\/\/everydaychemshop.com\/pl\/#website","url":"https:\/\/everydaychemshop.com\/pl\/","name":"Everyday Chem Shop","description":"","potentialAction":[{"@type":"SearchAction","target":{"@type":"EntryPoint","urlTemplate":"https:\/\/everydaychemshop.com\/pl\/?s={search_term_string}"},"query-input":{"@type":"PropertyValueSpecification","valueRequired":true,"valueName":"search_term_string"}}],"inLanguage":"en-US"}]}},"_links":{"self":[{"href":"https:\/\/everydaychemshop.com\/pl\/wp-json\/wp\/v2\/product\/8076","targetHints":{"allow":["GET"]}}],"collection":[{"href":"https:\/\/everydaychemshop.com\/pl\/wp-json\/wp\/v2\/product"}],"about":[{"href":"https:\/\/everydaychemshop.com\/pl\/wp-json\/wp\/v2\/types\/product"}],"replies":[{"embeddable":true,"href":"https:\/\/everydaychemshop.com\/pl\/wp-json\/wp\/v2\/comments?post=8076"}],"wp:featuredmedia":[{"embeddable":true,"href":"https:\/\/everydaychemshop.com\/pl\/wp-json\/wp\/v2\/media\/8083"}],"wp:attachment":[{"href":"https:\/\/everydaychemshop.com\/pl\/wp-json\/wp\/v2\/media?parent=8076"}],"wp:term":[{"taxonomy":"product_brand","embeddable":true,"href":"https:\/\/everydaychemshop.com\/pl\/wp-json\/wp\/v2\/product_brand?post=8076"},{"taxonomy":"product_cat","embeddable":true,"href":"https:\/\/everydaychemshop.com\/pl\/wp-json\/wp\/v2\/product_cat?post=8076"},{"taxonomy":"product_tag","embeddable":true,"href":"https:\/\/everydaychemshop.com\/pl\/wp-json\/wp\/v2\/product_tag?post=8076"}],"curies":[{"name":"wp","href":"https:\/\/api.w.org\/{rel}","templated":true}]}}