{"id":8084,"date":"2022-11-18T21:42:22","date_gmt":"2022-11-18T21:42:22","guid":{"rendered":"https:\/\/everydaychemshop.com\/pl\/?post_type=product&#038;p=8084"},"modified":"2023-04-07T18:01:48","modified_gmt":"2023-04-07T18:01:48","slug":"5f-mdmb-2201-krysztaly","status":"publish","type":"product","link":"https:\/\/everydaychemshop.com\/pl\/product\/5f-mdmb-2201-krysztaly\/","title":{"rendered":"Kryszta\u0142y 5F-MDMB-2201"},"content":{"rendered":"<h1>Kup 5F-MDMB-2201 Kryszta\u0142y online<\/h1>\n<p><a href=\"https:\/\/everydaychemshop.com\/pl\/product\/5f-mdmb-2201-krysztaly\/\">Kup 5F-MDMB-2201 Kryszta\u0142y online<\/a>. Jest to indazolo-3-karboksyamid, <a href=\"https:\/\/en.wikipedia.org\/wiki\/5F-MDMB-PICA\">kt\u00f3ry<\/a> zaczyna pojawia\u0107 si\u0119 w syntetycznych produktach z konopi indyjskich na ca\u0142ym \u015bwiecie.<\/p>\n<p>Farmakologia:<br \/>\nUwa\u017ca si\u0119, \u017ce 5F-MDMB-2201 jest bardzo silnym agonist\u0105 CB1, ale nie wiadomo, czy ma siln\u0105 selektywno\u015b\u0107 wzgl\u0119dem CB1 i czy w og\u00f3le jest selektywny. Wi\u0119cej test\u00f3w b\u0119dzie wymaganych w tym obszarze.<\/p>\n<p>Podobne zwi\u0105zki:<br \/>\n5F-AB-PINAKA<br \/>\nPX-3<br \/>\nMDMB-FUBINACA<br \/>\nMDMB-CHMICA<br \/>\nAPINAKA<br \/>\nAPICA<br \/>\nADB-PINACA<br \/>\nADBIKA<br \/>\nADB-FUBINACA<br \/>\nADB-CHMINACA<br \/>\nAB-PINAKA<br \/>\nAB-FUBINACA<br \/>\nAB-CHMINACA<br \/>\nAB-CHFUPYCA<br \/>\n5F-APINACA<br \/>\n5F-AMB<\/p>\n<p>Legalno\u015b\u0107:<br \/>\nObecnie nie wiadomo, czy 5F-MDMB-2201 jest uwa\u017cany za substancj\u0119 kontrolowan\u0105 w \u017cadnym kraju lub g\u0142\u00f3wnej jurysdykcji, ale mo\u017cna go uzna\u0107 za odpowiednik 5F-ADB lub zwi\u0105zk\u00f3w pokrewnych. Mo\u017ce to spowodowa\u0107, \u017ce jego sprzeda\u017c lub posiadanie b\u0119dzie nielegalne w niekt\u00f3rych jurysdykcjach, dlatego nale\u017cy zachowa\u0107 ostro\u017cno\u015b\u0107 podczas importowania tej substancji chemicznej.<br \/>\n5F-MDMB-2201 jest sprzedawany wy\u0142\u0105cznie jako substancja chemiczna do bada\u0144 i dlatego nie nadaje si\u0119 do spo\u017cycia przez ludzi ani zwierz\u0119ta. Powinien by\u0107 u\u017cywany wy\u0142\u0105cznie przez przeszkolony personel w laboratoriach lub zak\u0142adach medycyny s\u0105dowej.<\/p>\n","protected":false},"excerpt":{"rendered":"<p>Kup kryszta\u0142y 5f MDMB 2201 online. 5F-MDMB-2201 to syntetyczny kannabinoid z rodziny indazoli, bardzo blisko spokrewniony z lepiej znanym 5F-MDMB-PINACA.<\/p>\n<p><em>Kup<\/em>\u00a0czysty, wysokiej jako\u015bci\u00a0<em>5F<\/em>\u2013<em>MDMB<\/em>\u2013<em>2201<\/em>\u00a0Proszek online za Bitcoin \u2013\u00a0<em>Kup<\/em>\u00a0legalne narkotyki online,\u00a0<em>Kup<\/em>\u00a0badania chemikalia,\u00a0<em>kup<\/em>\u00a0surowe proszki farmaceutyczne. <em>5F<\/em>\u2013<em>MDMB<\/em>\u2013<em>2201<\/em><\/p>\n<p>Zam\u00f3w pr\u00f3bk\u0119 do test\u00f3w lub\u00a0<em>kup 5 f<\/em> \u2013<em>mdmb<\/em>\u2013<em>2201<\/em>\u00a0na sprzeda\u017c i skorzystaj z bezp\u0142atnej dostawy w Wielkiej Brytanii, Stanach Zjednoczonych i Europie.<\/p>\n","protected":false},"featured_media":8091,"comment_status":"open","ping_status":"closed","template":"","meta":{"inline_featured_image":false},"product_brand":[],"product_cat":[264],"product_tag":[],"class_list":{"0":"post-8084","1":"product","2":"type-product","3":"status-publish","4":"has-post-thumbnail","6":"product_cat-chemia-badawcza","8":"first","9":"instock","10":"shipping-taxable","11":"purchasable","12":"product-type-variable","13":"has-default-attributes"},"yoast_head":"<!-- This site is optimized with the Yoast SEO Premium plugin v19.2 (Yoast SEO v27.3) - https:\/\/yoast.com\/product\/yoast-seo-premium-wordpress\/ -->\n<title>Kup 5F-MDMB-2201 Kryszta\u0142y online- Everyday Chem Shop<\/title>\n<meta name=\"description\" content=\"Kup 5F-MDMB-2201 Kryszta\u0142y online. Sprzedajemy najwy\u017cszej jako\u015bci kryszta\u0142y 5F-MDMB-2201 online. Uprzejmie prosimy o kontakt, aby uzyska\u0107 wi\u0119cej informacji i ceny.\" \/>\n<meta name=\"robots\" content=\"index, follow, max-snippet:-1, max-image-preview:large, max-video-preview:-1\" \/>\n<link rel=\"canonical\" href=\"https:\/\/everydaychemshop.com\/pl\/product\/5f-mdmb-2201-krysztaly\/\" \/>\n<meta property=\"og:locale\" content=\"en_US\" \/>\n<meta property=\"og:type\" content=\"article\" \/>\n<meta property=\"og:title\" content=\"Kryszta\u0142y 5F-MDMB-2201\" \/>\n<meta property=\"og:description\" content=\"Kup 5F-MDMB-2201 Kryszta\u0142y online. Sprzedajemy najwy\u017cszej jako\u015bci kryszta\u0142y 5F-MDMB-2201 online. Uprzejmie prosimy o kontakt, aby uzyska\u0107 wi\u0119cej informacji i ceny.\" \/>\n<meta property=\"og:url\" content=\"https:\/\/everydaychemshop.com\/pl\/product\/5f-mdmb-2201-krysztaly\/\" \/>\n<meta property=\"og:site_name\" content=\"Everyday Chem Shop\" \/>\n<meta property=\"article:modified_time\" content=\"2023-04-07T18:01:48+00:00\" \/>\n<meta property=\"og:image\" content=\"https:\/\/everydaychemshop.com\/pl\/wp-content\/uploads\/sites\/8\/2022\/11\/Buy-5f-MDMB-2201.jpg\" \/>\n\t<meta property=\"og:image:width\" content=\"232\" \/>\n\t<meta property=\"og:image:height\" content=\"217\" \/>\n\t<meta property=\"og:image:type\" content=\"image\/jpeg\" \/>\n<meta name=\"twitter:card\" content=\"summary_large_image\" \/>\n<meta name=\"twitter:label1\" content=\"Est. reading time\" \/>\n\t<meta name=\"twitter:data1\" content=\"1 minute\" \/>\n<script type=\"application\/ld+json\" class=\"yoast-schema-graph\">{\"@context\":\"https:\\\/\\\/schema.org\",\"@graph\":[{\"@type\":\"WebPage\",\"@id\":\"https:\\\/\\\/everydaychemshop.com\\\/pl\\\/product\\\/5f-mdmb-2201-krysztaly\\\/\",\"url\":\"https:\\\/\\\/everydaychemshop.com\\\/pl\\\/product\\\/5f-mdmb-2201-krysztaly\\\/\",\"name\":\"Kup 5F-MDMB-2201 Kryszta\u0142y online- Everyday Chem Shop\",\"isPartOf\":{\"@id\":\"https:\\\/\\\/everydaychemshop.com\\\/pl\\\/#website\"},\"primaryImageOfPage\":{\"@id\":\"https:\\\/\\\/everydaychemshop.com\\\/pl\\\/product\\\/5f-mdmb-2201-krysztaly\\\/#primaryimage\"},\"image\":{\"@id\":\"https:\\\/\\\/everydaychemshop.com\\\/pl\\\/product\\\/5f-mdmb-2201-krysztaly\\\/#primaryimage\"},\"thumbnailUrl\":\"https:\\\/\\\/everydaychemshop.com\\\/pl\\\/wp-content\\\/uploads\\\/sites\\\/8\\\/2022\\\/11\\\/Buy-5f-MDMB-2201.jpg\",\"datePublished\":\"2022-11-18T21:42:22+00:00\",\"dateModified\":\"2023-04-07T18:01:48+00:00\",\"description\":\"Kup 5F-MDMB-2201 Kryszta\u0142y online. Sprzedajemy najwy\u017cszej jako\u015bci kryszta\u0142y 5F-MDMB-2201 online. Uprzejmie prosimy o kontakt, aby uzyska\u0107 wi\u0119cej informacji i ceny.\",\"breadcrumb\":{\"@id\":\"https:\\\/\\\/everydaychemshop.com\\\/pl\\\/product\\\/5f-mdmb-2201-krysztaly\\\/#breadcrumb\"},\"inLanguage\":\"en-US\",\"potentialAction\":[{\"@type\":\"ReadAction\",\"target\":[\"https:\\\/\\\/everydaychemshop.com\\\/pl\\\/product\\\/5f-mdmb-2201-krysztaly\\\/\"]}]},{\"@type\":\"ImageObject\",\"inLanguage\":\"en-US\",\"@id\":\"https:\\\/\\\/everydaychemshop.com\\\/pl\\\/product\\\/5f-mdmb-2201-krysztaly\\\/#primaryimage\",\"url\":\"https:\\\/\\\/everydaychemshop.com\\\/pl\\\/wp-content\\\/uploads\\\/sites\\\/8\\\/2022\\\/11\\\/Buy-5f-MDMB-2201.jpg\",\"contentUrl\":\"https:\\\/\\\/everydaychemshop.com\\\/pl\\\/wp-content\\\/uploads\\\/sites\\\/8\\\/2022\\\/11\\\/Buy-5f-MDMB-2201.jpg\",\"width\":232,\"height\":217,\"caption\":\"Kup 5F-MDMB-2201 Kryszta\u0142y online\"},{\"@type\":\"BreadcrumbList\",\"@id\":\"https:\\\/\\\/everydaychemshop.com\\\/pl\\\/product\\\/5f-mdmb-2201-krysztaly\\\/#breadcrumb\",\"itemListElement\":[{\"@type\":\"ListItem\",\"position\":1,\"name\":\"Home\",\"item\":\"https:\\\/\\\/everydaychemshop.com\\\/pl\\\/\"},{\"@type\":\"ListItem\",\"position\":2,\"name\":\"Produkty\",\"item\":\"https:\\\/\\\/everydaychemshop.com\\\/pl\\\/produkty\\\/\"},{\"@type\":\"ListItem\",\"position\":3,\"name\":\"Kryszta\u0142y 5F-MDMB-2201\"}]},{\"@type\":\"WebSite\",\"@id\":\"https:\\\/\\\/everydaychemshop.com\\\/pl\\\/#website\",\"url\":\"https:\\\/\\\/everydaychemshop.com\\\/pl\\\/\",\"name\":\"Everyday Chem Shop\",\"description\":\"\",\"potentialAction\":[{\"@type\":\"SearchAction\",\"target\":{\"@type\":\"EntryPoint\",\"urlTemplate\":\"https:\\\/\\\/everydaychemshop.com\\\/pl\\\/?s={search_term_string}\"},\"query-input\":{\"@type\":\"PropertyValueSpecification\",\"valueRequired\":true,\"valueName\":\"search_term_string\"}}],\"inLanguage\":\"en-US\"}]}<\/script>\n<!-- \/ Yoast SEO Premium plugin. -->","yoast_head_json":{"title":"Kup 5F-MDMB-2201 Kryszta\u0142y online- Everyday Chem Shop","description":"Kup 5F-MDMB-2201 Kryszta\u0142y online. Sprzedajemy najwy\u017cszej jako\u015bci kryszta\u0142y 5F-MDMB-2201 online. Uprzejmie prosimy o kontakt, aby uzyska\u0107 wi\u0119cej informacji i ceny.","robots":{"index":"index","follow":"follow","max-snippet":"max-snippet:-1","max-image-preview":"max-image-preview:large","max-video-preview":"max-video-preview:-1"},"canonical":"https:\/\/everydaychemshop.com\/pl\/product\/5f-mdmb-2201-krysztaly\/","og_locale":"en_US","og_type":"article","og_title":"Kryszta\u0142y 5F-MDMB-2201","og_description":"Kup 5F-MDMB-2201 Kryszta\u0142y online. Sprzedajemy najwy\u017cszej jako\u015bci kryszta\u0142y 5F-MDMB-2201 online. Uprzejmie prosimy o kontakt, aby uzyska\u0107 wi\u0119cej informacji i ceny.","og_url":"https:\/\/everydaychemshop.com\/pl\/product\/5f-mdmb-2201-krysztaly\/","og_site_name":"Everyday Chem Shop","article_modified_time":"2023-04-07T18:01:48+00:00","og_image":[{"width":232,"height":217,"url":"https:\/\/everydaychemshop.com\/pl\/wp-content\/uploads\/sites\/8\/2022\/11\/Buy-5f-MDMB-2201.jpg","type":"image\/jpeg"}],"twitter_card":"summary_large_image","twitter_misc":{"Est. reading time":"1 minute"},"schema":{"@context":"https:\/\/schema.org","@graph":[{"@type":"WebPage","@id":"https:\/\/everydaychemshop.com\/pl\/product\/5f-mdmb-2201-krysztaly\/","url":"https:\/\/everydaychemshop.com\/pl\/product\/5f-mdmb-2201-krysztaly\/","name":"Kup 5F-MDMB-2201 Kryszta\u0142y online- Everyday Chem Shop","isPartOf":{"@id":"https:\/\/everydaychemshop.com\/pl\/#website"},"primaryImageOfPage":{"@id":"https:\/\/everydaychemshop.com\/pl\/product\/5f-mdmb-2201-krysztaly\/#primaryimage"},"image":{"@id":"https:\/\/everydaychemshop.com\/pl\/product\/5f-mdmb-2201-krysztaly\/#primaryimage"},"thumbnailUrl":"https:\/\/everydaychemshop.com\/pl\/wp-content\/uploads\/sites\/8\/2022\/11\/Buy-5f-MDMB-2201.jpg","datePublished":"2022-11-18T21:42:22+00:00","dateModified":"2023-04-07T18:01:48+00:00","description":"Kup 5F-MDMB-2201 Kryszta\u0142y online. Sprzedajemy najwy\u017cszej jako\u015bci kryszta\u0142y 5F-MDMB-2201 online. Uprzejmie prosimy o kontakt, aby uzyska\u0107 wi\u0119cej informacji i ceny.","breadcrumb":{"@id":"https:\/\/everydaychemshop.com\/pl\/product\/5f-mdmb-2201-krysztaly\/#breadcrumb"},"inLanguage":"en-US","potentialAction":[{"@type":"ReadAction","target":["https:\/\/everydaychemshop.com\/pl\/product\/5f-mdmb-2201-krysztaly\/"]}]},{"@type":"ImageObject","inLanguage":"en-US","@id":"https:\/\/everydaychemshop.com\/pl\/product\/5f-mdmb-2201-krysztaly\/#primaryimage","url":"https:\/\/everydaychemshop.com\/pl\/wp-content\/uploads\/sites\/8\/2022\/11\/Buy-5f-MDMB-2201.jpg","contentUrl":"https:\/\/everydaychemshop.com\/pl\/wp-content\/uploads\/sites\/8\/2022\/11\/Buy-5f-MDMB-2201.jpg","width":232,"height":217,"caption":"Kup 5F-MDMB-2201 Kryszta\u0142y online"},{"@type":"BreadcrumbList","@id":"https:\/\/everydaychemshop.com\/pl\/product\/5f-mdmb-2201-krysztaly\/#breadcrumb","itemListElement":[{"@type":"ListItem","position":1,"name":"Home","item":"https:\/\/everydaychemshop.com\/pl\/"},{"@type":"ListItem","position":2,"name":"Produkty","item":"https:\/\/everydaychemshop.com\/pl\/produkty\/"},{"@type":"ListItem","position":3,"name":"Kryszta\u0142y 5F-MDMB-2201"}]},{"@type":"WebSite","@id":"https:\/\/everydaychemshop.com\/pl\/#website","url":"https:\/\/everydaychemshop.com\/pl\/","name":"Everyday Chem Shop","description":"","potentialAction":[{"@type":"SearchAction","target":{"@type":"EntryPoint","urlTemplate":"https:\/\/everydaychemshop.com\/pl\/?s={search_term_string}"},"query-input":{"@type":"PropertyValueSpecification","valueRequired":true,"valueName":"search_term_string"}}],"inLanguage":"en-US"}]}},"_links":{"self":[{"href":"https:\/\/everydaychemshop.com\/pl\/wp-json\/wp\/v2\/product\/8084","targetHints":{"allow":["GET"]}}],"collection":[{"href":"https:\/\/everydaychemshop.com\/pl\/wp-json\/wp\/v2\/product"}],"about":[{"href":"https:\/\/everydaychemshop.com\/pl\/wp-json\/wp\/v2\/types\/product"}],"replies":[{"embeddable":true,"href":"https:\/\/everydaychemshop.com\/pl\/wp-json\/wp\/v2\/comments?post=8084"}],"wp:featuredmedia":[{"embeddable":true,"href":"https:\/\/everydaychemshop.com\/pl\/wp-json\/wp\/v2\/media\/8091"}],"wp:attachment":[{"href":"https:\/\/everydaychemshop.com\/pl\/wp-json\/wp\/v2\/media?parent=8084"}],"wp:term":[{"taxonomy":"product_brand","embeddable":true,"href":"https:\/\/everydaychemshop.com\/pl\/wp-json\/wp\/v2\/product_brand?post=8084"},{"taxonomy":"product_cat","embeddable":true,"href":"https:\/\/everydaychemshop.com\/pl\/wp-json\/wp\/v2\/product_cat?post=8084"},{"taxonomy":"product_tag","embeddable":true,"href":"https:\/\/everydaychemshop.com\/pl\/wp-json\/wp\/v2\/product_tag?post=8084"}],"curies":[{"name":"wp","href":"https:\/\/api.w.org\/{rel}","templated":true}]}}