{"id":8124,"date":"2022-11-19T08:31:19","date_gmt":"2022-11-19T08:31:19","guid":{"rendered":"https:\/\/everydaychemshop.com\/pl\/?post_type=product&#038;p=8124"},"modified":"2023-04-07T17:56:10","modified_gmt":"2023-04-07T17:56:10","slug":"alprazolam-w-proszku","status":"publish","type":"product","link":"https:\/\/everydaychemshop.com\/pl\/product\/alprazolam-w-proszku\/","title":{"rendered":"Alprazolam w proszku"},"content":{"rendered":"<h1><strong>Kup Alprazolam w proszku przez Internet<\/strong><\/h1>\n<p><a href=\"https:\/\/everydaychemshop.com\/pl\/product\/alprazolam-w-proszku\/\">Kup Alprazolam w proszku przez Internet<\/a>. Alprazolam to silna i kr\u00f3tko dzia\u0142aj\u0105ca benzodiazepina, kt\u00f3ra uspokaja o\u015brodkowy uk\u0142ad nerwowy. Jest to g\u0142\u00f3wnie stosowane w leczeniu zaburze\u0144 l\u0119kowych i paniki. Zapotrzebowanie na proszek Alprazolamu jest nap\u0119dzane przez zwi\u0119kszon\u0105 populacj\u0119 geriatryczn\u0105 podatn\u0105 na depresj\u0119 i wyst\u0119powanie zaburze\u0144 l\u0119kowych, w tym fobii i l\u0119k\u00f3w uog\u00f3lnionych. Ponadto szybki i stresuj\u0105cy tryb \u017cycia, kt\u00f3ry prowadzi do depresji, nap\u0119dza rozw\u00f3j bran\u017cy. Ponadto w okresie prognozy planowane s\u0105 prace badawczo-rozwojowe nad Alprazolamem w celu zbadania nowych mo\u017cliwo\u015bci. Surowe przepisy rz\u0105dowe i niekorzystny wp\u0142yw narkotyk\u00f3w, takich jak uzale\u017cnienie od narkotyk\u00f3w, <a href=\"https:\/\/en.wikipedia.org\/wiki\/Alprazolam\">hamuj\u0105<\/a> jednak wzrost. Mo\u017cesz kupi\u0107 ALPRAZOLAM online i dosta\u0107 <strong>ALPRAZOLAM do sprzeda\u017cy online.<\/strong><\/p>\n<h3><strong>Zastosowanie<\/strong><\/h3>\n<p>Alprazolam (nag\u0142e, nieprzewidywalne epizody intensywnego strachu i zaniepokojenie tymi epizodami) jest stosowany w leczeniu zaburze\u0144 l\u0119kowych i napadowych. Klasa lek\u00f3w zwana benzodiazepinami to Alprazolam. Dzia\u0142a to poprzez zmniejszenie nadmiernego pobudzenia w m\u00f3zgu. Alprazolam jest r\u00f3wnie\u017c czasami stosowany w leczeniu depresji, l\u0119ku przed otwart\u0105 przestrzeni\u0105 i zespo\u0142u napi\u0119cia przedmiesi\u0105czkowego. Mo\u017ce by\u0107 stosowany w bolesnych sytuacjach. Porozmawiaj z lekarzem o potencjalnych zagro\u017ceniach dla twojego stanu podczas stosowania tego leku.<\/p>\n<h3><strong>Dawkowanie<\/strong><\/h3>\n<p>Alprazolam jest dost\u0119pny w postaci tabletki, tabletki o przed\u0142u\u017conym uwalnianiu i tabletka rozk\u0142adaj\u0105ca si\u0119 w jamie ustnej (tabletka, kt\u00f3ra szybko rozpuszcza si\u0119 w jamie ustnej). Tabletk\u0119 zwykle przyjmuje si\u0119 dwa lub cztery razy dziennie, tabletk\u0119 rozpadaj\u0105c\u0105 si\u0119 w jamie ustnej i st\u0119\u017cone roztwory. Zdaln\u0105 tabletk\u0119 przyjmuje si\u0119 raz dziennie, zwykle rano. Przestrzegaj uwa\u017cnie uwag na karcie recepty i popro\u015b farmaceut\u0119 lub lekarza o opisanie czego\u015b, czego nie rozumiesz. Zgodnie z instrukcj\u0105 we\u017a alprazolam. U\u017cyj tylko zakraplacza do\u0142\u0105czonego do recepty, aby pobra\u0107 skoncentrowany p\u0142yn. Nabra\u0107 wymagan\u0105 dawk\u0119 do zakraplacza. Wci\u015bnij zakraplacz do p\u0142ynnych lub p\u00f3\u0142p\u0142ynnych produkt\u00f3w spo\u017cywczych, takich jak herbata, mleko, napoje gazowane, zupa jab\u0142kowa lub budy\u0144. Przez kilka sekund delikatnie miksuj p\u0142yn lub jedzenie. P\u0142yn ca\u0142kowicie koncentruje si\u0119 w \u017cywno\u015bci. Natychmiast wypij lub zjedz ca\u0142\u0105 mieszank\u0119. Wyj\u0105\u0107 tabletk\u0119 z butelki doustnie tu\u017c przed terminem przyj\u0119cia dawki. Otworzy\u0107 butelk\u0119 suchymi d\u0142o\u0144mi, wyj\u0105\u0107 tabletk\u0119 i natychmiast na\u0142o\u017cy\u0107 na j\u0119zyk. Tabletka mo\u017ce si\u0119 rozpu\u015bci\u0107 i po\u0142kn\u0105\u0107 \u015blin\u0119.<\/p>\n","protected":false},"excerpt":{"rendered":"<p><em>Kup<\/em>\u00a0Alprazolam online \u2013 bestglobalmeds.com jest najlepszym dostawc\u0105 i sprzedawc\u0105\u00a0<em>sproszkowanego alprazolamu<\/em>\u00a0, w kt\u00f3rym mo\u017cesz\u00a0<em>kupi\u0107<\/em>\u00a0proszek Xanax hurtowo. <em>Zam\u00f3w<\/em>\u00a0teraz!<\/p>\n<p>Kup alprazolam w proszku przez Internet. Real Alprazolam w proszku online \u2013 Alprazolam w proszku na sprzeda\u017c | Kup proszek Alprazolam przez Internet | Sprzedam Alprazolam w proszku | Kup tanio Alprazolam w proszku | Gdzie kupi\u0107 alprazolam w proszku online<\/p>\n","protected":false},"featured_media":8127,"comment_status":"open","ping_status":"closed","template":"","meta":{"inline_featured_image":false},"product_brand":[],"product_cat":[264],"product_tag":[],"class_list":{"0":"post-8124","1":"product","2":"type-product","3":"status-publish","4":"has-post-thumbnail","6":"product_cat-chemia-badawcza","8":"first","9":"instock","10":"shipping-taxable","11":"purchasable","12":"product-type-variable","13":"has-default-attributes"},"yoast_head":"<!-- This site is optimized with the Yoast SEO Premium plugin v19.2 (Yoast SEO v27.3) - https:\/\/yoast.com\/product\/yoast-seo-premium-wordpress\/ -->\n<title>Kup Alprazolam w proszku przez Internet - Everyday Chem Shop<\/title>\n<meta name=\"description\" content=\"Kup Alprazolam w proszku przez Internet. Sprzedajemy najwy\u017cszej jako\u015bci Alprazolam w proszku online. Uprzejmie prosimy o kontakt w celu uzyskania dalszych informacji i cen.\" \/>\n<meta name=\"robots\" content=\"index, follow, max-snippet:-1, max-image-preview:large, max-video-preview:-1\" \/>\n<link rel=\"canonical\" href=\"https:\/\/everydaychemshop.com\/pl\/product\/alprazolam-w-proszku\/\" \/>\n<meta property=\"og:locale\" content=\"en_US\" \/>\n<meta property=\"og:type\" content=\"article\" \/>\n<meta property=\"og:title\" content=\"Alprazolam w proszku\" \/>\n<meta property=\"og:description\" content=\"Kup Alprazolam w proszku przez Internet. Sprzedajemy najwy\u017cszej jako\u015bci Alprazolam w proszku online. Uprzejmie prosimy o kontakt w celu uzyskania dalszych informacji i cen.\" \/>\n<meta property=\"og:url\" content=\"https:\/\/everydaychemshop.com\/pl\/product\/alprazolam-w-proszku\/\" \/>\n<meta property=\"og:site_name\" content=\"Everyday Chem Shop\" \/>\n<meta property=\"article:modified_time\" content=\"2023-04-07T17:56:10+00:00\" \/>\n<meta property=\"og:image\" content=\"https:\/\/everydaychemshop.com\/pl\/wp-content\/uploads\/sites\/8\/2022\/11\/Buy-Alprazolam-powder.jpg\" \/>\n\t<meta property=\"og:image:width\" content=\"259\" \/>\n\t<meta property=\"og:image:height\" content=\"194\" \/>\n\t<meta property=\"og:image:type\" content=\"image\/jpeg\" \/>\n<meta name=\"twitter:card\" content=\"summary_large_image\" \/>\n<meta name=\"twitter:label1\" content=\"Est. reading time\" \/>\n\t<meta name=\"twitter:data1\" content=\"2 minutes\" \/>\n<script type=\"application\/ld+json\" class=\"yoast-schema-graph\">{\"@context\":\"https:\\\/\\\/schema.org\",\"@graph\":[{\"@type\":\"WebPage\",\"@id\":\"https:\\\/\\\/everydaychemshop.com\\\/pl\\\/product\\\/alprazolam-w-proszku\\\/\",\"url\":\"https:\\\/\\\/everydaychemshop.com\\\/pl\\\/product\\\/alprazolam-w-proszku\\\/\",\"name\":\"Kup Alprazolam w proszku przez Internet - Everyday Chem Shop\",\"isPartOf\":{\"@id\":\"https:\\\/\\\/everydaychemshop.com\\\/pl\\\/#website\"},\"primaryImageOfPage\":{\"@id\":\"https:\\\/\\\/everydaychemshop.com\\\/pl\\\/product\\\/alprazolam-w-proszku\\\/#primaryimage\"},\"image\":{\"@id\":\"https:\\\/\\\/everydaychemshop.com\\\/pl\\\/product\\\/alprazolam-w-proszku\\\/#primaryimage\"},\"thumbnailUrl\":\"https:\\\/\\\/everydaychemshop.com\\\/pl\\\/wp-content\\\/uploads\\\/sites\\\/8\\\/2022\\\/11\\\/Buy-Alprazolam-powder.jpg\",\"datePublished\":\"2022-11-19T08:31:19+00:00\",\"dateModified\":\"2023-04-07T17:56:10+00:00\",\"description\":\"Kup Alprazolam w proszku przez Internet. Sprzedajemy najwy\u017cszej jako\u015bci Alprazolam w proszku online. Uprzejmie prosimy o kontakt w celu uzyskania dalszych informacji i cen.\",\"breadcrumb\":{\"@id\":\"https:\\\/\\\/everydaychemshop.com\\\/pl\\\/product\\\/alprazolam-w-proszku\\\/#breadcrumb\"},\"inLanguage\":\"en-US\",\"potentialAction\":[{\"@type\":\"ReadAction\",\"target\":[\"https:\\\/\\\/everydaychemshop.com\\\/pl\\\/product\\\/alprazolam-w-proszku\\\/\"]}]},{\"@type\":\"ImageObject\",\"inLanguage\":\"en-US\",\"@id\":\"https:\\\/\\\/everydaychemshop.com\\\/pl\\\/product\\\/alprazolam-w-proszku\\\/#primaryimage\",\"url\":\"https:\\\/\\\/everydaychemshop.com\\\/pl\\\/wp-content\\\/uploads\\\/sites\\\/8\\\/2022\\\/11\\\/Buy-Alprazolam-powder.jpg\",\"contentUrl\":\"https:\\\/\\\/everydaychemshop.com\\\/pl\\\/wp-content\\\/uploads\\\/sites\\\/8\\\/2022\\\/11\\\/Buy-Alprazolam-powder.jpg\",\"width\":259,\"height\":194,\"caption\":\"Kup Alprazolam w proszku przez Internet\"},{\"@type\":\"BreadcrumbList\",\"@id\":\"https:\\\/\\\/everydaychemshop.com\\\/pl\\\/product\\\/alprazolam-w-proszku\\\/#breadcrumb\",\"itemListElement\":[{\"@type\":\"ListItem\",\"position\":1,\"name\":\"Home\",\"item\":\"https:\\\/\\\/everydaychemshop.com\\\/pl\\\/\"},{\"@type\":\"ListItem\",\"position\":2,\"name\":\"Produkty\",\"item\":\"https:\\\/\\\/everydaychemshop.com\\\/pl\\\/produkty\\\/\"},{\"@type\":\"ListItem\",\"position\":3,\"name\":\"Alprazolam w proszku\"}]},{\"@type\":\"WebSite\",\"@id\":\"https:\\\/\\\/everydaychemshop.com\\\/pl\\\/#website\",\"url\":\"https:\\\/\\\/everydaychemshop.com\\\/pl\\\/\",\"name\":\"Everyday Chem Shop\",\"description\":\"\",\"potentialAction\":[{\"@type\":\"SearchAction\",\"target\":{\"@type\":\"EntryPoint\",\"urlTemplate\":\"https:\\\/\\\/everydaychemshop.com\\\/pl\\\/?s={search_term_string}\"},\"query-input\":{\"@type\":\"PropertyValueSpecification\",\"valueRequired\":true,\"valueName\":\"search_term_string\"}}],\"inLanguage\":\"en-US\"}]}<\/script>\n<!-- \/ Yoast SEO Premium plugin. -->","yoast_head_json":{"title":"Kup Alprazolam w proszku przez Internet - Everyday Chem Shop","description":"Kup Alprazolam w proszku przez Internet. Sprzedajemy najwy\u017cszej jako\u015bci Alprazolam w proszku online. Uprzejmie prosimy o kontakt w celu uzyskania dalszych informacji i cen.","robots":{"index":"index","follow":"follow","max-snippet":"max-snippet:-1","max-image-preview":"max-image-preview:large","max-video-preview":"max-video-preview:-1"},"canonical":"https:\/\/everydaychemshop.com\/pl\/product\/alprazolam-w-proszku\/","og_locale":"en_US","og_type":"article","og_title":"Alprazolam w proszku","og_description":"Kup Alprazolam w proszku przez Internet. Sprzedajemy najwy\u017cszej jako\u015bci Alprazolam w proszku online. Uprzejmie prosimy o kontakt w celu uzyskania dalszych informacji i cen.","og_url":"https:\/\/everydaychemshop.com\/pl\/product\/alprazolam-w-proszku\/","og_site_name":"Everyday Chem Shop","article_modified_time":"2023-04-07T17:56:10+00:00","og_image":[{"width":259,"height":194,"url":"https:\/\/everydaychemshop.com\/pl\/wp-content\/uploads\/sites\/8\/2022\/11\/Buy-Alprazolam-powder.jpg","type":"image\/jpeg"}],"twitter_card":"summary_large_image","twitter_misc":{"Est. reading time":"2 minutes"},"schema":{"@context":"https:\/\/schema.org","@graph":[{"@type":"WebPage","@id":"https:\/\/everydaychemshop.com\/pl\/product\/alprazolam-w-proszku\/","url":"https:\/\/everydaychemshop.com\/pl\/product\/alprazolam-w-proszku\/","name":"Kup Alprazolam w proszku przez Internet - Everyday Chem Shop","isPartOf":{"@id":"https:\/\/everydaychemshop.com\/pl\/#website"},"primaryImageOfPage":{"@id":"https:\/\/everydaychemshop.com\/pl\/product\/alprazolam-w-proszku\/#primaryimage"},"image":{"@id":"https:\/\/everydaychemshop.com\/pl\/product\/alprazolam-w-proszku\/#primaryimage"},"thumbnailUrl":"https:\/\/everydaychemshop.com\/pl\/wp-content\/uploads\/sites\/8\/2022\/11\/Buy-Alprazolam-powder.jpg","datePublished":"2022-11-19T08:31:19+00:00","dateModified":"2023-04-07T17:56:10+00:00","description":"Kup Alprazolam w proszku przez Internet. Sprzedajemy najwy\u017cszej jako\u015bci Alprazolam w proszku online. Uprzejmie prosimy o kontakt w celu uzyskania dalszych informacji i cen.","breadcrumb":{"@id":"https:\/\/everydaychemshop.com\/pl\/product\/alprazolam-w-proszku\/#breadcrumb"},"inLanguage":"en-US","potentialAction":[{"@type":"ReadAction","target":["https:\/\/everydaychemshop.com\/pl\/product\/alprazolam-w-proszku\/"]}]},{"@type":"ImageObject","inLanguage":"en-US","@id":"https:\/\/everydaychemshop.com\/pl\/product\/alprazolam-w-proszku\/#primaryimage","url":"https:\/\/everydaychemshop.com\/pl\/wp-content\/uploads\/sites\/8\/2022\/11\/Buy-Alprazolam-powder.jpg","contentUrl":"https:\/\/everydaychemshop.com\/pl\/wp-content\/uploads\/sites\/8\/2022\/11\/Buy-Alprazolam-powder.jpg","width":259,"height":194,"caption":"Kup Alprazolam w proszku przez Internet"},{"@type":"BreadcrumbList","@id":"https:\/\/everydaychemshop.com\/pl\/product\/alprazolam-w-proszku\/#breadcrumb","itemListElement":[{"@type":"ListItem","position":1,"name":"Home","item":"https:\/\/everydaychemshop.com\/pl\/"},{"@type":"ListItem","position":2,"name":"Produkty","item":"https:\/\/everydaychemshop.com\/pl\/produkty\/"},{"@type":"ListItem","position":3,"name":"Alprazolam w proszku"}]},{"@type":"WebSite","@id":"https:\/\/everydaychemshop.com\/pl\/#website","url":"https:\/\/everydaychemshop.com\/pl\/","name":"Everyday Chem Shop","description":"","potentialAction":[{"@type":"SearchAction","target":{"@type":"EntryPoint","urlTemplate":"https:\/\/everydaychemshop.com\/pl\/?s={search_term_string}"},"query-input":{"@type":"PropertyValueSpecification","valueRequired":true,"valueName":"search_term_string"}}],"inLanguage":"en-US"}]}},"_links":{"self":[{"href":"https:\/\/everydaychemshop.com\/pl\/wp-json\/wp\/v2\/product\/8124","targetHints":{"allow":["GET"]}}],"collection":[{"href":"https:\/\/everydaychemshop.com\/pl\/wp-json\/wp\/v2\/product"}],"about":[{"href":"https:\/\/everydaychemshop.com\/pl\/wp-json\/wp\/v2\/types\/product"}],"replies":[{"embeddable":true,"href":"https:\/\/everydaychemshop.com\/pl\/wp-json\/wp\/v2\/comments?post=8124"}],"wp:featuredmedia":[{"embeddable":true,"href":"https:\/\/everydaychemshop.com\/pl\/wp-json\/wp\/v2\/media\/8127"}],"wp:attachment":[{"href":"https:\/\/everydaychemshop.com\/pl\/wp-json\/wp\/v2\/media?parent=8124"}],"wp:term":[{"taxonomy":"product_brand","embeddable":true,"href":"https:\/\/everydaychemshop.com\/pl\/wp-json\/wp\/v2\/product_brand?post=8124"},{"taxonomy":"product_cat","embeddable":true,"href":"https:\/\/everydaychemshop.com\/pl\/wp-json\/wp\/v2\/product_cat?post=8124"},{"taxonomy":"product_tag","embeddable":true,"href":"https:\/\/everydaychemshop.com\/pl\/wp-json\/wp\/v2\/product_tag?post=8124"}],"curies":[{"name":"wp","href":"https:\/\/api.w.org\/{rel}","templated":true}]}}