{"id":8140,"date":"2022-11-19T08:53:59","date_gmt":"2022-11-19T08:53:59","guid":{"rendered":"https:\/\/everydaychemshop.com\/pl\/?post_type=product&#038;p=8140"},"modified":"2023-04-07T17:53:39","modified_gmt":"2023-04-07T17:53:39","slug":"hdep-28-novel-etylonaftydan","status":"publish","type":"product","link":"https:\/\/everydaychemshop.com\/pl\/product\/hdep-28-novel-etylonaftydan\/","title":{"rendered":"HDep-28 Novel etylonaftydan"},"content":{"rendered":"<div class=\"container\">\n<div class=\"row main-content-wrap\">\n<div class=\"main-content col-lg-12\">\n<div id=\"primary\" class=\"content-area\">\n<h1>Kup kryszta\u0142owy proszek HDEP-28 przez Internet<\/h1>\n<div id=\"product-1792\" class=\"product type-product post-1792 status-publish pierwszy stan magazynowy product_cat-research-chemicals- i-s\u00f3l-do-k\u0105pieli ma-post-miniatury wysy\u0142ka-podlegaj\u0105ca opodatkowaniu zakup zmienna typu produktu ma domy\u015blne atrybuty domy\u015blnego uk\u0142adu produktu\">\n<div id=\"karta-produktu\" class=\"woocommerce-tabs woocommerce-tabs- xesk56dt resp-htabs\">\n<div class=\"resp-tabs-container\">\n<div id=\"tab-description\" class=\"tab-content resp-tab-content resp-tab-content-active\" aria-labelledby=\"tab_item-0\">\n<p><a href=\"https:\/\/everydaychemshop.com\/pl\/product\/hdep-28-novel-etylonaftydan\/\">Kup kryszta\u0142owy proszek HDEP-28 przez Internet<\/a>. Kt\u00f3ry jest energetyzatorem entaktogenu, cz\u0119sto sugerowany jako 3,4-metylenodioksy-N-etylokatynon. Etylon ma produkcyjn\u0105 nazw\u0119 1-(1,3-benzodioksol-5-ilo)-2-(etyloamino)-1-propanon. Subj\u0105drowy wz\u00f3r to C12H15NO3 o zwyk\u0142ej masie 221,251999 Da i masie monoizotopowej 221,104996 Da. Kup etylen w Chinach. Dost\u0119pny do kupienia cenny kamie\u0144 etylonowy. Sprzedam kamienie szlachetne <a href=\"https:\/\/en.wikipedia.org\/wiki\/HDEP-28\">etylenowe<\/a>. Dostawca etylonu. Kup przecen\u0119 etylonu. rabat Ethylone<\/p>\n<p>Ocena Ethylone by\u0142a koordynowana przez ACD\/Labs i ChemAxon. W\u0142a\u015bciwo\u015bci, kt\u00f3re zosta\u0142y przewidziane przez ACD\/Labs wykaza\u0142y 4 akceptory bezpiecze\u0144stwa #H, 4 #swobodnie obracaj\u0105ce si\u0119 zabezpieczenia, zapis za\u0142amania \u015bwiat\u0142a przy 1,54 ze wsp\u00f3\u0142czynnikiem nacisku powierzchni 44,3470001220703 dyn\/cm, motywacj\u0105 wybuchu za 172,845 \u00b0C i ograniczeniem 362,188 \u00b0C przy 760 mmHg.<\/p>\n<p>To jest normalne w zastosowaniach logicznych i badawczych.<\/p>\n<p>To co\u015b zosta\u0142o stworzone i pr\u00f3bowano spe\u0142ni\u0107 normy ISO17025:2005 i Guide 34:2009<\/p>\n<p>Jeste\u015bmy najlepszym stowarzyszeniem i mamy szybkie relacje z r\u00f3\u017cnymi producentami i dostawcami na ca\u0142ym \u015bwiecie. Po prostu oferujemy naszym klientom produkty najwy\u017cszej jako\u015bci! Co\u015b zasadniczo tego samego, czego zasadniczo oczekujemy przy zakupie przedmiot\u00f3w.<\/p>\n<p>Dzi\u0119ki temu mo\u017cemy uzyska\u0107 rzeczy absolutnie najwy\u017cszej jako\u015bci po najbardziej autentycznych kosztach i przekaza\u0107 Ci jako\u015b\u0107 po najlepszej cenie !<\/p>\n<p>Wszystko, co sprzedajemy, jest najwy\u017cszej jako\u015bci, prosimy wszystkich klient\u00f3w o GC\/MS ich rzeczy dla precyzji i legalno\u015bci. Przeprowadzamy w\u0142asne testy na ka\u017cdej przesy\u0142ce, aby upewni\u0107 si\u0119, \u017ce pozosta\u0142e cz\u0119\u015bci s\u0105 w 100% wysokiej jako\u015bci, dbamy o naszych klient\u00f3w i \u017ce kupuj\u0105 zdecydowanie to, co zaawansowane.<\/p>\n<p>Nasza firma jest podekscytowana zale\u017cy od nas, aby zaj\u0105\u0107 si\u0119 Twoim nagabywaniem, bez wzgl\u0119du na wszystko \u2013 w pomocny spos\u00f3b. Nigdy nie pozostawiamy \u017cadnej kwestii w\u0105tpliwej i staramy si\u0119 zapewni\u0107 najlepsze recepty i delikatne fajerwerki przy najlepszych kosztach, z jak najdelikatniejszym sposobem transportu! W przypadku, gdy nie jest to a\u017c tak trudne, b\u0105d\u017a pewny i z przekonaniem z\u0142\u00f3\u017c wniosek!<\/p>\n<p>Pokazali\u015bmy, \u017ce jeste\u015bmy niezwykle silni iw jakimkolwiek momencie dasz nam otwarte drzwi, oka\u017cemy si\u0119 by\u0107 godne uwagi, \u017ce mo\u017cesz zaufa\u0107 i robi\u0107 sta\u0142e interesy tak d\u0142ugo, jak jeste\u015bmy blisko! Nie pozwolimy ci zej\u015b\u0107.<\/p>\n<p>Podajemy numery towarzysz\u0105ce, gdy grupa zostanie wys\u0142ana, aby\u015bcie mogli \u015bledzi\u0107 rozw\u00f3j swojego pakietu.<\/p>\n<\/div>\n<\/div>\n<\/div>\n<\/div>\n<p>&nbsp;<\/p>\n<\/div>\n<\/div>\n<\/div>\n<\/div>\n<div class=\"powi\u0105zane produkty\">\n<div class=\"container\"><\/div>\n<\/div>\n","protected":false},"excerpt":{"rendered":"<p>Kup hdep-28 Novel Ethylnaphthidate na sprzeda\u017c w Wielkiej Brytanii, Europie Online. IUPAC: 2-(naftalen-2-ylo)-2-(piperydyn-2-ylo)octan etylu. Zam\u00f3w hdep-28 Novel Ethylonaphthidate<\/p>\n<p><em>Kup hdep<\/em>\u2013<em>28 Novel Ethylonaphthidate 1 uncja<\/em>\u00a0Ethylnaftydan, kt\u00f3ry jest czasami okre\u015blany jako\u00a0<em>HDEP<\/em>\u2013<em>28<\/em>\u00a0zaprojektowano jako zamiennik zakazanych serii Phenidate.<\/p>\n<p>Etylonaftydat to ekscytuj\u0105cy nowy produkt dost\u0119pny w sprzeda\u017cy.<br \/>\nEtylonaftydat, kt\u00f3ry jest czasami okre\u015blany jako HDEP -28 zosta\u0142 zaprojektowany jako zamiennik niedawno zakazanej serii chemikali\u00f3w Phenidate<br \/>\nKlient pracuj\u0105cy z tym produktem w laboratorium mo\u017ce oczekiwa\u0107, \u017ce b\u0119dzie on dawa\u0142 podobny zakres efekt\u00f3w w por\u00f3wnaniu do \u201eFenidat\u00f3w\u201d.<br \/>\nOczekujemy badacze uznaj\u0105 HDEP 28 \/ Ethylnaphhidate za doskona\u0142\u0105 alternatyw\u0119 dla Ethylphenidate<br \/>\nIUPAC: 2-(naftalen-2-ylo)-2-(piperydyn-2-ylo)octan etylu<br \/>\nCAS#: N\/A<br \/>\nMasa cz\u0105steczkowa: 297,40<br \/>\nWz\u00f3r: C19H23NO2<\/p>\n","protected":false},"featured_media":8143,"comment_status":"open","ping_status":"closed","template":"","meta":{"inline_featured_image":false},"product_brand":[],"product_cat":[264],"product_tag":[],"class_list":{"0":"post-8140","1":"product","2":"type-product","3":"status-publish","4":"has-post-thumbnail","6":"product_cat-chemia-badawcza","8":"first","9":"instock","10":"shipping-taxable","11":"purchasable","12":"product-type-variable","13":"has-default-attributes"},"yoast_head":"<!-- This site is optimized with the Yoast SEO Premium plugin v19.2 (Yoast SEO v27.3) - https:\/\/yoast.com\/product\/yoast-seo-premium-wordpress\/ -->\n<title>Kup kryszta\u0142owy proszek HDEP-28 przez - Everyday Chem Shop<\/title>\n<meta name=\"description\" content=\"Kup kryszta\u0142owy proszek HDEP-28 przez Internet. Sprzedajemy najwy\u017cszej jako\u015bci kryszta\u0142owy proszek HDep-28 online. Uprzejmie prosimy o kontakt w celu uzyskania dalszych informacji i cen.\" \/>\n<meta name=\"robots\" content=\"index, follow, max-snippet:-1, max-image-preview:large, max-video-preview:-1\" \/>\n<link rel=\"canonical\" href=\"https:\/\/everydaychemshop.com\/pl\/product\/hdep-28-novel-etylonaftydan\/\" \/>\n<meta property=\"og:locale\" content=\"en_US\" \/>\n<meta property=\"og:type\" content=\"article\" \/>\n<meta property=\"og:title\" content=\"HDep-28 Novel etylonaftydan\" \/>\n<meta property=\"og:description\" content=\"Kup kryszta\u0142owy proszek HDEP-28 przez Internet. Sprzedajemy najwy\u017cszej jako\u015bci kryszta\u0142owy proszek HDep-28 online. Uprzejmie prosimy o kontakt w celu uzyskania dalszych informacji i cen.\" \/>\n<meta property=\"og:url\" content=\"https:\/\/everydaychemshop.com\/pl\/product\/hdep-28-novel-etylonaftydan\/\" \/>\n<meta property=\"og:site_name\" content=\"Everyday Chem Shop\" \/>\n<meta property=\"article:modified_time\" content=\"2023-04-07T17:53:39+00:00\" \/>\n<meta property=\"og:image\" content=\"https:\/\/everydaychemshop.com\/pl\/wp-content\/uploads\/sites\/8\/2022\/11\/Buy-hdep-28-Novel-Ethylnaphthidate.jpg\" \/>\n\t<meta property=\"og:image:width\" content=\"600\" \/>\n\t<meta property=\"og:image:height\" content=\"600\" \/>\n\t<meta property=\"og:image:type\" content=\"image\/jpeg\" \/>\n<meta name=\"twitter:card\" content=\"summary_large_image\" \/>\n<meta name=\"twitter:label1\" content=\"Est. reading time\" \/>\n\t<meta name=\"twitter:data1\" content=\"2 minutes\" \/>\n<script type=\"application\/ld+json\" class=\"yoast-schema-graph\">{\"@context\":\"https:\\\/\\\/schema.org\",\"@graph\":[{\"@type\":\"WebPage\",\"@id\":\"https:\\\/\\\/everydaychemshop.com\\\/pl\\\/product\\\/hdep-28-novel-etylonaftydan\\\/\",\"url\":\"https:\\\/\\\/everydaychemshop.com\\\/pl\\\/product\\\/hdep-28-novel-etylonaftydan\\\/\",\"name\":\"Kup kryszta\u0142owy proszek HDEP-28 przez - Everyday Chem Shop\",\"isPartOf\":{\"@id\":\"https:\\\/\\\/everydaychemshop.com\\\/pl\\\/#website\"},\"primaryImageOfPage\":{\"@id\":\"https:\\\/\\\/everydaychemshop.com\\\/pl\\\/product\\\/hdep-28-novel-etylonaftydan\\\/#primaryimage\"},\"image\":{\"@id\":\"https:\\\/\\\/everydaychemshop.com\\\/pl\\\/product\\\/hdep-28-novel-etylonaftydan\\\/#primaryimage\"},\"thumbnailUrl\":\"https:\\\/\\\/everydaychemshop.com\\\/pl\\\/wp-content\\\/uploads\\\/sites\\\/8\\\/2022\\\/11\\\/Buy-hdep-28-Novel-Ethylnaphthidate.jpg\",\"datePublished\":\"2022-11-19T08:53:59+00:00\",\"dateModified\":\"2023-04-07T17:53:39+00:00\",\"description\":\"Kup kryszta\u0142owy proszek HDEP-28 przez Internet. Sprzedajemy najwy\u017cszej jako\u015bci kryszta\u0142owy proszek HDep-28 online. Uprzejmie prosimy o kontakt w celu uzyskania dalszych informacji i cen.\",\"breadcrumb\":{\"@id\":\"https:\\\/\\\/everydaychemshop.com\\\/pl\\\/product\\\/hdep-28-novel-etylonaftydan\\\/#breadcrumb\"},\"inLanguage\":\"en-US\",\"potentialAction\":[{\"@type\":\"ReadAction\",\"target\":[\"https:\\\/\\\/everydaychemshop.com\\\/pl\\\/product\\\/hdep-28-novel-etylonaftydan\\\/\"]}]},{\"@type\":\"ImageObject\",\"inLanguage\":\"en-US\",\"@id\":\"https:\\\/\\\/everydaychemshop.com\\\/pl\\\/product\\\/hdep-28-novel-etylonaftydan\\\/#primaryimage\",\"url\":\"https:\\\/\\\/everydaychemshop.com\\\/pl\\\/wp-content\\\/uploads\\\/sites\\\/8\\\/2022\\\/11\\\/Buy-hdep-28-Novel-Ethylnaphthidate.jpg\",\"contentUrl\":\"https:\\\/\\\/everydaychemshop.com\\\/pl\\\/wp-content\\\/uploads\\\/sites\\\/8\\\/2022\\\/11\\\/Buy-hdep-28-Novel-Ethylnaphthidate.jpg\",\"width\":600,\"height\":600,\"caption\":\"Kup kryszta\u0142owy proszek HDEP-28 przez Internet\"},{\"@type\":\"BreadcrumbList\",\"@id\":\"https:\\\/\\\/everydaychemshop.com\\\/pl\\\/product\\\/hdep-28-novel-etylonaftydan\\\/#breadcrumb\",\"itemListElement\":[{\"@type\":\"ListItem\",\"position\":1,\"name\":\"Home\",\"item\":\"https:\\\/\\\/everydaychemshop.com\\\/pl\\\/\"},{\"@type\":\"ListItem\",\"position\":2,\"name\":\"Produkty\",\"item\":\"https:\\\/\\\/everydaychemshop.com\\\/pl\\\/produkty\\\/\"},{\"@type\":\"ListItem\",\"position\":3,\"name\":\"HDep-28 Novel etylonaftydan\"}]},{\"@type\":\"WebSite\",\"@id\":\"https:\\\/\\\/everydaychemshop.com\\\/pl\\\/#website\",\"url\":\"https:\\\/\\\/everydaychemshop.com\\\/pl\\\/\",\"name\":\"Everyday Chem Shop\",\"description\":\"\",\"potentialAction\":[{\"@type\":\"SearchAction\",\"target\":{\"@type\":\"EntryPoint\",\"urlTemplate\":\"https:\\\/\\\/everydaychemshop.com\\\/pl\\\/?s={search_term_string}\"},\"query-input\":{\"@type\":\"PropertyValueSpecification\",\"valueRequired\":true,\"valueName\":\"search_term_string\"}}],\"inLanguage\":\"en-US\"}]}<\/script>\n<!-- \/ Yoast SEO Premium plugin. -->","yoast_head_json":{"title":"Kup kryszta\u0142owy proszek HDEP-28 przez - Everyday Chem Shop","description":"Kup kryszta\u0142owy proszek HDEP-28 przez Internet. Sprzedajemy najwy\u017cszej jako\u015bci kryszta\u0142owy proszek HDep-28 online. Uprzejmie prosimy o kontakt w celu uzyskania dalszych informacji i cen.","robots":{"index":"index","follow":"follow","max-snippet":"max-snippet:-1","max-image-preview":"max-image-preview:large","max-video-preview":"max-video-preview:-1"},"canonical":"https:\/\/everydaychemshop.com\/pl\/product\/hdep-28-novel-etylonaftydan\/","og_locale":"en_US","og_type":"article","og_title":"HDep-28 Novel etylonaftydan","og_description":"Kup kryszta\u0142owy proszek HDEP-28 przez Internet. Sprzedajemy najwy\u017cszej jako\u015bci kryszta\u0142owy proszek HDep-28 online. Uprzejmie prosimy o kontakt w celu uzyskania dalszych informacji i cen.","og_url":"https:\/\/everydaychemshop.com\/pl\/product\/hdep-28-novel-etylonaftydan\/","og_site_name":"Everyday Chem Shop","article_modified_time":"2023-04-07T17:53:39+00:00","og_image":[{"width":600,"height":600,"url":"https:\/\/everydaychemshop.com\/pl\/wp-content\/uploads\/sites\/8\/2022\/11\/Buy-hdep-28-Novel-Ethylnaphthidate.jpg","type":"image\/jpeg"}],"twitter_card":"summary_large_image","twitter_misc":{"Est. reading time":"2 minutes"},"schema":{"@context":"https:\/\/schema.org","@graph":[{"@type":"WebPage","@id":"https:\/\/everydaychemshop.com\/pl\/product\/hdep-28-novel-etylonaftydan\/","url":"https:\/\/everydaychemshop.com\/pl\/product\/hdep-28-novel-etylonaftydan\/","name":"Kup kryszta\u0142owy proszek HDEP-28 przez - Everyday Chem Shop","isPartOf":{"@id":"https:\/\/everydaychemshop.com\/pl\/#website"},"primaryImageOfPage":{"@id":"https:\/\/everydaychemshop.com\/pl\/product\/hdep-28-novel-etylonaftydan\/#primaryimage"},"image":{"@id":"https:\/\/everydaychemshop.com\/pl\/product\/hdep-28-novel-etylonaftydan\/#primaryimage"},"thumbnailUrl":"https:\/\/everydaychemshop.com\/pl\/wp-content\/uploads\/sites\/8\/2022\/11\/Buy-hdep-28-Novel-Ethylnaphthidate.jpg","datePublished":"2022-11-19T08:53:59+00:00","dateModified":"2023-04-07T17:53:39+00:00","description":"Kup kryszta\u0142owy proszek HDEP-28 przez Internet. Sprzedajemy najwy\u017cszej jako\u015bci kryszta\u0142owy proszek HDep-28 online. Uprzejmie prosimy o kontakt w celu uzyskania dalszych informacji i cen.","breadcrumb":{"@id":"https:\/\/everydaychemshop.com\/pl\/product\/hdep-28-novel-etylonaftydan\/#breadcrumb"},"inLanguage":"en-US","potentialAction":[{"@type":"ReadAction","target":["https:\/\/everydaychemshop.com\/pl\/product\/hdep-28-novel-etylonaftydan\/"]}]},{"@type":"ImageObject","inLanguage":"en-US","@id":"https:\/\/everydaychemshop.com\/pl\/product\/hdep-28-novel-etylonaftydan\/#primaryimage","url":"https:\/\/everydaychemshop.com\/pl\/wp-content\/uploads\/sites\/8\/2022\/11\/Buy-hdep-28-Novel-Ethylnaphthidate.jpg","contentUrl":"https:\/\/everydaychemshop.com\/pl\/wp-content\/uploads\/sites\/8\/2022\/11\/Buy-hdep-28-Novel-Ethylnaphthidate.jpg","width":600,"height":600,"caption":"Kup kryszta\u0142owy proszek HDEP-28 przez Internet"},{"@type":"BreadcrumbList","@id":"https:\/\/everydaychemshop.com\/pl\/product\/hdep-28-novel-etylonaftydan\/#breadcrumb","itemListElement":[{"@type":"ListItem","position":1,"name":"Home","item":"https:\/\/everydaychemshop.com\/pl\/"},{"@type":"ListItem","position":2,"name":"Produkty","item":"https:\/\/everydaychemshop.com\/pl\/produkty\/"},{"@type":"ListItem","position":3,"name":"HDep-28 Novel etylonaftydan"}]},{"@type":"WebSite","@id":"https:\/\/everydaychemshop.com\/pl\/#website","url":"https:\/\/everydaychemshop.com\/pl\/","name":"Everyday Chem Shop","description":"","potentialAction":[{"@type":"SearchAction","target":{"@type":"EntryPoint","urlTemplate":"https:\/\/everydaychemshop.com\/pl\/?s={search_term_string}"},"query-input":{"@type":"PropertyValueSpecification","valueRequired":true,"valueName":"search_term_string"}}],"inLanguage":"en-US"}]}},"_links":{"self":[{"href":"https:\/\/everydaychemshop.com\/pl\/wp-json\/wp\/v2\/product\/8140","targetHints":{"allow":["GET"]}}],"collection":[{"href":"https:\/\/everydaychemshop.com\/pl\/wp-json\/wp\/v2\/product"}],"about":[{"href":"https:\/\/everydaychemshop.com\/pl\/wp-json\/wp\/v2\/types\/product"}],"replies":[{"embeddable":true,"href":"https:\/\/everydaychemshop.com\/pl\/wp-json\/wp\/v2\/comments?post=8140"}],"wp:featuredmedia":[{"embeddable":true,"href":"https:\/\/everydaychemshop.com\/pl\/wp-json\/wp\/v2\/media\/8143"}],"wp:attachment":[{"href":"https:\/\/everydaychemshop.com\/pl\/wp-json\/wp\/v2\/media?parent=8140"}],"wp:term":[{"taxonomy":"product_brand","embeddable":true,"href":"https:\/\/everydaychemshop.com\/pl\/wp-json\/wp\/v2\/product_brand?post=8140"},{"taxonomy":"product_cat","embeddable":true,"href":"https:\/\/everydaychemshop.com\/pl\/wp-json\/wp\/v2\/product_cat?post=8140"},{"taxonomy":"product_tag","embeddable":true,"href":"https:\/\/everydaychemshop.com\/pl\/wp-json\/wp\/v2\/product_tag?post=8140"}],"curies":[{"name":"wp","href":"https:\/\/api.w.org\/{rel}","templated":true}]}}