{"id":8150,"date":"2022-11-19T09:19:03","date_gmt":"2022-11-19T09:19:03","guid":{"rendered":"https:\/\/everydaychemshop.com\/pl\/?post_type=product&#038;p=8150"},"modified":"2023-04-07T17:52:14","modified_gmt":"2023-04-07T17:52:14","slug":"jwh-200","status":"publish","type":"product","link":"https:\/\/everydaychemshop.com\/pl\/product\/jwh-200\/","title":{"rendered":"JWH-200"},"content":{"rendered":"<h1>Kup kryszta\u0142 JWH-200 online<\/h1>\n<p><a href=\"https:\/\/everydaychemshop.com\/pl\/product\/jwh-200\/\">Kup kryszta\u0142 JWH-200 online<\/a>. JWH-200 (1-pentylo-3-(1-naftoilo)indol) lub AM-678 to przeciwb\u00f3lowa substancja chemiczna z rodziny naftoyloindol\u00f3w, kt\u00f3ra dzia\u0142a jako pe\u0142ny agonista zar\u00f3wno na receptory kannabinoidowe CB1, jak i CB2, z pewn\u0105 selektywno\u015bci\u0105 wzgl\u0119dem CB2. Wywo\u0142uje u zwierz\u0105t skutki <a href=\"https:\/\/en.wikipedia.org\/wiki\/JWH-200\">podobne<\/a> do tetrahydrokanabinolu (THC), kannabinoidu naturalnie wyst\u0119puj\u0105cego w konopiach, co prowadzi do jego stosowania w syntetycznych produktach z konopi indyjskich, kt\u00f3re w niekt\u00f3rych krajach s\u0105 legalnie sprzedawane jako \u201emieszanki kadzide\u0142\u201d. Kup JWH-200 Research Chemicals<\/p>\n<p>Metabolizm JWH-200\u00a0oceniono na szczurach Wistar, kt\u00f3rym podano ekstrakt etanolowy zawieraj\u0105cy JWH-200. Mocz zbierano przez 24 godziny, a nast\u0119pnie ekstrahowano metabolity JWH-200, stosuj\u0105c zar\u00f3wno ekstrakcj\u0119 ciecz-ciecz, jak i ekstrakcj\u0119 do fazy sta\u0142ej. GC-MS zastosowano do rozdzielenia i identyfikacji wyekstrahowanych zwi\u0105zk\u00f3w. JWH-200 i jego N-dealkilowany metabolit wykrywano tylko w niewielkich ilo\u015bciach, przy czym hydroksylowane N-dealkilowane metabolity stanowi\u0142y g\u0142\u00f3wny sygna\u0142. Zaobserwowane przesuni\u0119cie masy wskazuje, \u017ce jest prawdopodobne, \u017ce hydroksylacja zachodzi zar\u00f3wno w cz\u0119\u015bci naftalenowej, jak i indolowej cz\u0105steczki. Ludzkie metabolity by\u0142y podobne, chocia\u017c wi\u0119kszo\u015b\u0107 metabolizmu odbywa\u0142a si\u0119 na pier\u015bcieniu indolowym i bocznym \u0142a\u0144cuchu pentylowym, a hydroksylowane metabolity by\u0142y w znacznym stopniu sprz\u0119\u017cone z glukuronidem.<\/p>\n<h3>U\u017cycie Buy JWH-200 Research Chemicals<\/h3>\n<p>At przynajmniej jeden przypadek uzale\u017cnienia JWH-200 zosta\u0142 zg\u0142oszony przez media. U\u017cytkownik spo\u017cywa\u0142 JWH-018 codziennie przez osiem miesi\u0119cy. Objawy odstawienia by\u0142y ci\u0119\u017csze ni\u017c te, kt\u00f3re wyst\u0105pi\u0142y w wyniku uzale\u017cnienia od konopi indyjskich. Wykazano, \u017ce JWH-200 powoduje g\u0142\u0119bokie zmiany w g\u0119sto\u015bci receptora CB1 po podaniu. Powoduje odczulanie na jego dzia\u0142anie szybciej ni\u017c pokrewne kannabinoidy.<\/p>\n","protected":false},"excerpt":{"rendered":"<p>Kup JWH-200 proszek chemiczny na sprzeda\u017c w Wielkiej Brytanii, Europie przez Internet. (1-(2-morfolin-4-yloetylo)indol-3-ilo)-naftalen-1-ylometanon to inna nazwa. Przyjd\u017a i kup teraz!. Mamy najlepsz\u0105 dyskretn\u0105 metod\u0119 pakowania i wysy\u0142ki.<\/p>\n","protected":false},"featured_media":8156,"comment_status":"open","ping_status":"closed","template":"","meta":{"inline_featured_image":false},"product_brand":[],"product_cat":[264],"product_tag":[],"class_list":{"0":"post-8150","1":"product","2":"type-product","3":"status-publish","4":"has-post-thumbnail","6":"product_cat-chemia-badawcza","8":"first","9":"instock","10":"shipping-taxable","11":"purchasable","12":"product-type-variable","13":"has-default-attributes"},"yoast_head":"<!-- This site is optimized with the Yoast SEO Premium plugin v19.2 (Yoast SEO v27.3) - https:\/\/yoast.com\/product\/yoast-seo-premium-wordpress\/ -->\n<title>Kup kryszta\u0142 JWH-200 online - Everyday Chem Shop<\/title>\n<meta name=\"description\" content=\"Kup kryszta\u0142 JWH-200 online. Sprzedajemy najwy\u017cszej jako\u015bci kryszta\u0142 JWH-200 online. Prosimy o kontakt, aby uzyska\u0107 wi\u0119cej informacji i ceny za zam\u00f3wienie.\" \/>\n<meta name=\"robots\" content=\"index, follow, max-snippet:-1, max-image-preview:large, max-video-preview:-1\" \/>\n<link rel=\"canonical\" href=\"https:\/\/everydaychemshop.com\/pl\/product\/jwh-200\/\" \/>\n<meta property=\"og:locale\" content=\"en_US\" \/>\n<meta property=\"og:type\" content=\"article\" \/>\n<meta property=\"og:title\" content=\"JWH-200\" \/>\n<meta property=\"og:description\" content=\"Kup kryszta\u0142 JWH-200 online. Sprzedajemy najwy\u017cszej jako\u015bci kryszta\u0142 JWH-200 online. Prosimy o kontakt, aby uzyska\u0107 wi\u0119cej informacji i ceny za zam\u00f3wienie.\" \/>\n<meta property=\"og:url\" content=\"https:\/\/everydaychemshop.com\/pl\/product\/jwh-200\/\" \/>\n<meta property=\"og:site_name\" content=\"Everyday Chem Shop\" \/>\n<meta property=\"article:modified_time\" content=\"2023-04-07T17:52:14+00:00\" \/>\n<meta property=\"og:image\" content=\"https:\/\/everydaychemshop.com\/pl\/wp-content\/uploads\/sites\/8\/2022\/11\/Buy-JWH-200-Chemical.jpg\" \/>\n\t<meta property=\"og:image:width\" content=\"458\" \/>\n\t<meta property=\"og:image:height\" content=\"458\" \/>\n\t<meta property=\"og:image:type\" content=\"image\/jpeg\" \/>\n<meta name=\"twitter:card\" content=\"summary_large_image\" \/>\n<meta name=\"twitter:label1\" content=\"Est. reading time\" \/>\n\t<meta name=\"twitter:data1\" content=\"2 minutes\" \/>\n<script type=\"application\/ld+json\" class=\"yoast-schema-graph\">{\"@context\":\"https:\\\/\\\/schema.org\",\"@graph\":[{\"@type\":\"WebPage\",\"@id\":\"https:\\\/\\\/everydaychemshop.com\\\/pl\\\/product\\\/jwh-200\\\/\",\"url\":\"https:\\\/\\\/everydaychemshop.com\\\/pl\\\/product\\\/jwh-200\\\/\",\"name\":\"Kup kryszta\u0142 JWH-200 online - Everyday Chem Shop\",\"isPartOf\":{\"@id\":\"https:\\\/\\\/everydaychemshop.com\\\/pl\\\/#website\"},\"primaryImageOfPage\":{\"@id\":\"https:\\\/\\\/everydaychemshop.com\\\/pl\\\/product\\\/jwh-200\\\/#primaryimage\"},\"image\":{\"@id\":\"https:\\\/\\\/everydaychemshop.com\\\/pl\\\/product\\\/jwh-200\\\/#primaryimage\"},\"thumbnailUrl\":\"https:\\\/\\\/everydaychemshop.com\\\/pl\\\/wp-content\\\/uploads\\\/sites\\\/8\\\/2022\\\/11\\\/Buy-JWH-200-Chemical.jpg\",\"datePublished\":\"2022-11-19T09:19:03+00:00\",\"dateModified\":\"2023-04-07T17:52:14+00:00\",\"description\":\"Kup kryszta\u0142 JWH-200 online. Sprzedajemy najwy\u017cszej jako\u015bci kryszta\u0142 JWH-200 online. Prosimy o kontakt, aby uzyska\u0107 wi\u0119cej informacji i ceny za zam\u00f3wienie.\",\"breadcrumb\":{\"@id\":\"https:\\\/\\\/everydaychemshop.com\\\/pl\\\/product\\\/jwh-200\\\/#breadcrumb\"},\"inLanguage\":\"en-US\",\"potentialAction\":[{\"@type\":\"ReadAction\",\"target\":[\"https:\\\/\\\/everydaychemshop.com\\\/pl\\\/product\\\/jwh-200\\\/\"]}]},{\"@type\":\"ImageObject\",\"inLanguage\":\"en-US\",\"@id\":\"https:\\\/\\\/everydaychemshop.com\\\/pl\\\/product\\\/jwh-200\\\/#primaryimage\",\"url\":\"https:\\\/\\\/everydaychemshop.com\\\/pl\\\/wp-content\\\/uploads\\\/sites\\\/8\\\/2022\\\/11\\\/Buy-JWH-200-Chemical.jpg\",\"contentUrl\":\"https:\\\/\\\/everydaychemshop.com\\\/pl\\\/wp-content\\\/uploads\\\/sites\\\/8\\\/2022\\\/11\\\/Buy-JWH-200-Chemical.jpg\",\"width\":458,\"height\":458,\"caption\":\"Kup kryszta\u0142 JWH-200 online\"},{\"@type\":\"BreadcrumbList\",\"@id\":\"https:\\\/\\\/everydaychemshop.com\\\/pl\\\/product\\\/jwh-200\\\/#breadcrumb\",\"itemListElement\":[{\"@type\":\"ListItem\",\"position\":1,\"name\":\"Home\",\"item\":\"https:\\\/\\\/everydaychemshop.com\\\/pl\\\/\"},{\"@type\":\"ListItem\",\"position\":2,\"name\":\"Produkty\",\"item\":\"https:\\\/\\\/everydaychemshop.com\\\/pl\\\/produkty\\\/\"},{\"@type\":\"ListItem\",\"position\":3,\"name\":\"JWH-200\"}]},{\"@type\":\"WebSite\",\"@id\":\"https:\\\/\\\/everydaychemshop.com\\\/pl\\\/#website\",\"url\":\"https:\\\/\\\/everydaychemshop.com\\\/pl\\\/\",\"name\":\"Everyday Chem Shop\",\"description\":\"\",\"potentialAction\":[{\"@type\":\"SearchAction\",\"target\":{\"@type\":\"EntryPoint\",\"urlTemplate\":\"https:\\\/\\\/everydaychemshop.com\\\/pl\\\/?s={search_term_string}\"},\"query-input\":{\"@type\":\"PropertyValueSpecification\",\"valueRequired\":true,\"valueName\":\"search_term_string\"}}],\"inLanguage\":\"en-US\"}]}<\/script>\n<!-- \/ Yoast SEO Premium plugin. -->","yoast_head_json":{"title":"Kup kryszta\u0142 JWH-200 online - Everyday Chem Shop","description":"Kup kryszta\u0142 JWH-200 online. Sprzedajemy najwy\u017cszej jako\u015bci kryszta\u0142 JWH-200 online. Prosimy o kontakt, aby uzyska\u0107 wi\u0119cej informacji i ceny za zam\u00f3wienie.","robots":{"index":"index","follow":"follow","max-snippet":"max-snippet:-1","max-image-preview":"max-image-preview:large","max-video-preview":"max-video-preview:-1"},"canonical":"https:\/\/everydaychemshop.com\/pl\/product\/jwh-200\/","og_locale":"en_US","og_type":"article","og_title":"JWH-200","og_description":"Kup kryszta\u0142 JWH-200 online. Sprzedajemy najwy\u017cszej jako\u015bci kryszta\u0142 JWH-200 online. Prosimy o kontakt, aby uzyska\u0107 wi\u0119cej informacji i ceny za zam\u00f3wienie.","og_url":"https:\/\/everydaychemshop.com\/pl\/product\/jwh-200\/","og_site_name":"Everyday Chem Shop","article_modified_time":"2023-04-07T17:52:14+00:00","og_image":[{"width":458,"height":458,"url":"https:\/\/everydaychemshop.com\/pl\/wp-content\/uploads\/sites\/8\/2022\/11\/Buy-JWH-200-Chemical.jpg","type":"image\/jpeg"}],"twitter_card":"summary_large_image","twitter_misc":{"Est. reading time":"2 minutes"},"schema":{"@context":"https:\/\/schema.org","@graph":[{"@type":"WebPage","@id":"https:\/\/everydaychemshop.com\/pl\/product\/jwh-200\/","url":"https:\/\/everydaychemshop.com\/pl\/product\/jwh-200\/","name":"Kup kryszta\u0142 JWH-200 online - Everyday Chem Shop","isPartOf":{"@id":"https:\/\/everydaychemshop.com\/pl\/#website"},"primaryImageOfPage":{"@id":"https:\/\/everydaychemshop.com\/pl\/product\/jwh-200\/#primaryimage"},"image":{"@id":"https:\/\/everydaychemshop.com\/pl\/product\/jwh-200\/#primaryimage"},"thumbnailUrl":"https:\/\/everydaychemshop.com\/pl\/wp-content\/uploads\/sites\/8\/2022\/11\/Buy-JWH-200-Chemical.jpg","datePublished":"2022-11-19T09:19:03+00:00","dateModified":"2023-04-07T17:52:14+00:00","description":"Kup kryszta\u0142 JWH-200 online. Sprzedajemy najwy\u017cszej jako\u015bci kryszta\u0142 JWH-200 online. Prosimy o kontakt, aby uzyska\u0107 wi\u0119cej informacji i ceny za zam\u00f3wienie.","breadcrumb":{"@id":"https:\/\/everydaychemshop.com\/pl\/product\/jwh-200\/#breadcrumb"},"inLanguage":"en-US","potentialAction":[{"@type":"ReadAction","target":["https:\/\/everydaychemshop.com\/pl\/product\/jwh-200\/"]}]},{"@type":"ImageObject","inLanguage":"en-US","@id":"https:\/\/everydaychemshop.com\/pl\/product\/jwh-200\/#primaryimage","url":"https:\/\/everydaychemshop.com\/pl\/wp-content\/uploads\/sites\/8\/2022\/11\/Buy-JWH-200-Chemical.jpg","contentUrl":"https:\/\/everydaychemshop.com\/pl\/wp-content\/uploads\/sites\/8\/2022\/11\/Buy-JWH-200-Chemical.jpg","width":458,"height":458,"caption":"Kup kryszta\u0142 JWH-200 online"},{"@type":"BreadcrumbList","@id":"https:\/\/everydaychemshop.com\/pl\/product\/jwh-200\/#breadcrumb","itemListElement":[{"@type":"ListItem","position":1,"name":"Home","item":"https:\/\/everydaychemshop.com\/pl\/"},{"@type":"ListItem","position":2,"name":"Produkty","item":"https:\/\/everydaychemshop.com\/pl\/produkty\/"},{"@type":"ListItem","position":3,"name":"JWH-200"}]},{"@type":"WebSite","@id":"https:\/\/everydaychemshop.com\/pl\/#website","url":"https:\/\/everydaychemshop.com\/pl\/","name":"Everyday Chem Shop","description":"","potentialAction":[{"@type":"SearchAction","target":{"@type":"EntryPoint","urlTemplate":"https:\/\/everydaychemshop.com\/pl\/?s={search_term_string}"},"query-input":{"@type":"PropertyValueSpecification","valueRequired":true,"valueName":"search_term_string"}}],"inLanguage":"en-US"}]}},"_links":{"self":[{"href":"https:\/\/everydaychemshop.com\/pl\/wp-json\/wp\/v2\/product\/8150","targetHints":{"allow":["GET"]}}],"collection":[{"href":"https:\/\/everydaychemshop.com\/pl\/wp-json\/wp\/v2\/product"}],"about":[{"href":"https:\/\/everydaychemshop.com\/pl\/wp-json\/wp\/v2\/types\/product"}],"replies":[{"embeddable":true,"href":"https:\/\/everydaychemshop.com\/pl\/wp-json\/wp\/v2\/comments?post=8150"}],"wp:featuredmedia":[{"embeddable":true,"href":"https:\/\/everydaychemshop.com\/pl\/wp-json\/wp\/v2\/media\/8156"}],"wp:attachment":[{"href":"https:\/\/everydaychemshop.com\/pl\/wp-json\/wp\/v2\/media?parent=8150"}],"wp:term":[{"taxonomy":"product_brand","embeddable":true,"href":"https:\/\/everydaychemshop.com\/pl\/wp-json\/wp\/v2\/product_brand?post=8150"},{"taxonomy":"product_cat","embeddable":true,"href":"https:\/\/everydaychemshop.com\/pl\/wp-json\/wp\/v2\/product_cat?post=8150"},{"taxonomy":"product_tag","embeddable":true,"href":"https:\/\/everydaychemshop.com\/pl\/wp-json\/wp\/v2\/product_tag?post=8150"}],"curies":[{"name":"wp","href":"https:\/\/api.w.org\/{rel}","templated":true}]}}