{"id":8157,"date":"2022-11-19T09:28:30","date_gmt":"2022-11-19T09:28:30","guid":{"rendered":"https:\/\/everydaychemshop.com\/pl\/?post_type=product&#038;p=8157"},"modified":"2023-04-07T17:51:06","modified_gmt":"2023-04-07T17:51:06","slug":"jwh-210-proszek-chemiczny","status":"publish","type":"product","link":"https:\/\/everydaychemshop.com\/pl\/product\/jwh-210-proszek-chemiczny\/","title":{"rendered":"Proszek chemiczny JWH-210"},"content":{"rendered":"<h1>Kup proszek chemiczny JWH-210 online<\/h1>\n<p><a href=\"https:\/\/everydaychemshop.com\/pl\/product\/jwh-210-proszek-chemiczny\/\">Kup proszek chemiczny JWH-210 online<\/a>. Proszek JWH-210 online to przeciwb\u00f3lowa substancja chemiczna z rodziny naftoylindol\u00f3w, kt\u00f3ra dzia\u0142a jako silny kannabinoid\u00a0agonista zar\u00f3wno\u00a0CB<sub>1<\/sub>\u00a0i\u00a0CB<sub>2<\/sub>\u00a0receptor\u00f3w, z warto\u015bciami K<sub>i<\/sub>\u00a00,46 nM w CB<sub>1<\/sub>\u00a0i 0,69 nM w CB<sub>2<\/sub> Jest to jedna z najsilniejszych 4-podstawionych pochodnych naftoilu z serii naftoyloindolu, maj\u0105ca wy\u017csz\u0105\u00a0 wi\u0105\u017c\u0105ca afiliacja jedno\u015b\u0107\u00a0(tj. ni\u017cszy K<sub>i<\/sub>) przy CB<sub>1<\/sub> ni\u017c oba jego homologi 4-metylowy i 4-<i>n<\/i>-propylowy\u00a0JWH-122\u00a0(CB<sub>1<\/sub>\u00a0K<sub>i<\/sub>\u00a00,69 nM) i odpowiednio JWH-182 (CB<sub>1<\/sub>\u00a0K<sub>i<\/sub>\u00a00,65 nM), a nast\u0119pnie zwi\u0105zek 4-metoksylowy\u00a0JWH-081\u00a0(CB<sub>1<\/sub>\u00a0K<sub>i<\/sub>\u00a01,2 nM).Zosta\u0142 odkryty i nazwany na cze\u015b\u0107 Johna W. Huffmana.<\/p>\n<p>Klasa lek\u00f3w farmakologicznych: JWH-210 to przeciwb\u00f3lowa substancja chemiczna z rodziny naftoyloindol\u00f3w i<br \/>\ndzia\u0142a jako silny agonista kannabinoidowy zar\u00f3wno na receptory CB1, jak i CB2. Ma warto\u015bci Ki 0,46 nM w CB1 i 0,69 nM w CB2. Spo\u015br\u00f3d syntetycznych \u00a0kannabinoid\u00f3w pierwszej generacji jest jednym z najsilniejszych 4 &#8211;<br \/>\npodstawione pochodne naftoilowe w szeregu naftoiloindolowym, maj\u0105ce wi\u0119ksze powinowactwo <a href=\"https:\/\/en.wikipedia.org\/wiki\/JWH-210\">wi\u0105zania<\/a> do CB1<br \/>\nni\u017c JWH-122, JWH-182 i JWH-081 (1).<\/p>\n<p>Metabolizm: Znane metabolity JWH-210 to metabolit kwasu N-pentanowego JWH-210 (wykrywalny w moczu), metabolit N-(4-hydroksypentylowy) JWH-210 (wykrywalny w moczu i surowicy), JWH-210 N-( metabolit 5-hydroksypentylu (wykrywalny w moczu i surowicy) oraz metabolit 5-hydroksyindolu JWH-210<br \/>\n(wykrywalny w moczu i surowicy). Donoszono r\u00f3wnie\u017c o hydroksylacjach na pier\u015bcieniu naftoilowym (2).<\/p>\n<p>Efekty i toksyczno\u015b\u0107: raporty u\u017cytkownik\u00f3w JWH-210 mo\u017cna pali\u0107 po spryskaniu materia\u0142u ro\u015blinnego,<br \/>\npodobnie jak konopie indyjskie. Efekty, rozpocz\u0105\u0107 w ci\u0105gu 2-5 minut od wstrzykni\u0119cia. Niewiele wiadomo o skutkach spowodowanych wy\u0142\u0105cznie spo\u017cyciem JWH-210, ale powszechnymi skutkami syntetycznych kannabinoid\u00f3w s\u0105 zmiany nastroju i percepcji, ataki paniki\/pobudzenie, haj podobny do marihuany i \u0142agodne halucynogeny (wzrokowe i s\u0142uchowe).<\/p>\n","protected":false},"excerpt":{"rendered":"<p>Kup proszek chemiczny JWH-210 do sprzeda\u017cy online w Wielkiej Brytanii, Europie, UE. Proszek chemiczny JWH-210 to przeciwb\u00f3lowa substancja chemiczna z rodziny naftoylindol\u00f3w.<\/p>\n","protected":false},"featured_media":8160,"comment_status":"open","ping_status":"closed","template":"","meta":{"inline_featured_image":false},"product_brand":[],"product_cat":[264],"product_tag":[],"class_list":{"0":"post-8157","1":"product","2":"type-product","3":"status-publish","4":"has-post-thumbnail","6":"product_cat-chemia-badawcza","8":"first","9":"instock","10":"shipping-taxable","11":"purchasable","12":"product-type-variable","13":"has-default-attributes"},"yoast_head":"<!-- This site is optimized with the Yoast SEO Premium plugin v19.2 (Yoast SEO v27.3) - https:\/\/yoast.com\/product\/yoast-seo-premium-wordpress\/ -->\n<title>Kup proszek chemiczny JWH-210 online - Everyday Chem Shop<\/title>\n<meta name=\"description\" content=\"Kup proszek chemiczny JWH-210 online. Sprzedajemy najwy\u017cszej jako\u015bci proszek JWH-210 online. Prosimy o kontakt, aby uzyska\u0107 wi\u0119cej cen i informacji.\" \/>\n<meta name=\"robots\" content=\"index, follow, max-snippet:-1, max-image-preview:large, max-video-preview:-1\" \/>\n<link rel=\"canonical\" href=\"https:\/\/everydaychemshop.com\/pl\/product\/jwh-210-proszek-chemiczny\/\" \/>\n<meta property=\"og:locale\" content=\"en_US\" \/>\n<meta property=\"og:type\" content=\"article\" \/>\n<meta property=\"og:title\" content=\"Proszek chemiczny JWH-210\" \/>\n<meta property=\"og:description\" content=\"Kup proszek chemiczny JWH-210 online. Sprzedajemy najwy\u017cszej jako\u015bci proszek JWH-210 online. Prosimy o kontakt, aby uzyska\u0107 wi\u0119cej cen i informacji.\" \/>\n<meta property=\"og:url\" content=\"https:\/\/everydaychemshop.com\/pl\/product\/jwh-210-proszek-chemiczny\/\" \/>\n<meta property=\"og:site_name\" content=\"Everyday Chem Shop\" \/>\n<meta property=\"article:modified_time\" content=\"2023-04-07T17:51:06+00:00\" \/>\n<meta property=\"og:image\" content=\"https:\/\/everydaychemshop.com\/pl\/wp-content\/uploads\/sites\/8\/2022\/11\/Buy-JWH-210-Chemical-Powder-Online.jpg\" \/>\n\t<meta property=\"og:image:width\" content=\"600\" \/>\n\t<meta property=\"og:image:height\" content=\"600\" \/>\n\t<meta property=\"og:image:type\" content=\"image\/jpeg\" \/>\n<meta name=\"twitter:card\" content=\"summary_large_image\" \/>\n<meta name=\"twitter:label1\" content=\"Est. reading time\" \/>\n\t<meta name=\"twitter:data1\" content=\"2 minutes\" \/>\n<script type=\"application\/ld+json\" class=\"yoast-schema-graph\">{\"@context\":\"https:\\\/\\\/schema.org\",\"@graph\":[{\"@type\":\"WebPage\",\"@id\":\"https:\\\/\\\/everydaychemshop.com\\\/pl\\\/product\\\/jwh-210-proszek-chemiczny\\\/\",\"url\":\"https:\\\/\\\/everydaychemshop.com\\\/pl\\\/product\\\/jwh-210-proszek-chemiczny\\\/\",\"name\":\"Kup proszek chemiczny JWH-210 online - Everyday Chem Shop\",\"isPartOf\":{\"@id\":\"https:\\\/\\\/everydaychemshop.com\\\/pl\\\/#website\"},\"primaryImageOfPage\":{\"@id\":\"https:\\\/\\\/everydaychemshop.com\\\/pl\\\/product\\\/jwh-210-proszek-chemiczny\\\/#primaryimage\"},\"image\":{\"@id\":\"https:\\\/\\\/everydaychemshop.com\\\/pl\\\/product\\\/jwh-210-proszek-chemiczny\\\/#primaryimage\"},\"thumbnailUrl\":\"https:\\\/\\\/everydaychemshop.com\\\/pl\\\/wp-content\\\/uploads\\\/sites\\\/8\\\/2022\\\/11\\\/Buy-JWH-210-Chemical-Powder-Online.jpg\",\"datePublished\":\"2022-11-19T09:28:30+00:00\",\"dateModified\":\"2023-04-07T17:51:06+00:00\",\"description\":\"Kup proszek chemiczny JWH-210 online. Sprzedajemy najwy\u017cszej jako\u015bci proszek JWH-210 online. Prosimy o kontakt, aby uzyska\u0107 wi\u0119cej cen i informacji.\",\"breadcrumb\":{\"@id\":\"https:\\\/\\\/everydaychemshop.com\\\/pl\\\/product\\\/jwh-210-proszek-chemiczny\\\/#breadcrumb\"},\"inLanguage\":\"en-US\",\"potentialAction\":[{\"@type\":\"ReadAction\",\"target\":[\"https:\\\/\\\/everydaychemshop.com\\\/pl\\\/product\\\/jwh-210-proszek-chemiczny\\\/\"]}]},{\"@type\":\"ImageObject\",\"inLanguage\":\"en-US\",\"@id\":\"https:\\\/\\\/everydaychemshop.com\\\/pl\\\/product\\\/jwh-210-proszek-chemiczny\\\/#primaryimage\",\"url\":\"https:\\\/\\\/everydaychemshop.com\\\/pl\\\/wp-content\\\/uploads\\\/sites\\\/8\\\/2022\\\/11\\\/Buy-JWH-210-Chemical-Powder-Online.jpg\",\"contentUrl\":\"https:\\\/\\\/everydaychemshop.com\\\/pl\\\/wp-content\\\/uploads\\\/sites\\\/8\\\/2022\\\/11\\\/Buy-JWH-210-Chemical-Powder-Online.jpg\",\"width\":600,\"height\":600,\"caption\":\"Kup proszek chemiczny JWH-210 online\"},{\"@type\":\"BreadcrumbList\",\"@id\":\"https:\\\/\\\/everydaychemshop.com\\\/pl\\\/product\\\/jwh-210-proszek-chemiczny\\\/#breadcrumb\",\"itemListElement\":[{\"@type\":\"ListItem\",\"position\":1,\"name\":\"Home\",\"item\":\"https:\\\/\\\/everydaychemshop.com\\\/pl\\\/\"},{\"@type\":\"ListItem\",\"position\":2,\"name\":\"Produkty\",\"item\":\"https:\\\/\\\/everydaychemshop.com\\\/pl\\\/produkty\\\/\"},{\"@type\":\"ListItem\",\"position\":3,\"name\":\"Proszek chemiczny JWH-210\"}]},{\"@type\":\"WebSite\",\"@id\":\"https:\\\/\\\/everydaychemshop.com\\\/pl\\\/#website\",\"url\":\"https:\\\/\\\/everydaychemshop.com\\\/pl\\\/\",\"name\":\"Everyday Chem Shop\",\"description\":\"\",\"potentialAction\":[{\"@type\":\"SearchAction\",\"target\":{\"@type\":\"EntryPoint\",\"urlTemplate\":\"https:\\\/\\\/everydaychemshop.com\\\/pl\\\/?s={search_term_string}\"},\"query-input\":{\"@type\":\"PropertyValueSpecification\",\"valueRequired\":true,\"valueName\":\"search_term_string\"}}],\"inLanguage\":\"en-US\"}]}<\/script>\n<!-- \/ Yoast SEO Premium plugin. -->","yoast_head_json":{"title":"Kup proszek chemiczny JWH-210 online - Everyday Chem Shop","description":"Kup proszek chemiczny JWH-210 online. Sprzedajemy najwy\u017cszej jako\u015bci proszek JWH-210 online. Prosimy o kontakt, aby uzyska\u0107 wi\u0119cej cen i informacji.","robots":{"index":"index","follow":"follow","max-snippet":"max-snippet:-1","max-image-preview":"max-image-preview:large","max-video-preview":"max-video-preview:-1"},"canonical":"https:\/\/everydaychemshop.com\/pl\/product\/jwh-210-proszek-chemiczny\/","og_locale":"en_US","og_type":"article","og_title":"Proszek chemiczny JWH-210","og_description":"Kup proszek chemiczny JWH-210 online. Sprzedajemy najwy\u017cszej jako\u015bci proszek JWH-210 online. Prosimy o kontakt, aby uzyska\u0107 wi\u0119cej cen i informacji.","og_url":"https:\/\/everydaychemshop.com\/pl\/product\/jwh-210-proszek-chemiczny\/","og_site_name":"Everyday Chem Shop","article_modified_time":"2023-04-07T17:51:06+00:00","og_image":[{"width":600,"height":600,"url":"https:\/\/everydaychemshop.com\/pl\/wp-content\/uploads\/sites\/8\/2022\/11\/Buy-JWH-210-Chemical-Powder-Online.jpg","type":"image\/jpeg"}],"twitter_card":"summary_large_image","twitter_misc":{"Est. reading time":"2 minutes"},"schema":{"@context":"https:\/\/schema.org","@graph":[{"@type":"WebPage","@id":"https:\/\/everydaychemshop.com\/pl\/product\/jwh-210-proszek-chemiczny\/","url":"https:\/\/everydaychemshop.com\/pl\/product\/jwh-210-proszek-chemiczny\/","name":"Kup proszek chemiczny JWH-210 online - Everyday Chem Shop","isPartOf":{"@id":"https:\/\/everydaychemshop.com\/pl\/#website"},"primaryImageOfPage":{"@id":"https:\/\/everydaychemshop.com\/pl\/product\/jwh-210-proszek-chemiczny\/#primaryimage"},"image":{"@id":"https:\/\/everydaychemshop.com\/pl\/product\/jwh-210-proszek-chemiczny\/#primaryimage"},"thumbnailUrl":"https:\/\/everydaychemshop.com\/pl\/wp-content\/uploads\/sites\/8\/2022\/11\/Buy-JWH-210-Chemical-Powder-Online.jpg","datePublished":"2022-11-19T09:28:30+00:00","dateModified":"2023-04-07T17:51:06+00:00","description":"Kup proszek chemiczny JWH-210 online. Sprzedajemy najwy\u017cszej jako\u015bci proszek JWH-210 online. Prosimy o kontakt, aby uzyska\u0107 wi\u0119cej cen i informacji.","breadcrumb":{"@id":"https:\/\/everydaychemshop.com\/pl\/product\/jwh-210-proszek-chemiczny\/#breadcrumb"},"inLanguage":"en-US","potentialAction":[{"@type":"ReadAction","target":["https:\/\/everydaychemshop.com\/pl\/product\/jwh-210-proszek-chemiczny\/"]}]},{"@type":"ImageObject","inLanguage":"en-US","@id":"https:\/\/everydaychemshop.com\/pl\/product\/jwh-210-proszek-chemiczny\/#primaryimage","url":"https:\/\/everydaychemshop.com\/pl\/wp-content\/uploads\/sites\/8\/2022\/11\/Buy-JWH-210-Chemical-Powder-Online.jpg","contentUrl":"https:\/\/everydaychemshop.com\/pl\/wp-content\/uploads\/sites\/8\/2022\/11\/Buy-JWH-210-Chemical-Powder-Online.jpg","width":600,"height":600,"caption":"Kup proszek chemiczny JWH-210 online"},{"@type":"BreadcrumbList","@id":"https:\/\/everydaychemshop.com\/pl\/product\/jwh-210-proszek-chemiczny\/#breadcrumb","itemListElement":[{"@type":"ListItem","position":1,"name":"Home","item":"https:\/\/everydaychemshop.com\/pl\/"},{"@type":"ListItem","position":2,"name":"Produkty","item":"https:\/\/everydaychemshop.com\/pl\/produkty\/"},{"@type":"ListItem","position":3,"name":"Proszek chemiczny JWH-210"}]},{"@type":"WebSite","@id":"https:\/\/everydaychemshop.com\/pl\/#website","url":"https:\/\/everydaychemshop.com\/pl\/","name":"Everyday Chem Shop","description":"","potentialAction":[{"@type":"SearchAction","target":{"@type":"EntryPoint","urlTemplate":"https:\/\/everydaychemshop.com\/pl\/?s={search_term_string}"},"query-input":{"@type":"PropertyValueSpecification","valueRequired":true,"valueName":"search_term_string"}}],"inLanguage":"en-US"}]}},"_links":{"self":[{"href":"https:\/\/everydaychemshop.com\/pl\/wp-json\/wp\/v2\/product\/8157","targetHints":{"allow":["GET"]}}],"collection":[{"href":"https:\/\/everydaychemshop.com\/pl\/wp-json\/wp\/v2\/product"}],"about":[{"href":"https:\/\/everydaychemshop.com\/pl\/wp-json\/wp\/v2\/types\/product"}],"replies":[{"embeddable":true,"href":"https:\/\/everydaychemshop.com\/pl\/wp-json\/wp\/v2\/comments?post=8157"}],"wp:featuredmedia":[{"embeddable":true,"href":"https:\/\/everydaychemshop.com\/pl\/wp-json\/wp\/v2\/media\/8160"}],"wp:attachment":[{"href":"https:\/\/everydaychemshop.com\/pl\/wp-json\/wp\/v2\/media?parent=8157"}],"wp:term":[{"taxonomy":"product_brand","embeddable":true,"href":"https:\/\/everydaychemshop.com\/pl\/wp-json\/wp\/v2\/product_brand?post=8157"},{"taxonomy":"product_cat","embeddable":true,"href":"https:\/\/everydaychemshop.com\/pl\/wp-json\/wp\/v2\/product_cat?post=8157"},{"taxonomy":"product_tag","embeddable":true,"href":"https:\/\/everydaychemshop.com\/pl\/wp-json\/wp\/v2\/product_tag?post=8157"}],"curies":[{"name":"wp","href":"https:\/\/api.w.org\/{rel}","templated":true}]}}