{"id":8251,"date":"2022-11-20T06:07:35","date_gmt":"2022-11-20T06:07:35","guid":{"rendered":"https:\/\/everydaychemshop.com\/pl\/?post_type=product&#038;p=8251"},"modified":"2023-04-07T17:33:25","modified_gmt":"2023-04-07T17:33:25","slug":"ak-47-marihuana","status":"publish","type":"product","link":"https:\/\/everydaychemshop.com\/pl\/product\/ak-47-marihuana\/","title":{"rendered":"AK-47 Marihuana"},"content":{"rendered":"<h1 id=\"description\">Kup Szczep AK-47 przez Internet<\/h1>\n<div class=\"field-name-field-description field-items\">\n<p><a href=\"https:\/\/everydaychemshop.com\/pl\/product\/ak-47-marihuana\/\">Kup Szczep AK-47 przez Internet<\/a>. Ta \u0142atwa w uprawie ro\u015blina jest nasz\u0105 najpopularniejsz\u0105 ze wzgl\u0119du na jej znakomita jako\u015b\u0107. Odmiana <em>AK-47<\/em>\u00a0by\u0142a cz\u0119sto kopiowana lub u\u017cywana przez inne firmy nasienne do krzy\u017c\u00f3wek.<\/p>\n<p>Ta ro\u015blina jest \u015bredniej wysoko\u015bci i do\u015b\u0107 szybko daje bardzo dobre plony. <strong>Niezwykle SILNY zapach i dym<\/strong>. Zachowaj szczeg\u00f3ln\u0105 ostro\u017cno\u015b\u0107 podczas uprawy w pobli\u017cu s\u0105siad\u00f3w!<\/p>\n<p>Nazwa zosta\u0142a nadana nie z powodu jakiejkolwiek idei przemocy, ale bardziej w zwi\u0105zku z \u201ecudem <a href=\"https:\/\/en.wikipedia.org\/wiki\/Cannabidiol\">jednego<\/a> przeboju\u201d, jakim jest dym. Po jego wprowadzeniu go\u015bcie coffeshop\u00f3w w Amsterdamie regularnie tracili przytomno\u015b\u0107 po za\u017cyciu\u00a0<em>szczepu AK47<\/em>. Jako\u015b\u0107 bez kompromis\u00f3w sprawia, \u017ce \u200b\u200bnasiona AK47 nadaj\u0105 si\u0119 do uprawy komercyjnej lub domowej. Jak na krzy\u017c\u00f3wk\u0119 z przewag\u0105 sativy, ro\u015bliny te maj\u0105 kr\u00f3tki okres kwitnienia, wytwarzaj\u0105c zwarte p\u0105ki z kilkoma li\u015b\u0107mi, kt\u00f3re b\u0142yszcz\u0105\u00a0<strong>pow\u0142ok\u0105 kryszta\u0142\u00f3w \u017cywicy<\/strong>.<\/p>\n<p><strong>Zdobycie 27\u00a0nagr\u00f3d (! !!) w zawodach konopnych<\/strong>\u00a0dowodzi, \u017ce jest ulubion\u0105 zar\u00f3wno do uprawy, jak i palenia.<\/p>\n<p>Dostarcza bardzo silnego, d\u0142ugotrwa\u0142ego i przyjemnego haju. W 1999 roku podczas Cannabis Cup niezale\u017cny test laboratoryjny\u00a0<strong>udowodni\u0142<\/strong>\u00a0<em>AK47<\/em>\u00a0chwast mia\u0142\u00a0<strong>najwy\u017cszy procent THC spo\u015br\u00f3d wszystkich zg\u0142oszonych w tym roku<\/strong>. <strong>Ro\u015blina lecznicza doskona\u0142a do \u0142agodzenia b\u00f3lu<\/strong>.<\/p>\n<\/div>\n","protected":false},"excerpt":{"rendered":"<p>Szczep AK-47 to nasza najpopularniejsza odmiana. Jest to \u0142atwa w uprawie ro\u015blina, kt\u00f3ra zdoby\u0142a ponad 27 nagr\u00f3d i jest oficjalnie najcz\u0119\u015bciej nagradzan\u0105 odmian\u0105 konopi na rynku. Nasz szczep AK47 by\u0142 cz\u0119sto kopiowany lub u\u017cywany przez inne firmy nasienne do ulepszania krzy\u017c\u00f3wek.<\/p>\n","protected":false},"featured_media":8253,"comment_status":"open","ping_status":"closed","template":"","meta":{"inline_featured_image":false},"product_brand":[],"product_cat":[60],"product_tag":[],"class_list":{"0":"post-8251","1":"product","2":"type-product","3":"status-publish","4":"has-post-thumbnail","6":"product_cat-cbd-kwiat-konopi","8":"first","9":"instock","10":"sale","11":"shipping-taxable","12":"purchasable","13":"product-type-variable","14":"has-default-attributes"},"yoast_head":"<!-- This site is optimized with the Yoast SEO Premium plugin v19.2 (Yoast SEO v27.3) - https:\/\/yoast.com\/product\/yoast-seo-premium-wordpress\/ -->\n<title>Kup Szczep AK-47 przez Internet - Everyday Chem Shop<\/title>\n<meta name=\"description\" content=\"Kup Szczep AK-47 przez Internet. Sprzedajemy najwy\u017cszej jako\u015bci szczep AK-47 online. Prosimy o kontakt w celu uzyskania dalszych informacji i cen.\" \/>\n<meta name=\"robots\" content=\"index, follow, max-snippet:-1, max-image-preview:large, max-video-preview:-1\" \/>\n<link rel=\"canonical\" href=\"https:\/\/everydaychemshop.com\/pl\/product\/ak-47-marihuana\/\" \/>\n<meta property=\"og:locale\" content=\"en_US\" \/>\n<meta property=\"og:type\" content=\"article\" \/>\n<meta property=\"og:title\" content=\"AK-47 Marihuana\" \/>\n<meta property=\"og:description\" content=\"Kup Szczep AK-47 przez Internet. Sprzedajemy najwy\u017cszej jako\u015bci szczep AK-47 online. Prosimy o kontakt w celu uzyskania dalszych informacji i cen.\" \/>\n<meta property=\"og:url\" content=\"https:\/\/everydaychemshop.com\/pl\/product\/ak-47-marihuana\/\" \/>\n<meta property=\"og:site_name\" content=\"Everyday Chem Shop\" \/>\n<meta property=\"article:modified_time\" content=\"2023-04-07T17:33:25+00:00\" \/>\n<meta property=\"og:image\" content=\"https:\/\/everydaychemshop.com\/pl\/wp-content\/uploads\/sites\/8\/2022\/11\/1-4.jpg\" \/>\n\t<meta property=\"og:image:width\" content=\"300\" \/>\n\t<meta property=\"og:image:height\" content=\"300\" \/>\n\t<meta property=\"og:image:type\" content=\"image\/jpeg\" \/>\n<meta name=\"twitter:card\" content=\"summary_large_image\" \/>\n<meta name=\"twitter:label1\" content=\"Est. reading time\" \/>\n\t<meta name=\"twitter:data1\" content=\"1 minute\" \/>\n<script type=\"application\/ld+json\" class=\"yoast-schema-graph\">{\"@context\":\"https:\\\/\\\/schema.org\",\"@graph\":[{\"@type\":\"WebPage\",\"@id\":\"https:\\\/\\\/everydaychemshop.com\\\/pl\\\/product\\\/ak-47-marihuana\\\/\",\"url\":\"https:\\\/\\\/everydaychemshop.com\\\/pl\\\/product\\\/ak-47-marihuana\\\/\",\"name\":\"Kup Szczep AK-47 przez Internet - Everyday Chem Shop\",\"isPartOf\":{\"@id\":\"https:\\\/\\\/everydaychemshop.com\\\/pl\\\/#website\"},\"primaryImageOfPage\":{\"@id\":\"https:\\\/\\\/everydaychemshop.com\\\/pl\\\/product\\\/ak-47-marihuana\\\/#primaryimage\"},\"image\":{\"@id\":\"https:\\\/\\\/everydaychemshop.com\\\/pl\\\/product\\\/ak-47-marihuana\\\/#primaryimage\"},\"thumbnailUrl\":\"https:\\\/\\\/everydaychemshop.com\\\/pl\\\/wp-content\\\/uploads\\\/sites\\\/8\\\/2022\\\/11\\\/1-4.jpg\",\"datePublished\":\"2022-11-20T06:07:35+00:00\",\"dateModified\":\"2023-04-07T17:33:25+00:00\",\"description\":\"Kup Szczep AK-47 przez Internet. Sprzedajemy najwy\u017cszej jako\u015bci szczep AK-47 online. Prosimy o kontakt w celu uzyskania dalszych informacji i cen.\",\"breadcrumb\":{\"@id\":\"https:\\\/\\\/everydaychemshop.com\\\/pl\\\/product\\\/ak-47-marihuana\\\/#breadcrumb\"},\"inLanguage\":\"en-US\",\"potentialAction\":[{\"@type\":\"ReadAction\",\"target\":[\"https:\\\/\\\/everydaychemshop.com\\\/pl\\\/product\\\/ak-47-marihuana\\\/\"]}]},{\"@type\":\"ImageObject\",\"inLanguage\":\"en-US\",\"@id\":\"https:\\\/\\\/everydaychemshop.com\\\/pl\\\/product\\\/ak-47-marihuana\\\/#primaryimage\",\"url\":\"https:\\\/\\\/everydaychemshop.com\\\/pl\\\/wp-content\\\/uploads\\\/sites\\\/8\\\/2022\\\/11\\\/1-4.jpg\",\"contentUrl\":\"https:\\\/\\\/everydaychemshop.com\\\/pl\\\/wp-content\\\/uploads\\\/sites\\\/8\\\/2022\\\/11\\\/1-4.jpg\",\"width\":300,\"height\":300,\"caption\":\"Kup Szczep AK-47 przez Internet\"},{\"@type\":\"BreadcrumbList\",\"@id\":\"https:\\\/\\\/everydaychemshop.com\\\/pl\\\/product\\\/ak-47-marihuana\\\/#breadcrumb\",\"itemListElement\":[{\"@type\":\"ListItem\",\"position\":1,\"name\":\"Home\",\"item\":\"https:\\\/\\\/everydaychemshop.com\\\/pl\\\/\"},{\"@type\":\"ListItem\",\"position\":2,\"name\":\"Produkty\",\"item\":\"https:\\\/\\\/everydaychemshop.com\\\/pl\\\/produkty\\\/\"},{\"@type\":\"ListItem\",\"position\":3,\"name\":\"AK-47 Marihuana\"}]},{\"@type\":\"WebSite\",\"@id\":\"https:\\\/\\\/everydaychemshop.com\\\/pl\\\/#website\",\"url\":\"https:\\\/\\\/everydaychemshop.com\\\/pl\\\/\",\"name\":\"Everyday Chem Shop\",\"description\":\"\",\"potentialAction\":[{\"@type\":\"SearchAction\",\"target\":{\"@type\":\"EntryPoint\",\"urlTemplate\":\"https:\\\/\\\/everydaychemshop.com\\\/pl\\\/?s={search_term_string}\"},\"query-input\":{\"@type\":\"PropertyValueSpecification\",\"valueRequired\":true,\"valueName\":\"search_term_string\"}}],\"inLanguage\":\"en-US\"}]}<\/script>\n<!-- \/ Yoast SEO Premium plugin. -->","yoast_head_json":{"title":"Kup Szczep AK-47 przez Internet - Everyday Chem Shop","description":"Kup Szczep AK-47 przez Internet. Sprzedajemy najwy\u017cszej jako\u015bci szczep AK-47 online. Prosimy o kontakt w celu uzyskania dalszych informacji i cen.","robots":{"index":"index","follow":"follow","max-snippet":"max-snippet:-1","max-image-preview":"max-image-preview:large","max-video-preview":"max-video-preview:-1"},"canonical":"https:\/\/everydaychemshop.com\/pl\/product\/ak-47-marihuana\/","og_locale":"en_US","og_type":"article","og_title":"AK-47 Marihuana","og_description":"Kup Szczep AK-47 przez Internet. Sprzedajemy najwy\u017cszej jako\u015bci szczep AK-47 online. Prosimy o kontakt w celu uzyskania dalszych informacji i cen.","og_url":"https:\/\/everydaychemshop.com\/pl\/product\/ak-47-marihuana\/","og_site_name":"Everyday Chem Shop","article_modified_time":"2023-04-07T17:33:25+00:00","og_image":[{"width":300,"height":300,"url":"https:\/\/everydaychemshop.com\/pl\/wp-content\/uploads\/sites\/8\/2022\/11\/1-4.jpg","type":"image\/jpeg"}],"twitter_card":"summary_large_image","twitter_misc":{"Est. reading time":"1 minute"},"schema":{"@context":"https:\/\/schema.org","@graph":[{"@type":"WebPage","@id":"https:\/\/everydaychemshop.com\/pl\/product\/ak-47-marihuana\/","url":"https:\/\/everydaychemshop.com\/pl\/product\/ak-47-marihuana\/","name":"Kup Szczep AK-47 przez Internet - Everyday Chem Shop","isPartOf":{"@id":"https:\/\/everydaychemshop.com\/pl\/#website"},"primaryImageOfPage":{"@id":"https:\/\/everydaychemshop.com\/pl\/product\/ak-47-marihuana\/#primaryimage"},"image":{"@id":"https:\/\/everydaychemshop.com\/pl\/product\/ak-47-marihuana\/#primaryimage"},"thumbnailUrl":"https:\/\/everydaychemshop.com\/pl\/wp-content\/uploads\/sites\/8\/2022\/11\/1-4.jpg","datePublished":"2022-11-20T06:07:35+00:00","dateModified":"2023-04-07T17:33:25+00:00","description":"Kup Szczep AK-47 przez Internet. Sprzedajemy najwy\u017cszej jako\u015bci szczep AK-47 online. Prosimy o kontakt w celu uzyskania dalszych informacji i cen.","breadcrumb":{"@id":"https:\/\/everydaychemshop.com\/pl\/product\/ak-47-marihuana\/#breadcrumb"},"inLanguage":"en-US","potentialAction":[{"@type":"ReadAction","target":["https:\/\/everydaychemshop.com\/pl\/product\/ak-47-marihuana\/"]}]},{"@type":"ImageObject","inLanguage":"en-US","@id":"https:\/\/everydaychemshop.com\/pl\/product\/ak-47-marihuana\/#primaryimage","url":"https:\/\/everydaychemshop.com\/pl\/wp-content\/uploads\/sites\/8\/2022\/11\/1-4.jpg","contentUrl":"https:\/\/everydaychemshop.com\/pl\/wp-content\/uploads\/sites\/8\/2022\/11\/1-4.jpg","width":300,"height":300,"caption":"Kup Szczep AK-47 przez Internet"},{"@type":"BreadcrumbList","@id":"https:\/\/everydaychemshop.com\/pl\/product\/ak-47-marihuana\/#breadcrumb","itemListElement":[{"@type":"ListItem","position":1,"name":"Home","item":"https:\/\/everydaychemshop.com\/pl\/"},{"@type":"ListItem","position":2,"name":"Produkty","item":"https:\/\/everydaychemshop.com\/pl\/produkty\/"},{"@type":"ListItem","position":3,"name":"AK-47 Marihuana"}]},{"@type":"WebSite","@id":"https:\/\/everydaychemshop.com\/pl\/#website","url":"https:\/\/everydaychemshop.com\/pl\/","name":"Everyday Chem Shop","description":"","potentialAction":[{"@type":"SearchAction","target":{"@type":"EntryPoint","urlTemplate":"https:\/\/everydaychemshop.com\/pl\/?s={search_term_string}"},"query-input":{"@type":"PropertyValueSpecification","valueRequired":true,"valueName":"search_term_string"}}],"inLanguage":"en-US"}]}},"_links":{"self":[{"href":"https:\/\/everydaychemshop.com\/pl\/wp-json\/wp\/v2\/product\/8251","targetHints":{"allow":["GET"]}}],"collection":[{"href":"https:\/\/everydaychemshop.com\/pl\/wp-json\/wp\/v2\/product"}],"about":[{"href":"https:\/\/everydaychemshop.com\/pl\/wp-json\/wp\/v2\/types\/product"}],"replies":[{"embeddable":true,"href":"https:\/\/everydaychemshop.com\/pl\/wp-json\/wp\/v2\/comments?post=8251"}],"wp:featuredmedia":[{"embeddable":true,"href":"https:\/\/everydaychemshop.com\/pl\/wp-json\/wp\/v2\/media\/8253"}],"wp:attachment":[{"href":"https:\/\/everydaychemshop.com\/pl\/wp-json\/wp\/v2\/media?parent=8251"}],"wp:term":[{"taxonomy":"product_brand","embeddable":true,"href":"https:\/\/everydaychemshop.com\/pl\/wp-json\/wp\/v2\/product_brand?post=8251"},{"taxonomy":"product_cat","embeddable":true,"href":"https:\/\/everydaychemshop.com\/pl\/wp-json\/wp\/v2\/product_cat?post=8251"},{"taxonomy":"product_tag","embeddable":true,"href":"https:\/\/everydaychemshop.com\/pl\/wp-json\/wp\/v2\/product_tag?post=8251"}],"curies":[{"name":"wp","href":"https:\/\/api.w.org\/{rel}","templated":true}]}}