{"id":8258,"date":"2022-11-20T06:13:42","date_gmt":"2022-11-20T06:13:42","guid":{"rendered":"https:\/\/everydaychemshop.com\/pl\/?post_type=product&#038;p=8258"},"modified":"2024-12-22T02:08:12","modified_gmt":"2024-12-22T02:08:12","slug":"amnesia-haze-marihuana","status":"publish","type":"product","link":"https:\/\/everydaychemshop.com\/pl\/product\/amnesia-haze-marihuana\/","title":{"rendered":"Marihuana Amnesia Haze"},"content":{"rendered":"<h1>Kup odmian\u0119 Amnesia Haze przez Internet<\/h1>\n<p><a href=\"https:\/\/everydaychemshop.com\/pl\/product\/amnesia-haze-marihuana\/\">Kup odmian\u0119 Amnesia Haze przez Internet<\/a>. Z ziemistymi smakami cytryn i cytrus\u00f3w, Amnesia\u00a0Haze to idealna\u00a0<b>szczep sativa<\/b>\u00a0na rozpocz\u0119cie dnia z u\u015bmiechem. Podnosz\u0105cy na duchu, energetyczny szum to co\u015b, czego szybko nie zapomnisz. \u2026 Z ziemistymi smakami cytryn i cytrus\u00f3w, Amnesia Haze to idealna odmiana sativa, aby rozpocz\u0105\u0107 dzie\u0144 z u\u015bmiechem.<\/p>\n<div class=\"wWOJcd\" role=\"button\" aria-labelledby=\"exacc_VJZrYdLkLtGbgQaatL7QCA58\"><\/div>\n<div id=\"exacc_VJZrYdLkLtGbgQaatL7QCA59\" class=\"MBtdbb\" data-ved=\"2ahUKEwjS3vu0vtDzAhXRTcAKHRqaD4oQ7NUEegQIPxAD\">\n<div class=\" ymu2Hb\">\n<div id=\"_VJZrYdLkLtGbgQaatL7QCA60\" class=\"t0bRye r2fjmd\" data-hveid=\"CD8QBA\" data-ved=\"2ahUKEwjS3vu0vtDzAhXRTcAKHRqaD4oQu04oAHoECD8QBA\">\n<div id=\"VJZrYdLkLtGbgQaatL7QCA__37\">\n<div class=\"wDYxhc\" data-md=\"61\">\n<div class=\"LGOjhe\" role=\"heading\" data-attrid=\"wa:\/description\" data-hveid=\"CDIQAA\"><span class=\"ILfuVd NA6bn\"> <span class=\"hgKElc\">W przeciwie\u0144stwie do nazwy,\u00a0<b>Amnesia Haze tak naprawd\u0119 nie sprawi, \u017ce b\u0119dziesz na haju<\/b>\u00a0i odpadnie umys\u0142u, \u017ce zaczniesz o wszystkim zapomina\u0107. Wr\u0119cz przeciwnie, ma tendencj\u0119 do wzbudzania <a href=\"https:\/\/en.wikipedia.org\/wiki\/Cannabidiol\">zainteresowania<\/a> kreatywnymi uj\u015bciami, powoduj\u0105c przyp\u0142yw motywacji i energii produkcyjnej.<\/span><\/span><\/div>\n<div role=\"heading\" data-attrid=\" wa:\/description\" data-hveid=\"CDIQAA\">\n<div class=\"wWOJcd\" role=\"button\" aria-labelledby=\"exacc_VJZrYdLkLtGbgQaatL7QCA53\"><\/div>\n<div id=\"exacc_VJZrYdLkLtGbgQaatL7QCA54\" class=\"MBtdbb\" data-ved=\"2ahUKEwjS3vu0vtDzAhXRTcAKHRqaD4oQ7NUEegQIOhAD\">\n<div class=\"ymu2Hb\">\n<div id=\"_VJZrYdLkLtGbgQaatL7QCA56\" class=\"t0bRye r2fjmd\" data-hveid=\"CDoQBA\" data-ved=\"2ahUKEwjS3vu0vtDzAhXRTcAKHRqaD4oQu04oAHoECDoQBA\">\n<div id=\"VJZrYdLkLtGbgQaatL7QCA__40\">\n<div class=\"wDYxhc\" data-md=\"61\">\n<div class=\"\" role=\"LGOjhe\" data-attrid=\"wa:\/description\" data-hveid=\"CDMQAA\"><span class=\"ILfuVd NA6bn\"><span class=\"hgKElc\">Bior\u0105c pod uwag\u0119 jego nastr\u00f3j- wzmacniaj\u0105c efekty, wiele os\u00f3b poleca Amnesia Haze na\u00a0<b>niepok\u00f3j<\/b>. Istniej\u0105 pewne dowody na to, \u017ce jego najbardziej aktywny sk\u0142adnik, THC, mo\u017ce pom\u00f3c niekt\u00f3rym ludziom si\u0119 zrelaksowa\u0107. Niestety, mo\u017ce to nie dotyczy\u0107 wszystkich. Pochodzenie Amnesia Haze obejmuje kilka szczep\u00f3w o wysokiej zawarto\u015bci THC.<\/span><\/span><\/div>\n<\/div>\n<\/div>\n<\/div>\n<\/div>\n<\/div>\n<\/div>\n<\/div>\n<\/div>\n<\/div>\n<\/div>\n<\/div>\n","protected":false},"excerpt":{"rendered":"<p>Dzi\u0119ki ziemistym smakom cytryn i cytrus\u00f3w Amnesia Haze to idealna odmiana, aby rozpocz\u0105\u0107 dzie\u0144 z u\u015bmiechem. Podnosz\u0105cy na duchu, energetyczny szum to co\u015b, czego szybko nie zapomnisz. Jej genetyka wywodzi si\u0119 z po\u0142udniowoazjatyckich i jamajskich szczep\u00f3w ras l\u0105dowych, a ten zwyci\u0119zca Cannabis Cup (1. miejsce 2004, 1. miejsce Sativa Cup 2012) zosta\u0142 spopularyzowany w kawiarniach w Amsterdamie.<\/p>\n","protected":false},"featured_media":8260,"comment_status":"open","ping_status":"closed","template":"","meta":{"inline_featured_image":false},"product_brand":[],"product_cat":[60],"product_tag":[],"class_list":{"0":"post-8258","1":"product","2":"type-product","3":"status-publish","4":"has-post-thumbnail","6":"product_cat-cbd-kwiat-konopi","8":"first","9":"instock","10":"shipping-taxable","11":"purchasable","12":"product-type-variable","13":"has-default-attributes"},"yoast_head":"<!-- This site is optimized with the Yoast SEO Premium plugin v19.2 (Yoast SEO v27.3) - https:\/\/yoast.com\/product\/yoast-seo-premium-wordpress\/ -->\n<title>Kup odmian\u0119 Amnesia Haze przez Internet - Everyday Chem Shop<\/title>\n<meta name=\"description\" content=\"Kup odmian\u0119 Amnesia Haze przez Internet. Sprzedajemy online najwy\u017cszej jako\u015bci szczep Amnesia Haze. Prosimy o kontakt w celu uzyskania dalszych informacji i cen.\" \/>\n<meta name=\"robots\" content=\"index, follow, max-snippet:-1, max-image-preview:large, max-video-preview:-1\" \/>\n<link rel=\"canonical\" href=\"https:\/\/everydaychemshop.com\/pl\/product\/amnesia-haze-marihuana\/\" \/>\n<meta property=\"og:locale\" content=\"en_US\" \/>\n<meta property=\"og:type\" content=\"article\" \/>\n<meta property=\"og:title\" content=\"Marihuana Amnesia Haze\" \/>\n<meta property=\"og:description\" content=\"Kup odmian\u0119 Amnesia Haze przez Internet. Sprzedajemy online najwy\u017cszej jako\u015bci szczep Amnesia Haze. Prosimy o kontakt w celu uzyskania dalszych informacji i cen.\" \/>\n<meta property=\"og:url\" content=\"https:\/\/everydaychemshop.com\/pl\/product\/amnesia-haze-marihuana\/\" \/>\n<meta property=\"og:site_name\" content=\"Everyday Chem Shop\" \/>\n<meta property=\"article:modified_time\" content=\"2024-12-22T02:08:12+00:00\" \/>\n<meta property=\"og:image\" content=\"https:\/\/everydaychemshop.com\/pl\/wp-content\/uploads\/sites\/8\/2022\/11\/Amnesia-haze.jpg\" \/>\n\t<meta property=\"og:image:width\" content=\"620\" \/>\n\t<meta property=\"og:image:height\" content=\"620\" \/>\n\t<meta property=\"og:image:type\" content=\"image\/jpeg\" \/>\n<meta name=\"twitter:card\" content=\"summary_large_image\" \/>\n<meta name=\"twitter:label1\" content=\"Est. reading time\" \/>\n\t<meta name=\"twitter:data1\" content=\"1 minute\" \/>\n<script type=\"application\/ld+json\" class=\"yoast-schema-graph\">{\"@context\":\"https:\\\/\\\/schema.org\",\"@graph\":[{\"@type\":\"WebPage\",\"@id\":\"https:\\\/\\\/everydaychemshop.com\\\/pl\\\/product\\\/amnesia-haze-marihuana\\\/\",\"url\":\"https:\\\/\\\/everydaychemshop.com\\\/pl\\\/product\\\/amnesia-haze-marihuana\\\/\",\"name\":\"Kup odmian\u0119 Amnesia Haze przez Internet - Everyday Chem Shop\",\"isPartOf\":{\"@id\":\"https:\\\/\\\/everydaychemshop.com\\\/pl\\\/#website\"},\"primaryImageOfPage\":{\"@id\":\"https:\\\/\\\/everydaychemshop.com\\\/pl\\\/product\\\/amnesia-haze-marihuana\\\/#primaryimage\"},\"image\":{\"@id\":\"https:\\\/\\\/everydaychemshop.com\\\/pl\\\/product\\\/amnesia-haze-marihuana\\\/#primaryimage\"},\"thumbnailUrl\":\"https:\\\/\\\/everydaychemshop.com\\\/pl\\\/wp-content\\\/uploads\\\/sites\\\/8\\\/2022\\\/11\\\/Amnesia-haze.jpg\",\"datePublished\":\"2022-11-20T06:13:42+00:00\",\"dateModified\":\"2024-12-22T02:08:12+00:00\",\"description\":\"Kup odmian\u0119 Amnesia Haze przez Internet. Sprzedajemy online najwy\u017cszej jako\u015bci szczep Amnesia Haze. Prosimy o kontakt w celu uzyskania dalszych informacji i cen.\",\"breadcrumb\":{\"@id\":\"https:\\\/\\\/everydaychemshop.com\\\/pl\\\/product\\\/amnesia-haze-marihuana\\\/#breadcrumb\"},\"inLanguage\":\"en-US\",\"potentialAction\":[{\"@type\":\"ReadAction\",\"target\":[\"https:\\\/\\\/everydaychemshop.com\\\/pl\\\/product\\\/amnesia-haze-marihuana\\\/\"]}]},{\"@type\":\"ImageObject\",\"inLanguage\":\"en-US\",\"@id\":\"https:\\\/\\\/everydaychemshop.com\\\/pl\\\/product\\\/amnesia-haze-marihuana\\\/#primaryimage\",\"url\":\"https:\\\/\\\/everydaychemshop.com\\\/pl\\\/wp-content\\\/uploads\\\/sites\\\/8\\\/2022\\\/11\\\/Amnesia-haze.jpg\",\"contentUrl\":\"https:\\\/\\\/everydaychemshop.com\\\/pl\\\/wp-content\\\/uploads\\\/sites\\\/8\\\/2022\\\/11\\\/Amnesia-haze.jpg\",\"width\":620,\"height\":620,\"caption\":\"Kup odmian\u0119 Amnesia Haze przez Internet\"},{\"@type\":\"BreadcrumbList\",\"@id\":\"https:\\\/\\\/everydaychemshop.com\\\/pl\\\/product\\\/amnesia-haze-marihuana\\\/#breadcrumb\",\"itemListElement\":[{\"@type\":\"ListItem\",\"position\":1,\"name\":\"Home\",\"item\":\"https:\\\/\\\/everydaychemshop.com\\\/pl\\\/\"},{\"@type\":\"ListItem\",\"position\":2,\"name\":\"Produkty\",\"item\":\"https:\\\/\\\/everydaychemshop.com\\\/pl\\\/produkty\\\/\"},{\"@type\":\"ListItem\",\"position\":3,\"name\":\"Marihuana Amnesia Haze\"}]},{\"@type\":\"WebSite\",\"@id\":\"https:\\\/\\\/everydaychemshop.com\\\/pl\\\/#website\",\"url\":\"https:\\\/\\\/everydaychemshop.com\\\/pl\\\/\",\"name\":\"Everyday Chem Shop\",\"description\":\"\",\"potentialAction\":[{\"@type\":\"SearchAction\",\"target\":{\"@type\":\"EntryPoint\",\"urlTemplate\":\"https:\\\/\\\/everydaychemshop.com\\\/pl\\\/?s={search_term_string}\"},\"query-input\":{\"@type\":\"PropertyValueSpecification\",\"valueRequired\":true,\"valueName\":\"search_term_string\"}}],\"inLanguage\":\"en-US\"}]}<\/script>\n<!-- \/ Yoast SEO Premium plugin. -->","yoast_head_json":{"title":"Kup odmian\u0119 Amnesia Haze przez Internet - Everyday Chem Shop","description":"Kup odmian\u0119 Amnesia Haze przez Internet. Sprzedajemy online najwy\u017cszej jako\u015bci szczep Amnesia Haze. Prosimy o kontakt w celu uzyskania dalszych informacji i cen.","robots":{"index":"index","follow":"follow","max-snippet":"max-snippet:-1","max-image-preview":"max-image-preview:large","max-video-preview":"max-video-preview:-1"},"canonical":"https:\/\/everydaychemshop.com\/pl\/product\/amnesia-haze-marihuana\/","og_locale":"en_US","og_type":"article","og_title":"Marihuana Amnesia Haze","og_description":"Kup odmian\u0119 Amnesia Haze przez Internet. Sprzedajemy online najwy\u017cszej jako\u015bci szczep Amnesia Haze. Prosimy o kontakt w celu uzyskania dalszych informacji i cen.","og_url":"https:\/\/everydaychemshop.com\/pl\/product\/amnesia-haze-marihuana\/","og_site_name":"Everyday Chem Shop","article_modified_time":"2024-12-22T02:08:12+00:00","og_image":[{"width":620,"height":620,"url":"https:\/\/everydaychemshop.com\/pl\/wp-content\/uploads\/sites\/8\/2022\/11\/Amnesia-haze.jpg","type":"image\/jpeg"}],"twitter_card":"summary_large_image","twitter_misc":{"Est. reading time":"1 minute"},"schema":{"@context":"https:\/\/schema.org","@graph":[{"@type":"WebPage","@id":"https:\/\/everydaychemshop.com\/pl\/product\/amnesia-haze-marihuana\/","url":"https:\/\/everydaychemshop.com\/pl\/product\/amnesia-haze-marihuana\/","name":"Kup odmian\u0119 Amnesia Haze przez Internet - Everyday Chem Shop","isPartOf":{"@id":"https:\/\/everydaychemshop.com\/pl\/#website"},"primaryImageOfPage":{"@id":"https:\/\/everydaychemshop.com\/pl\/product\/amnesia-haze-marihuana\/#primaryimage"},"image":{"@id":"https:\/\/everydaychemshop.com\/pl\/product\/amnesia-haze-marihuana\/#primaryimage"},"thumbnailUrl":"https:\/\/everydaychemshop.com\/pl\/wp-content\/uploads\/sites\/8\/2022\/11\/Amnesia-haze.jpg","datePublished":"2022-11-20T06:13:42+00:00","dateModified":"2024-12-22T02:08:12+00:00","description":"Kup odmian\u0119 Amnesia Haze przez Internet. Sprzedajemy online najwy\u017cszej jako\u015bci szczep Amnesia Haze. Prosimy o kontakt w celu uzyskania dalszych informacji i cen.","breadcrumb":{"@id":"https:\/\/everydaychemshop.com\/pl\/product\/amnesia-haze-marihuana\/#breadcrumb"},"inLanguage":"en-US","potentialAction":[{"@type":"ReadAction","target":["https:\/\/everydaychemshop.com\/pl\/product\/amnesia-haze-marihuana\/"]}]},{"@type":"ImageObject","inLanguage":"en-US","@id":"https:\/\/everydaychemshop.com\/pl\/product\/amnesia-haze-marihuana\/#primaryimage","url":"https:\/\/everydaychemshop.com\/pl\/wp-content\/uploads\/sites\/8\/2022\/11\/Amnesia-haze.jpg","contentUrl":"https:\/\/everydaychemshop.com\/pl\/wp-content\/uploads\/sites\/8\/2022\/11\/Amnesia-haze.jpg","width":620,"height":620,"caption":"Kup odmian\u0119 Amnesia Haze przez Internet"},{"@type":"BreadcrumbList","@id":"https:\/\/everydaychemshop.com\/pl\/product\/amnesia-haze-marihuana\/#breadcrumb","itemListElement":[{"@type":"ListItem","position":1,"name":"Home","item":"https:\/\/everydaychemshop.com\/pl\/"},{"@type":"ListItem","position":2,"name":"Produkty","item":"https:\/\/everydaychemshop.com\/pl\/produkty\/"},{"@type":"ListItem","position":3,"name":"Marihuana Amnesia Haze"}]},{"@type":"WebSite","@id":"https:\/\/everydaychemshop.com\/pl\/#website","url":"https:\/\/everydaychemshop.com\/pl\/","name":"Everyday Chem Shop","description":"","potentialAction":[{"@type":"SearchAction","target":{"@type":"EntryPoint","urlTemplate":"https:\/\/everydaychemshop.com\/pl\/?s={search_term_string}"},"query-input":{"@type":"PropertyValueSpecification","valueRequired":true,"valueName":"search_term_string"}}],"inLanguage":"en-US"}]}},"_links":{"self":[{"href":"https:\/\/everydaychemshop.com\/pl\/wp-json\/wp\/v2\/product\/8258","targetHints":{"allow":["GET"]}}],"collection":[{"href":"https:\/\/everydaychemshop.com\/pl\/wp-json\/wp\/v2\/product"}],"about":[{"href":"https:\/\/everydaychemshop.com\/pl\/wp-json\/wp\/v2\/types\/product"}],"replies":[{"embeddable":true,"href":"https:\/\/everydaychemshop.com\/pl\/wp-json\/wp\/v2\/comments?post=8258"}],"wp:featuredmedia":[{"embeddable":true,"href":"https:\/\/everydaychemshop.com\/pl\/wp-json\/wp\/v2\/media\/8260"}],"wp:attachment":[{"href":"https:\/\/everydaychemshop.com\/pl\/wp-json\/wp\/v2\/media?parent=8258"}],"wp:term":[{"taxonomy":"product_brand","embeddable":true,"href":"https:\/\/everydaychemshop.com\/pl\/wp-json\/wp\/v2\/product_brand?post=8258"},{"taxonomy":"product_cat","embeddable":true,"href":"https:\/\/everydaychemshop.com\/pl\/wp-json\/wp\/v2\/product_cat?post=8258"},{"taxonomy":"product_tag","embeddable":true,"href":"https:\/\/everydaychemshop.com\/pl\/wp-json\/wp\/v2\/product_tag?post=8258"}],"curies":[{"name":"wp","href":"https:\/\/api.w.org\/{rel}","templated":true}]}}