{"id":8268,"date":"2022-11-20T06:26:14","date_gmt":"2022-11-20T06:26:14","guid":{"rendered":"https:\/\/everydaychemshop.com\/pl\/?post_type=product&#038;p=8268"},"modified":"2023-04-07T17:31:16","modified_gmt":"2023-04-07T17:31:16","slug":"apollo-11-marihuana","status":"publish","type":"product","link":"https:\/\/everydaychemshop.com\/pl\/product\/apollo-11-marihuana\/","title":{"rendered":"Apollo 11 Marihuana"},"content":{"rendered":"<h1 id=\"about\">Najlepsza marihuana Apollo 11 online<\/h1>\n<div class=\"Detail Body\">\n<p><a href=\"https:\/\/everydaychemshop.com\/pl\/product\/apollo-11-marihuana\/\">Najlepsza marihuana Apollo 11 online<\/a>. Apollo 11 to hybrydowa odmiana konopi z przewag\u0105 gen\u00f3w indica, kt\u00f3ra wytwarza p\u0105ki w kszta\u0142cie wyczy\u0144ca, w kolorze sza\u0142wii kolor i posiadaj\u0105ce cienkie skupiska bursztynowych s\u0142upk\u00f3w <a href=\"https:\/\/en.wikipedia.org\/wiki\/Cannabidiol\">wraz<\/a> z piaszczyst\u0105 warstw\u0105 w\u0142osk\u00f3w. Jego zapach jest ostry cytrusowy, a smak subtelnej cytryny i drewna.<\/p>\n<p>Poziom THC wynosi \u015brednio od 16 do 20%. Wiadomo, \u017ce jej haj stymuluje aktywno\u015b\u0107 m\u00f3zgow\u0105, energetyzuj\u0105c zar\u00f3wno cia\u0142o, jak i umys\u0142, wprowadzaj\u0105c w trans wzmacniaj\u0105cy my\u015bli. Czasami mo\u017ce pozostawia\u0107 konsumenta przestrzennym, umo\u017cliwiaj\u0105c \u0142atwe rozproszenie uwagi. Cia\u0142o zrelaksuje si\u0119 jak na kanapie, gdy haj b\u0119dzie stopniowo narasta\u0142, wywo\u0142uj\u0105c apetyt \u2013 miej wi\u0119c pod r\u0119k\u0105 przek\u0105ski. Haj Apollo 11 by\u0142 cz\u0119sto opisywany jako nie z tego \u015bwiata!<\/p>\n<p>Opr\u00f3cz sucho\u015bci oczu i ust, negatywne skutki uboczne obejmuj\u0105 zawroty g\u0142owy, b\u00f3l g\u0142owy i paranoj\u0119 w przypadku spo\u017cycia powy\u017cej poziom\u00f3w tolerancji.<\/p>\n<p>Apollo 11 potrzebuje od sze\u015bciu do siedmiu tygodni, aby w pe\u0142ni zakwitn\u0105\u0107 i zebra\u0107 plony, b\u0119d\u0105c idealn\u0105 odmian\u0105 dla niecierpliwych hodowc\u00f3w.<\/p>\n<\/div>\n<h2 id=\"labs\">Dane laboratoryjne<\/h2>\n<table>\n<caption>Dane laboratoryjne dotycz\u0105ce kannabinoid\u00f3w<\/caption>\n<thead>\n<tr>\n<th>Kannabinoidy<\/th>\n<th>Ilo\u015b\u0107<\/th>\n<\/tr>\n<\/thead>\n<tbody>\n<tr>\n<td>THC :<\/td>\n<td>16-20%<\/td>\n<\/tr>\n<tr>\n<td>CBD:<\/td>\n<td>&lt;1%<\/td>\n<\/tr>\n<\/tbody>\n<\/table>\n<h2 id=\"history\">Historia<\/h2>\n<div class=\"Detail Body\">\n<p>Apollo 11 to szczep b\u0119d\u0105cy c\u00f3rk\u0105 skrzy\u017cowania hybrydy Cinderella 99 i sativy Jack Herer. Najpierw rozkwit\u0142<br \/>\npod opiek\u0105 braci Grimm.<\/p>\n<\/div>\n","protected":false},"excerpt":{"rendered":"<p>Apollo 11 to hybrydowa odmiana konopi z przewag\u0105 Indica, kt\u00f3ra wytwarza p\u0105ki w kszta\u0142cie wyczystych ogon\u00f3w, ma kolor sza\u0142wiowo-zielony i ma cienkie skupiska bursztynowych s\u0142upk\u00f3w wraz z piaszczyst\u0105 warstw\u0105 w\u0142osk\u00f3w. Jego\u00a0zapach jest ostry cytrusowy, a smak subtelnej cytryny i drewna.<\/p>\n","protected":false},"featured_media":8270,"comment_status":"open","ping_status":"closed","template":"","meta":{"inline_featured_image":false},"product_brand":[],"product_cat":[60],"product_tag":[],"class_list":{"0":"post-8268","1":"product","2":"type-product","3":"status-publish","4":"has-post-thumbnail","6":"product_cat-cbd-kwiat-konopi","8":"first","9":"instock","10":"shipping-taxable","11":"purchasable","12":"product-type-simple"},"yoast_head":"<!-- This site is optimized with the Yoast SEO Premium plugin v19.2 (Yoast SEO v27.3) - https:\/\/yoast.com\/product\/yoast-seo-premium-wordpress\/ -->\n<title>Najlepsza marihuana Apollo 11 online - Everyday Chem Shop<\/title>\n<meta name=\"description\" content=\"Najlepsza marihuana Apollo 11 online. Sprzedajemy najwy\u017cszej jako\u015bci marihuan\u0119 Apollo 11, prosimy o kontakt w celu uzyskania dalszych informacji i cen.\" \/>\n<meta name=\"robots\" content=\"index, follow, max-snippet:-1, max-image-preview:large, max-video-preview:-1\" \/>\n<link rel=\"canonical\" href=\"https:\/\/everydaychemshop.com\/pl\/product\/apollo-11-marihuana\/\" \/>\n<meta property=\"og:locale\" content=\"en_US\" \/>\n<meta property=\"og:type\" content=\"article\" \/>\n<meta property=\"og:title\" content=\"Apollo 11 Marihuana\" \/>\n<meta property=\"og:description\" content=\"Najlepsza marihuana Apollo 11 online. Sprzedajemy najwy\u017cszej jako\u015bci marihuan\u0119 Apollo 11, prosimy o kontakt w celu uzyskania dalszych informacji i cen.\" \/>\n<meta property=\"og:url\" content=\"https:\/\/everydaychemshop.com\/pl\/product\/apollo-11-marihuana\/\" \/>\n<meta property=\"og:site_name\" content=\"Everyday Chem Shop\" \/>\n<meta property=\"article:modified_time\" content=\"2023-04-07T17:31:16+00:00\" \/>\n<meta property=\"og:image\" content=\"https:\/\/everydaychemshop.com\/pl\/wp-content\/uploads\/sites\/8\/2022\/11\/Apollo-11.webp\" \/>\n\t<meta property=\"og:image:width\" content=\"800\" \/>\n\t<meta property=\"og:image:height\" content=\"1200\" \/>\n\t<meta property=\"og:image:type\" content=\"image\/webp\" \/>\n<meta name=\"twitter:card\" content=\"summary_large_image\" \/>\n<meta name=\"twitter:label1\" content=\"Est. reading time\" \/>\n\t<meta name=\"twitter:data1\" content=\"1 minute\" \/>\n<script type=\"application\/ld+json\" class=\"yoast-schema-graph\">{\"@context\":\"https:\\\/\\\/schema.org\",\"@graph\":[{\"@type\":\"WebPage\",\"@id\":\"https:\\\/\\\/everydaychemshop.com\\\/pl\\\/product\\\/apollo-11-marihuana\\\/\",\"url\":\"https:\\\/\\\/everydaychemshop.com\\\/pl\\\/product\\\/apollo-11-marihuana\\\/\",\"name\":\"Najlepsza marihuana Apollo 11 online - Everyday Chem Shop\",\"isPartOf\":{\"@id\":\"https:\\\/\\\/everydaychemshop.com\\\/pl\\\/#website\"},\"primaryImageOfPage\":{\"@id\":\"https:\\\/\\\/everydaychemshop.com\\\/pl\\\/product\\\/apollo-11-marihuana\\\/#primaryimage\"},\"image\":{\"@id\":\"https:\\\/\\\/everydaychemshop.com\\\/pl\\\/product\\\/apollo-11-marihuana\\\/#primaryimage\"},\"thumbnailUrl\":\"https:\\\/\\\/everydaychemshop.com\\\/pl\\\/wp-content\\\/uploads\\\/sites\\\/8\\\/2022\\\/11\\\/Apollo-11.webp\",\"datePublished\":\"2022-11-20T06:26:14+00:00\",\"dateModified\":\"2023-04-07T17:31:16+00:00\",\"description\":\"Najlepsza marihuana Apollo 11 online. Sprzedajemy najwy\u017cszej jako\u015bci marihuan\u0119 Apollo 11, prosimy o kontakt w celu uzyskania dalszych informacji i cen.\",\"breadcrumb\":{\"@id\":\"https:\\\/\\\/everydaychemshop.com\\\/pl\\\/product\\\/apollo-11-marihuana\\\/#breadcrumb\"},\"inLanguage\":\"en-US\",\"potentialAction\":[{\"@type\":\"ReadAction\",\"target\":[\"https:\\\/\\\/everydaychemshop.com\\\/pl\\\/product\\\/apollo-11-marihuana\\\/\"]}]},{\"@type\":\"ImageObject\",\"inLanguage\":\"en-US\",\"@id\":\"https:\\\/\\\/everydaychemshop.com\\\/pl\\\/product\\\/apollo-11-marihuana\\\/#primaryimage\",\"url\":\"https:\\\/\\\/everydaychemshop.com\\\/pl\\\/wp-content\\\/uploads\\\/sites\\\/8\\\/2022\\\/11\\\/Apollo-11.webp\",\"contentUrl\":\"https:\\\/\\\/everydaychemshop.com\\\/pl\\\/wp-content\\\/uploads\\\/sites\\\/8\\\/2022\\\/11\\\/Apollo-11.webp\",\"width\":800,\"height\":1200,\"caption\":\"Najlepsza marihuana Apollo 11 online\"},{\"@type\":\"BreadcrumbList\",\"@id\":\"https:\\\/\\\/everydaychemshop.com\\\/pl\\\/product\\\/apollo-11-marihuana\\\/#breadcrumb\",\"itemListElement\":[{\"@type\":\"ListItem\",\"position\":1,\"name\":\"Home\",\"item\":\"https:\\\/\\\/everydaychemshop.com\\\/pl\\\/\"},{\"@type\":\"ListItem\",\"position\":2,\"name\":\"Produkty\",\"item\":\"https:\\\/\\\/everydaychemshop.com\\\/pl\\\/produkty\\\/\"},{\"@type\":\"ListItem\",\"position\":3,\"name\":\"Apollo 11 Marihuana\"}]},{\"@type\":\"WebSite\",\"@id\":\"https:\\\/\\\/everydaychemshop.com\\\/pl\\\/#website\",\"url\":\"https:\\\/\\\/everydaychemshop.com\\\/pl\\\/\",\"name\":\"Everyday Chem Shop\",\"description\":\"\",\"potentialAction\":[{\"@type\":\"SearchAction\",\"target\":{\"@type\":\"EntryPoint\",\"urlTemplate\":\"https:\\\/\\\/everydaychemshop.com\\\/pl\\\/?s={search_term_string}\"},\"query-input\":{\"@type\":\"PropertyValueSpecification\",\"valueRequired\":true,\"valueName\":\"search_term_string\"}}],\"inLanguage\":\"en-US\"}]}<\/script>\n<!-- \/ Yoast SEO Premium plugin. -->","yoast_head_json":{"title":"Najlepsza marihuana Apollo 11 online - Everyday Chem Shop","description":"Najlepsza marihuana Apollo 11 online. Sprzedajemy najwy\u017cszej jako\u015bci marihuan\u0119 Apollo 11, prosimy o kontakt w celu uzyskania dalszych informacji i cen.","robots":{"index":"index","follow":"follow","max-snippet":"max-snippet:-1","max-image-preview":"max-image-preview:large","max-video-preview":"max-video-preview:-1"},"canonical":"https:\/\/everydaychemshop.com\/pl\/product\/apollo-11-marihuana\/","og_locale":"en_US","og_type":"article","og_title":"Apollo 11 Marihuana","og_description":"Najlepsza marihuana Apollo 11 online. Sprzedajemy najwy\u017cszej jako\u015bci marihuan\u0119 Apollo 11, prosimy o kontakt w celu uzyskania dalszych informacji i cen.","og_url":"https:\/\/everydaychemshop.com\/pl\/product\/apollo-11-marihuana\/","og_site_name":"Everyday Chem Shop","article_modified_time":"2023-04-07T17:31:16+00:00","og_image":[{"width":800,"height":1200,"url":"https:\/\/everydaychemshop.com\/pl\/wp-content\/uploads\/sites\/8\/2022\/11\/Apollo-11.webp","type":"image\/webp"}],"twitter_card":"summary_large_image","twitter_misc":{"Est. reading time":"1 minute"},"schema":{"@context":"https:\/\/schema.org","@graph":[{"@type":"WebPage","@id":"https:\/\/everydaychemshop.com\/pl\/product\/apollo-11-marihuana\/","url":"https:\/\/everydaychemshop.com\/pl\/product\/apollo-11-marihuana\/","name":"Najlepsza marihuana Apollo 11 online - Everyday Chem Shop","isPartOf":{"@id":"https:\/\/everydaychemshop.com\/pl\/#website"},"primaryImageOfPage":{"@id":"https:\/\/everydaychemshop.com\/pl\/product\/apollo-11-marihuana\/#primaryimage"},"image":{"@id":"https:\/\/everydaychemshop.com\/pl\/product\/apollo-11-marihuana\/#primaryimage"},"thumbnailUrl":"https:\/\/everydaychemshop.com\/pl\/wp-content\/uploads\/sites\/8\/2022\/11\/Apollo-11.webp","datePublished":"2022-11-20T06:26:14+00:00","dateModified":"2023-04-07T17:31:16+00:00","description":"Najlepsza marihuana Apollo 11 online. Sprzedajemy najwy\u017cszej jako\u015bci marihuan\u0119 Apollo 11, prosimy o kontakt w celu uzyskania dalszych informacji i cen.","breadcrumb":{"@id":"https:\/\/everydaychemshop.com\/pl\/product\/apollo-11-marihuana\/#breadcrumb"},"inLanguage":"en-US","potentialAction":[{"@type":"ReadAction","target":["https:\/\/everydaychemshop.com\/pl\/product\/apollo-11-marihuana\/"]}]},{"@type":"ImageObject","inLanguage":"en-US","@id":"https:\/\/everydaychemshop.com\/pl\/product\/apollo-11-marihuana\/#primaryimage","url":"https:\/\/everydaychemshop.com\/pl\/wp-content\/uploads\/sites\/8\/2022\/11\/Apollo-11.webp","contentUrl":"https:\/\/everydaychemshop.com\/pl\/wp-content\/uploads\/sites\/8\/2022\/11\/Apollo-11.webp","width":800,"height":1200,"caption":"Najlepsza marihuana Apollo 11 online"},{"@type":"BreadcrumbList","@id":"https:\/\/everydaychemshop.com\/pl\/product\/apollo-11-marihuana\/#breadcrumb","itemListElement":[{"@type":"ListItem","position":1,"name":"Home","item":"https:\/\/everydaychemshop.com\/pl\/"},{"@type":"ListItem","position":2,"name":"Produkty","item":"https:\/\/everydaychemshop.com\/pl\/produkty\/"},{"@type":"ListItem","position":3,"name":"Apollo 11 Marihuana"}]},{"@type":"WebSite","@id":"https:\/\/everydaychemshop.com\/pl\/#website","url":"https:\/\/everydaychemshop.com\/pl\/","name":"Everyday Chem Shop","description":"","potentialAction":[{"@type":"SearchAction","target":{"@type":"EntryPoint","urlTemplate":"https:\/\/everydaychemshop.com\/pl\/?s={search_term_string}"},"query-input":{"@type":"PropertyValueSpecification","valueRequired":true,"valueName":"search_term_string"}}],"inLanguage":"en-US"}]}},"_links":{"self":[{"href":"https:\/\/everydaychemshop.com\/pl\/wp-json\/wp\/v2\/product\/8268","targetHints":{"allow":["GET"]}}],"collection":[{"href":"https:\/\/everydaychemshop.com\/pl\/wp-json\/wp\/v2\/product"}],"about":[{"href":"https:\/\/everydaychemshop.com\/pl\/wp-json\/wp\/v2\/types\/product"}],"replies":[{"embeddable":true,"href":"https:\/\/everydaychemshop.com\/pl\/wp-json\/wp\/v2\/comments?post=8268"}],"wp:featuredmedia":[{"embeddable":true,"href":"https:\/\/everydaychemshop.com\/pl\/wp-json\/wp\/v2\/media\/8270"}],"wp:attachment":[{"href":"https:\/\/everydaychemshop.com\/pl\/wp-json\/wp\/v2\/media?parent=8268"}],"wp:term":[{"taxonomy":"product_brand","embeddable":true,"href":"https:\/\/everydaychemshop.com\/pl\/wp-json\/wp\/v2\/product_brand?post=8268"},{"taxonomy":"product_cat","embeddable":true,"href":"https:\/\/everydaychemshop.com\/pl\/wp-json\/wp\/v2\/product_cat?post=8268"},{"taxonomy":"product_tag","embeddable":true,"href":"https:\/\/everydaychemshop.com\/pl\/wp-json\/wp\/v2\/product_tag?post=8268"}],"curies":[{"name":"wp","href":"https:\/\/api.w.org\/{rel}","templated":true}]}}