{"id":8278,"date":"2022-11-20T06:44:49","date_gmt":"2022-11-20T06:44:49","guid":{"rendered":"https:\/\/everydaychemshop.com\/pl\/?post_type=product&#038;p=8278"},"modified":"2023-04-07T17:29:13","modified_gmt":"2023-04-07T17:29:13","slug":"blue-dream-szczep","status":"publish","type":"product","link":"https:\/\/everydaychemshop.com\/pl\/product\/blue-dream-szczep\/","title":{"rendered":"Odmiana Blue Dream"},"content":{"rendered":"<h1>Nasiona Feminizowane Blue Dream<\/h1>\n<p><a href=\"https:\/\/everydaychemshop.com\/pl\/product\/blue-dream-szczep\/\">Nasiona Feminizowane Blue Dream<\/a>. Bez w\u0105tpienia nasiona Blue Dream s\u0105 jedn\u0105 z najpopularniejszych odmian marihuany w USA. Blue Dream daje haj \u201eCool West Coast Vibe\u201d hybrydy z przewag\u0105 sativy s\u0105 znane. To idealny pocz\u0105tek relaksuj\u0105cego i dodaj\u0105cego energii dnia, kt\u00f3ry p\u00f3\u017aniej wprowadzi Ci\u0119 w \u0142atw\u0105 eufori\u0119. Je\u015bli szukasz \u015bwietnego haju w ci\u0105gu dnia, nie szukaj dalej.<\/p>\n<p>Blue Dream zawiera\u00a0wysoki poziom THC\u00a0wynosz\u0105cy 21%, s\u0142odki zapach jag\u00f3d po za\u017cyciu i dzia\u0142anie uspokajaj\u0105ce, kt\u00f3re przynosi ulg\u0119 w przypadku r\u00f3\u017cnych objaw\u00f3w. Je\u015bli szukasz pomocy w przypadku nudno\u015bci, depresji <a href=\"https:\/\/en.wikipedia.org\/wiki\/Cannabidiol\">lub<\/a> b\u00f3lu, pokochasz wysokie THC, jakie przynosi Blue Dream!<\/p>\n<table>\n<tbody>\n<tr>\n<td>Typ ro\u015bliny<\/td>\n<td>20%\u00a0indica\u00a080%\u00a0sativa<\/td>\n<\/tr>\n<tr>\n<td>THC<\/td>\n<td>Do 21%<\/td>\n<\/tr>\n<tr>\n<td>CBD<\/td>\n<td>Do 2%<\/td>\n<\/tr>\n<tr>\n<td>Trudno\u015b\u0107<\/td>\n<td>Umiarkowany<\/td>\n<\/tr>\n<tr>\n<td>Klimat<\/td>\n<td>W pomieszczeniach\u00a0| Umiarkowany\u00a0| \u015ar\u00f3dziemnomorska<\/td>\n<\/tr>\n<tr>\n<td>Rozmiar ro\u015bliny<\/td>\n<td>Wysoki<\/td>\n<\/tr>\n<tr>\n<td>Stadium wegetatywne<\/td>\n<td>4 do 8 tygodni<\/td>\n<\/tr>\n<tr>\n<td>Czas kwitnienia<\/td>\n<td>9 do 12 tygodni<\/td>\n<\/tr>\n<tr>\n<td>Plony<\/td>\n<td>21 uncji na ro\u015blin\u0119<\/td>\n<\/tr>\n<tr>\n<td>Smak i zapach<\/td>\n<td>Jagody | ziemisty | Zio\u0142owe | s\u0142odki | Vanilla<\/td>\n<\/tr>\n<\/tbody>\n<\/table>\n<h3>Pochodzenie szczepu Blue Dream<\/h3>\n<p>Odmiana ta powsta\u0142a na scenie medycznej marihuany w Kalifornii. Sta\u0142 si\u0119 znany z dostarczania kalifornijskiego klimatu, kt\u00f3ry jest synonimem \u015bwietnych dziennych haj\u00f3w. Odmiana jest jedn\u0105 z najbardziej po\u017c\u0105danych na rynku ze wzgl\u0119du na \u015bwietne po\u0142\u0105czenie Blueberry indica i Super Silver Haze.<\/p>\n<p>Blue Dream to marihuana z najwy\u017cszej p\u00f3\u0142ki. Cieszy si\u0119 znakomit\u0105 reputacj\u0105 dzi\u0119ki \u0142atwemu, ca\u0142odniowemu hajowi, co czyni go idealnym wyborem dla palaczy dziennych. Je\u015bli chcesz silnego haju, kt\u00f3ry poprowadzi Ci\u0119 przez ca\u0142y dzie\u0144 bez przyklejania do kanapy &#8211; to jest dla Ciebie.<\/p>\n<p>Rodzice Blue Dream<\/p>\n<ul>\n<li>Blueberry indica<\/li>\n<li>Haze sativa<\/li>\n<\/ul>\n","protected":false},"excerpt":{"rendered":"<p>20% indica, 80% hybryda sativa<br \/>\nznacznik wyboru Wysoki poziom THC do 21%<br \/>\nznacznik wyboru Sta\u0142e, obfite plony<br \/>\nznacznik wyboru \u0141atwy w u\u017cyciu haj do codziennego u\u017cytku<br \/>\nznacznik wyboru Feminizowane nasiona gwarantuj\u0105ce p\u0105ki<\/p>\n","protected":false},"featured_media":8280,"comment_status":"open","ping_status":"closed","template":"","meta":{"inline_featured_image":false},"product_brand":[],"product_cat":[60],"product_tag":[],"class_list":{"0":"post-8278","1":"product","2":"type-product","3":"status-publish","4":"has-post-thumbnail","6":"product_cat-cbd-kwiat-konopi","8":"first","9":"instock","10":"shipping-taxable","11":"purchasable","12":"product-type-variable","13":"has-default-attributes"},"yoast_head":"<!-- This site is optimized with the Yoast SEO Premium plugin v19.2 (Yoast SEO v27.3) - https:\/\/yoast.com\/product\/yoast-seo-premium-wordpress\/ -->\n<title>Nasiona Feminizowane Blue Dream - Everyday Chem Shop<\/title>\n<meta name=\"description\" content=\"Nasiona Feminizowane Blue Dream. Bez w\u0105tpienia nasiona Blue Dream s\u0105 jedn\u0105 z najpopularniejszych odmian marihuany w USA.\" \/>\n<meta name=\"robots\" content=\"index, follow, max-snippet:-1, max-image-preview:large, max-video-preview:-1\" \/>\n<link rel=\"canonical\" href=\"https:\/\/everydaychemshop.com\/pl\/product\/blue-dream-szczep\/\" \/>\n<meta property=\"og:locale\" content=\"en_US\" \/>\n<meta property=\"og:type\" content=\"article\" \/>\n<meta property=\"og:title\" content=\"Odmiana Blue Dream\" \/>\n<meta property=\"og:description\" content=\"Nasiona Feminizowane Blue Dream. Bez w\u0105tpienia nasiona Blue Dream s\u0105 jedn\u0105 z najpopularniejszych odmian marihuany w USA.\" \/>\n<meta property=\"og:url\" content=\"https:\/\/everydaychemshop.com\/pl\/product\/blue-dream-szczep\/\" \/>\n<meta property=\"og:site_name\" content=\"Everyday Chem Shop\" \/>\n<meta property=\"article:modified_time\" content=\"2023-04-07T17:29:13+00:00\" \/>\n<meta property=\"og:image\" content=\"https:\/\/everydaychemshop.com\/pl\/wp-content\/uploads\/sites\/8\/2022\/11\/blue-dream-marijuana-seeds_feminized.jpg\" \/>\n\t<meta property=\"og:image:width\" content=\"480\" \/>\n\t<meta property=\"og:image:height\" content=\"480\" \/>\n\t<meta property=\"og:image:type\" content=\"image\/jpeg\" \/>\n<meta name=\"twitter:card\" content=\"summary_large_image\" \/>\n<meta name=\"twitter:label1\" content=\"Est. reading time\" \/>\n\t<meta name=\"twitter:data1\" content=\"2 minutes\" \/>\n<script type=\"application\/ld+json\" class=\"yoast-schema-graph\">{\"@context\":\"https:\\\/\\\/schema.org\",\"@graph\":[{\"@type\":\"WebPage\",\"@id\":\"https:\\\/\\\/everydaychemshop.com\\\/pl\\\/product\\\/blue-dream-szczep\\\/\",\"url\":\"https:\\\/\\\/everydaychemshop.com\\\/pl\\\/product\\\/blue-dream-szczep\\\/\",\"name\":\"Nasiona Feminizowane Blue Dream - Everyday Chem Shop\",\"isPartOf\":{\"@id\":\"https:\\\/\\\/everydaychemshop.com\\\/pl\\\/#website\"},\"primaryImageOfPage\":{\"@id\":\"https:\\\/\\\/everydaychemshop.com\\\/pl\\\/product\\\/blue-dream-szczep\\\/#primaryimage\"},\"image\":{\"@id\":\"https:\\\/\\\/everydaychemshop.com\\\/pl\\\/product\\\/blue-dream-szczep\\\/#primaryimage\"},\"thumbnailUrl\":\"https:\\\/\\\/everydaychemshop.com\\\/pl\\\/wp-content\\\/uploads\\\/sites\\\/8\\\/2022\\\/11\\\/blue-dream-marijuana-seeds_feminized.jpg\",\"datePublished\":\"2022-11-20T06:44:49+00:00\",\"dateModified\":\"2023-04-07T17:29:13+00:00\",\"description\":\"Nasiona Feminizowane Blue Dream. Bez w\u0105tpienia nasiona Blue Dream s\u0105 jedn\u0105 z najpopularniejszych odmian marihuany w USA.\",\"breadcrumb\":{\"@id\":\"https:\\\/\\\/everydaychemshop.com\\\/pl\\\/product\\\/blue-dream-szczep\\\/#breadcrumb\"},\"inLanguage\":\"en-US\",\"potentialAction\":[{\"@type\":\"ReadAction\",\"target\":[\"https:\\\/\\\/everydaychemshop.com\\\/pl\\\/product\\\/blue-dream-szczep\\\/\"]}]},{\"@type\":\"ImageObject\",\"inLanguage\":\"en-US\",\"@id\":\"https:\\\/\\\/everydaychemshop.com\\\/pl\\\/product\\\/blue-dream-szczep\\\/#primaryimage\",\"url\":\"https:\\\/\\\/everydaychemshop.com\\\/pl\\\/wp-content\\\/uploads\\\/sites\\\/8\\\/2022\\\/11\\\/blue-dream-marijuana-seeds_feminized.jpg\",\"contentUrl\":\"https:\\\/\\\/everydaychemshop.com\\\/pl\\\/wp-content\\\/uploads\\\/sites\\\/8\\\/2022\\\/11\\\/blue-dream-marijuana-seeds_feminized.jpg\",\"width\":480,\"height\":480,\"caption\":\"Nasiona Feminizowane Blue Dream\"},{\"@type\":\"BreadcrumbList\",\"@id\":\"https:\\\/\\\/everydaychemshop.com\\\/pl\\\/product\\\/blue-dream-szczep\\\/#breadcrumb\",\"itemListElement\":[{\"@type\":\"ListItem\",\"position\":1,\"name\":\"Home\",\"item\":\"https:\\\/\\\/everydaychemshop.com\\\/pl\\\/\"},{\"@type\":\"ListItem\",\"position\":2,\"name\":\"Produkty\",\"item\":\"https:\\\/\\\/everydaychemshop.com\\\/pl\\\/produkty\\\/\"},{\"@type\":\"ListItem\",\"position\":3,\"name\":\"Odmiana Blue Dream\"}]},{\"@type\":\"WebSite\",\"@id\":\"https:\\\/\\\/everydaychemshop.com\\\/pl\\\/#website\",\"url\":\"https:\\\/\\\/everydaychemshop.com\\\/pl\\\/\",\"name\":\"Everyday Chem Shop\",\"description\":\"\",\"potentialAction\":[{\"@type\":\"SearchAction\",\"target\":{\"@type\":\"EntryPoint\",\"urlTemplate\":\"https:\\\/\\\/everydaychemshop.com\\\/pl\\\/?s={search_term_string}\"},\"query-input\":{\"@type\":\"PropertyValueSpecification\",\"valueRequired\":true,\"valueName\":\"search_term_string\"}}],\"inLanguage\":\"en-US\"}]}<\/script>\n<!-- \/ Yoast SEO Premium plugin. -->","yoast_head_json":{"title":"Nasiona Feminizowane Blue Dream - Everyday Chem Shop","description":"Nasiona Feminizowane Blue Dream. Bez w\u0105tpienia nasiona Blue Dream s\u0105 jedn\u0105 z najpopularniejszych odmian marihuany w USA.","robots":{"index":"index","follow":"follow","max-snippet":"max-snippet:-1","max-image-preview":"max-image-preview:large","max-video-preview":"max-video-preview:-1"},"canonical":"https:\/\/everydaychemshop.com\/pl\/product\/blue-dream-szczep\/","og_locale":"en_US","og_type":"article","og_title":"Odmiana Blue Dream","og_description":"Nasiona Feminizowane Blue Dream. Bez w\u0105tpienia nasiona Blue Dream s\u0105 jedn\u0105 z najpopularniejszych odmian marihuany w USA.","og_url":"https:\/\/everydaychemshop.com\/pl\/product\/blue-dream-szczep\/","og_site_name":"Everyday Chem Shop","article_modified_time":"2023-04-07T17:29:13+00:00","og_image":[{"width":480,"height":480,"url":"https:\/\/everydaychemshop.com\/pl\/wp-content\/uploads\/sites\/8\/2022\/11\/blue-dream-marijuana-seeds_feminized.jpg","type":"image\/jpeg"}],"twitter_card":"summary_large_image","twitter_misc":{"Est. reading time":"2 minutes"},"schema":{"@context":"https:\/\/schema.org","@graph":[{"@type":"WebPage","@id":"https:\/\/everydaychemshop.com\/pl\/product\/blue-dream-szczep\/","url":"https:\/\/everydaychemshop.com\/pl\/product\/blue-dream-szczep\/","name":"Nasiona Feminizowane Blue Dream - Everyday Chem Shop","isPartOf":{"@id":"https:\/\/everydaychemshop.com\/pl\/#website"},"primaryImageOfPage":{"@id":"https:\/\/everydaychemshop.com\/pl\/product\/blue-dream-szczep\/#primaryimage"},"image":{"@id":"https:\/\/everydaychemshop.com\/pl\/product\/blue-dream-szczep\/#primaryimage"},"thumbnailUrl":"https:\/\/everydaychemshop.com\/pl\/wp-content\/uploads\/sites\/8\/2022\/11\/blue-dream-marijuana-seeds_feminized.jpg","datePublished":"2022-11-20T06:44:49+00:00","dateModified":"2023-04-07T17:29:13+00:00","description":"Nasiona Feminizowane Blue Dream. Bez w\u0105tpienia nasiona Blue Dream s\u0105 jedn\u0105 z najpopularniejszych odmian marihuany w USA.","breadcrumb":{"@id":"https:\/\/everydaychemshop.com\/pl\/product\/blue-dream-szczep\/#breadcrumb"},"inLanguage":"en-US","potentialAction":[{"@type":"ReadAction","target":["https:\/\/everydaychemshop.com\/pl\/product\/blue-dream-szczep\/"]}]},{"@type":"ImageObject","inLanguage":"en-US","@id":"https:\/\/everydaychemshop.com\/pl\/product\/blue-dream-szczep\/#primaryimage","url":"https:\/\/everydaychemshop.com\/pl\/wp-content\/uploads\/sites\/8\/2022\/11\/blue-dream-marijuana-seeds_feminized.jpg","contentUrl":"https:\/\/everydaychemshop.com\/pl\/wp-content\/uploads\/sites\/8\/2022\/11\/blue-dream-marijuana-seeds_feminized.jpg","width":480,"height":480,"caption":"Nasiona Feminizowane Blue Dream"},{"@type":"BreadcrumbList","@id":"https:\/\/everydaychemshop.com\/pl\/product\/blue-dream-szczep\/#breadcrumb","itemListElement":[{"@type":"ListItem","position":1,"name":"Home","item":"https:\/\/everydaychemshop.com\/pl\/"},{"@type":"ListItem","position":2,"name":"Produkty","item":"https:\/\/everydaychemshop.com\/pl\/produkty\/"},{"@type":"ListItem","position":3,"name":"Odmiana Blue Dream"}]},{"@type":"WebSite","@id":"https:\/\/everydaychemshop.com\/pl\/#website","url":"https:\/\/everydaychemshop.com\/pl\/","name":"Everyday Chem Shop","description":"","potentialAction":[{"@type":"SearchAction","target":{"@type":"EntryPoint","urlTemplate":"https:\/\/everydaychemshop.com\/pl\/?s={search_term_string}"},"query-input":{"@type":"PropertyValueSpecification","valueRequired":true,"valueName":"search_term_string"}}],"inLanguage":"en-US"}]}},"_links":{"self":[{"href":"https:\/\/everydaychemshop.com\/pl\/wp-json\/wp\/v2\/product\/8278","targetHints":{"allow":["GET"]}}],"collection":[{"href":"https:\/\/everydaychemshop.com\/pl\/wp-json\/wp\/v2\/product"}],"about":[{"href":"https:\/\/everydaychemshop.com\/pl\/wp-json\/wp\/v2\/types\/product"}],"replies":[{"embeddable":true,"href":"https:\/\/everydaychemshop.com\/pl\/wp-json\/wp\/v2\/comments?post=8278"}],"wp:featuredmedia":[{"embeddable":true,"href":"https:\/\/everydaychemshop.com\/pl\/wp-json\/wp\/v2\/media\/8280"}],"wp:attachment":[{"href":"https:\/\/everydaychemshop.com\/pl\/wp-json\/wp\/v2\/media?parent=8278"}],"wp:term":[{"taxonomy":"product_brand","embeddable":true,"href":"https:\/\/everydaychemshop.com\/pl\/wp-json\/wp\/v2\/product_brand?post=8278"},{"taxonomy":"product_cat","embeddable":true,"href":"https:\/\/everydaychemshop.com\/pl\/wp-json\/wp\/v2\/product_cat?post=8278"},{"taxonomy":"product_tag","embeddable":true,"href":"https:\/\/everydaychemshop.com\/pl\/wp-json\/wp\/v2\/product_tag?post=8278"}],"curies":[{"name":"wp","href":"https:\/\/api.w.org\/{rel}","templated":true}]}}