{"id":8293,"date":"2022-11-20T06:59:04","date_gmt":"2022-11-20T06:59:04","guid":{"rendered":"https:\/\/everydaychemshop.com\/pl\/?post_type=product&#038;p=8293"},"modified":"2023-04-07T17:27:02","modified_gmt":"2023-04-07T17:27:02","slug":"hawajska-sosna-kwiat-konopi","status":"publish","type":"product","link":"https:\/\/everydaychemshop.com\/pl\/product\/hawajska-sosna-kwiat-konopi\/","title":{"rendered":"Hawajska Sosna Konopny Kwiat"},"content":{"rendered":"<h1><strong>Kup Hawajski kwiat konopi przez Internet<\/strong><\/h1>\n<p><a href=\"https:\/\/everydaychemshop.com\/pl\/product\/hawajska-sosna-kwiat-konopi\/\">Kup Hawajski kwiat konopi przez Internet<\/a>. Przenie\u015b si\u0119 w tropiki z nasz\u0105 pyszn\u0105 hybryd\u0105 Hawaiian Haze! Ten specjalny szczep CBD Plain Jane oferuje wyj\u0105tkowe smaki i efekty, kt\u00f3re sprawi\u0105, \u017ce poczujesz si\u0119 spokojny i radosny. Uprawiane pod s\u0142onecznym niebem Oregonu kwiaty Hawaiian Haze CBD s\u0105 doskonale przyci\u0119te i gotowe do u\u017cycia. Jej suszone p\u0105ki uwalniaj\u0105 intensywny tropikalny aromat, kt\u00f3ry przypomina papaj\u0119, ananasa i marakui. S\u0142odkie owocowe smaki stworzone przez jej terpeny s\u0105 dodatkowo uzupe\u0142nione delikatnymi nutami sosny i drzewnymi. Kwiaty konopi Hawaiian Haze s\u0105 odwa\u017cne i pi\u0119kne! Maj\u0105 sosnowo zielony kolor i cz\u0119sto s\u0105 pokryte grub\u0105 warstw\u0105 jaskrawoczerwonych s\u0142upk\u00f3w. Teraz kwiaty Plain Jane Hawaiian Haze CBD zawieraj\u0105 mn\u00f3stwo kannabinoid\u00f3w i terpen\u00f3w, kt\u00f3re dzia\u0142aj\u0105 synergicznie, tworz\u0105c koj\u0105ce i relaksuj\u0105ce efekty. Podczas palenia lub wapowania fani cz\u0119sto opisuj\u0105 efekty jako energetyzuj\u0105ce po\u0142\u0105czone ze <a href=\"https:\/\/en.wikipedia.org\/wiki\/Cannabidiol\">stopniowym<\/a> rozlu\u017anieniem mi\u0119\u015bni i umys\u0142u. G\u0142\u00f3wny poziom CBD tego szczepu wynosi 11,0226%. G\u0142\u00f3wne terpeny wyst\u0119puj\u0105ce w jej kwiatach to alfa-pinen, mircen i terpinolen.<\/p>\n<p>Wszystkie kwiaty konopi Plain Jane s\u0105 zgodne z ustaw\u0105 rolnicz\u0105 z 2018 r., zgodnie z kt\u00f3r\u0105 zawieraj\u0105 poziom THC poni\u017cej 0,3%. Oznacza to, \u017ce nasze kwiaty konopi Hawaiian Haze nie wywo\u0142aj\u0105 efekt\u00f3w psychoaktywnych i odurzaj\u0105cych. Kwiaty CBD Plain Jane Hawaiian Haze zawieraj\u0105 CBD na poziomie\u00a011,0226%.<\/p>\n<h2><strong>Wskaz\u00f3wki<\/strong><\/h2>\n<p>Kwiaty konopi Plain Jane Hawaiian Haze CBD najlepiej spo\u017cywa\u0107 podczas palenia lub wapowania. Wielu fan\u00f3w decyduje si\u0119 na mielenie, zwijanie i palenie swoich kwiat\u00f3w konopi Plain Jane. Kwiaty konopi mo\u017cna jednak spo\u017cywa\u0107 tak\u017ce za pomoc\u0105 bong i suchych waporyzator\u00f3w.<\/p>\n<p>Sprawd\u017a nasz\u0105 surow\u0105, ca\u0142kowicie naturaln\u0105\u00a0Plain Jane bibu\u0142ki!<\/p>\n<h2><strong>Co to jest CBD?<\/strong><\/h2>\n<p>CBD, inaczej kannabidiol, to dobrze przebadany kannabinoid dominuj\u0105cy w naszych kwiatach konopi Plain Jane . Kwiaty konopi bogate w CBD nie s\u0105 psychoaktywne, co oznacza, \u017ce \u200b\u200bnie powoduj\u0105 odurzenia u\u017cytkownika. Obecnie CBD jest uwa\u017cane za jeden z najlepiej zbadanych kannabinoid\u00f3w ro\u015bliny konopi, przede wszystkim dlatego, \u017ce uwa\u017ca si\u0119, \u017ce ma szereg w\u0142a\u015bciwo\u015bci terapeutycznych.<\/p>\n<p>Niekt\u00f3re z najcz\u0119stszych korzy\u015bci zg\u0142aszanych przez klient\u00f3w to:<\/p>\n<ul>\n<li style=\"list-style-type: none\">\n<ul>\n<li>Uwolnienie od niepokoju<\/li>\n<\/ul>\n<\/li>\n<\/ul>\n<p>&nbsp;<\/p>\n<ul>\n<li style=\"list-style-type: none\">\n<ul>\n<li>Uwolnienie od migren i b\u00f3l\u00f3w g\u0142owy<\/li>\n<\/ul>\n<\/li>\n<\/ul>\n<p>Plain Jane oferuje obecnie wysokiej jako\u015bci CBD produkowane w USA. Niekt\u00f3re z naszych bestseller\u00f3w to nasze \u00a0olejki CBD i \u015brodki do stosowania miejscowego,\u00a0Kwiaty konopi CBD,\u00a0\u017belki CBD i nie tylko !<\/p>\n<h2><strong>Uwaga<\/strong><\/h2>\n<p>&nbsp;<\/p>\n<ul>\n<li style=\"list-style-type: none\">\n<ul>\n<li>Nie u\u017cywaj produktu podczas prowadzenia pojazdu lub ci\u0119\u017ckiego sprz\u0119tu.<\/li>\n<\/ul>\n<\/li>\n<\/ul>\n<p>&nbsp;<\/p>\n<ul>\n<li>\n<ul>\n<li>U\u017cywaj odpowiedzialnie i trzymaj z dala od dzieci.<\/li>\n<\/ul>\n<\/li>\n<\/ul>\n<p>&nbsp;<\/p>\n<ul>\n<li style=\"list-style-type: none\">\n<ul>\n<li>\u00a0Je\u015bli podlegasz regularnym lub wyrywkowym badaniom na obecno\u015b\u0107 narkotyk\u00f3w, najlepiej nie spo\u017cywa\u0107 tego produktu. Wi\u0119kszo\u015b\u0107 standardowych test\u00f3w narkotykowych nie b\u0119dzie w stanie odr\u00f3\u017cni\u0107 Delta-8-THC od Delta-9.<\/li>\n<\/ul>\n<\/li>\n<\/ul>\n<p>&nbsp;<\/p>\n<ul>\n<li style=\"list-style-type: none\">\n<ul>\n<li>\u00a0Plain Jane nie ponosi odpowiedzialno\u015bci za jak\u0105kolwiek osob\u0119, kt\u00f3ra spo\u017cywa ten produkt.<\/li>\n<\/ul>\n<\/li>\n<\/ul>\n<p>&nbsp;<\/p>\n<ul>\n<li style=\"list-style-type: none\">\n<ul>\n<li>\u00a0Food and Drug Administration\u00a0nie oceni\u0142 tych o\u015bwiadcze\u0144.<\/li>\n<\/ul>\n<\/li>\n<\/ul>\n<p>&nbsp;<\/p>\n<ul>\n<li style=\"list-style-type: none\">\n<ul>\n<li>\u00a0Ten produkt nie jest przeznaczony do diagnozowania, leczenia ani zapobiegania jakiejkolwiek chorobie. U\u017cywaj ostro\u017cnie.<\/li>\n<\/ul>\n<\/li>\n<\/ul>\n<p>&nbsp;<\/p>\n<ul>\n<li style=\"list-style-type: none\">\n<ul>\n<li>Nie stosowa\u0107, je\u015bli jeste\u015b w ci\u0105\u017cy.<\/li>\n<\/ul>\n<\/li>\n<\/ul>\n<p>&nbsp;<\/p>\n<h2><strong>Zasady wysy\u0142ki Plain Jane<\/strong><\/h2>\n<p>Plain Jane zawsze stara si\u0119 wysy\u0142a\u0107 zam\u00f3wienia z naszego centrum realizacji w ci\u0105gu 1-3 dni roboczych. Jednak czas potrzebny na dostarczenie paczki zale\u017cy od wybranej metody wysy\u0142ki.<\/p>\n<p>Je\u015bli wybierzesz przesy\u0142k\u0119 ekspresow\u0105, produkt dotrze 1-2 dni robocze po wys\u0142aniu.<\/p>\n<p>Uwaga: nasz szacowany czas wysy\u0142ki rozpoczyna si\u0119 w momencie wys\u0142ania paczki, co mo\u017ce potrwa\u0107 od 3 do 7 dni roboczych po przetworzeniu zakupu.<\/p>\n<p>Oferujemy bezp\u0142atn\u0105 wysy\u0142k\u0119 wszystkich zam\u00f3wie\u0144 w USA powy\u017cej 40 USD . Te zam\u00f3wienia zostan\u0105 wys\u0142ane za po\u015brednictwem USPS First Class Shipping. Je\u015bli potrzebujesz produktu wcze\u015bniej, nadal masz mo\u017cliwo\u015b\u0107 wyboru innej metody wysy\u0142ki podczas realizacji transakcji. Ze wzgl\u0119du na obowi\u0105zuj\u0105ce przepisy na niekt\u00f3rych przedmiotach wymagany jest podpis osoby doros\u0142ej i zostan\u0105 one wys\u0142ane UPS. Dodatkowy koszt wysy\u0142ki b\u0119dzie widoczny przy kasie.<\/p>\n<p>Po wys\u0142aniu zam\u00f3wienia wysy\u0142amy wiadomo\u015b\u0107 e-mail z potwierdzeniem i numerem przesy\u0142ki. Koszty przesy\u0142ki nie podlegaj\u0105 zwrotowi. Wysy\u0142amy tylko do Stan\u00f3w Zjednoczonych i terytori\u00f3w Stan\u00f3w Zjednoczonych.<\/p>\n<p>Plain Jane d\u0105\u017cy do zapewnienia maksymalnej satysfakcji klienta z ka\u017cdego zakupu.<\/p>\n<p>Napisz do nas wiadomo\u015b\u0107 e-mail na adres\u00a0hi@tryplainjane.com\u00a0aby nas o tym powiadomi\u0107 zwracasz produkt. Podamy Ci adres do wysy\u0142ki. W przypadku wszystkich zwrot\u00f3w powy\u017cej 75 USD rozwa\u017c skorzystanie z us\u0142ug wysy\u0142kowych z mo\u017cliwo\u015bci\u0105 \u015bledzenia. Nie mo\u017cemy zagwarantowa\u0107, \u017ce otrzymamy zwr\u00f3cone produkty. Po otrzymaniu produkt\u00f3w zwr\u00f3cimy pieni\u0105dze za nieotwarte i nieu\u017cywane produkty. Koszty przesy\u0142ki nie podlegaj\u0105 zwrotowi. Przetworzenie zwrotu mo\u017ce zaj\u0105\u0107 do 10 dni roboczych.<\/p>\n<p>Je\u015bli otrzymasz uszkodzone lub wadliwe produkty, daj nam zna\u0107, a my zwr\u00f3cimy Ci pieni\u0105dze lub wymienimy Twoje produkty. Akceptujemy tylko zwroty i refundacje za zakupy dokonane za po\u015brednictwem naszego sklepu internetowego.<\/p>\n<p>Nie mamy gwarancji zwrotu pieni\u0119dzy, poniewa\u017c CBD wp\u0142ywa na ka\u017cdego indywidualnie.<\/p>\n<p>Nie oferujemy zwrot\u00f3w na produkt\u00f3w, kt\u00f3re by\u0142y u\u017cywane lub otwierane.<\/p>\n<p>Je\u015bli przesy\u0142ka zagin\u0119\u0142a lub op\u00f3\u017ani\u0142a si\u0119, zalecamy skontaktowanie si\u0119 z kurierem. Zwykle b\u0119dzie to USPS. Je\u015bli masz jakiekolwiek pytania, mo\u017cesz skontaktowa\u0107 si\u0119 z USPS pod numerem 800-ASK-USPS. Je\u015bli skorzysta\u0142e\u015b z us\u0142ugi UPS, skontaktuj si\u0119 z ni\u0105 pod numerem 866-PICK-UPS.<\/p>\n<p>W przypadku zam\u00f3wie\u0144 na kwiaty za po\u015brednictwem poczty pierwszej klasy nie ma polisy ubezpieczeniowej. Dlatego w przypadku zagubienia paczki nie zaoferujemy wymiany ani zwrotu pieni\u0119dzy.<\/p>\n<p>Nie ponosimy odpowiedzialno\u015bci za paczki skradzione z Twojej skrzynki pocztowej lub z progu domu<\/p>\n","protected":false},"excerpt":{"rendered":"<p>Przenie\u015b si\u0119 w tropiki z nasz\u0105 apetyczn\u0105 hybryd\u0105 Hawaiian Haze! Ten specjalny szczep CBD Plain Jane oferuje wyj\u0105tkowe smaki i efekty, kt\u00f3re sprawi\u0105, \u017ce poczujesz si\u0119 spokojny i radosny.<\/p>\n","protected":false},"featured_media":8295,"comment_status":"open","ping_status":"closed","template":"","meta":{"inline_featured_image":false},"product_brand":[],"product_cat":[60],"product_tag":[],"class_list":{"0":"post-8293","1":"product","2":"type-product","3":"status-publish","4":"has-post-thumbnail","6":"product_cat-cbd-kwiat-konopi","8":"first","9":"instock","10":"shipping-taxable","11":"purchasable","12":"product-type-variable","13":"has-default-attributes"},"yoast_head":"<!-- This site is optimized with the Yoast SEO Premium plugin v19.2 (Yoast SEO v27.3) - https:\/\/yoast.com\/product\/yoast-seo-premium-wordpress\/ -->\n<title>Kup Hawajski kwiat konopi przez Internet- Everyday Chem Shop<\/title>\n<meta name=\"description\" content=\"Kup Hawajski kwiat konopi przez Internet. Zajmujemy si\u0119 sprzeda\u017c\u0105 wysokiej jako\u015bci Hawajskiego Kwiatu Konopi Sosny online. Uprzejmie prosimy o kontakt, aby uzyska\u0107 wi\u0119cej informacji i ceny.\" \/>\n<meta name=\"robots\" content=\"index, follow, max-snippet:-1, max-image-preview:large, max-video-preview:-1\" \/>\n<link rel=\"canonical\" href=\"https:\/\/everydaychemshop.com\/pl\/product\/hawajska-sosna-kwiat-konopi\/\" \/>\n<meta property=\"og:locale\" content=\"en_US\" \/>\n<meta property=\"og:type\" content=\"article\" \/>\n<meta property=\"og:title\" content=\"Hawajska Sosna Konopny Kwiat\" \/>\n<meta property=\"og:description\" content=\"Kup Hawajski kwiat konopi przez Internet. Zajmujemy si\u0119 sprzeda\u017c\u0105 wysokiej jako\u015bci Hawajskiego Kwiatu Konopi Sosny online. Uprzejmie prosimy o kontakt, aby uzyska\u0107 wi\u0119cej informacji i ceny.\" \/>\n<meta property=\"og:url\" content=\"https:\/\/everydaychemshop.com\/pl\/product\/hawajska-sosna-kwiat-konopi\/\" \/>\n<meta property=\"og:site_name\" content=\"Everyday Chem Shop\" \/>\n<meta property=\"article:modified_time\" content=\"2023-04-07T17:27:02+00:00\" \/>\n<meta property=\"og:image\" content=\"https:\/\/everydaychemshop.com\/pl\/wp-content\/uploads\/sites\/8\/2022\/11\/plain_jane_-_hawaiian_haze_02__46672_1592418041_1280_1280__73248.jpg\" \/>\n\t<meta property=\"og:image:width\" content=\"640\" \/>\n\t<meta property=\"og:image:height\" content=\"640\" \/>\n\t<meta property=\"og:image:type\" content=\"image\/jpeg\" \/>\n<meta name=\"twitter:card\" content=\"summary_large_image\" \/>\n<meta name=\"twitter:label1\" content=\"Est. reading time\" \/>\n\t<meta name=\"twitter:data1\" content=\"4 minutes\" \/>\n<script type=\"application\/ld+json\" class=\"yoast-schema-graph\">{\"@context\":\"https:\\\/\\\/schema.org\",\"@graph\":[{\"@type\":\"WebPage\",\"@id\":\"https:\\\/\\\/everydaychemshop.com\\\/pl\\\/product\\\/hawajska-sosna-kwiat-konopi\\\/\",\"url\":\"https:\\\/\\\/everydaychemshop.com\\\/pl\\\/product\\\/hawajska-sosna-kwiat-konopi\\\/\",\"name\":\"Kup Hawajski kwiat konopi przez Internet- Everyday Chem Shop\",\"isPartOf\":{\"@id\":\"https:\\\/\\\/everydaychemshop.com\\\/pl\\\/#website\"},\"primaryImageOfPage\":{\"@id\":\"https:\\\/\\\/everydaychemshop.com\\\/pl\\\/product\\\/hawajska-sosna-kwiat-konopi\\\/#primaryimage\"},\"image\":{\"@id\":\"https:\\\/\\\/everydaychemshop.com\\\/pl\\\/product\\\/hawajska-sosna-kwiat-konopi\\\/#primaryimage\"},\"thumbnailUrl\":\"https:\\\/\\\/everydaychemshop.com\\\/pl\\\/wp-content\\\/uploads\\\/sites\\\/8\\\/2022\\\/11\\\/plain_jane_-_hawaiian_haze_02__46672_1592418041_1280_1280__73248.jpg\",\"datePublished\":\"2022-11-20T06:59:04+00:00\",\"dateModified\":\"2023-04-07T17:27:02+00:00\",\"description\":\"Kup Hawajski kwiat konopi przez Internet. Zajmujemy si\u0119 sprzeda\u017c\u0105 wysokiej jako\u015bci Hawajskiego Kwiatu Konopi Sosny online. Uprzejmie prosimy o kontakt, aby uzyska\u0107 wi\u0119cej informacji i ceny.\",\"breadcrumb\":{\"@id\":\"https:\\\/\\\/everydaychemshop.com\\\/pl\\\/product\\\/hawajska-sosna-kwiat-konopi\\\/#breadcrumb\"},\"inLanguage\":\"en-US\",\"potentialAction\":[{\"@type\":\"ReadAction\",\"target\":[\"https:\\\/\\\/everydaychemshop.com\\\/pl\\\/product\\\/hawajska-sosna-kwiat-konopi\\\/\"]}]},{\"@type\":\"ImageObject\",\"inLanguage\":\"en-US\",\"@id\":\"https:\\\/\\\/everydaychemshop.com\\\/pl\\\/product\\\/hawajska-sosna-kwiat-konopi\\\/#primaryimage\",\"url\":\"https:\\\/\\\/everydaychemshop.com\\\/pl\\\/wp-content\\\/uploads\\\/sites\\\/8\\\/2022\\\/11\\\/plain_jane_-_hawaiian_haze_02__46672_1592418041_1280_1280__73248.jpg\",\"contentUrl\":\"https:\\\/\\\/everydaychemshop.com\\\/pl\\\/wp-content\\\/uploads\\\/sites\\\/8\\\/2022\\\/11\\\/plain_jane_-_hawaiian_haze_02__46672_1592418041_1280_1280__73248.jpg\",\"width\":640,\"height\":640,\"caption\":\"Kup Hawajski kwiat konopi przez Internet\"},{\"@type\":\"BreadcrumbList\",\"@id\":\"https:\\\/\\\/everydaychemshop.com\\\/pl\\\/product\\\/hawajska-sosna-kwiat-konopi\\\/#breadcrumb\",\"itemListElement\":[{\"@type\":\"ListItem\",\"position\":1,\"name\":\"Home\",\"item\":\"https:\\\/\\\/everydaychemshop.com\\\/pl\\\/\"},{\"@type\":\"ListItem\",\"position\":2,\"name\":\"Produkty\",\"item\":\"https:\\\/\\\/everydaychemshop.com\\\/pl\\\/produkty\\\/\"},{\"@type\":\"ListItem\",\"position\":3,\"name\":\"Hawajska Sosna Konopny Kwiat\"}]},{\"@type\":\"WebSite\",\"@id\":\"https:\\\/\\\/everydaychemshop.com\\\/pl\\\/#website\",\"url\":\"https:\\\/\\\/everydaychemshop.com\\\/pl\\\/\",\"name\":\"Everyday Chem Shop\",\"description\":\"\",\"potentialAction\":[{\"@type\":\"SearchAction\",\"target\":{\"@type\":\"EntryPoint\",\"urlTemplate\":\"https:\\\/\\\/everydaychemshop.com\\\/pl\\\/?s={search_term_string}\"},\"query-input\":{\"@type\":\"PropertyValueSpecification\",\"valueRequired\":true,\"valueName\":\"search_term_string\"}}],\"inLanguage\":\"en-US\"}]}<\/script>\n<!-- \/ Yoast SEO Premium plugin. -->","yoast_head_json":{"title":"Kup Hawajski kwiat konopi przez Internet- Everyday Chem Shop","description":"Kup Hawajski kwiat konopi przez Internet. Zajmujemy si\u0119 sprzeda\u017c\u0105 wysokiej jako\u015bci Hawajskiego Kwiatu Konopi Sosny online. Uprzejmie prosimy o kontakt, aby uzyska\u0107 wi\u0119cej informacji i ceny.","robots":{"index":"index","follow":"follow","max-snippet":"max-snippet:-1","max-image-preview":"max-image-preview:large","max-video-preview":"max-video-preview:-1"},"canonical":"https:\/\/everydaychemshop.com\/pl\/product\/hawajska-sosna-kwiat-konopi\/","og_locale":"en_US","og_type":"article","og_title":"Hawajska Sosna Konopny Kwiat","og_description":"Kup Hawajski kwiat konopi przez Internet. Zajmujemy si\u0119 sprzeda\u017c\u0105 wysokiej jako\u015bci Hawajskiego Kwiatu Konopi Sosny online. Uprzejmie prosimy o kontakt, aby uzyska\u0107 wi\u0119cej informacji i ceny.","og_url":"https:\/\/everydaychemshop.com\/pl\/product\/hawajska-sosna-kwiat-konopi\/","og_site_name":"Everyday Chem Shop","article_modified_time":"2023-04-07T17:27:02+00:00","og_image":[{"width":640,"height":640,"url":"https:\/\/everydaychemshop.com\/pl\/wp-content\/uploads\/sites\/8\/2022\/11\/plain_jane_-_hawaiian_haze_02__46672_1592418041_1280_1280__73248.jpg","type":"image\/jpeg"}],"twitter_card":"summary_large_image","twitter_misc":{"Est. reading time":"4 minutes"},"schema":{"@context":"https:\/\/schema.org","@graph":[{"@type":"WebPage","@id":"https:\/\/everydaychemshop.com\/pl\/product\/hawajska-sosna-kwiat-konopi\/","url":"https:\/\/everydaychemshop.com\/pl\/product\/hawajska-sosna-kwiat-konopi\/","name":"Kup Hawajski kwiat konopi przez Internet- Everyday Chem Shop","isPartOf":{"@id":"https:\/\/everydaychemshop.com\/pl\/#website"},"primaryImageOfPage":{"@id":"https:\/\/everydaychemshop.com\/pl\/product\/hawajska-sosna-kwiat-konopi\/#primaryimage"},"image":{"@id":"https:\/\/everydaychemshop.com\/pl\/product\/hawajska-sosna-kwiat-konopi\/#primaryimage"},"thumbnailUrl":"https:\/\/everydaychemshop.com\/pl\/wp-content\/uploads\/sites\/8\/2022\/11\/plain_jane_-_hawaiian_haze_02__46672_1592418041_1280_1280__73248.jpg","datePublished":"2022-11-20T06:59:04+00:00","dateModified":"2023-04-07T17:27:02+00:00","description":"Kup Hawajski kwiat konopi przez Internet. Zajmujemy si\u0119 sprzeda\u017c\u0105 wysokiej jako\u015bci Hawajskiego Kwiatu Konopi Sosny online. Uprzejmie prosimy o kontakt, aby uzyska\u0107 wi\u0119cej informacji i ceny.","breadcrumb":{"@id":"https:\/\/everydaychemshop.com\/pl\/product\/hawajska-sosna-kwiat-konopi\/#breadcrumb"},"inLanguage":"en-US","potentialAction":[{"@type":"ReadAction","target":["https:\/\/everydaychemshop.com\/pl\/product\/hawajska-sosna-kwiat-konopi\/"]}]},{"@type":"ImageObject","inLanguage":"en-US","@id":"https:\/\/everydaychemshop.com\/pl\/product\/hawajska-sosna-kwiat-konopi\/#primaryimage","url":"https:\/\/everydaychemshop.com\/pl\/wp-content\/uploads\/sites\/8\/2022\/11\/plain_jane_-_hawaiian_haze_02__46672_1592418041_1280_1280__73248.jpg","contentUrl":"https:\/\/everydaychemshop.com\/pl\/wp-content\/uploads\/sites\/8\/2022\/11\/plain_jane_-_hawaiian_haze_02__46672_1592418041_1280_1280__73248.jpg","width":640,"height":640,"caption":"Kup Hawajski kwiat konopi przez Internet"},{"@type":"BreadcrumbList","@id":"https:\/\/everydaychemshop.com\/pl\/product\/hawajska-sosna-kwiat-konopi\/#breadcrumb","itemListElement":[{"@type":"ListItem","position":1,"name":"Home","item":"https:\/\/everydaychemshop.com\/pl\/"},{"@type":"ListItem","position":2,"name":"Produkty","item":"https:\/\/everydaychemshop.com\/pl\/produkty\/"},{"@type":"ListItem","position":3,"name":"Hawajska Sosna Konopny Kwiat"}]},{"@type":"WebSite","@id":"https:\/\/everydaychemshop.com\/pl\/#website","url":"https:\/\/everydaychemshop.com\/pl\/","name":"Everyday Chem Shop","description":"","potentialAction":[{"@type":"SearchAction","target":{"@type":"EntryPoint","urlTemplate":"https:\/\/everydaychemshop.com\/pl\/?s={search_term_string}"},"query-input":{"@type":"PropertyValueSpecification","valueRequired":true,"valueName":"search_term_string"}}],"inLanguage":"en-US"}]}},"_links":{"self":[{"href":"https:\/\/everydaychemshop.com\/pl\/wp-json\/wp\/v2\/product\/8293","targetHints":{"allow":["GET"]}}],"collection":[{"href":"https:\/\/everydaychemshop.com\/pl\/wp-json\/wp\/v2\/product"}],"about":[{"href":"https:\/\/everydaychemshop.com\/pl\/wp-json\/wp\/v2\/types\/product"}],"replies":[{"embeddable":true,"href":"https:\/\/everydaychemshop.com\/pl\/wp-json\/wp\/v2\/comments?post=8293"}],"wp:featuredmedia":[{"embeddable":true,"href":"https:\/\/everydaychemshop.com\/pl\/wp-json\/wp\/v2\/media\/8295"}],"wp:attachment":[{"href":"https:\/\/everydaychemshop.com\/pl\/wp-json\/wp\/v2\/media?parent=8293"}],"wp:term":[{"taxonomy":"product_brand","embeddable":true,"href":"https:\/\/everydaychemshop.com\/pl\/wp-json\/wp\/v2\/product_brand?post=8293"},{"taxonomy":"product_cat","embeddable":true,"href":"https:\/\/everydaychemshop.com\/pl\/wp-json\/wp\/v2\/product_cat?post=8293"},{"taxonomy":"product_tag","embeddable":true,"href":"https:\/\/everydaychemshop.com\/pl\/wp-json\/wp\/v2\/product_tag?post=8293"}],"curies":[{"name":"wp","href":"https:\/\/api.w.org\/{rel}","templated":true}]}}