{"id":8299,"date":"2022-11-20T07:08:50","date_gmt":"2022-11-20T07:08:50","guid":{"rendered":"https:\/\/everydaychemshop.com\/pl\/?post_type=product&#038;p=8299"},"modified":"2023-04-07T17:25:49","modified_gmt":"2023-04-07T17:25:49","slug":"otto-x-cherry-cbd-kwiat-konopi","status":"publish","type":"product","link":"https:\/\/everydaychemshop.com\/pl\/product\/otto-x-cherry-cbd-kwiat-konopi\/","title":{"rendered":"Kwiat konopi OTTO X Cherry CBD"},"content":{"rendered":"<h1>Kwiat konopi OTTO X Cherry CBD<\/h1>\n<p><a href=\"https:\/\/everydaychemshop.com\/pl\/product\/otto-x-cherry-cbd-kwiat-konopi\/\">Kwiat konopi OTTO X Cherry CBD<\/a>. Nasz kobiecy kwiat Otto Cherry CBD zawiera mniej ni\u017c 0,3% THC z 21% CBD, co czyni go idealn\u0105 par\u0105 spodni dla ka\u017cdego producenta w ka\u017cdym kraju.<\/p>\n<p>Cherry X Otto to wyj\u0105tkowe po\u0142\u0105czenie oryginalnej genetyki Cherry z wielokrotnie nagradzan\u0105 genetyk\u0105 Otto II, aby stworzy\u0107 skrzy\u017cowanie dw\u00f3ch rodzaj\u00f3w mocnych CBD.<\/p>\n<p>Efekt jest podnosz\u0105cy na duchu, owocowy ale kolorowy, lekko s\u0142odki. Ta pyszna <a href=\"https:\/\/en.wikipedia.org\/wiki\/Cannabidiol\">odmiana<\/a> uprawiana w Oregonie znana jest ze swojego uspokajaj\u0105cego dzia\u0142ania i zapewnia jasno\u015b\u0107 umys\u0142u i koncentracj\u0119.<\/p>\n","protected":false},"excerpt":{"rendered":"<p>Otto x Cherry\u00a0hod\u00a0ma \u015bwietne lekarstwo, takie jak Jazzyman. Jest uprawiany organicznie i ma niesamowity zapach.<\/p>\n<p>Zawarto\u015b\u0107 CBD: 21,5%<\/p>\n<p>Zawarto\u015b\u0107 Thc: poni\u017cej 0,3 %<\/p>\n","protected":false},"featured_media":8301,"comment_status":"open","ping_status":"closed","template":"","meta":{"inline_featured_image":false},"product_brand":[],"product_cat":[60],"product_tag":[],"class_list":{"0":"post-8299","1":"product","2":"type-product","3":"status-publish","4":"has-post-thumbnail","6":"product_cat-cbd-kwiat-konopi","8":"first","9":"instock","10":"shipping-taxable","11":"purchasable","12":"product-type-variable","13":"has-default-attributes"},"yoast_head":"<!-- This site is optimized with the Yoast SEO Premium plugin v19.2 (Yoast SEO v27.3) - https:\/\/yoast.com\/product\/yoast-seo-premium-wordpress\/ -->\n<title>Kwiat konopi OTTO X Cherry CBD- Everyday Chem Shop<\/title>\n<meta name=\"description\" content=\"Kwiat konopi OTTO X Cherry CBD. Sprzedajemy online wysokiej jako\u015bci kwiat konopi OTTO X Cherry CBD. Prosimy o kontakt, aby uzyska\u0107 wi\u0119cej informacji\" \/>\n<meta name=\"robots\" content=\"index, follow, max-snippet:-1, max-image-preview:large, max-video-preview:-1\" \/>\n<link rel=\"canonical\" href=\"https:\/\/everydaychemshop.com\/pl\/product\/otto-x-cherry-cbd-kwiat-konopi\/\" \/>\n<meta property=\"og:locale\" content=\"en_US\" \/>\n<meta property=\"og:type\" content=\"article\" \/>\n<meta property=\"og:title\" content=\"Kwiat konopi OTTO X Cherry CBD\" \/>\n<meta property=\"og:description\" content=\"Kwiat konopi OTTO X Cherry CBD. Sprzedajemy online wysokiej jako\u015bci kwiat konopi OTTO X Cherry CBD. Prosimy o kontakt, aby uzyska\u0107 wi\u0119cej informacji\" \/>\n<meta property=\"og:url\" content=\"https:\/\/everydaychemshop.com\/pl\/product\/otto-x-cherry-cbd-kwiat-konopi\/\" \/>\n<meta property=\"og:site_name\" content=\"Everyday Chem Shop\" \/>\n<meta property=\"article:modified_time\" content=\"2023-04-07T17:25:49+00:00\" \/>\n<meta property=\"og:image\" content=\"https:\/\/everydaychemshop.com\/pl\/wp-content\/uploads\/sites\/8\/2022\/11\/Buy-OTTO-X-Cherry-CBD-Hemp-Flower-Online.jpg\" \/>\n\t<meta property=\"og:image:width\" content=\"600\" \/>\n\t<meta property=\"og:image:height\" content=\"600\" \/>\n\t<meta property=\"og:image:type\" content=\"image\/jpeg\" \/>\n<meta name=\"twitter:card\" content=\"summary_large_image\" \/>\n<meta name=\"twitter:label1\" content=\"Est. reading time\" \/>\n\t<meta name=\"twitter:data1\" content=\"1 minute\" \/>\n<script type=\"application\/ld+json\" class=\"yoast-schema-graph\">{\"@context\":\"https:\\\/\\\/schema.org\",\"@graph\":[{\"@type\":\"WebPage\",\"@id\":\"https:\\\/\\\/everydaychemshop.com\\\/pl\\\/product\\\/otto-x-cherry-cbd-kwiat-konopi\\\/\",\"url\":\"https:\\\/\\\/everydaychemshop.com\\\/pl\\\/product\\\/otto-x-cherry-cbd-kwiat-konopi\\\/\",\"name\":\"Kwiat konopi OTTO X Cherry CBD- Everyday Chem Shop\",\"isPartOf\":{\"@id\":\"https:\\\/\\\/everydaychemshop.com\\\/pl\\\/#website\"},\"primaryImageOfPage\":{\"@id\":\"https:\\\/\\\/everydaychemshop.com\\\/pl\\\/product\\\/otto-x-cherry-cbd-kwiat-konopi\\\/#primaryimage\"},\"image\":{\"@id\":\"https:\\\/\\\/everydaychemshop.com\\\/pl\\\/product\\\/otto-x-cherry-cbd-kwiat-konopi\\\/#primaryimage\"},\"thumbnailUrl\":\"https:\\\/\\\/everydaychemshop.com\\\/pl\\\/wp-content\\\/uploads\\\/sites\\\/8\\\/2022\\\/11\\\/Buy-OTTO-X-Cherry-CBD-Hemp-Flower-Online.jpg\",\"datePublished\":\"2022-11-20T07:08:50+00:00\",\"dateModified\":\"2023-04-07T17:25:49+00:00\",\"description\":\"Kwiat konopi OTTO X Cherry CBD. Sprzedajemy online wysokiej jako\u015bci kwiat konopi OTTO X Cherry CBD. Prosimy o kontakt, aby uzyska\u0107 wi\u0119cej informacji\",\"breadcrumb\":{\"@id\":\"https:\\\/\\\/everydaychemshop.com\\\/pl\\\/product\\\/otto-x-cherry-cbd-kwiat-konopi\\\/#breadcrumb\"},\"inLanguage\":\"en-US\",\"potentialAction\":[{\"@type\":\"ReadAction\",\"target\":[\"https:\\\/\\\/everydaychemshop.com\\\/pl\\\/product\\\/otto-x-cherry-cbd-kwiat-konopi\\\/\"]}]},{\"@type\":\"ImageObject\",\"inLanguage\":\"en-US\",\"@id\":\"https:\\\/\\\/everydaychemshop.com\\\/pl\\\/product\\\/otto-x-cherry-cbd-kwiat-konopi\\\/#primaryimage\",\"url\":\"https:\\\/\\\/everydaychemshop.com\\\/pl\\\/wp-content\\\/uploads\\\/sites\\\/8\\\/2022\\\/11\\\/Buy-OTTO-X-Cherry-CBD-Hemp-Flower-Online.jpg\",\"contentUrl\":\"https:\\\/\\\/everydaychemshop.com\\\/pl\\\/wp-content\\\/uploads\\\/sites\\\/8\\\/2022\\\/11\\\/Buy-OTTO-X-Cherry-CBD-Hemp-Flower-Online.jpg\",\"width\":600,\"height\":600,\"caption\":\"Kwiat konopi OTTO X Cherry CBD\"},{\"@type\":\"BreadcrumbList\",\"@id\":\"https:\\\/\\\/everydaychemshop.com\\\/pl\\\/product\\\/otto-x-cherry-cbd-kwiat-konopi\\\/#breadcrumb\",\"itemListElement\":[{\"@type\":\"ListItem\",\"position\":1,\"name\":\"Home\",\"item\":\"https:\\\/\\\/everydaychemshop.com\\\/pl\\\/\"},{\"@type\":\"ListItem\",\"position\":2,\"name\":\"Produkty\",\"item\":\"https:\\\/\\\/everydaychemshop.com\\\/pl\\\/produkty\\\/\"},{\"@type\":\"ListItem\",\"position\":3,\"name\":\"Kwiat konopi OTTO X Cherry CBD\"}]},{\"@type\":\"WebSite\",\"@id\":\"https:\\\/\\\/everydaychemshop.com\\\/pl\\\/#website\",\"url\":\"https:\\\/\\\/everydaychemshop.com\\\/pl\\\/\",\"name\":\"Everyday Chem Shop\",\"description\":\"\",\"potentialAction\":[{\"@type\":\"SearchAction\",\"target\":{\"@type\":\"EntryPoint\",\"urlTemplate\":\"https:\\\/\\\/everydaychemshop.com\\\/pl\\\/?s={search_term_string}\"},\"query-input\":{\"@type\":\"PropertyValueSpecification\",\"valueRequired\":true,\"valueName\":\"search_term_string\"}}],\"inLanguage\":\"en-US\"}]}<\/script>\n<!-- \/ Yoast SEO Premium plugin. -->","yoast_head_json":{"title":"Kwiat konopi OTTO X Cherry CBD- Everyday Chem Shop","description":"Kwiat konopi OTTO X Cherry CBD. Sprzedajemy online wysokiej jako\u015bci kwiat konopi OTTO X Cherry CBD. Prosimy o kontakt, aby uzyska\u0107 wi\u0119cej informacji","robots":{"index":"index","follow":"follow","max-snippet":"max-snippet:-1","max-image-preview":"max-image-preview:large","max-video-preview":"max-video-preview:-1"},"canonical":"https:\/\/everydaychemshop.com\/pl\/product\/otto-x-cherry-cbd-kwiat-konopi\/","og_locale":"en_US","og_type":"article","og_title":"Kwiat konopi OTTO X Cherry CBD","og_description":"Kwiat konopi OTTO X Cherry CBD. Sprzedajemy online wysokiej jako\u015bci kwiat konopi OTTO X Cherry CBD. Prosimy o kontakt, aby uzyska\u0107 wi\u0119cej informacji","og_url":"https:\/\/everydaychemshop.com\/pl\/product\/otto-x-cherry-cbd-kwiat-konopi\/","og_site_name":"Everyday Chem Shop","article_modified_time":"2023-04-07T17:25:49+00:00","og_image":[{"width":600,"height":600,"url":"https:\/\/everydaychemshop.com\/pl\/wp-content\/uploads\/sites\/8\/2022\/11\/Buy-OTTO-X-Cherry-CBD-Hemp-Flower-Online.jpg","type":"image\/jpeg"}],"twitter_card":"summary_large_image","twitter_misc":{"Est. reading time":"1 minute"},"schema":{"@context":"https:\/\/schema.org","@graph":[{"@type":"WebPage","@id":"https:\/\/everydaychemshop.com\/pl\/product\/otto-x-cherry-cbd-kwiat-konopi\/","url":"https:\/\/everydaychemshop.com\/pl\/product\/otto-x-cherry-cbd-kwiat-konopi\/","name":"Kwiat konopi OTTO X Cherry CBD- Everyday Chem Shop","isPartOf":{"@id":"https:\/\/everydaychemshop.com\/pl\/#website"},"primaryImageOfPage":{"@id":"https:\/\/everydaychemshop.com\/pl\/product\/otto-x-cherry-cbd-kwiat-konopi\/#primaryimage"},"image":{"@id":"https:\/\/everydaychemshop.com\/pl\/product\/otto-x-cherry-cbd-kwiat-konopi\/#primaryimage"},"thumbnailUrl":"https:\/\/everydaychemshop.com\/pl\/wp-content\/uploads\/sites\/8\/2022\/11\/Buy-OTTO-X-Cherry-CBD-Hemp-Flower-Online.jpg","datePublished":"2022-11-20T07:08:50+00:00","dateModified":"2023-04-07T17:25:49+00:00","description":"Kwiat konopi OTTO X Cherry CBD. Sprzedajemy online wysokiej jako\u015bci kwiat konopi OTTO X Cherry CBD. Prosimy o kontakt, aby uzyska\u0107 wi\u0119cej informacji","breadcrumb":{"@id":"https:\/\/everydaychemshop.com\/pl\/product\/otto-x-cherry-cbd-kwiat-konopi\/#breadcrumb"},"inLanguage":"en-US","potentialAction":[{"@type":"ReadAction","target":["https:\/\/everydaychemshop.com\/pl\/product\/otto-x-cherry-cbd-kwiat-konopi\/"]}]},{"@type":"ImageObject","inLanguage":"en-US","@id":"https:\/\/everydaychemshop.com\/pl\/product\/otto-x-cherry-cbd-kwiat-konopi\/#primaryimage","url":"https:\/\/everydaychemshop.com\/pl\/wp-content\/uploads\/sites\/8\/2022\/11\/Buy-OTTO-X-Cherry-CBD-Hemp-Flower-Online.jpg","contentUrl":"https:\/\/everydaychemshop.com\/pl\/wp-content\/uploads\/sites\/8\/2022\/11\/Buy-OTTO-X-Cherry-CBD-Hemp-Flower-Online.jpg","width":600,"height":600,"caption":"Kwiat konopi OTTO X Cherry CBD"},{"@type":"BreadcrumbList","@id":"https:\/\/everydaychemshop.com\/pl\/product\/otto-x-cherry-cbd-kwiat-konopi\/#breadcrumb","itemListElement":[{"@type":"ListItem","position":1,"name":"Home","item":"https:\/\/everydaychemshop.com\/pl\/"},{"@type":"ListItem","position":2,"name":"Produkty","item":"https:\/\/everydaychemshop.com\/pl\/produkty\/"},{"@type":"ListItem","position":3,"name":"Kwiat konopi OTTO X Cherry CBD"}]},{"@type":"WebSite","@id":"https:\/\/everydaychemshop.com\/pl\/#website","url":"https:\/\/everydaychemshop.com\/pl\/","name":"Everyday Chem Shop","description":"","potentialAction":[{"@type":"SearchAction","target":{"@type":"EntryPoint","urlTemplate":"https:\/\/everydaychemshop.com\/pl\/?s={search_term_string}"},"query-input":{"@type":"PropertyValueSpecification","valueRequired":true,"valueName":"search_term_string"}}],"inLanguage":"en-US"}]}},"_links":{"self":[{"href":"https:\/\/everydaychemshop.com\/pl\/wp-json\/wp\/v2\/product\/8299","targetHints":{"allow":["GET"]}}],"collection":[{"href":"https:\/\/everydaychemshop.com\/pl\/wp-json\/wp\/v2\/product"}],"about":[{"href":"https:\/\/everydaychemshop.com\/pl\/wp-json\/wp\/v2\/types\/product"}],"replies":[{"embeddable":true,"href":"https:\/\/everydaychemshop.com\/pl\/wp-json\/wp\/v2\/comments?post=8299"}],"wp:featuredmedia":[{"embeddable":true,"href":"https:\/\/everydaychemshop.com\/pl\/wp-json\/wp\/v2\/media\/8301"}],"wp:attachment":[{"href":"https:\/\/everydaychemshop.com\/pl\/wp-json\/wp\/v2\/media?parent=8299"}],"wp:term":[{"taxonomy":"product_brand","embeddable":true,"href":"https:\/\/everydaychemshop.com\/pl\/wp-json\/wp\/v2\/product_brand?post=8299"},{"taxonomy":"product_cat","embeddable":true,"href":"https:\/\/everydaychemshop.com\/pl\/wp-json\/wp\/v2\/product_cat?post=8299"},{"taxonomy":"product_tag","embeddable":true,"href":"https:\/\/everydaychemshop.com\/pl\/wp-json\/wp\/v2\/product_tag?post=8299"}],"curies":[{"name":"wp","href":"https:\/\/api.w.org\/{rel}","templated":true}]}}