{"id":8309,"date":"2022-11-20T07:19:03","date_gmt":"2022-11-20T07:19:03","guid":{"rendered":"https:\/\/everydaychemshop.com\/pl\/?post_type=product&#038;p=8309"},"modified":"2023-04-07T17:24:35","modified_gmt":"2023-04-07T17:24:35","slug":"kwasny-diesel-cbd-kwiat-konopi","status":"publish","type":"product","link":"https:\/\/everydaychemshop.com\/pl\/product\/kwasny-diesel-cbd-kwiat-konopi\/","title":{"rendered":"Kwa\u015bny kwiat konopi z olejem nap\u0119dowym CBD"},"content":{"rendered":"<h1><strong>Kup online kwiat konopi Sour Diesel CBD<\/strong><\/h1>\n<p><a href=\"https:\/\/everydaychemshop.com\/pl\/product\/kwasny-diesel-cbd-kwiat-konopi\/\">Kup online kwiat konopi Sour Diesel CBD<\/a>. Oryginalne kwiaty konopi Sour Diesel CBD to odmiana hybrydowa dziel\u0105ca lini\u0119 z kultowymi odmianami Chemdog 91 i Super Skunk. Kwiaty konopi Plain Jane Sour Diesel to idealny wyb\u00f3r dla koneser\u00f3w, kt\u00f3rzy chc\u0105 do\u015bwiadczy\u0107 wilgotnego smaku benzyny, kt\u00f3ry cz\u0119sto kojarzymy ze szczepem Sour Diesel. Kiedy po raz pierwszy kupisz te kwiaty CBD wyhodowane w Oregonie, zauwa\u017cysz, \u017ce s\u0105 do\u015b\u0107 g\u0119ste i soczyste. Ka\u017cdy r\u0119cznie przycinany kwiat CBD wydziela intensywny benzynowo-cytrusowy aromat, kt\u00f3ry przenika przez opakowanie. Podczas palenia lub waporyzacji te aromatyczne kwiaty tworz\u0105 g\u0142adki dym i kremowy dym, kt\u00f3ry pozostawi szczeg\u00f3lnie pikantny cytrusowy smak na Twoich kubkach smakowych. Pocz\u0105tek efekt\u00f3w jest po\u0142\u0105czeniem zar\u00f3wno relaksuj\u0105cego, jak i energetyzuj\u0105cego. Mo\u017ce rozpocz\u0105\u0107 si\u0119 jako g\u0142\u0119boka fala uspokojenia, \u0142agodz\u0105ca napi\u0119cie mi\u0119\u015bniowe i stres. Stopniowo efekty CBD mog\u0105 ewoluowa\u0107, dodaj\u0105c energii u\u017cytkownikowi i oczyszczaj\u0105c umys\u0142. Kwiaty konopi Plain Jane&#8217;s Sour Diesel CBD maj\u0105 zr\u00f3\u017cnicowany profil kannabinoid\u00f3w, wi\u0119c jest to doskona\u0142y wyb\u00f3r dla tych, kt\u00f3rzy chc\u0105 czerpa\u0107 korzy\u015bci z efektu otoczenia. G\u0142\u00f3wne kannabinoidy kwitn\u0105ce w jej bry\u0142kach to CBDA, CBGA, CBD i THCA. Je\u015bli zastanawiasz si\u0119, czy profil terpenowy jest r\u00f3wnie kolorowy, mamy dobr\u0105 wiadomo\u015b\u0107! Kwiaty konopi Sour Diesel rzeczywi\u015bcie maj\u0105 zr\u00f3\u017cnicowany profil terpen\u00f3w, z kt\u00f3rych wi\u0119kszo\u015b\u0107 obejmuje kariofilen, d-limonen, mircen, beta-pinen i linalool.<\/p>\n<p>Wszystkie kwiaty konopi Plain Jane s\u0105 zgodne z ustaw\u0105 rolnicz\u0105 z 2018 r. tak, aby zawiera\u0142y poziom THC poni\u017cej 0,3%. Oznacza to, \u017ce nasze kwiaty konopi Sour Diesel nie wywo\u0142aj\u0105 efektu psychoaktywno-odurzaj\u0105cego. Kwiaty konopi Plain Jane Sour Diesel mog\u0105 zawiera\u0107 CBD na poziomie od 19% do 25%.<\/p>\n<h2><b>Wskaz\u00f3wki<\/b><\/h2>\n<p>Kwiaty konopi Plain Jane Sour Diesel CBD najlepiej spo\u017cywa\u0107 przez palenie lub wapowanie. Wielu fan\u00f3w decyduje si\u0119 na mielenie, zwijanie i palenie swoich kwiat\u00f3w konopi Plain Jane. Kwiaty konopi mo\u017cna jednak r\u00f3wnie\u017c spo\u017cywa\u0107 za pomoc\u0105 bong i suchych waporyzator\u00f3w.<\/p>\n<h2><b>Co to jest CBD?<\/b><\/h2>\n<p>CBD, inaczej kannabidiol, to dobrze zbadany kannabinoid dominuj\u0105cy w naszych kwiatach konopi Plain Jane. Kwiaty konopi bogate w CBD nie s\u0105 psychoaktywne, co oznacza, \u017ce \u200b\u200bnie powoduj\u0105 odurzenia u\u017cytkownika. Obecnie CBD jest uwa\u017cane za jeden z najlepiej zbadanych kannabinoid\u00f3w ro\u015bliny konopi, przede wszystkim dlatego, \u017ce uwa\u017ca si\u0119, \u017ce ma szereg w\u0142a\u015bciwo\u015bci terapeutycznych.<\/p>\n<p>Niekt\u00f3re z najcz\u0119stszych korzy\u015bci zg\u0142aszanych przez klient\u00f3w to:<\/p>\n<ul>\n<li style=\"list-style-type: none\">\n<ul>\n<li>Uwolnienie od niepokoju<\/li>\n<\/ul>\n<\/li>\n<\/ul>\n<p>&nbsp;<\/p>\n<ul>\n<li style=\"list-style-type: none\">\n<ul>\n<li>Uwolnienie od migren i b\u00f3l\u00f3w g\u0142owy<\/li>\n<\/ul>\n<\/li>\n<\/ul>\n<p>Plain Jane oferuje obecnie wysokiej jako\u015bci CBD produkowane w USA. Niekt\u00f3re z naszych najlepiej sprzedaj\u0105cych si\u0119 produkt\u00f3w to nasze\u00a0oleje CBD i\u00a0stosowane miejscowo,\u00a0kwiaty konopi\u00a0CBD,\u00a0\u017celki CBD i nie tylko!<\/p>\n<h2><b>Uwaga<\/b><\/h2>\n<p>&nbsp;<\/p>\n<ul>\n<li>\n<ul>\n<li style=\"list-style-type: none\">\n<ul>\n<li>Nie u\u017cywaj produktu podczas prowadzenia pojazdu lub ci\u0119\u017ckich maszyn.<\/li>\n<\/ul>\n<\/li>\n<\/ul>\n<ul>\n<li style=\"list-style-type: none\">\n<ul>\n<li>U\u017cywaj odpowiedzialnie i trzymaj z dala od dzieci.<\/li>\n<\/ul>\n<\/li>\n<\/ul>\n<ul>\n<li style=\"list-style-type: none\">\n<ul>\n<li>\u00a0Je\u015bli podlegasz regularnym lub wyrywkowym badaniom na obecno\u015b\u0107 narkotyk\u00f3w, najlepiej nie spo\u017cywa\u0107 ten produkt. Wi\u0119kszo\u015b\u0107 standardowych test\u00f3w narkotykowych nie b\u0119dzie w stanie odr\u00f3\u017cni\u0107 Delta-8-THC od Delta-9.<\/li>\n<\/ul>\n<\/li>\n<\/ul>\n<ul>\n<li>\n<ul>\n<li>\u00a0Plain Jane nie ponosi odpowiedzialno\u015bci za jak\u0105kolwiek osob\u0119, kt\u00f3ra spo\u017cywa ten produkt.<\/li>\n<\/ul>\n<\/li>\n<\/ul>\n<ul>\n<li style=\"list-style-type: none\">\n<ul>\n<li>\u00a0Agencja\u00a0Food and Drug Administration\u00a0nie oceni\u0142a tych o\u015bwiadcze\u0144.<\/li>\n<\/ul>\n<\/li>\n<\/ul>\n<ul>\n<li style=\"list-style-type: none\">\n<ul>\n<li>\u00a0Ten produkt nie jest przeznaczony do diagnozowania, leczenia ani zapobiegania jakiejkolwiek chorobie. U\u017cywaj ostro\u017cnie.<\/li>\n<\/ul>\n<\/li>\n<\/ul>\n<ul>\n<li>Nie u\u017cywaj, je\u015bli jeste\u015b w ci\u0105\u017cy.<\/li>\n<\/ul>\n<\/li>\n<\/ul>\n","protected":false},"excerpt":{"rendered":"<p>Oryginalne kwiaty konopi Sour Diesel CBD to odmiana hybrydowa dziel\u0105ca lini\u0119 z kultowymi odmianami Chemdog 91 i Super Skunk.<\/p>\n","protected":false},"featured_media":8311,"comment_status":"open","ping_status":"closed","template":"","meta":{"inline_featured_image":false},"product_brand":[],"product_cat":[60],"product_tag":[],"class_list":{"0":"post-8309","1":"product","2":"type-product","3":"status-publish","4":"has-post-thumbnail","6":"product_cat-cbd-kwiat-konopi","8":"first","9":"instock","10":"shipping-taxable","11":"purchasable","12":"product-type-variable","13":"has-default-attributes"},"yoast_head":"<!-- This site is optimized with the Yoast SEO Premium plugin v19.2 (Yoast SEO v27.3) - https:\/\/yoast.com\/product\/yoast-seo-premium-wordpress\/ -->\n<title>Kup online kwiat konopi Sour Diesel CBD - Everyday Chem Shop<\/title>\n<meta name=\"description\" content=\"Kup online kwiat konopi Sour Diesel CBD. Sprzedajemy online wysokiej jako\u015bci kwiat konopi Sour Diesel CBD. Uprzejmie prosimy o kontakt, aby uzyska\u0107 wi\u0119cej informacji i ceny.\" \/>\n<meta name=\"robots\" content=\"index, follow, max-snippet:-1, max-image-preview:large, max-video-preview:-1\" \/>\n<link rel=\"canonical\" href=\"https:\/\/everydaychemshop.com\/pl\/product\/kwasny-diesel-cbd-kwiat-konopi\/\" \/>\n<meta property=\"og:locale\" content=\"en_US\" \/>\n<meta property=\"og:type\" content=\"article\" \/>\n<meta property=\"og:title\" content=\"Kwa\u015bny kwiat konopi z olejem nap\u0119dowym CBD\" \/>\n<meta property=\"og:description\" content=\"Kup online kwiat konopi Sour Diesel CBD. Sprzedajemy online wysokiej jako\u015bci kwiat konopi Sour Diesel CBD. Uprzejmie prosimy o kontakt, aby uzyska\u0107 wi\u0119cej informacji i ceny.\" \/>\n<meta property=\"og:url\" content=\"https:\/\/everydaychemshop.com\/pl\/product\/kwasny-diesel-cbd-kwiat-konopi\/\" \/>\n<meta property=\"og:site_name\" content=\"Everyday Chem Shop\" \/>\n<meta property=\"article:modified_time\" content=\"2023-04-07T17:24:35+00:00\" \/>\n<meta property=\"og:image\" content=\"https:\/\/everydaychemshop.com\/pl\/wp-content\/uploads\/sites\/8\/2022\/11\/Sour-Diesel-CBD-Hemp-Flower.jpg\" \/>\n\t<meta property=\"og:image:width\" content=\"640\" \/>\n\t<meta property=\"og:image:height\" content=\"965\" \/>\n\t<meta property=\"og:image:type\" content=\"image\/jpeg\" \/>\n<meta name=\"twitter:card\" content=\"summary_large_image\" \/>\n<meta name=\"twitter:label1\" content=\"Est. reading time\" \/>\n\t<meta name=\"twitter:data1\" content=\"3 minutes\" \/>\n<script type=\"application\/ld+json\" class=\"yoast-schema-graph\">{\"@context\":\"https:\\\/\\\/schema.org\",\"@graph\":[{\"@type\":\"WebPage\",\"@id\":\"https:\\\/\\\/everydaychemshop.com\\\/pl\\\/product\\\/kwasny-diesel-cbd-kwiat-konopi\\\/\",\"url\":\"https:\\\/\\\/everydaychemshop.com\\\/pl\\\/product\\\/kwasny-diesel-cbd-kwiat-konopi\\\/\",\"name\":\"Kup online kwiat konopi Sour Diesel CBD - Everyday Chem Shop\",\"isPartOf\":{\"@id\":\"https:\\\/\\\/everydaychemshop.com\\\/pl\\\/#website\"},\"primaryImageOfPage\":{\"@id\":\"https:\\\/\\\/everydaychemshop.com\\\/pl\\\/product\\\/kwasny-diesel-cbd-kwiat-konopi\\\/#primaryimage\"},\"image\":{\"@id\":\"https:\\\/\\\/everydaychemshop.com\\\/pl\\\/product\\\/kwasny-diesel-cbd-kwiat-konopi\\\/#primaryimage\"},\"thumbnailUrl\":\"https:\\\/\\\/everydaychemshop.com\\\/pl\\\/wp-content\\\/uploads\\\/sites\\\/8\\\/2022\\\/11\\\/Sour-Diesel-CBD-Hemp-Flower.jpg\",\"datePublished\":\"2022-11-20T07:19:03+00:00\",\"dateModified\":\"2023-04-07T17:24:35+00:00\",\"description\":\"Kup online kwiat konopi Sour Diesel CBD. Sprzedajemy online wysokiej jako\u015bci kwiat konopi Sour Diesel CBD. Uprzejmie prosimy o kontakt, aby uzyska\u0107 wi\u0119cej informacji i ceny.\",\"breadcrumb\":{\"@id\":\"https:\\\/\\\/everydaychemshop.com\\\/pl\\\/product\\\/kwasny-diesel-cbd-kwiat-konopi\\\/#breadcrumb\"},\"inLanguage\":\"en-US\",\"potentialAction\":[{\"@type\":\"ReadAction\",\"target\":[\"https:\\\/\\\/everydaychemshop.com\\\/pl\\\/product\\\/kwasny-diesel-cbd-kwiat-konopi\\\/\"]}]},{\"@type\":\"ImageObject\",\"inLanguage\":\"en-US\",\"@id\":\"https:\\\/\\\/everydaychemshop.com\\\/pl\\\/product\\\/kwasny-diesel-cbd-kwiat-konopi\\\/#primaryimage\",\"url\":\"https:\\\/\\\/everydaychemshop.com\\\/pl\\\/wp-content\\\/uploads\\\/sites\\\/8\\\/2022\\\/11\\\/Sour-Diesel-CBD-Hemp-Flower.jpg\",\"contentUrl\":\"https:\\\/\\\/everydaychemshop.com\\\/pl\\\/wp-content\\\/uploads\\\/sites\\\/8\\\/2022\\\/11\\\/Sour-Diesel-CBD-Hemp-Flower.jpg\",\"width\":640,\"height\":965,\"caption\":\"Kup online kwiat konopi Sour Diesel CBD\"},{\"@type\":\"BreadcrumbList\",\"@id\":\"https:\\\/\\\/everydaychemshop.com\\\/pl\\\/product\\\/kwasny-diesel-cbd-kwiat-konopi\\\/#breadcrumb\",\"itemListElement\":[{\"@type\":\"ListItem\",\"position\":1,\"name\":\"Home\",\"item\":\"https:\\\/\\\/everydaychemshop.com\\\/pl\\\/\"},{\"@type\":\"ListItem\",\"position\":2,\"name\":\"Produkty\",\"item\":\"https:\\\/\\\/everydaychemshop.com\\\/pl\\\/produkty\\\/\"},{\"@type\":\"ListItem\",\"position\":3,\"name\":\"Kwa\u015bny kwiat konopi z olejem nap\u0119dowym CBD\"}]},{\"@type\":\"WebSite\",\"@id\":\"https:\\\/\\\/everydaychemshop.com\\\/pl\\\/#website\",\"url\":\"https:\\\/\\\/everydaychemshop.com\\\/pl\\\/\",\"name\":\"Everyday Chem Shop\",\"description\":\"\",\"potentialAction\":[{\"@type\":\"SearchAction\",\"target\":{\"@type\":\"EntryPoint\",\"urlTemplate\":\"https:\\\/\\\/everydaychemshop.com\\\/pl\\\/?s={search_term_string}\"},\"query-input\":{\"@type\":\"PropertyValueSpecification\",\"valueRequired\":true,\"valueName\":\"search_term_string\"}}],\"inLanguage\":\"en-US\"}]}<\/script>\n<!-- \/ Yoast SEO Premium plugin. -->","yoast_head_json":{"title":"Kup online kwiat konopi Sour Diesel CBD - Everyday Chem Shop","description":"Kup online kwiat konopi Sour Diesel CBD. Sprzedajemy online wysokiej jako\u015bci kwiat konopi Sour Diesel CBD. Uprzejmie prosimy o kontakt, aby uzyska\u0107 wi\u0119cej informacji i ceny.","robots":{"index":"index","follow":"follow","max-snippet":"max-snippet:-1","max-image-preview":"max-image-preview:large","max-video-preview":"max-video-preview:-1"},"canonical":"https:\/\/everydaychemshop.com\/pl\/product\/kwasny-diesel-cbd-kwiat-konopi\/","og_locale":"en_US","og_type":"article","og_title":"Kwa\u015bny kwiat konopi z olejem nap\u0119dowym CBD","og_description":"Kup online kwiat konopi Sour Diesel CBD. Sprzedajemy online wysokiej jako\u015bci kwiat konopi Sour Diesel CBD. Uprzejmie prosimy o kontakt, aby uzyska\u0107 wi\u0119cej informacji i ceny.","og_url":"https:\/\/everydaychemshop.com\/pl\/product\/kwasny-diesel-cbd-kwiat-konopi\/","og_site_name":"Everyday Chem Shop","article_modified_time":"2023-04-07T17:24:35+00:00","og_image":[{"width":640,"height":965,"url":"https:\/\/everydaychemshop.com\/pl\/wp-content\/uploads\/sites\/8\/2022\/11\/Sour-Diesel-CBD-Hemp-Flower.jpg","type":"image\/jpeg"}],"twitter_card":"summary_large_image","twitter_misc":{"Est. reading time":"3 minutes"},"schema":{"@context":"https:\/\/schema.org","@graph":[{"@type":"WebPage","@id":"https:\/\/everydaychemshop.com\/pl\/product\/kwasny-diesel-cbd-kwiat-konopi\/","url":"https:\/\/everydaychemshop.com\/pl\/product\/kwasny-diesel-cbd-kwiat-konopi\/","name":"Kup online kwiat konopi Sour Diesel CBD - Everyday Chem Shop","isPartOf":{"@id":"https:\/\/everydaychemshop.com\/pl\/#website"},"primaryImageOfPage":{"@id":"https:\/\/everydaychemshop.com\/pl\/product\/kwasny-diesel-cbd-kwiat-konopi\/#primaryimage"},"image":{"@id":"https:\/\/everydaychemshop.com\/pl\/product\/kwasny-diesel-cbd-kwiat-konopi\/#primaryimage"},"thumbnailUrl":"https:\/\/everydaychemshop.com\/pl\/wp-content\/uploads\/sites\/8\/2022\/11\/Sour-Diesel-CBD-Hemp-Flower.jpg","datePublished":"2022-11-20T07:19:03+00:00","dateModified":"2023-04-07T17:24:35+00:00","description":"Kup online kwiat konopi Sour Diesel CBD. Sprzedajemy online wysokiej jako\u015bci kwiat konopi Sour Diesel CBD. Uprzejmie prosimy o kontakt, aby uzyska\u0107 wi\u0119cej informacji i ceny.","breadcrumb":{"@id":"https:\/\/everydaychemshop.com\/pl\/product\/kwasny-diesel-cbd-kwiat-konopi\/#breadcrumb"},"inLanguage":"en-US","potentialAction":[{"@type":"ReadAction","target":["https:\/\/everydaychemshop.com\/pl\/product\/kwasny-diesel-cbd-kwiat-konopi\/"]}]},{"@type":"ImageObject","inLanguage":"en-US","@id":"https:\/\/everydaychemshop.com\/pl\/product\/kwasny-diesel-cbd-kwiat-konopi\/#primaryimage","url":"https:\/\/everydaychemshop.com\/pl\/wp-content\/uploads\/sites\/8\/2022\/11\/Sour-Diesel-CBD-Hemp-Flower.jpg","contentUrl":"https:\/\/everydaychemshop.com\/pl\/wp-content\/uploads\/sites\/8\/2022\/11\/Sour-Diesel-CBD-Hemp-Flower.jpg","width":640,"height":965,"caption":"Kup online kwiat konopi Sour Diesel CBD"},{"@type":"BreadcrumbList","@id":"https:\/\/everydaychemshop.com\/pl\/product\/kwasny-diesel-cbd-kwiat-konopi\/#breadcrumb","itemListElement":[{"@type":"ListItem","position":1,"name":"Home","item":"https:\/\/everydaychemshop.com\/pl\/"},{"@type":"ListItem","position":2,"name":"Produkty","item":"https:\/\/everydaychemshop.com\/pl\/produkty\/"},{"@type":"ListItem","position":3,"name":"Kwa\u015bny kwiat konopi z olejem nap\u0119dowym CBD"}]},{"@type":"WebSite","@id":"https:\/\/everydaychemshop.com\/pl\/#website","url":"https:\/\/everydaychemshop.com\/pl\/","name":"Everyday Chem Shop","description":"","potentialAction":[{"@type":"SearchAction","target":{"@type":"EntryPoint","urlTemplate":"https:\/\/everydaychemshop.com\/pl\/?s={search_term_string}"},"query-input":{"@type":"PropertyValueSpecification","valueRequired":true,"valueName":"search_term_string"}}],"inLanguage":"en-US"}]}},"_links":{"self":[{"href":"https:\/\/everydaychemshop.com\/pl\/wp-json\/wp\/v2\/product\/8309","targetHints":{"allow":["GET"]}}],"collection":[{"href":"https:\/\/everydaychemshop.com\/pl\/wp-json\/wp\/v2\/product"}],"about":[{"href":"https:\/\/everydaychemshop.com\/pl\/wp-json\/wp\/v2\/types\/product"}],"replies":[{"embeddable":true,"href":"https:\/\/everydaychemshop.com\/pl\/wp-json\/wp\/v2\/comments?post=8309"}],"wp:featuredmedia":[{"embeddable":true,"href":"https:\/\/everydaychemshop.com\/pl\/wp-json\/wp\/v2\/media\/8311"}],"wp:attachment":[{"href":"https:\/\/everydaychemshop.com\/pl\/wp-json\/wp\/v2\/media?parent=8309"}],"wp:term":[{"taxonomy":"product_brand","embeddable":true,"href":"https:\/\/everydaychemshop.com\/pl\/wp-json\/wp\/v2\/product_brand?post=8309"},{"taxonomy":"product_cat","embeddable":true,"href":"https:\/\/everydaychemshop.com\/pl\/wp-json\/wp\/v2\/product_cat?post=8309"},{"taxonomy":"product_tag","embeddable":true,"href":"https:\/\/everydaychemshop.com\/pl\/wp-json\/wp\/v2\/product_tag?post=8309"}],"curies":[{"name":"wp","href":"https:\/\/api.w.org\/{rel}","templated":true}]}}