{"id":8315,"date":"2022-11-20T07:29:18","date_gmt":"2022-11-20T07:29:18","guid":{"rendered":"https:\/\/everydaychemshop.com\/pl\/?post_type=product&#038;p=8315"},"modified":"2023-04-07T17:23:24","modified_gmt":"2023-04-07T17:23:24","slug":"suzy-q-cbd-kwiat-konopi","status":"publish","type":"product","link":"https:\/\/everydaychemshop.com\/pl\/product\/suzy-q-cbd-kwiat-konopi\/","title":{"rendered":"Kwiat konopi Suzy Q CBD"},"content":{"rendered":"<h1>Kup kwiat konopi Suzy Q CBD online<\/h1>\n<p><a href=\"https:\/\/everydaychemshop.com\/pl\/product\/suzy-q-cbd-kwiat-konopi\/\">Kup kwiat konopi Suzy Q CBD online<\/a>. Zapewnienie jako\u015bci kwiat\u00f3w konopi od gospodarstwa do sprzeda\u017cy<\/p>\n<p>Kwiat konopi Suzy Q jest uprawiany na pi\u0119knej farmie o powierzchni 100 akr\u00f3w w p\u00f3\u0142nocnej Kalifornii. Idylliczny klimat p\u00f3\u0142nocnej Kalifornii wydaje si\u0119 nieko\u0144cz\u0105cym si\u0119 latem, a te suche, jasne dni oznaczaj\u0105 ogromne zbiory wspania\u0142ych kwiat\u00f3w, kt\u00f3re nie cierpi\u0105 na ple\u015b\u0144 ani m\u0105czniaka prawdziwego.<\/p>\n<p>Nasza farma jest organiczna, co oznacza, \u017ce \u200b\u200bnigdy u\u017cywa\u0107 chemicznych nawoz\u00f3w lub pestycyd\u00f3w. Dbamy o w\u0142a\u015bciw\u0105 permakultur\u0119 \u2014 \u200b\u200bekosystem rolniczy, kt\u00f3ry jest zr\u00f3wnowa\u017cony i samowystarczalny. Jednym ze sposob\u00f3w, w jaki to robimy, jest nawo\u017cenie pog\u0142\u00f3wne, kt\u00f3re sprawia, \u017ce \u200b\u200bkorzenie pracuj\u0105 ci\u0119\u017cej, aby zapewni\u0107 zdrow\u0105 gleb\u0119, w <a href=\"https:\/\/en.wikipedia.org\/wiki\/Cannabidiol\">kt\u00f3rej<\/a> nasze ro\u015bliny b\u0119d\u0105 si\u0119 rozwija\u0107.<\/p>\n<p>Gdy osi\u0105gn\u0105 sw\u00f3j pe\u0142ny potencja\u0142, nasze ro\u015bliny konopne s\u0105 wieszane do g\u00f3ry dnem do wyschni\u0119cia, a nast\u0119pnie suszone na sucho i przycinane r\u0119cznie. Konopie to delikatna uprawa. Nawet niewielkie b\u0142\u0119dy podczas uprawy lub zbioru mog\u0105 szybko pogorszy\u0107 jako\u015b\u0107 p\u0105k\u00f3w. Nalegamy na ca\u0142kowit\u0105 przejrzysto\u015b\u0107 i kontrol\u0119 jako\u015bci\u2026 i ty te\u017c powiniene\u015b. Kwiaty konopi wymagaj\u0105 niczego mniej.<\/p>\n<p>Niezale\u017cne testy naszych kwiat\u00f3w konopi CBD<br \/>\nKa\u017cda uprawa jest testowana pod k\u0105tem czysto\u015bci i si\u0142y na\u00a0niezale\u017cne\u00a0laboratorium zarejestrowane w DEA, ISO 17025, AHCA i CLIA. Pe\u0142nopanelowe ekrany testowe dla:<\/p>\n<p>Moc CBD, THC i innych kannabinoid\u00f3w.<br \/>\nMetale ci\u0119\u017ckie (o\u0142\u00f3w, rt\u0119\u0107, arsen, kadm).<br \/>\nBakterie, takie jak coli i inne patogeny.<br \/>\nMykotoksyny i inne zanieczyszczenia.<br \/>\nDo ka\u017cdego zam\u00f3wienia do\u0142\u0105czamy Certyfikat Analizy, wi\u0119c zawsze wiesz dok\u0142adnie, co otrzymujesz przy zakupie Crescent Flower.<\/p>\n","protected":false},"excerpt":{"rendered":"<p>Kup kwiat konopi Suzy Q CBD Kwiat konopi o pe\u0142nym spektrum. Suzy Q to odmiana o wysokiej zawarto\u015bci CBD i niskiej zawarto\u015bci THC o sosnowym smaku, kt\u00f3ra pomaga leczy\u0107 objawy przy niewielkim lub zerowym euforycznym haju.<\/p>\n<p>Suzy Q to odmiana o wysokiej zawarto\u015bci CBD i niskiej zawarto\u015bci THC o sosnowym smaku, kt\u00f3ra pomaga leczy\u0107 objawy przy niewielkim lub zerowym haju. \u015awietna odmiana do dodania do rodziny CBD.<br \/>\nCbd: 15-17%<\/p>\n<p>Thc: 0,2%<\/p>\n","protected":false},"featured_media":8317,"comment_status":"open","ping_status":"closed","template":"","meta":{"inline_featured_image":false},"product_brand":[],"product_cat":[60],"product_tag":[],"class_list":{"0":"post-8315","1":"product","2":"type-product","3":"status-publish","4":"has-post-thumbnail","6":"product_cat-cbd-kwiat-konopi","8":"first","9":"instock","10":"shipping-taxable","11":"purchasable","12":"product-type-variable","13":"has-default-attributes"},"yoast_head":"<!-- This site is optimized with the Yoast SEO Premium plugin v19.2 (Yoast SEO v27.3) - https:\/\/yoast.com\/product\/yoast-seo-premium-wordpress\/ -->\n<title>Kup kwiat konopi Suzy Q CBD online - Everyday Chem Shop<\/title>\n<meta name=\"description\" content=\"Kup kwiat konopi Suzy Q CBD online. Sprzedajemy wysokiej jako\u015bci kwiat konopi Suzy Q CBD. Skontaktuj si\u0119, aby uzyska\u0107 wi\u0119cej informacji i ceny, jak zam\u00f3wi\u0107.\" \/>\n<meta name=\"robots\" content=\"index, follow, max-snippet:-1, max-image-preview:large, max-video-preview:-1\" \/>\n<link rel=\"canonical\" href=\"https:\/\/everydaychemshop.com\/pl\/product\/suzy-q-cbd-kwiat-konopi\/\" \/>\n<meta property=\"og:locale\" content=\"en_US\" \/>\n<meta property=\"og:type\" content=\"article\" \/>\n<meta property=\"og:title\" content=\"Kwiat konopi Suzy Q CBD\" \/>\n<meta property=\"og:description\" content=\"Kup kwiat konopi Suzy Q CBD online. Sprzedajemy wysokiej jako\u015bci kwiat konopi Suzy Q CBD. Skontaktuj si\u0119, aby uzyska\u0107 wi\u0119cej informacji i ceny, jak zam\u00f3wi\u0107.\" \/>\n<meta property=\"og:url\" content=\"https:\/\/everydaychemshop.com\/pl\/product\/suzy-q-cbd-kwiat-konopi\/\" \/>\n<meta property=\"og:site_name\" content=\"Everyday Chem Shop\" \/>\n<meta property=\"article:modified_time\" content=\"2023-04-07T17:23:24+00:00\" \/>\n<meta property=\"og:image\" content=\"https:\/\/everydaychemshop.com\/pl\/wp-content\/uploads\/sites\/8\/2022\/11\/Buy-Suzy-Q-CBD-Hemp-Flower-Online.jpg\" \/>\n\t<meta property=\"og:image:width\" content=\"600\" \/>\n\t<meta property=\"og:image:height\" content=\"600\" \/>\n\t<meta property=\"og:image:type\" content=\"image\/jpeg\" \/>\n<meta name=\"twitter:card\" content=\"summary_large_image\" \/>\n<meta name=\"twitter:label1\" content=\"Est. reading time\" \/>\n\t<meta name=\"twitter:data1\" content=\"2 minutes\" \/>\n<script type=\"application\/ld+json\" class=\"yoast-schema-graph\">{\"@context\":\"https:\\\/\\\/schema.org\",\"@graph\":[{\"@type\":\"WebPage\",\"@id\":\"https:\\\/\\\/everydaychemshop.com\\\/pl\\\/product\\\/suzy-q-cbd-kwiat-konopi\\\/\",\"url\":\"https:\\\/\\\/everydaychemshop.com\\\/pl\\\/product\\\/suzy-q-cbd-kwiat-konopi\\\/\",\"name\":\"Kup kwiat konopi Suzy Q CBD online - Everyday Chem Shop\",\"isPartOf\":{\"@id\":\"https:\\\/\\\/everydaychemshop.com\\\/pl\\\/#website\"},\"primaryImageOfPage\":{\"@id\":\"https:\\\/\\\/everydaychemshop.com\\\/pl\\\/product\\\/suzy-q-cbd-kwiat-konopi\\\/#primaryimage\"},\"image\":{\"@id\":\"https:\\\/\\\/everydaychemshop.com\\\/pl\\\/product\\\/suzy-q-cbd-kwiat-konopi\\\/#primaryimage\"},\"thumbnailUrl\":\"https:\\\/\\\/everydaychemshop.com\\\/pl\\\/wp-content\\\/uploads\\\/sites\\\/8\\\/2022\\\/11\\\/Buy-Suzy-Q-CBD-Hemp-Flower-Online.jpg\",\"datePublished\":\"2022-11-20T07:29:18+00:00\",\"dateModified\":\"2023-04-07T17:23:24+00:00\",\"description\":\"Kup kwiat konopi Suzy Q CBD online. Sprzedajemy wysokiej jako\u015bci kwiat konopi Suzy Q CBD. Skontaktuj si\u0119, aby uzyska\u0107 wi\u0119cej informacji i ceny, jak zam\u00f3wi\u0107.\",\"breadcrumb\":{\"@id\":\"https:\\\/\\\/everydaychemshop.com\\\/pl\\\/product\\\/suzy-q-cbd-kwiat-konopi\\\/#breadcrumb\"},\"inLanguage\":\"en-US\",\"potentialAction\":[{\"@type\":\"ReadAction\",\"target\":[\"https:\\\/\\\/everydaychemshop.com\\\/pl\\\/product\\\/suzy-q-cbd-kwiat-konopi\\\/\"]}]},{\"@type\":\"ImageObject\",\"inLanguage\":\"en-US\",\"@id\":\"https:\\\/\\\/everydaychemshop.com\\\/pl\\\/product\\\/suzy-q-cbd-kwiat-konopi\\\/#primaryimage\",\"url\":\"https:\\\/\\\/everydaychemshop.com\\\/pl\\\/wp-content\\\/uploads\\\/sites\\\/8\\\/2022\\\/11\\\/Buy-Suzy-Q-CBD-Hemp-Flower-Online.jpg\",\"contentUrl\":\"https:\\\/\\\/everydaychemshop.com\\\/pl\\\/wp-content\\\/uploads\\\/sites\\\/8\\\/2022\\\/11\\\/Buy-Suzy-Q-CBD-Hemp-Flower-Online.jpg\",\"width\":600,\"height\":600,\"caption\":\"Kup kwiat konopi Suzy Q CBD online\"},{\"@type\":\"BreadcrumbList\",\"@id\":\"https:\\\/\\\/everydaychemshop.com\\\/pl\\\/product\\\/suzy-q-cbd-kwiat-konopi\\\/#breadcrumb\",\"itemListElement\":[{\"@type\":\"ListItem\",\"position\":1,\"name\":\"Home\",\"item\":\"https:\\\/\\\/everydaychemshop.com\\\/pl\\\/\"},{\"@type\":\"ListItem\",\"position\":2,\"name\":\"Produkty\",\"item\":\"https:\\\/\\\/everydaychemshop.com\\\/pl\\\/produkty\\\/\"},{\"@type\":\"ListItem\",\"position\":3,\"name\":\"Kwiat konopi Suzy Q CBD\"}]},{\"@type\":\"WebSite\",\"@id\":\"https:\\\/\\\/everydaychemshop.com\\\/pl\\\/#website\",\"url\":\"https:\\\/\\\/everydaychemshop.com\\\/pl\\\/\",\"name\":\"Everyday Chem Shop\",\"description\":\"\",\"potentialAction\":[{\"@type\":\"SearchAction\",\"target\":{\"@type\":\"EntryPoint\",\"urlTemplate\":\"https:\\\/\\\/everydaychemshop.com\\\/pl\\\/?s={search_term_string}\"},\"query-input\":{\"@type\":\"PropertyValueSpecification\",\"valueRequired\":true,\"valueName\":\"search_term_string\"}}],\"inLanguage\":\"en-US\"}]}<\/script>\n<!-- \/ Yoast SEO Premium plugin. -->","yoast_head_json":{"title":"Kup kwiat konopi Suzy Q CBD online - Everyday Chem Shop","description":"Kup kwiat konopi Suzy Q CBD online. Sprzedajemy wysokiej jako\u015bci kwiat konopi Suzy Q CBD. Skontaktuj si\u0119, aby uzyska\u0107 wi\u0119cej informacji i ceny, jak zam\u00f3wi\u0107.","robots":{"index":"index","follow":"follow","max-snippet":"max-snippet:-1","max-image-preview":"max-image-preview:large","max-video-preview":"max-video-preview:-1"},"canonical":"https:\/\/everydaychemshop.com\/pl\/product\/suzy-q-cbd-kwiat-konopi\/","og_locale":"en_US","og_type":"article","og_title":"Kwiat konopi Suzy Q CBD","og_description":"Kup kwiat konopi Suzy Q CBD online. Sprzedajemy wysokiej jako\u015bci kwiat konopi Suzy Q CBD. Skontaktuj si\u0119, aby uzyska\u0107 wi\u0119cej informacji i ceny, jak zam\u00f3wi\u0107.","og_url":"https:\/\/everydaychemshop.com\/pl\/product\/suzy-q-cbd-kwiat-konopi\/","og_site_name":"Everyday Chem Shop","article_modified_time":"2023-04-07T17:23:24+00:00","og_image":[{"width":600,"height":600,"url":"https:\/\/everydaychemshop.com\/pl\/wp-content\/uploads\/sites\/8\/2022\/11\/Buy-Suzy-Q-CBD-Hemp-Flower-Online.jpg","type":"image\/jpeg"}],"twitter_card":"summary_large_image","twitter_misc":{"Est. reading time":"2 minutes"},"schema":{"@context":"https:\/\/schema.org","@graph":[{"@type":"WebPage","@id":"https:\/\/everydaychemshop.com\/pl\/product\/suzy-q-cbd-kwiat-konopi\/","url":"https:\/\/everydaychemshop.com\/pl\/product\/suzy-q-cbd-kwiat-konopi\/","name":"Kup kwiat konopi Suzy Q CBD online - Everyday Chem Shop","isPartOf":{"@id":"https:\/\/everydaychemshop.com\/pl\/#website"},"primaryImageOfPage":{"@id":"https:\/\/everydaychemshop.com\/pl\/product\/suzy-q-cbd-kwiat-konopi\/#primaryimage"},"image":{"@id":"https:\/\/everydaychemshop.com\/pl\/product\/suzy-q-cbd-kwiat-konopi\/#primaryimage"},"thumbnailUrl":"https:\/\/everydaychemshop.com\/pl\/wp-content\/uploads\/sites\/8\/2022\/11\/Buy-Suzy-Q-CBD-Hemp-Flower-Online.jpg","datePublished":"2022-11-20T07:29:18+00:00","dateModified":"2023-04-07T17:23:24+00:00","description":"Kup kwiat konopi Suzy Q CBD online. Sprzedajemy wysokiej jako\u015bci kwiat konopi Suzy Q CBD. Skontaktuj si\u0119, aby uzyska\u0107 wi\u0119cej informacji i ceny, jak zam\u00f3wi\u0107.","breadcrumb":{"@id":"https:\/\/everydaychemshop.com\/pl\/product\/suzy-q-cbd-kwiat-konopi\/#breadcrumb"},"inLanguage":"en-US","potentialAction":[{"@type":"ReadAction","target":["https:\/\/everydaychemshop.com\/pl\/product\/suzy-q-cbd-kwiat-konopi\/"]}]},{"@type":"ImageObject","inLanguage":"en-US","@id":"https:\/\/everydaychemshop.com\/pl\/product\/suzy-q-cbd-kwiat-konopi\/#primaryimage","url":"https:\/\/everydaychemshop.com\/pl\/wp-content\/uploads\/sites\/8\/2022\/11\/Buy-Suzy-Q-CBD-Hemp-Flower-Online.jpg","contentUrl":"https:\/\/everydaychemshop.com\/pl\/wp-content\/uploads\/sites\/8\/2022\/11\/Buy-Suzy-Q-CBD-Hemp-Flower-Online.jpg","width":600,"height":600,"caption":"Kup kwiat konopi Suzy Q CBD online"},{"@type":"BreadcrumbList","@id":"https:\/\/everydaychemshop.com\/pl\/product\/suzy-q-cbd-kwiat-konopi\/#breadcrumb","itemListElement":[{"@type":"ListItem","position":1,"name":"Home","item":"https:\/\/everydaychemshop.com\/pl\/"},{"@type":"ListItem","position":2,"name":"Produkty","item":"https:\/\/everydaychemshop.com\/pl\/produkty\/"},{"@type":"ListItem","position":3,"name":"Kwiat konopi Suzy Q CBD"}]},{"@type":"WebSite","@id":"https:\/\/everydaychemshop.com\/pl\/#website","url":"https:\/\/everydaychemshop.com\/pl\/","name":"Everyday Chem Shop","description":"","potentialAction":[{"@type":"SearchAction","target":{"@type":"EntryPoint","urlTemplate":"https:\/\/everydaychemshop.com\/pl\/?s={search_term_string}"},"query-input":{"@type":"PropertyValueSpecification","valueRequired":true,"valueName":"search_term_string"}}],"inLanguage":"en-US"}]}},"_links":{"self":[{"href":"https:\/\/everydaychemshop.com\/pl\/wp-json\/wp\/v2\/product\/8315","targetHints":{"allow":["GET"]}}],"collection":[{"href":"https:\/\/everydaychemshop.com\/pl\/wp-json\/wp\/v2\/product"}],"about":[{"href":"https:\/\/everydaychemshop.com\/pl\/wp-json\/wp\/v2\/types\/product"}],"replies":[{"embeddable":true,"href":"https:\/\/everydaychemshop.com\/pl\/wp-json\/wp\/v2\/comments?post=8315"}],"wp:featuredmedia":[{"embeddable":true,"href":"https:\/\/everydaychemshop.com\/pl\/wp-json\/wp\/v2\/media\/8317"}],"wp:attachment":[{"href":"https:\/\/everydaychemshop.com\/pl\/wp-json\/wp\/v2\/media?parent=8315"}],"wp:term":[{"taxonomy":"product_brand","embeddable":true,"href":"https:\/\/everydaychemshop.com\/pl\/wp-json\/wp\/v2\/product_brand?post=8315"},{"taxonomy":"product_cat","embeddable":true,"href":"https:\/\/everydaychemshop.com\/pl\/wp-json\/wp\/v2\/product_cat?post=8315"},{"taxonomy":"product_tag","embeddable":true,"href":"https:\/\/everydaychemshop.com\/pl\/wp-json\/wp\/v2\/product_tag?post=8315"}],"curies":[{"name":"wp","href":"https:\/\/api.w.org\/{rel}","templated":true}]}}