{"id":8320,"date":"2022-11-20T07:45:50","date_gmt":"2022-11-20T07:45:50","guid":{"rendered":"https:\/\/everydaychemshop.com\/pl\/?post_type=product&#038;p=8320"},"modified":"2023-04-07T17:21:39","modified_gmt":"2023-04-07T17:21:39","slug":"rick-simpson-olej-kup-rso-cbd-olej","status":"publish","type":"product","link":"https:\/\/everydaychemshop.com\/pl\/product\/rick-simpson-olej-kup-rso-cbd-olej\/","title":{"rendered":"Olej Ricka Simpsona | Kup olej CBD RSO"},"content":{"rendered":"<h1>Kup online olej CBD Ricka Simpsona (RSO).<\/h1>\n<p><a href=\"https:\/\/everydaychemshop.com\/pl\/product\/rick-simpson-olej-kup-rso-cbd-olej\/\">Kup online olej CBD Ricka Simpsona (RSO)<\/a>. \u2013 olej konopny Rick Simpson to rodzaj oleju konopnego opracowany przez aktywist\u0119 medycznej marihuany Ricka Simpsona. Po odkryciu uzdrawiaj\u0105cej mocy oleju z konopi indyjskich i wyleczeniu si\u0119 z raka sk\u00f3ry z przerzutami w 2003 roku, Rick Simpson postanowi\u0142 podzieli\u0107 si\u0119 swoj\u0105 <a href=\"https:\/\/en.wikipedia.org\/wiki\/Cannabidiol\">wiedz\u0105<\/a>.<\/p>\n<p>Lecznicza moc konopi<br \/>\nStosowana w leczeniu raka i szereg innych dolegliwo\u015bci, olej nazywa si\u0119 Rick Simpson Cannabis oil i Rick Simpson olej konopny. Olej wykorzystuje uzdrawiaj\u0105ce moce ro\u015bliny konopi, kt\u00f3rej cz\u0119\u015bci by\u0142y u\u017cywane do cel\u00f3w leczniczych od wiek\u00f3w. Olej jest jednym z najskuteczniejszych wsp\u00f3\u0142czesnych produkt\u00f3w leczniczych otrzymywanych z konopi indyjskich.<\/p>\n<p>Mo\u017cesz nie tylko nauczy\u0107 si\u0119 samodzielnie wytwarza\u0107 olej, ale tak\u017ce \u0142atwo kupi\u0107 gotowy do u\u017cycia olej z konopi indyjskich w najlepszych cenach.<\/p>\n<p>Receptura oleju Ricka Simpsona<br \/>\nWiele os\u00f3b szuka receptury oleju Ricka Simpsona, aby stworzy\u0107 lekarstwo na raka i wiele innych schorze\u0144. Poni\u017cej znajduje si\u0119 procedura wytwarzania oleju z konopi indyjskich Ricka Simpsona. Mo\u017cesz post\u0119powa\u0107 zgodnie z instrukcjami, ale pami\u0119taj, \u017ce legalne znalezienie ro\u015bliny konopi i jej b\u0142onnika (konopi) jest do\u015b\u0107 trudne. W\u0142a\u015bnie dlatego zapewniamy zar\u00f3wno receptur\u0119 oleju Ricka Simpsona, jak i sam olej, aby zacz\u0105\u0107 go u\u017cywa\u0107 zaraz po wyj\u0119ciu z butelki.<\/p>\n<p>Jak zrobi\u0107 olej konopny Ricka Simpsona<br \/>\nWa\u017cne: B\u0105d\u017a BARDZO ostro\u017cny, kiedy zagotowa\u0107 rozpuszczalnik. Nie u\u017cywaj p\u0142yt kuchennych ani rozpalonych do czerwono\u015bci element\u00f3w grzejnych. Unikaj r\u00f3wnie\u017c iskier, palenia i upewnij si\u0119, \u017ce u\u017cywasz wentylatora, aby odeprze\u0107 opary z garnka. Ca\u0142y proces nale\u017cy przeprowadzi\u0107 w dobrze wentylowanym miejscu.<\/p>\n<p>1. Umie\u015b\u0107 w pe\u0142ni wysuszon\u0105 ro\u015blin\u0119 w plastikowym pojemniku.<\/p>\n<p>2. U\u017cyj rozpuszczalnika (eter, czysta nafta, butan, 99% to alkohol opropylowy lub woda), aby zwil\u017cy\u0107 materia\u0142. Na jeden funt materia\u0142u potrzebujesz dw\u00f3ch galon\u00f3w rozpuszczalnika. Na 1 uncj\u0119 wystarczy 500 ml.<\/p>\n<p>3. U\u017cyj czystego drewnianego (nietraktowanego) patyka, aby zmia\u017cd\u017cy\u0107 ro\u015blin\u0119. Mo\u017cna r\u00f3wnie\u017c u\u017cy\u0107 innego podobnego narz\u0119dzia.<\/p>\n<p>4. Ca\u0142kowicie nas\u0105cz materia\u0142 ro\u015blinny rozpuszczalnikiem, kontynuuj\u0105c kruszenie. Mieszaj mieszanin\u0119 przez trzy minuty.<\/p>\n<p>5. Przelej mieszanin\u0119 do innego pojemnika.<\/p>\n<p>6. Dodaj wi\u0119cej rozpuszczalnika do mieszaniny, a nast\u0119pnie mieszaj przez kolejne trzy minuty.<\/p>\n<p>7. Wlej t\u0119 mieszanin\u0119 oleju rozpuszczalnikowego do wiadra.<\/p>\n<p>8. Usu\u0144 materia\u0142 ro\u015blinny.<\/p>\n<p>9. Za pomoc\u0105 filtra do kawy przelej mieszanin\u0119 do innego czystego pojemnika.<\/p>\n<p>10. Zagotuj rozpuszczalnik. Upewnij si\u0119, \u017ce jeste\u015b bezpieczny przez ca\u0142y czas. Urz\u0105dzenie do gotowania ry\u017cu pomo\u017ce Ci to doskonale zrobi\u0107.<\/p>\n<p>11. Nape\u0142nij szybkowar rozpuszczalnikiem do 75% i ustaw go na WYSOKI ogie\u0144. Kontynuuj dodawanie mieszaniny w miar\u0119 odparowywania rozpuszczalnika. Wlej ca\u0142\u0105 mieszank\u0119 do szybkowaru.<\/p>\n<p>12. Gdy poziom mieszanki opadnie po raz ostatni, dodaj troch\u0119 wody (10 kropli na 1 funt suchego materia\u0142u).<\/p>\n<p>13. Podnie\u015b kuchenk\u0119 (u\u017cyj r\u0119kawic kuchennych) i zakr\u0119\u0107 mieszank\u0105, gdy pozostanie tylko jeden cal mieszanki.<\/p>\n<p>14. Po odparowaniu rozpuszczalnika ustaw urz\u0105dzenie na NISKIM ogniu. Pami\u0119taj, \u017ce olej powinien zawsze pozostawa\u0107 w temperaturze poni\u017cej 140\u00b0C (290\u00b0F).<\/p>\n<p>15. Ostro\u017cnie wlej olej do pojemnika ze stali nierdzewnej.<\/p>\n<p>16. Umie\u015b\u0107 ten pojemnik w suszarce lub na delikatnym urz\u0105dzeniu grzewczym, takim jak podgrzewacz do kawy. Poczekaj, a\u017c lotne terpeny i woda odparuj\u0105. Kiedy aktywno\u015b\u0107 powierzchniowa oleju zanika, olej jest gotowy do u\u017cycia.<\/p>\n<p>17. Wlej olej do plastikowej strzykawki lub innego wybranego pojemnika.<\/p>\n<p>Materia\u0142 z konopi indyjskich i olej Ricka Simpsona na sprzeda\u017c<br \/>\nJe\u015bli szukasz prostszej metody uzyskania niesamowitego oleju konopnego Ricka Simpsona , z \u0142atwo\u015bci\u0105 kupisz go tutaj w najbardziej rozs\u0105dnych cenach, jakie mo\u017cesz znale\u017a\u0107 w Internecie.<\/p>\n<p>Oferujemy wysokiej jako\u015bci konopie indyjskie, aby zrobi\u0107 olej z konopi indyjskich Risk Simpson w\u0142a\u015bnie tutaj. Mo\u017cesz tak\u017ce kupi\u0107 olej gotowy do u\u017cycia w najlepszych cenach. Powiedz nam, czego potrzebujesz, a my pomo\u017cemy Ci zbli\u017cy\u0107 si\u0119 do pokonania raka lub innych dolegliwo\u015bci, kt\u00f3re chcesz pokona\u0107.<\/p>\n<p>&nbsp;<\/p>\n","protected":false},"excerpt":{"rendered":"<ul>\n<li>Wysy\u0142ka na ca\u0142y \u015bwiat<\/li>\n<li><strong>Skontaktuj si\u0119 z nami<\/strong>\u00a0w przypadku wi\u0119kszych zam\u00f3wie\u0144<\/li>\n<\/ul>\n<p>Dostarczamy produkty o wysokiej czysto\u015bci z bardzo dobr\u0105 i dyskretn\u0105 wysy\u0142k\u0105 system. Z 12-letnim do\u015bwiadczeniem w dostarczaniu chemikali\u00f3w badawczych; koncentrujemy si\u0119 na bezpiecze\u0144stwie.<\/p>\n<p>Jeste\u015bmy niezawodni, godni zaufania, szybka dostawa i produkty wysokiej jako\u015bci tylko w przyst\u0119pnej cenie.<\/p>\n","protected":false},"featured_media":8328,"comment_status":"open","ping_status":"closed","template":"","meta":{"inline_featured_image":false},"product_brand":[],"product_cat":[61],"product_tag":[572,541,560,562,564,558,548,571,570,569,552,546,543,574,553,581,568,565,567,566,550,542,551,545,556,561,563,559,555,557,547,584,554,549,577,583,544,575,573,580,582,576,578,579],"class_list":{"0":"post-8320","1":"product","2":"type-product","3":"status-publish","4":"has-post-thumbnail","6":"product_cat-produkty-z-konopi-indyjskich","7":"product_tag-cbd-olej-amazon","8":"product_tag-buy-cbd-oil","9":"product_tag-buy-cbd-oil-online-canada-reddit","10":"product_tag-buy-cbd-oil-online-coupon","11":"product_tag-buy-cbd-oil-online-edmonton","12":"product_tag-buy-cbd-oil-online-europe","13":"product_tag-buy-cbd-oil-wholesale","14":"product_tag-buy-legal-cbd-oil-online","15":"product_tag-buy-sunmed-cbd-oil-online","16":"product_tag-buying-cbd-oil-online","17":"product_tag-cbd-oil-benefits","18":"product_tag-cbd-oil-for-anxiety","19":"product_tag-cbd-oil-for-pain","20":"product_tag-cbd-oil-near-me","21":"product_tag-cbd-products","22":"product_tag-cbd-rso-effects","23":"product_tag-czy-kupowanie-oleju-cbd-on-line-jest-bezpieczne","24":"product_tag-czy-legalne-kupowanie-oleju-cbd-online","25":"product_tag-czy-mona-kupi-olej-cbd-online-uk","26":"product_tag-czy-moesz-legalnie-kupi-olej-cbd-online","27":"product_tag-czysty-naturalny-olej-cbd","28":"product_tag-czysty-olej-cbd","29":"product_tag-kanabidiol-kup","30":"product_tag-kup-olej-cbd-amazon","31":"product_tag-kup-cbd-olej-online-alberta","32":"product_tag-kup-cbd-olej-online-francja","33":"product_tag-kup-cbd-olej-online-hiszpania","34":"product_tag-kup-olej-cbd-online-ny","35":"product_tag-kup-cbd-olej-online-kalifornia","36":"product_tag-kup-cbd-olej-online-midzynarodowa-wysyka","37":"product_tag-kup-olej-cbd-online","38":"product_tag-kup-rso-olej-z-konopi-indyjskich","39":"product_tag-najlepszy-olej-cbd","40":"product_tag-olej-cbd","41":"product_tag-rso-cbd-olej-na-niepokj","42":"product_tag-rick-simpson-oil-kup-floryda","43":"product_tag-organiczny-olej-cbd","44":"product_tag-recenzje-olejkw-cbd","45":"product_tag-royal-cbd-oil","46":"product_tag-rso-cena-ropy","47":"product_tag-rso-oil-for-sale-in-ohio","48":"product_tag-rso-olej-na-bl","49":"product_tag-rso-online","50":"product_tag-rso-o-wysokiej-zawartoci-cbd","52":"first","53":"instock","54":"shipping-taxable","55":"purchasable","56":"product-type-variable","57":"has-default-attributes"},"yoast_head":"<!-- This site is optimized with the Yoast SEO Premium plugin v19.2 (Yoast SEO v27.3) - https:\/\/yoast.com\/product\/yoast-seo-premium-wordpress\/ -->\n<title>Kup olej CBD Ricka Simpsona (RSO) - Everyday Chem Shop<\/title>\n<meta name=\"description\" content=\"Kup online olej CBD Ricka Simpsona (RSO). Sprzedajemy wysokiej jako\u015bci olej CBD Rick Simpson (RSO). Prosimy o kontakt, aby uzyska\u0107 wi\u0119cej informacji na temat cen i sposobu sk\u0142adania zam\u00f3wie\u0144.\" \/>\n<meta name=\"robots\" content=\"index, follow, max-snippet:-1, max-image-preview:large, max-video-preview:-1\" \/>\n<link rel=\"canonical\" href=\"https:\/\/everydaychemshop.com\/pl\/product\/rick-simpson-olej-kup-rso-cbd-olej\/\" \/>\n<meta property=\"og:locale\" content=\"en_US\" \/>\n<meta property=\"og:type\" content=\"article\" \/>\n<meta property=\"og:title\" content=\"Olej Ricka Simpsona | Kup olej CBD RSO\" \/>\n<meta property=\"og:description\" content=\"Kup online olej CBD Ricka Simpsona (RSO). Sprzedajemy wysokiej jako\u015bci olej CBD Rick Simpson (RSO). Prosimy o kontakt, aby uzyska\u0107 wi\u0119cej informacji na temat cen i sposobu sk\u0142adania zam\u00f3wie\u0144.\" \/>\n<meta property=\"og:url\" content=\"https:\/\/everydaychemshop.com\/pl\/product\/rick-simpson-olej-kup-rso-cbd-olej\/\" \/>\n<meta property=\"og:site_name\" content=\"Everyday Chem Shop\" \/>\n<meta property=\"article:modified_time\" content=\"2023-04-07T17:21:39+00:00\" \/>\n<meta property=\"og:image\" content=\"https:\/\/everydaychemshop.com\/pl\/wp-content\/uploads\/sites\/8\/2022\/11\/Buy-RSO-CBD-Oil.jpg\" \/>\n\t<meta property=\"og:image:width\" content=\"600\" \/>\n\t<meta property=\"og:image:height\" content=\"600\" \/>\n\t<meta property=\"og:image:type\" content=\"image\/jpeg\" \/>\n<meta name=\"twitter:card\" content=\"summary_large_image\" \/>\n<meta name=\"twitter:label1\" content=\"Est. reading time\" \/>\n\t<meta name=\"twitter:data1\" content=\"3 minutes\" \/>\n<script type=\"application\/ld+json\" class=\"yoast-schema-graph\">{\"@context\":\"https:\\\/\\\/schema.org\",\"@graph\":[{\"@type\":\"WebPage\",\"@id\":\"https:\\\/\\\/everydaychemshop.com\\\/pl\\\/product\\\/rick-simpson-olej-kup-rso-cbd-olej\\\/\",\"url\":\"https:\\\/\\\/everydaychemshop.com\\\/pl\\\/product\\\/rick-simpson-olej-kup-rso-cbd-olej\\\/\",\"name\":\"Kup olej CBD Ricka Simpsona (RSO) - Everyday Chem Shop\",\"isPartOf\":{\"@id\":\"https:\\\/\\\/everydaychemshop.com\\\/pl\\\/#website\"},\"primaryImageOfPage\":{\"@id\":\"https:\\\/\\\/everydaychemshop.com\\\/pl\\\/product\\\/rick-simpson-olej-kup-rso-cbd-olej\\\/#primaryimage\"},\"image\":{\"@id\":\"https:\\\/\\\/everydaychemshop.com\\\/pl\\\/product\\\/rick-simpson-olej-kup-rso-cbd-olej\\\/#primaryimage\"},\"thumbnailUrl\":\"https:\\\/\\\/everydaychemshop.com\\\/pl\\\/wp-content\\\/uploads\\\/sites\\\/8\\\/2022\\\/11\\\/Buy-RSO-CBD-Oil.jpg\",\"datePublished\":\"2022-11-20T07:45:50+00:00\",\"dateModified\":\"2023-04-07T17:21:39+00:00\",\"description\":\"Kup online olej CBD Ricka Simpsona (RSO). Sprzedajemy wysokiej jako\u015bci olej CBD Rick Simpson (RSO). Prosimy o kontakt, aby uzyska\u0107 wi\u0119cej informacji na temat cen i sposobu sk\u0142adania zam\u00f3wie\u0144.\",\"breadcrumb\":{\"@id\":\"https:\\\/\\\/everydaychemshop.com\\\/pl\\\/product\\\/rick-simpson-olej-kup-rso-cbd-olej\\\/#breadcrumb\"},\"inLanguage\":\"en-US\",\"potentialAction\":[{\"@type\":\"ReadAction\",\"target\":[\"https:\\\/\\\/everydaychemshop.com\\\/pl\\\/product\\\/rick-simpson-olej-kup-rso-cbd-olej\\\/\"]}]},{\"@type\":\"ImageObject\",\"inLanguage\":\"en-US\",\"@id\":\"https:\\\/\\\/everydaychemshop.com\\\/pl\\\/product\\\/rick-simpson-olej-kup-rso-cbd-olej\\\/#primaryimage\",\"url\":\"https:\\\/\\\/everydaychemshop.com\\\/pl\\\/wp-content\\\/uploads\\\/sites\\\/8\\\/2022\\\/11\\\/Buy-RSO-CBD-Oil.jpg\",\"contentUrl\":\"https:\\\/\\\/everydaychemshop.com\\\/pl\\\/wp-content\\\/uploads\\\/sites\\\/8\\\/2022\\\/11\\\/Buy-RSO-CBD-Oil.jpg\",\"width\":600,\"height\":600,\"caption\":\"Kup online olej CBD Ricka Simpsona (RSO)\"},{\"@type\":\"BreadcrumbList\",\"@id\":\"https:\\\/\\\/everydaychemshop.com\\\/pl\\\/product\\\/rick-simpson-olej-kup-rso-cbd-olej\\\/#breadcrumb\",\"itemListElement\":[{\"@type\":\"ListItem\",\"position\":1,\"name\":\"Home\",\"item\":\"https:\\\/\\\/everydaychemshop.com\\\/pl\\\/\"},{\"@type\":\"ListItem\",\"position\":2,\"name\":\"Produkty\",\"item\":\"https:\\\/\\\/everydaychemshop.com\\\/pl\\\/produkty\\\/\"},{\"@type\":\"ListItem\",\"position\":3,\"name\":\"Olej Ricka Simpsona | Kup olej CBD RSO\"}]},{\"@type\":\"WebSite\",\"@id\":\"https:\\\/\\\/everydaychemshop.com\\\/pl\\\/#website\",\"url\":\"https:\\\/\\\/everydaychemshop.com\\\/pl\\\/\",\"name\":\"Everyday Chem Shop\",\"description\":\"\",\"potentialAction\":[{\"@type\":\"SearchAction\",\"target\":{\"@type\":\"EntryPoint\",\"urlTemplate\":\"https:\\\/\\\/everydaychemshop.com\\\/pl\\\/?s={search_term_string}\"},\"query-input\":{\"@type\":\"PropertyValueSpecification\",\"valueRequired\":true,\"valueName\":\"search_term_string\"}}],\"inLanguage\":\"en-US\"}]}<\/script>\n<!-- \/ Yoast SEO Premium plugin. -->","yoast_head_json":{"title":"Kup olej CBD Ricka Simpsona (RSO) - Everyday Chem Shop","description":"Kup online olej CBD Ricka Simpsona (RSO). Sprzedajemy wysokiej jako\u015bci olej CBD Rick Simpson (RSO). Prosimy o kontakt, aby uzyska\u0107 wi\u0119cej informacji na temat cen i sposobu sk\u0142adania zam\u00f3wie\u0144.","robots":{"index":"index","follow":"follow","max-snippet":"max-snippet:-1","max-image-preview":"max-image-preview:large","max-video-preview":"max-video-preview:-1"},"canonical":"https:\/\/everydaychemshop.com\/pl\/product\/rick-simpson-olej-kup-rso-cbd-olej\/","og_locale":"en_US","og_type":"article","og_title":"Olej Ricka Simpsona | Kup olej CBD RSO","og_description":"Kup online olej CBD Ricka Simpsona (RSO). Sprzedajemy wysokiej jako\u015bci olej CBD Rick Simpson (RSO). Prosimy o kontakt, aby uzyska\u0107 wi\u0119cej informacji na temat cen i sposobu sk\u0142adania zam\u00f3wie\u0144.","og_url":"https:\/\/everydaychemshop.com\/pl\/product\/rick-simpson-olej-kup-rso-cbd-olej\/","og_site_name":"Everyday Chem Shop","article_modified_time":"2023-04-07T17:21:39+00:00","og_image":[{"width":600,"height":600,"url":"https:\/\/everydaychemshop.com\/pl\/wp-content\/uploads\/sites\/8\/2022\/11\/Buy-RSO-CBD-Oil.jpg","type":"image\/jpeg"}],"twitter_card":"summary_large_image","twitter_misc":{"Est. reading time":"3 minutes"},"schema":{"@context":"https:\/\/schema.org","@graph":[{"@type":"WebPage","@id":"https:\/\/everydaychemshop.com\/pl\/product\/rick-simpson-olej-kup-rso-cbd-olej\/","url":"https:\/\/everydaychemshop.com\/pl\/product\/rick-simpson-olej-kup-rso-cbd-olej\/","name":"Kup olej CBD Ricka Simpsona (RSO) - Everyday Chem Shop","isPartOf":{"@id":"https:\/\/everydaychemshop.com\/pl\/#website"},"primaryImageOfPage":{"@id":"https:\/\/everydaychemshop.com\/pl\/product\/rick-simpson-olej-kup-rso-cbd-olej\/#primaryimage"},"image":{"@id":"https:\/\/everydaychemshop.com\/pl\/product\/rick-simpson-olej-kup-rso-cbd-olej\/#primaryimage"},"thumbnailUrl":"https:\/\/everydaychemshop.com\/pl\/wp-content\/uploads\/sites\/8\/2022\/11\/Buy-RSO-CBD-Oil.jpg","datePublished":"2022-11-20T07:45:50+00:00","dateModified":"2023-04-07T17:21:39+00:00","description":"Kup online olej CBD Ricka Simpsona (RSO). Sprzedajemy wysokiej jako\u015bci olej CBD Rick Simpson (RSO). Prosimy o kontakt, aby uzyska\u0107 wi\u0119cej informacji na temat cen i sposobu sk\u0142adania zam\u00f3wie\u0144.","breadcrumb":{"@id":"https:\/\/everydaychemshop.com\/pl\/product\/rick-simpson-olej-kup-rso-cbd-olej\/#breadcrumb"},"inLanguage":"en-US","potentialAction":[{"@type":"ReadAction","target":["https:\/\/everydaychemshop.com\/pl\/product\/rick-simpson-olej-kup-rso-cbd-olej\/"]}]},{"@type":"ImageObject","inLanguage":"en-US","@id":"https:\/\/everydaychemshop.com\/pl\/product\/rick-simpson-olej-kup-rso-cbd-olej\/#primaryimage","url":"https:\/\/everydaychemshop.com\/pl\/wp-content\/uploads\/sites\/8\/2022\/11\/Buy-RSO-CBD-Oil.jpg","contentUrl":"https:\/\/everydaychemshop.com\/pl\/wp-content\/uploads\/sites\/8\/2022\/11\/Buy-RSO-CBD-Oil.jpg","width":600,"height":600,"caption":"Kup online olej CBD Ricka Simpsona (RSO)"},{"@type":"BreadcrumbList","@id":"https:\/\/everydaychemshop.com\/pl\/product\/rick-simpson-olej-kup-rso-cbd-olej\/#breadcrumb","itemListElement":[{"@type":"ListItem","position":1,"name":"Home","item":"https:\/\/everydaychemshop.com\/pl\/"},{"@type":"ListItem","position":2,"name":"Produkty","item":"https:\/\/everydaychemshop.com\/pl\/produkty\/"},{"@type":"ListItem","position":3,"name":"Olej Ricka Simpsona | Kup olej CBD RSO"}]},{"@type":"WebSite","@id":"https:\/\/everydaychemshop.com\/pl\/#website","url":"https:\/\/everydaychemshop.com\/pl\/","name":"Everyday Chem Shop","description":"","potentialAction":[{"@type":"SearchAction","target":{"@type":"EntryPoint","urlTemplate":"https:\/\/everydaychemshop.com\/pl\/?s={search_term_string}"},"query-input":{"@type":"PropertyValueSpecification","valueRequired":true,"valueName":"search_term_string"}}],"inLanguage":"en-US"}]}},"_links":{"self":[{"href":"https:\/\/everydaychemshop.com\/pl\/wp-json\/wp\/v2\/product\/8320","targetHints":{"allow":["GET"]}}],"collection":[{"href":"https:\/\/everydaychemshop.com\/pl\/wp-json\/wp\/v2\/product"}],"about":[{"href":"https:\/\/everydaychemshop.com\/pl\/wp-json\/wp\/v2\/types\/product"}],"replies":[{"embeddable":true,"href":"https:\/\/everydaychemshop.com\/pl\/wp-json\/wp\/v2\/comments?post=8320"}],"wp:featuredmedia":[{"embeddable":true,"href":"https:\/\/everydaychemshop.com\/pl\/wp-json\/wp\/v2\/media\/8328"}],"wp:attachment":[{"href":"https:\/\/everydaychemshop.com\/pl\/wp-json\/wp\/v2\/media?parent=8320"}],"wp:term":[{"taxonomy":"product_brand","embeddable":true,"href":"https:\/\/everydaychemshop.com\/pl\/wp-json\/wp\/v2\/product_brand?post=8320"},{"taxonomy":"product_cat","embeddable":true,"href":"https:\/\/everydaychemshop.com\/pl\/wp-json\/wp\/v2\/product_cat?post=8320"},{"taxonomy":"product_tag","embeddable":true,"href":"https:\/\/everydaychemshop.com\/pl\/wp-json\/wp\/v2\/product_tag?post=8320"}],"curies":[{"name":"wp","href":"https:\/\/api.w.org\/{rel}","templated":true}]}}