{"id":8332,"date":"2022-11-22T22:31:34","date_gmt":"2022-11-22T22:31:34","guid":{"rendered":"https:\/\/everydaychemshop.com\/pl\/?post_type=product&#038;p=8332"},"modified":"2023-04-07T17:20:27","modified_gmt":"2023-04-07T17:20:27","slug":"kupie-tort-weselny-thc-destylat-z-gornej-polki","status":"publish","type":"product","link":"https:\/\/everydaychemshop.com\/pl\/product\/kupie-tort-weselny-thc-destylat-z-gornej-polki\/","title":{"rendered":"Kup destylat THC weselny \u2013 najwy\u017csza p\u00f3\u0142ka"},"content":{"rendered":"<h1>Kup destylat THC Wedding Cake online<\/h1>\n<p><a href=\"https:\/\/everydaychemshop.com\/pl\/product\/kupie-tort-weselny-thc-destylat-z-gornej-polki\/\">Kup destylat THC Wedding Cake online<\/a> \u2014 g\u00f3rna p\u00f3\u0142ka \u2014 THC\u00a0destylat \u00a0to oczyszczony, niezawieraj\u0105cy rozpuszczalnik\u00f3w ekstrakt z konopi, kt\u00f3ry zawiera\u00a0THC poziomy\u00a098%. Jest to klarowny z\u0142oty koncentrat, kt\u00f3ry jest oczyszczany ze wszystkich wosk\u00f3w, t\u0142uszcz\u00f3w i olej\u00f3w podczas procesu filtracji\/destylacji przy u\u017cyciu najbardziej zaawansowanej technologii w celu wytworzenia czystego, g\u0119stego, klarownego oleju, kt\u00f3ry mo\u017cna spo\u017cywa\u0107 jako jadalny, <a href=\"https:\/\/en.wikipedia.org\/wiki\/Tetrahydrocannabinol\">stosowa\u0107<\/a> miejscowo lub pali\u0107\/odparowywa\u0107 ! To wyj\u0105tkowo g\u0119sty olejek w szklanej strzykawce. Delikatnie rozgrzej strzykawk\u0119 przed u\u017cyciem.<\/p>\n","protected":false},"excerpt":{"rendered":"<p>Wysy\u0142ka na ca\u0142y \u015bwiat<br \/>\nMinimalna ilo\u015b\u0107 zam\u00f3wienia to 2 sztuki<br \/>\nSkontaktuj si\u0119 z nami w sprawie wi\u0119kszych zam\u00f3wie\u0144<br \/>\nDostarczamy produkty o wysokiej czysto\u015bci z bardzo dobrym i dyskretnym systemem wysy\u0142ki. Z 12-letnim do\u015bwiadczeniem w dostarczaniu chemikali\u00f3w badawczych; koncentrujemy si\u0119 na bezpiecze\u0144stwie.<\/p>\n<p>Jeste\u015bmy niezawodni, godni zaufania, szybka dostawa i produkty wysokiej jako\u015bci tylko w przyst\u0119pnej cenie.<\/p>\n","protected":false},"featured_media":8340,"comment_status":"open","ping_status":"closed","template":"","meta":{"inline_featured_image":false},"product_brand":[],"product_cat":[61],"product_tag":[593,594,599,585,588,586,587,590,621,600,610,608,595,596,597,611,598,609,591,592,589,607,619,620,601,615,613,616,602,605,606,603,604,612,614,617,618],"class_list":{"0":"post-8332","1":"product","2":"type-product","3":"status-publish","4":"has-post-thumbnail","6":"product_cat-produkty-z-konopi-indyjskich","7":"product_tag-buy-cbd-distillate","8":"product_tag-buy-cbd-distillate-uk","9":"product_tag-buy-oz-of-thc-distillate","10":"product_tag-buy-thc-distillate","11":"product_tag-buy-thc-distillate-oil-online-usa","12":"product_tag-buy-thc-distillate-online","13":"product_tag-buy-thc-distillate-online-usa","14":"product_tag-buy-thc-distillate-syringe","15":"product_tag-buy-wedding-cake-thc-distillate","16":"product_tag-cena-destylatu-thc","17":"product_tag-cena-za-destylat-thc-luzem","18":"product_tag-thc-destylat-chemiczny","19":"product_tag-destylat-thc-gdzie-kupic","20":"product_tag-gdzie-kupi-destylat-thc-online","21":"product_tag-gdzie-kupi-destylat-thc-w-kalifornii","22":"product_tag-hurt-destylat-thc","23":"product_tag-kup-thc-destylat-kolorado","24":"product_tag-kup-luzem-destylat-thc","25":"product_tag-kup-thc-destylat-olej-online-kanada","26":"product_tag-kup-thc-destylat-olej-online-uk","27":"product_tag-kup-thc-destylat-olej-online","28":"product_tag-kup-tani-destylat-thc","29":"product_tag-order-cbd-distillate","30":"product_tag-order-cbd-distillate-uk","31":"product_tag-order-thc-distillate","32":"product_tag-order-thc-distillate-oil-online","33":"product_tag-order-thc-distillate-online-usa","34":"product_tag-order-thc-distillate-syringe","35":"product_tag-destylat-thc-na-sprzeda","36":"product_tag-thc-temperatura-destylacji","37":"product_tag-temperatura-destylatu-thc","38":"product_tag-thc-distillation-equipment","39":"product_tag-zakup-destylat-thc","40":"product_tag-zamw-destylat-thc-online","41":"product_tag-zamw-thc-destylat-olej-online-usa","42":"product_tag-zamw-thc-destylat-olej-online-kanada","43":"product_tag-zamw-thc-destylat-olej-online-uk","45":"first","46":"instock","47":"shipping-taxable","48":"purchasable","49":"product-type-variable","50":"has-default-attributes"},"yoast_head":"<!-- This site is optimized with the Yoast SEO Premium plugin v19.2 (Yoast SEO v27.3) - https:\/\/yoast.com\/product\/yoast-seo-premium-wordpress\/ -->\n<title>Kup destylat THC Wedding Cake online - Everyday Chem Shop<\/title>\n<meta name=\"description\" content=\"Kup destylat THC Wedding Cake online. Sprzedajemy najwy\u017cszej jako\u015bci destylat THC. Skontaktuj si\u0119, aby uzyska\u0107 wi\u0119cej informacji na temat cen i sposobu sk\u0142adania zam\u00f3wie\u0144.\" \/>\n<meta name=\"robots\" content=\"index, follow, max-snippet:-1, max-image-preview:large, max-video-preview:-1\" \/>\n<link rel=\"canonical\" href=\"https:\/\/everydaychemshop.com\/pl\/product\/kupie-tort-weselny-thc-destylat-z-gornej-polki\/\" \/>\n<meta property=\"og:locale\" content=\"en_US\" \/>\n<meta property=\"og:type\" content=\"article\" \/>\n<meta property=\"og:title\" content=\"Kup destylat THC weselny \u2013 najwy\u017csza p\u00f3\u0142ka\" \/>\n<meta property=\"og:description\" content=\"Kup destylat THC Wedding Cake online. Sprzedajemy najwy\u017cszej jako\u015bci destylat THC. Skontaktuj si\u0119, aby uzyska\u0107 wi\u0119cej informacji na temat cen i sposobu sk\u0142adania zam\u00f3wie\u0144.\" \/>\n<meta property=\"og:url\" content=\"https:\/\/everydaychemshop.com\/pl\/product\/kupie-tort-weselny-thc-destylat-z-gornej-polki\/\" \/>\n<meta property=\"og:site_name\" content=\"Everyday Chem Shop\" \/>\n<meta property=\"article:modified_time\" content=\"2023-04-07T17:20:27+00:00\" \/>\n<meta property=\"og:image\" content=\"https:\/\/everydaychemshop.com\/pl\/wp-content\/uploads\/sites\/8\/2022\/11\/Buy-Wedding-Cake-THC-Distillate-\u2013-Top-Shelf.jpg\" \/>\n\t<meta property=\"og:image:width\" content=\"600\" \/>\n\t<meta property=\"og:image:height\" content=\"600\" \/>\n\t<meta property=\"og:image:type\" content=\"image\/jpeg\" \/>\n<meta name=\"twitter:card\" content=\"summary_large_image\" \/>\n<meta name=\"twitter:label1\" content=\"Est. reading time\" \/>\n\t<meta name=\"twitter:data1\" content=\"1 minute\" \/>\n<script type=\"application\/ld+json\" class=\"yoast-schema-graph\">{\"@context\":\"https:\\\/\\\/schema.org\",\"@graph\":[{\"@type\":\"WebPage\",\"@id\":\"https:\\\/\\\/everydaychemshop.com\\\/pl\\\/product\\\/kupie-tort-weselny-thc-destylat-z-gornej-polki\\\/\",\"url\":\"https:\\\/\\\/everydaychemshop.com\\\/pl\\\/product\\\/kupie-tort-weselny-thc-destylat-z-gornej-polki\\\/\",\"name\":\"Kup destylat THC Wedding Cake online - Everyday Chem Shop\",\"isPartOf\":{\"@id\":\"https:\\\/\\\/everydaychemshop.com\\\/pl\\\/#website\"},\"primaryImageOfPage\":{\"@id\":\"https:\\\/\\\/everydaychemshop.com\\\/pl\\\/product\\\/kupie-tort-weselny-thc-destylat-z-gornej-polki\\\/#primaryimage\"},\"image\":{\"@id\":\"https:\\\/\\\/everydaychemshop.com\\\/pl\\\/product\\\/kupie-tort-weselny-thc-destylat-z-gornej-polki\\\/#primaryimage\"},\"thumbnailUrl\":\"https:\\\/\\\/everydaychemshop.com\\\/pl\\\/wp-content\\\/uploads\\\/sites\\\/8\\\/2022\\\/11\\\/Buy-Wedding-Cake-THC-Distillate-\u2013-Top-Shelf.jpg\",\"datePublished\":\"2022-11-22T22:31:34+00:00\",\"dateModified\":\"2023-04-07T17:20:27+00:00\",\"description\":\"Kup destylat THC Wedding Cake online. Sprzedajemy najwy\u017cszej jako\u015bci destylat THC. Skontaktuj si\u0119, aby uzyska\u0107 wi\u0119cej informacji na temat cen i sposobu sk\u0142adania zam\u00f3wie\u0144.\",\"breadcrumb\":{\"@id\":\"https:\\\/\\\/everydaychemshop.com\\\/pl\\\/product\\\/kupie-tort-weselny-thc-destylat-z-gornej-polki\\\/#breadcrumb\"},\"inLanguage\":\"en-US\",\"potentialAction\":[{\"@type\":\"ReadAction\",\"target\":[\"https:\\\/\\\/everydaychemshop.com\\\/pl\\\/product\\\/kupie-tort-weselny-thc-destylat-z-gornej-polki\\\/\"]}]},{\"@type\":\"ImageObject\",\"inLanguage\":\"en-US\",\"@id\":\"https:\\\/\\\/everydaychemshop.com\\\/pl\\\/product\\\/kupie-tort-weselny-thc-destylat-z-gornej-polki\\\/#primaryimage\",\"url\":\"https:\\\/\\\/everydaychemshop.com\\\/pl\\\/wp-content\\\/uploads\\\/sites\\\/8\\\/2022\\\/11\\\/Buy-Wedding-Cake-THC-Distillate-\u2013-Top-Shelf.jpg\",\"contentUrl\":\"https:\\\/\\\/everydaychemshop.com\\\/pl\\\/wp-content\\\/uploads\\\/sites\\\/8\\\/2022\\\/11\\\/Buy-Wedding-Cake-THC-Distillate-\u2013-Top-Shelf.jpg\",\"width\":600,\"height\":600,\"caption\":\"Kup destylat THC Wedding Cake online\"},{\"@type\":\"BreadcrumbList\",\"@id\":\"https:\\\/\\\/everydaychemshop.com\\\/pl\\\/product\\\/kupie-tort-weselny-thc-destylat-z-gornej-polki\\\/#breadcrumb\",\"itemListElement\":[{\"@type\":\"ListItem\",\"position\":1,\"name\":\"Home\",\"item\":\"https:\\\/\\\/everydaychemshop.com\\\/pl\\\/\"},{\"@type\":\"ListItem\",\"position\":2,\"name\":\"Produkty\",\"item\":\"https:\\\/\\\/everydaychemshop.com\\\/pl\\\/produkty\\\/\"},{\"@type\":\"ListItem\",\"position\":3,\"name\":\"Kup destylat THC weselny \u2013 najwy\u017csza p\u00f3\u0142ka\"}]},{\"@type\":\"WebSite\",\"@id\":\"https:\\\/\\\/everydaychemshop.com\\\/pl\\\/#website\",\"url\":\"https:\\\/\\\/everydaychemshop.com\\\/pl\\\/\",\"name\":\"Everyday Chem Shop\",\"description\":\"\",\"potentialAction\":[{\"@type\":\"SearchAction\",\"target\":{\"@type\":\"EntryPoint\",\"urlTemplate\":\"https:\\\/\\\/everydaychemshop.com\\\/pl\\\/?s={search_term_string}\"},\"query-input\":{\"@type\":\"PropertyValueSpecification\",\"valueRequired\":true,\"valueName\":\"search_term_string\"}}],\"inLanguage\":\"en-US\"}]}<\/script>\n<!-- \/ Yoast SEO Premium plugin. -->","yoast_head_json":{"title":"Kup destylat THC Wedding Cake online - Everyday Chem Shop","description":"Kup destylat THC Wedding Cake online. Sprzedajemy najwy\u017cszej jako\u015bci destylat THC. Skontaktuj si\u0119, aby uzyska\u0107 wi\u0119cej informacji na temat cen i sposobu sk\u0142adania zam\u00f3wie\u0144.","robots":{"index":"index","follow":"follow","max-snippet":"max-snippet:-1","max-image-preview":"max-image-preview:large","max-video-preview":"max-video-preview:-1"},"canonical":"https:\/\/everydaychemshop.com\/pl\/product\/kupie-tort-weselny-thc-destylat-z-gornej-polki\/","og_locale":"en_US","og_type":"article","og_title":"Kup destylat THC weselny \u2013 najwy\u017csza p\u00f3\u0142ka","og_description":"Kup destylat THC Wedding Cake online. Sprzedajemy najwy\u017cszej jako\u015bci destylat THC. Skontaktuj si\u0119, aby uzyska\u0107 wi\u0119cej informacji na temat cen i sposobu sk\u0142adania zam\u00f3wie\u0144.","og_url":"https:\/\/everydaychemshop.com\/pl\/product\/kupie-tort-weselny-thc-destylat-z-gornej-polki\/","og_site_name":"Everyday Chem Shop","article_modified_time":"2023-04-07T17:20:27+00:00","og_image":[{"width":600,"height":600,"url":"https:\/\/everydaychemshop.com\/pl\/wp-content\/uploads\/sites\/8\/2022\/11\/Buy-Wedding-Cake-THC-Distillate-\u2013-Top-Shelf.jpg","type":"image\/jpeg"}],"twitter_card":"summary_large_image","twitter_misc":{"Est. reading time":"1 minute"},"schema":{"@context":"https:\/\/schema.org","@graph":[{"@type":"WebPage","@id":"https:\/\/everydaychemshop.com\/pl\/product\/kupie-tort-weselny-thc-destylat-z-gornej-polki\/","url":"https:\/\/everydaychemshop.com\/pl\/product\/kupie-tort-weselny-thc-destylat-z-gornej-polki\/","name":"Kup destylat THC Wedding Cake online - Everyday Chem Shop","isPartOf":{"@id":"https:\/\/everydaychemshop.com\/pl\/#website"},"primaryImageOfPage":{"@id":"https:\/\/everydaychemshop.com\/pl\/product\/kupie-tort-weselny-thc-destylat-z-gornej-polki\/#primaryimage"},"image":{"@id":"https:\/\/everydaychemshop.com\/pl\/product\/kupie-tort-weselny-thc-destylat-z-gornej-polki\/#primaryimage"},"thumbnailUrl":"https:\/\/everydaychemshop.com\/pl\/wp-content\/uploads\/sites\/8\/2022\/11\/Buy-Wedding-Cake-THC-Distillate-\u2013-Top-Shelf.jpg","datePublished":"2022-11-22T22:31:34+00:00","dateModified":"2023-04-07T17:20:27+00:00","description":"Kup destylat THC Wedding Cake online. Sprzedajemy najwy\u017cszej jako\u015bci destylat THC. Skontaktuj si\u0119, aby uzyska\u0107 wi\u0119cej informacji na temat cen i sposobu sk\u0142adania zam\u00f3wie\u0144.","breadcrumb":{"@id":"https:\/\/everydaychemshop.com\/pl\/product\/kupie-tort-weselny-thc-destylat-z-gornej-polki\/#breadcrumb"},"inLanguage":"en-US","potentialAction":[{"@type":"ReadAction","target":["https:\/\/everydaychemshop.com\/pl\/product\/kupie-tort-weselny-thc-destylat-z-gornej-polki\/"]}]},{"@type":"ImageObject","inLanguage":"en-US","@id":"https:\/\/everydaychemshop.com\/pl\/product\/kupie-tort-weselny-thc-destylat-z-gornej-polki\/#primaryimage","url":"https:\/\/everydaychemshop.com\/pl\/wp-content\/uploads\/sites\/8\/2022\/11\/Buy-Wedding-Cake-THC-Distillate-\u2013-Top-Shelf.jpg","contentUrl":"https:\/\/everydaychemshop.com\/pl\/wp-content\/uploads\/sites\/8\/2022\/11\/Buy-Wedding-Cake-THC-Distillate-\u2013-Top-Shelf.jpg","width":600,"height":600,"caption":"Kup destylat THC Wedding Cake online"},{"@type":"BreadcrumbList","@id":"https:\/\/everydaychemshop.com\/pl\/product\/kupie-tort-weselny-thc-destylat-z-gornej-polki\/#breadcrumb","itemListElement":[{"@type":"ListItem","position":1,"name":"Home","item":"https:\/\/everydaychemshop.com\/pl\/"},{"@type":"ListItem","position":2,"name":"Produkty","item":"https:\/\/everydaychemshop.com\/pl\/produkty\/"},{"@type":"ListItem","position":3,"name":"Kup destylat THC weselny \u2013 najwy\u017csza p\u00f3\u0142ka"}]},{"@type":"WebSite","@id":"https:\/\/everydaychemshop.com\/pl\/#website","url":"https:\/\/everydaychemshop.com\/pl\/","name":"Everyday Chem Shop","description":"","potentialAction":[{"@type":"SearchAction","target":{"@type":"EntryPoint","urlTemplate":"https:\/\/everydaychemshop.com\/pl\/?s={search_term_string}"},"query-input":{"@type":"PropertyValueSpecification","valueRequired":true,"valueName":"search_term_string"}}],"inLanguage":"en-US"}]}},"_links":{"self":[{"href":"https:\/\/everydaychemshop.com\/pl\/wp-json\/wp\/v2\/product\/8332","targetHints":{"allow":["GET"]}}],"collection":[{"href":"https:\/\/everydaychemshop.com\/pl\/wp-json\/wp\/v2\/product"}],"about":[{"href":"https:\/\/everydaychemshop.com\/pl\/wp-json\/wp\/v2\/types\/product"}],"replies":[{"embeddable":true,"href":"https:\/\/everydaychemshop.com\/pl\/wp-json\/wp\/v2\/comments?post=8332"}],"wp:featuredmedia":[{"embeddable":true,"href":"https:\/\/everydaychemshop.com\/pl\/wp-json\/wp\/v2\/media\/8340"}],"wp:attachment":[{"href":"https:\/\/everydaychemshop.com\/pl\/wp-json\/wp\/v2\/media?parent=8332"}],"wp:term":[{"taxonomy":"product_brand","embeddable":true,"href":"https:\/\/everydaychemshop.com\/pl\/wp-json\/wp\/v2\/product_brand?post=8332"},{"taxonomy":"product_cat","embeddable":true,"href":"https:\/\/everydaychemshop.com\/pl\/wp-json\/wp\/v2\/product_cat?post=8332"},{"taxonomy":"product_tag","embeddable":true,"href":"https:\/\/everydaychemshop.com\/pl\/wp-json\/wp\/v2\/product_tag?post=8332"}],"curies":[{"name":"wp","href":"https:\/\/api.w.org\/{rel}","templated":true}]}}