{"id":8341,"date":"2022-11-22T22:43:59","date_gmt":"2022-11-22T22:43:59","guid":{"rendered":"https:\/\/everydaychemshop.com\/pl\/?post_type=product&#038;p=8341"},"modified":"2023-04-07T17:19:18","modified_gmt":"2023-04-07T17:19:18","slug":"cbd-premium-olej-ekstrahowany-co2","status":"publish","type":"product","link":"https:\/\/everydaychemshop.com\/pl\/product\/cbd-premium-olej-ekstrahowany-co2\/","title":{"rendered":"Olej ekstrahowany CO2 CBD Premium"},"content":{"rendered":"<h1>Olej ekstrahowany CO2 CBD Premium<\/h1>\n<p><a href=\"https:\/\/everydaychemshop.com\/pl\/product\/cbd-premium-olej-ekstrahowany-co2\/\">Olej ekstrahowany CO2 CBD Premium<\/a>. Kannabinoidy s\u0105 zbierane podczas ekstrakcji CO2. Kt\u00f3ry wydaje si\u0119 wytwarza\u0107 olej, kt\u00f3ry jest znacznie \u0142atwiejszy do wdychania bez szorstko\u015bci.<br \/>\nTa konkretna partia leku pochodzi z\u00a0ACDC, szczepu konopi indyjskich, o kt\u00f3rym wiadomo, \u017ce ma wysok\u0105 zawarto\u015b\u0107 CBD.<\/p>\n<p>&nbsp;<\/p>\n<p>Kannabinoidy zebrano podczas ekstrakcji CO2. Wydaje si\u0119, \u017ce sprawia to, \u017ce olej jest znacznie \u0142atwiejszy do wdychania i nie jest ostry.<br \/>\nTa konkretna partia lek\u00f3w jest wytwarzana z ACDC, szczepu konopi, o kt\u00f3rym wiadomo, \u017ce jest testowany pod k\u0105tem wysokiego poziomu CBD.<\/p>\n<p>Nasze wk\u0142ady olejowe do wapowania nale\u017c\u0105 do najpot\u0119\u017cniejszych na rynku. To, co widzisz, jest tym, co ziewasz. Nasze testy laboratoryjne dla ka\u017cdej partii s\u0105 drukowane na opakowaniu, a wi\u0119kszo\u015b\u0107 partii testuje na ponad 70% THC. Ponadto smak i ekstrakcja naszych wk\u0142ad\u00f3w jest bardzo delikatna ze wzgl\u0119du na nasz naturalny <a href=\"https:\/\/en.wikipedia.org\/wiki\/Cannabidiol\">proces<\/a>, w kt\u00f3rym u\u017cywamy terpen\u00f3w naturalnie wyst\u0119puj\u0105cych w kwiatach. ale<\/p>\n<p>Kup wk\u0142ad olejowy z THC Vape Pen, wk\u0142ad THC na sprzeda\u017c online, wk\u0142ad olejowy do Vape Pen, wst\u0119pnie nape\u0142niony wk\u0142ad z olejem Hash na sprzeda\u017c<\/p>\n<p>Nasz olej jest jednym z najsilniejszych na sklep. W przeciwie\u0144stwie do wielu innych marek, kt\u00f3re daj\u0105 surow\u0105, a nast\u0119pnie rozcie\u0144czon\u0105 wydajno\u015b\u0107, w przypadku Pure waporyzujesz to, co widzisz. Nasze testy laboratoryjne dla ka\u017cdej partii s\u0105 drukowane na opakowaniu, a wi\u0119kszo\u015b\u0107 partii testuje na ponad 70% THC. Ponadto smak i ekstrakcja naszych wk\u0142ad\u00f3w jest bardzo delikatna ze wzgl\u0119du na nasz naturalny proces, w kt\u00f3rym u\u017cywamy terpen\u00f3w naturalnie wyst\u0119puj\u0105cych w kwiatach.<\/p>\n","protected":false},"excerpt":{"rendered":"<p>Olej ekstrahowany CO2 o wysokiej zawarto\u015bci CBD\u00a0w Green Valley CBD USA. Olej premium CO2 o wysokiej zawarto\u015bci CBD. Ca\u0142kowita ilo\u015b\u0107 aktywnych kannabinoid\u00f3w: 80% THC: 24% CBD: 56% nab\u00f3j z olejem z marihuany do ekstrakcji CO2. Dost\u0119pny w 1 g. zam\u00f3w online olej cbd Co2.<\/p>\n<p>&nbsp;<\/p>\n<p>Ca\u0142kowita liczba aktywnych kannabinoid\u00f3w: 80%<br \/>\nTHC: 24%<br \/>\nCBD: 56%<\/p>\n<h3>Kup wk\u0142ady z olejem konopnym THC<\/h3>\n<p>cena produktu: za 1 g wk\u0142adu<br \/>\n<strong>Minimalna ilo\u015b\u0107 zam\u00f3wienia to: 3 naboje<\/strong><\/p>\n","protected":false},"featured_media":8349,"comment_status":"open","ping_status":"closed","template":"","meta":{"inline_featured_image":false},"product_brand":[],"product_cat":[61],"product_tag":[627,633,624,632,630,622,640,639,636,643,637,642,626,641,623,629,631,625,628,638,634,635],"class_list":{"0":"post-8341","1":"product","2":"type-product","3":"status-publish","4":"has-post-thumbnail","6":"product_cat-produkty-z-konopi-indyjskich","7":"product_tag-buy-cbd-premium-co2","8":"product_tag-buy-cbd-premium-co2-extracted","9":"product_tag-buy-cbd-premium-co2-extracted-oil-online","10":"product_tag-buy-high-cbd-premium-co2-extracted-oil","11":"product_tag-buy-high-cbd-premium-co2-extracted-oil-online","12":"product_tag-buy-high-cbd-premium-co2-extracted-oil-online-usa-cbd-premium-co2-extracted-oil-for-sale-online","13":"product_tag-cbd-premium-co2-extracted-legal-in-usa","14":"product_tag-co2-extracted-oil","15":"product_tag-co2-extracted-oil-for-sale","16":"product_tag-is-cbd-premium-co2-extracted-legal-in-canada","17":"product_tag-high-thc-cannabis-oil-for-sale","18":"product_tag-how-to-order-cbd-premium-co2-extracted","19":"product_tag-kup-cbd-premium-co2-ekstrahowany-online","20":"product_tag-kup-cbd-premium-co2-ekstrahowany-online-usa","21":"product_tag-kup-cbd-premium-co2-online","22":"product_tag-kup-wysokie-cbd-premium-co2","23":"product_tag-kup-olej-ekstrahowany-co2","24":"product_tag-kup-olej-ekstrahowany-co2-online-usa","25":"product_tag-kup-olej-konopny-ekstrahowany-co2","26":"product_tag-wysoka-wysoka-cbd-premium-na-sprzedaz","27":"product_tag-cbd-premium-olej-ekstrahowany-co2","28":"product_tag-cbd-premium-co2-ekstrahowany-olej-na-sprzedaz","30":"first","31":"instock","32":"shipping-taxable","33":"purchasable","34":"product-type-variable","35":"has-default-attributes"},"yoast_head":"<!-- This site is optimized with the Yoast SEO Premium plugin v19.2 (Yoast SEO v27.3) - https:\/\/yoast.com\/product\/yoast-seo-premium-wordpress\/ -->\n<title>Olej ekstrahowany CO2 CBD Premium - Everyday Chem Shop<\/title>\n<meta name=\"description\" content=\"Olej ekstrahowany CO2 CBD Premium. Mo\u017cesz kupi\u0107 CBD Premium CO2 Extracted Oil Online USA online. Skontaktuj si\u0119, aby uzyska\u0107 wi\u0119cej informacji i ceny.\" \/>\n<meta name=\"robots\" content=\"index, follow, max-snippet:-1, max-image-preview:large, max-video-preview:-1\" \/>\n<link rel=\"canonical\" href=\"https:\/\/everydaychemshop.com\/pl\/product\/cbd-premium-olej-ekstrahowany-co2\/\" \/>\n<meta property=\"og:locale\" content=\"en_US\" \/>\n<meta property=\"og:type\" content=\"article\" \/>\n<meta property=\"og:title\" content=\"Olej ekstrahowany CO2 CBD Premium\" \/>\n<meta property=\"og:description\" content=\"Olej ekstrahowany CO2 CBD Premium. Mo\u017cesz kupi\u0107 CBD Premium CO2 Extracted Oil Online USA online. Skontaktuj si\u0119, aby uzyska\u0107 wi\u0119cej informacji i ceny.\" \/>\n<meta property=\"og:url\" content=\"https:\/\/everydaychemshop.com\/pl\/product\/cbd-premium-olej-ekstrahowany-co2\/\" \/>\n<meta property=\"og:site_name\" content=\"Everyday Chem Shop\" \/>\n<meta property=\"article:modified_time\" content=\"2023-04-07T17:19:18+00:00\" \/>\n<meta property=\"og:image\" content=\"https:\/\/everydaychemshop.com\/pl\/wp-content\/uploads\/sites\/8\/2022\/11\/Buy-High-CBD-Premium-CO2-Extracted-Oil-Online-USA.jpg\" \/>\n\t<meta property=\"og:image:width\" content=\"600\" \/>\n\t<meta property=\"og:image:height\" content=\"600\" \/>\n\t<meta property=\"og:image:type\" content=\"image\/jpeg\" \/>\n<meta name=\"twitter:card\" content=\"summary_large_image\" \/>\n<meta name=\"twitter:label1\" content=\"Est. reading time\" \/>\n\t<meta name=\"twitter:data1\" content=\"2 minutes\" \/>\n<script type=\"application\/ld+json\" class=\"yoast-schema-graph\">{\"@context\":\"https:\\\/\\\/schema.org\",\"@graph\":[{\"@type\":\"WebPage\",\"@id\":\"https:\\\/\\\/everydaychemshop.com\\\/pl\\\/product\\\/cbd-premium-olej-ekstrahowany-co2\\\/\",\"url\":\"https:\\\/\\\/everydaychemshop.com\\\/pl\\\/product\\\/cbd-premium-olej-ekstrahowany-co2\\\/\",\"name\":\"Olej ekstrahowany CO2 CBD Premium - Everyday Chem Shop\",\"isPartOf\":{\"@id\":\"https:\\\/\\\/everydaychemshop.com\\\/pl\\\/#website\"},\"primaryImageOfPage\":{\"@id\":\"https:\\\/\\\/everydaychemshop.com\\\/pl\\\/product\\\/cbd-premium-olej-ekstrahowany-co2\\\/#primaryimage\"},\"image\":{\"@id\":\"https:\\\/\\\/everydaychemshop.com\\\/pl\\\/product\\\/cbd-premium-olej-ekstrahowany-co2\\\/#primaryimage\"},\"thumbnailUrl\":\"https:\\\/\\\/everydaychemshop.com\\\/pl\\\/wp-content\\\/uploads\\\/sites\\\/8\\\/2022\\\/11\\\/Buy-High-CBD-Premium-CO2-Extracted-Oil-Online-USA.jpg\",\"datePublished\":\"2022-11-22T22:43:59+00:00\",\"dateModified\":\"2023-04-07T17:19:18+00:00\",\"description\":\"Olej ekstrahowany CO2 CBD Premium. Mo\u017cesz kupi\u0107 CBD Premium CO2 Extracted Oil Online USA online. Skontaktuj si\u0119, aby uzyska\u0107 wi\u0119cej informacji i ceny.\",\"breadcrumb\":{\"@id\":\"https:\\\/\\\/everydaychemshop.com\\\/pl\\\/product\\\/cbd-premium-olej-ekstrahowany-co2\\\/#breadcrumb\"},\"inLanguage\":\"en-US\",\"potentialAction\":[{\"@type\":\"ReadAction\",\"target\":[\"https:\\\/\\\/everydaychemshop.com\\\/pl\\\/product\\\/cbd-premium-olej-ekstrahowany-co2\\\/\"]}]},{\"@type\":\"ImageObject\",\"inLanguage\":\"en-US\",\"@id\":\"https:\\\/\\\/everydaychemshop.com\\\/pl\\\/product\\\/cbd-premium-olej-ekstrahowany-co2\\\/#primaryimage\",\"url\":\"https:\\\/\\\/everydaychemshop.com\\\/pl\\\/wp-content\\\/uploads\\\/sites\\\/8\\\/2022\\\/11\\\/Buy-High-CBD-Premium-CO2-Extracted-Oil-Online-USA.jpg\",\"contentUrl\":\"https:\\\/\\\/everydaychemshop.com\\\/pl\\\/wp-content\\\/uploads\\\/sites\\\/8\\\/2022\\\/11\\\/Buy-High-CBD-Premium-CO2-Extracted-Oil-Online-USA.jpg\",\"width\":600,\"height\":600,\"caption\":\"Olej ekstrahowany CO2 CBD Premium\"},{\"@type\":\"BreadcrumbList\",\"@id\":\"https:\\\/\\\/everydaychemshop.com\\\/pl\\\/product\\\/cbd-premium-olej-ekstrahowany-co2\\\/#breadcrumb\",\"itemListElement\":[{\"@type\":\"ListItem\",\"position\":1,\"name\":\"Home\",\"item\":\"https:\\\/\\\/everydaychemshop.com\\\/pl\\\/\"},{\"@type\":\"ListItem\",\"position\":2,\"name\":\"Produkty\",\"item\":\"https:\\\/\\\/everydaychemshop.com\\\/pl\\\/produkty\\\/\"},{\"@type\":\"ListItem\",\"position\":3,\"name\":\"Olej ekstrahowany CO2 CBD Premium\"}]},{\"@type\":\"WebSite\",\"@id\":\"https:\\\/\\\/everydaychemshop.com\\\/pl\\\/#website\",\"url\":\"https:\\\/\\\/everydaychemshop.com\\\/pl\\\/\",\"name\":\"Everyday Chem Shop\",\"description\":\"\",\"potentialAction\":[{\"@type\":\"SearchAction\",\"target\":{\"@type\":\"EntryPoint\",\"urlTemplate\":\"https:\\\/\\\/everydaychemshop.com\\\/pl\\\/?s={search_term_string}\"},\"query-input\":{\"@type\":\"PropertyValueSpecification\",\"valueRequired\":true,\"valueName\":\"search_term_string\"}}],\"inLanguage\":\"en-US\"}]}<\/script>\n<!-- \/ Yoast SEO Premium plugin. -->","yoast_head_json":{"title":"Olej ekstrahowany CO2 CBD Premium - Everyday Chem Shop","description":"Olej ekstrahowany CO2 CBD Premium. Mo\u017cesz kupi\u0107 CBD Premium CO2 Extracted Oil Online USA online. Skontaktuj si\u0119, aby uzyska\u0107 wi\u0119cej informacji i ceny.","robots":{"index":"index","follow":"follow","max-snippet":"max-snippet:-1","max-image-preview":"max-image-preview:large","max-video-preview":"max-video-preview:-1"},"canonical":"https:\/\/everydaychemshop.com\/pl\/product\/cbd-premium-olej-ekstrahowany-co2\/","og_locale":"en_US","og_type":"article","og_title":"Olej ekstrahowany CO2 CBD Premium","og_description":"Olej ekstrahowany CO2 CBD Premium. Mo\u017cesz kupi\u0107 CBD Premium CO2 Extracted Oil Online USA online. Skontaktuj si\u0119, aby uzyska\u0107 wi\u0119cej informacji i ceny.","og_url":"https:\/\/everydaychemshop.com\/pl\/product\/cbd-premium-olej-ekstrahowany-co2\/","og_site_name":"Everyday Chem Shop","article_modified_time":"2023-04-07T17:19:18+00:00","og_image":[{"width":600,"height":600,"url":"https:\/\/everydaychemshop.com\/pl\/wp-content\/uploads\/sites\/8\/2022\/11\/Buy-High-CBD-Premium-CO2-Extracted-Oil-Online-USA.jpg","type":"image\/jpeg"}],"twitter_card":"summary_large_image","twitter_misc":{"Est. reading time":"2 minutes"},"schema":{"@context":"https:\/\/schema.org","@graph":[{"@type":"WebPage","@id":"https:\/\/everydaychemshop.com\/pl\/product\/cbd-premium-olej-ekstrahowany-co2\/","url":"https:\/\/everydaychemshop.com\/pl\/product\/cbd-premium-olej-ekstrahowany-co2\/","name":"Olej ekstrahowany CO2 CBD Premium - Everyday Chem Shop","isPartOf":{"@id":"https:\/\/everydaychemshop.com\/pl\/#website"},"primaryImageOfPage":{"@id":"https:\/\/everydaychemshop.com\/pl\/product\/cbd-premium-olej-ekstrahowany-co2\/#primaryimage"},"image":{"@id":"https:\/\/everydaychemshop.com\/pl\/product\/cbd-premium-olej-ekstrahowany-co2\/#primaryimage"},"thumbnailUrl":"https:\/\/everydaychemshop.com\/pl\/wp-content\/uploads\/sites\/8\/2022\/11\/Buy-High-CBD-Premium-CO2-Extracted-Oil-Online-USA.jpg","datePublished":"2022-11-22T22:43:59+00:00","dateModified":"2023-04-07T17:19:18+00:00","description":"Olej ekstrahowany CO2 CBD Premium. Mo\u017cesz kupi\u0107 CBD Premium CO2 Extracted Oil Online USA online. Skontaktuj si\u0119, aby uzyska\u0107 wi\u0119cej informacji i ceny.","breadcrumb":{"@id":"https:\/\/everydaychemshop.com\/pl\/product\/cbd-premium-olej-ekstrahowany-co2\/#breadcrumb"},"inLanguage":"en-US","potentialAction":[{"@type":"ReadAction","target":["https:\/\/everydaychemshop.com\/pl\/product\/cbd-premium-olej-ekstrahowany-co2\/"]}]},{"@type":"ImageObject","inLanguage":"en-US","@id":"https:\/\/everydaychemshop.com\/pl\/product\/cbd-premium-olej-ekstrahowany-co2\/#primaryimage","url":"https:\/\/everydaychemshop.com\/pl\/wp-content\/uploads\/sites\/8\/2022\/11\/Buy-High-CBD-Premium-CO2-Extracted-Oil-Online-USA.jpg","contentUrl":"https:\/\/everydaychemshop.com\/pl\/wp-content\/uploads\/sites\/8\/2022\/11\/Buy-High-CBD-Premium-CO2-Extracted-Oil-Online-USA.jpg","width":600,"height":600,"caption":"Olej ekstrahowany CO2 CBD Premium"},{"@type":"BreadcrumbList","@id":"https:\/\/everydaychemshop.com\/pl\/product\/cbd-premium-olej-ekstrahowany-co2\/#breadcrumb","itemListElement":[{"@type":"ListItem","position":1,"name":"Home","item":"https:\/\/everydaychemshop.com\/pl\/"},{"@type":"ListItem","position":2,"name":"Produkty","item":"https:\/\/everydaychemshop.com\/pl\/produkty\/"},{"@type":"ListItem","position":3,"name":"Olej ekstrahowany CO2 CBD Premium"}]},{"@type":"WebSite","@id":"https:\/\/everydaychemshop.com\/pl\/#website","url":"https:\/\/everydaychemshop.com\/pl\/","name":"Everyday Chem Shop","description":"","potentialAction":[{"@type":"SearchAction","target":{"@type":"EntryPoint","urlTemplate":"https:\/\/everydaychemshop.com\/pl\/?s={search_term_string}"},"query-input":{"@type":"PropertyValueSpecification","valueRequired":true,"valueName":"search_term_string"}}],"inLanguage":"en-US"}]}},"_links":{"self":[{"href":"https:\/\/everydaychemshop.com\/pl\/wp-json\/wp\/v2\/product\/8341","targetHints":{"allow":["GET"]}}],"collection":[{"href":"https:\/\/everydaychemshop.com\/pl\/wp-json\/wp\/v2\/product"}],"about":[{"href":"https:\/\/everydaychemshop.com\/pl\/wp-json\/wp\/v2\/types\/product"}],"replies":[{"embeddable":true,"href":"https:\/\/everydaychemshop.com\/pl\/wp-json\/wp\/v2\/comments?post=8341"}],"wp:featuredmedia":[{"embeddable":true,"href":"https:\/\/everydaychemshop.com\/pl\/wp-json\/wp\/v2\/media\/8349"}],"wp:attachment":[{"href":"https:\/\/everydaychemshop.com\/pl\/wp-json\/wp\/v2\/media?parent=8341"}],"wp:term":[{"taxonomy":"product_brand","embeddable":true,"href":"https:\/\/everydaychemshop.com\/pl\/wp-json\/wp\/v2\/product_brand?post=8341"},{"taxonomy":"product_cat","embeddable":true,"href":"https:\/\/everydaychemshop.com\/pl\/wp-json\/wp\/v2\/product_cat?post=8341"},{"taxonomy":"product_tag","embeddable":true,"href":"https:\/\/everydaychemshop.com\/pl\/wp-json\/wp\/v2\/product_tag?post=8341"}],"curies":[{"name":"wp","href":"https:\/\/api.w.org\/{rel}","templated":true}]}}