{"id":8350,"date":"2022-11-22T22:49:42","date_gmt":"2022-11-22T22:49:42","guid":{"rendered":"https:\/\/everydaychemshop.com\/pl\/?post_type=product&#038;p=8350"},"modified":"2023-04-07T17:17:54","modified_gmt":"2023-04-07T17:17:54","slug":"kapsulki-z-olejem-z-nasion-konopi-100mg-thc","status":"publish","type":"product","link":"https:\/\/everydaychemshop.com\/pl\/product\/kapsulki-z-olejem-z-nasion-konopi-100mg-thc\/","title":{"rendered":"Kapsu\u0142ki z olejem z nasion konopi 100mg THC"},"content":{"rendered":"<h1>Kapsu\u0142ki z olejem z nasion THC 100 mg<\/h1>\n<p><a href=\"https:\/\/everydaychemshop.com\/pl\/product\/kapsulki-z-olejem-z-nasion-konopi-100mg-thc\/\">Kapsu\u0142ki z olejem z nasion THC 100 mg<\/a>. Nie mo\u017cna ich pomyli\u0107 z popularnymi, ale gorszymi kapsu\u0142kami z proszkiem THC. Ka\u017cda z tych kapsu\u0142ek zawiera 100 mg oleju z nasion konopi z THC. Sprzedawane w opakowaniach <a href=\"https:\/\/pl.wikipedia.org\/wiki\/Tetrahydrocannabinol\">po<\/a> 3<\/p>\n<p>Nasze kapsu\u0142ki z olejem THC s\u0105 skomponowane z ca\u0142ej ro\u015bliny konopi indyjskich i s\u0105 bogate w terpeny. Te kapsu\u0142ki zawieraj\u0105 najwy\u017cszej jako\u015bci THC i olej z nasion konopi. Olej z nasion konopi ma stosunek omega 6 do omega 3 3 do 1, zapewniaj\u0105c optymalne wymagania dla d\u0142ugoterminowego zdrowia. Ca\u0142y nasz olej THC jest testowany w laboratorium, aby zapewni\u0107 najwy\u017csz\u0105 jako\u015b\u0107 i bezpiecze\u0144stwo.<\/p>\n","protected":false},"excerpt":{"rendered":"<p>Olej konopny jest regularnie stosowany jako od\u017cywka do w\u0142os\u00f3w lub krem \u200b\u200bdo sk\u00f3ry. Kilka bada\u0144 wykaza\u0142o, \u017ce olej z nasion konopi mo\u017ce dzia\u0142a\u0107 na such\u0105, podra\u017cnion\u0105 sk\u00f3r\u0119 i \u0142agodzi\u0107 skutki uboczne zapalenia sk\u00f3ry, typowego stanu sk\u00f3ry. W przypadku objaw\u00f3w zapalenia sk\u00f3ry mo\u017ce zmniejszy\u0107 zapotrzebowanie na lek zatwierdzony przez lekarza<\/p>\n<p>&nbsp;<\/p>\n<ul>\n<li>Dostawa na ca\u0142y \u015bwiat<\/li>\n<li>Ka\u017cda kapsu\u0142ka zawiera 100 mg THC .<\/li>\n<li>Ka\u017cda butelka zawiera 3 kapsu\u0142ki.<\/li>\n<li>Minimalna wielko\u015b\u0107 zam\u00f3wienia to\u00a0<strong><em>3 butelki<\/em><\/strong><\/li>\n<li>Skontaktuj si\u0119 z nami przy wi\u0119kszych zam\u00f3wieniach<\/li>\n<\/ul>\n","protected":false},"featured_media":8357,"comment_status":"open","ping_status":"closed","template":"","meta":{"inline_featured_image":false},"product_brand":[],"product_cat":[61],"product_tag":[659,662,646,661,658,647,651,663,664,656,644,645,650,649,660,657,648,652,654,653,655],"class_list":{"0":"post-8350","1":"product","2":"type-product","3":"status-publish","4":"has-post-thumbnail","6":"product_cat-produkty-z-konopi-indyjskich","7":"product_tag-bezpieczna-dostawa","8":"product_tag-buy-1000mg-thc-online-oil-usa","9":"product_tag-buy-thc-capsules-online","10":"product_tag-is-1000mg-thc-olej-konopny-kapsuka-legalna-w-usa","11":"product_tag-dostawcy","12":"product_tag-gdzie-kupi-1000mg-thc-olej-konopny","13":"product_tag-gdzie-kupi-thc-olej-online","14":"product_tag-how-to-order-1000mg-thc-capsule","15":"product_tag-is-1000mg-thc-hemp-oil-legal-in-canada","16":"product_tag-kup","17":"product_tag-kup-100mg-thc-olej-konopny-kapsuki-kup-thc-kapsuki","18":"product_tag-kup-nasiona-konopi","19":"product_tag-kup-thc-nasiona-konopi-online","20":"product_tag-sprzeda-nasion-konopi-thc","21":"product_tag-nadal-moesz-dosta-1000mg-thc-capsule","22":"product_tag-online","23":"product_tag-1000mg-thc-olej-konopny-kapsuka-na-sprzeda","24":"product_tag-1000mg-thc-olej-na-sprzedaz-w-usa","25":"product_tag-ty-masz","26":"product_tag-usa","27":"product_tag-wielka-brytania","29":"first","30":"instock","31":"shipping-taxable","32":"purchasable","33":"product-type-variable","34":"has-default-attributes"},"yoast_head":"<!-- This site is optimized with the Yoast SEO Premium plugin v19.2 (Yoast SEO v27.3) - https:\/\/yoast.com\/product\/yoast-seo-premium-wordpress\/ -->\n<title>Kapsu\u0142ki z olejem z nasion THC 100 mg- Everyday Chem Shop<\/title>\n<meta name=\"description\" content=\"Kapsu\u0142ki z olejem z nasion THC 100 mg. Sprzedajemy najlepsze kapsu\u0142ki oleju z nasion konopi 100 mg THC, prosimy o kontakt w celu uzyskania wi\u0119cej informacji i cen.\" \/>\n<meta name=\"robots\" content=\"index, follow, max-snippet:-1, max-image-preview:large, max-video-preview:-1\" \/>\n<link rel=\"canonical\" href=\"https:\/\/everydaychemshop.com\/pl\/product\/kapsulki-z-olejem-z-nasion-konopi-100mg-thc\/\" \/>\n<meta property=\"og:locale\" content=\"en_US\" \/>\n<meta property=\"og:type\" content=\"article\" \/>\n<meta property=\"og:title\" content=\"Kapsu\u0142ki z olejem z nasion konopi 100mg THC\" \/>\n<meta property=\"og:description\" content=\"Kapsu\u0142ki z olejem z nasion THC 100 mg. Sprzedajemy najlepsze kapsu\u0142ki oleju z nasion konopi 100 mg THC, prosimy o kontakt w celu uzyskania wi\u0119cej informacji i cen.\" \/>\n<meta property=\"og:url\" content=\"https:\/\/everydaychemshop.com\/pl\/product\/kapsulki-z-olejem-z-nasion-konopi-100mg-thc\/\" \/>\n<meta property=\"og:site_name\" content=\"Everyday Chem Shop\" \/>\n<meta property=\"article:modified_time\" content=\"2023-04-07T17:17:54+00:00\" \/>\n<meta property=\"og:image\" content=\"https:\/\/everydaychemshop.com\/pl\/wp-content\/uploads\/sites\/8\/2022\/11\/Buy-100mg-THC-Hemp-Seed-Oil-Capsules.jpg\" \/>\n\t<meta property=\"og:image:width\" content=\"600\" \/>\n\t<meta property=\"og:image:height\" content=\"600\" \/>\n\t<meta property=\"og:image:type\" content=\"image\/jpeg\" \/>\n<meta name=\"twitter:card\" content=\"summary_large_image\" \/>\n<meta name=\"twitter:label1\" content=\"Est. reading time\" \/>\n\t<meta name=\"twitter:data1\" content=\"1 minute\" \/>\n<script type=\"application\/ld+json\" class=\"yoast-schema-graph\">{\"@context\":\"https:\\\/\\\/schema.org\",\"@graph\":[{\"@type\":\"WebPage\",\"@id\":\"https:\\\/\\\/everydaychemshop.com\\\/pl\\\/product\\\/kapsulki-z-olejem-z-nasion-konopi-100mg-thc\\\/\",\"url\":\"https:\\\/\\\/everydaychemshop.com\\\/pl\\\/product\\\/kapsulki-z-olejem-z-nasion-konopi-100mg-thc\\\/\",\"name\":\"Kapsu\u0142ki z olejem z nasion THC 100 mg- Everyday Chem Shop\",\"isPartOf\":{\"@id\":\"https:\\\/\\\/everydaychemshop.com\\\/pl\\\/#website\"},\"primaryImageOfPage\":{\"@id\":\"https:\\\/\\\/everydaychemshop.com\\\/pl\\\/product\\\/kapsulki-z-olejem-z-nasion-konopi-100mg-thc\\\/#primaryimage\"},\"image\":{\"@id\":\"https:\\\/\\\/everydaychemshop.com\\\/pl\\\/product\\\/kapsulki-z-olejem-z-nasion-konopi-100mg-thc\\\/#primaryimage\"},\"thumbnailUrl\":\"https:\\\/\\\/everydaychemshop.com\\\/pl\\\/wp-content\\\/uploads\\\/sites\\\/8\\\/2022\\\/11\\\/Buy-100mg-THC-Hemp-Seed-Oil-Capsules.jpg\",\"datePublished\":\"2022-11-22T22:49:42+00:00\",\"dateModified\":\"2023-04-07T17:17:54+00:00\",\"description\":\"Kapsu\u0142ki z olejem z nasion THC 100 mg. Sprzedajemy najlepsze kapsu\u0142ki oleju z nasion konopi 100 mg THC, prosimy o kontakt w celu uzyskania wi\u0119cej informacji i cen.\",\"breadcrumb\":{\"@id\":\"https:\\\/\\\/everydaychemshop.com\\\/pl\\\/product\\\/kapsulki-z-olejem-z-nasion-konopi-100mg-thc\\\/#breadcrumb\"},\"inLanguage\":\"en-US\",\"potentialAction\":[{\"@type\":\"ReadAction\",\"target\":[\"https:\\\/\\\/everydaychemshop.com\\\/pl\\\/product\\\/kapsulki-z-olejem-z-nasion-konopi-100mg-thc\\\/\"]}]},{\"@type\":\"ImageObject\",\"inLanguage\":\"en-US\",\"@id\":\"https:\\\/\\\/everydaychemshop.com\\\/pl\\\/product\\\/kapsulki-z-olejem-z-nasion-konopi-100mg-thc\\\/#primaryimage\",\"url\":\"https:\\\/\\\/everydaychemshop.com\\\/pl\\\/wp-content\\\/uploads\\\/sites\\\/8\\\/2022\\\/11\\\/Buy-100mg-THC-Hemp-Seed-Oil-Capsules.jpg\",\"contentUrl\":\"https:\\\/\\\/everydaychemshop.com\\\/pl\\\/wp-content\\\/uploads\\\/sites\\\/8\\\/2022\\\/11\\\/Buy-100mg-THC-Hemp-Seed-Oil-Capsules.jpg\",\"width\":600,\"height\":600,\"caption\":\"Kapsu\u0142ki z olejem z nasion THC 100 mg\"},{\"@type\":\"BreadcrumbList\",\"@id\":\"https:\\\/\\\/everydaychemshop.com\\\/pl\\\/product\\\/kapsulki-z-olejem-z-nasion-konopi-100mg-thc\\\/#breadcrumb\",\"itemListElement\":[{\"@type\":\"ListItem\",\"position\":1,\"name\":\"Home\",\"item\":\"https:\\\/\\\/everydaychemshop.com\\\/pl\\\/\"},{\"@type\":\"ListItem\",\"position\":2,\"name\":\"Produkty\",\"item\":\"https:\\\/\\\/everydaychemshop.com\\\/pl\\\/produkty\\\/\"},{\"@type\":\"ListItem\",\"position\":3,\"name\":\"Kapsu\u0142ki z olejem z nasion konopi 100mg THC\"}]},{\"@type\":\"WebSite\",\"@id\":\"https:\\\/\\\/everydaychemshop.com\\\/pl\\\/#website\",\"url\":\"https:\\\/\\\/everydaychemshop.com\\\/pl\\\/\",\"name\":\"Everyday Chem Shop\",\"description\":\"\",\"potentialAction\":[{\"@type\":\"SearchAction\",\"target\":{\"@type\":\"EntryPoint\",\"urlTemplate\":\"https:\\\/\\\/everydaychemshop.com\\\/pl\\\/?s={search_term_string}\"},\"query-input\":{\"@type\":\"PropertyValueSpecification\",\"valueRequired\":true,\"valueName\":\"search_term_string\"}}],\"inLanguage\":\"en-US\"}]}<\/script>\n<!-- \/ Yoast SEO Premium plugin. -->","yoast_head_json":{"title":"Kapsu\u0142ki z olejem z nasion THC 100 mg- Everyday Chem Shop","description":"Kapsu\u0142ki z olejem z nasion THC 100 mg. Sprzedajemy najlepsze kapsu\u0142ki oleju z nasion konopi 100 mg THC, prosimy o kontakt w celu uzyskania wi\u0119cej informacji i cen.","robots":{"index":"index","follow":"follow","max-snippet":"max-snippet:-1","max-image-preview":"max-image-preview:large","max-video-preview":"max-video-preview:-1"},"canonical":"https:\/\/everydaychemshop.com\/pl\/product\/kapsulki-z-olejem-z-nasion-konopi-100mg-thc\/","og_locale":"en_US","og_type":"article","og_title":"Kapsu\u0142ki z olejem z nasion konopi 100mg THC","og_description":"Kapsu\u0142ki z olejem z nasion THC 100 mg. Sprzedajemy najlepsze kapsu\u0142ki oleju z nasion konopi 100 mg THC, prosimy o kontakt w celu uzyskania wi\u0119cej informacji i cen.","og_url":"https:\/\/everydaychemshop.com\/pl\/product\/kapsulki-z-olejem-z-nasion-konopi-100mg-thc\/","og_site_name":"Everyday Chem Shop","article_modified_time":"2023-04-07T17:17:54+00:00","og_image":[{"width":600,"height":600,"url":"https:\/\/everydaychemshop.com\/pl\/wp-content\/uploads\/sites\/8\/2022\/11\/Buy-100mg-THC-Hemp-Seed-Oil-Capsules.jpg","type":"image\/jpeg"}],"twitter_card":"summary_large_image","twitter_misc":{"Est. reading time":"1 minute"},"schema":{"@context":"https:\/\/schema.org","@graph":[{"@type":"WebPage","@id":"https:\/\/everydaychemshop.com\/pl\/product\/kapsulki-z-olejem-z-nasion-konopi-100mg-thc\/","url":"https:\/\/everydaychemshop.com\/pl\/product\/kapsulki-z-olejem-z-nasion-konopi-100mg-thc\/","name":"Kapsu\u0142ki z olejem z nasion THC 100 mg- Everyday Chem Shop","isPartOf":{"@id":"https:\/\/everydaychemshop.com\/pl\/#website"},"primaryImageOfPage":{"@id":"https:\/\/everydaychemshop.com\/pl\/product\/kapsulki-z-olejem-z-nasion-konopi-100mg-thc\/#primaryimage"},"image":{"@id":"https:\/\/everydaychemshop.com\/pl\/product\/kapsulki-z-olejem-z-nasion-konopi-100mg-thc\/#primaryimage"},"thumbnailUrl":"https:\/\/everydaychemshop.com\/pl\/wp-content\/uploads\/sites\/8\/2022\/11\/Buy-100mg-THC-Hemp-Seed-Oil-Capsules.jpg","datePublished":"2022-11-22T22:49:42+00:00","dateModified":"2023-04-07T17:17:54+00:00","description":"Kapsu\u0142ki z olejem z nasion THC 100 mg. Sprzedajemy najlepsze kapsu\u0142ki oleju z nasion konopi 100 mg THC, prosimy o kontakt w celu uzyskania wi\u0119cej informacji i cen.","breadcrumb":{"@id":"https:\/\/everydaychemshop.com\/pl\/product\/kapsulki-z-olejem-z-nasion-konopi-100mg-thc\/#breadcrumb"},"inLanguage":"en-US","potentialAction":[{"@type":"ReadAction","target":["https:\/\/everydaychemshop.com\/pl\/product\/kapsulki-z-olejem-z-nasion-konopi-100mg-thc\/"]}]},{"@type":"ImageObject","inLanguage":"en-US","@id":"https:\/\/everydaychemshop.com\/pl\/product\/kapsulki-z-olejem-z-nasion-konopi-100mg-thc\/#primaryimage","url":"https:\/\/everydaychemshop.com\/pl\/wp-content\/uploads\/sites\/8\/2022\/11\/Buy-100mg-THC-Hemp-Seed-Oil-Capsules.jpg","contentUrl":"https:\/\/everydaychemshop.com\/pl\/wp-content\/uploads\/sites\/8\/2022\/11\/Buy-100mg-THC-Hemp-Seed-Oil-Capsules.jpg","width":600,"height":600,"caption":"Kapsu\u0142ki z olejem z nasion THC 100 mg"},{"@type":"BreadcrumbList","@id":"https:\/\/everydaychemshop.com\/pl\/product\/kapsulki-z-olejem-z-nasion-konopi-100mg-thc\/#breadcrumb","itemListElement":[{"@type":"ListItem","position":1,"name":"Home","item":"https:\/\/everydaychemshop.com\/pl\/"},{"@type":"ListItem","position":2,"name":"Produkty","item":"https:\/\/everydaychemshop.com\/pl\/produkty\/"},{"@type":"ListItem","position":3,"name":"Kapsu\u0142ki z olejem z nasion konopi 100mg THC"}]},{"@type":"WebSite","@id":"https:\/\/everydaychemshop.com\/pl\/#website","url":"https:\/\/everydaychemshop.com\/pl\/","name":"Everyday Chem Shop","description":"","potentialAction":[{"@type":"SearchAction","target":{"@type":"EntryPoint","urlTemplate":"https:\/\/everydaychemshop.com\/pl\/?s={search_term_string}"},"query-input":{"@type":"PropertyValueSpecification","valueRequired":true,"valueName":"search_term_string"}}],"inLanguage":"en-US"}]}},"_links":{"self":[{"href":"https:\/\/everydaychemshop.com\/pl\/wp-json\/wp\/v2\/product\/8350","targetHints":{"allow":["GET"]}}],"collection":[{"href":"https:\/\/everydaychemshop.com\/pl\/wp-json\/wp\/v2\/product"}],"about":[{"href":"https:\/\/everydaychemshop.com\/pl\/wp-json\/wp\/v2\/types\/product"}],"replies":[{"embeddable":true,"href":"https:\/\/everydaychemshop.com\/pl\/wp-json\/wp\/v2\/comments?post=8350"}],"wp:featuredmedia":[{"embeddable":true,"href":"https:\/\/everydaychemshop.com\/pl\/wp-json\/wp\/v2\/media\/8357"}],"wp:attachment":[{"href":"https:\/\/everydaychemshop.com\/pl\/wp-json\/wp\/v2\/media?parent=8350"}],"wp:term":[{"taxonomy":"product_brand","embeddable":true,"href":"https:\/\/everydaychemshop.com\/pl\/wp-json\/wp\/v2\/product_brand?post=8350"},{"taxonomy":"product_cat","embeddable":true,"href":"https:\/\/everydaychemshop.com\/pl\/wp-json\/wp\/v2\/product_cat?post=8350"},{"taxonomy":"product_tag","embeddable":true,"href":"https:\/\/everydaychemshop.com\/pl\/wp-json\/wp\/v2\/product_tag?post=8350"}],"curies":[{"name":"wp","href":"https:\/\/api.w.org\/{rel}","templated":true}]}}