{"id":8358,"date":"2022-11-22T22:53:32","date_gmt":"2022-11-22T22:53:32","guid":{"rendered":"https:\/\/everydaychemshop.com\/pl\/?post_type=product&#038;p=8358"},"modified":"2023-04-07T17:16:13","modified_gmt":"2023-04-07T17:16:13","slug":"kup-1000mg-thc-nalewka-smakowa-key","status":"publish","type":"product","link":"https:\/\/everydaychemshop.com\/pl\/product\/kup-1000mg-thc-nalewka-smakowa-key\/","title":{"rendered":"Kup 1000 mg nalewki aromatyzowanej THC \u2013 Keey"},"content":{"rendered":"<h1>1000 mg nalewki aromatyzowanej THC \u2013 Keey<\/h1>\n<p><a href=\"https:\/\/everydaychemshop.com\/pl\/product\/kup-1000mg-thc-nalewka-smakowa-key\/\">1000 mg nalewki aromatyzowanej THC<\/a> \u2013 Keey to chyba najpopularniejszy produkt na rynku. Dzieje si\u0119 tak, poniewa\u017c jest to \u015bwietna dawka zar\u00f3wno dla pocz\u0105tkuj\u0105cych, jak i ci\u0119\u017ckich u\u017cytkownik\u00f3w, i wystarczy na d\u0142ugi czas, zanim b\u0119dziesz potrzebowa\u0107 wi\u0119cej. Istnieje r\u00f3wnie\u017c wiele korzy\u015bci zdrowotnych zwi\u0105zanych z u\u017cywaniem THC.<\/p>\n<p>Jeste\u015bmy tutaj, aby pom\u00f3c Ci we wszystkich Twoich potrzebach i wymaganiach. Wystarczy skontaktowa\u0107 si\u0119 z naszym sklepem internetowym i wygodnie dokona\u0107 zakupu. Twoje wymagania s\u0105 teraz na wyci\u0105gni\u0119cie r\u0119ki. Skontaktuj si\u0119 z nami natychmiast!<\/p>\n<p>Nalewki THC mo\u017cna r\u00f3wnie\u017c dodawa\u0107 do ulubionych potraw i napoj\u00f3w dla os\u00f3b poszukuj\u0105cych <a href=\"https:\/\/pl.wikipedia.org\/wiki\/Tetrahydrocannabinol\">niezawodnych<\/a> efekt\u00f3w. Pami\u0119ta\u0107; w ka\u017cdym razie ta ostro\u015b\u0107 mo\u017ce zepsu\u0107 kannabinoidy, wi\u0119c dodaj swoj\u0105 porcj\u0119 THC do kolacji lub napoju orze\u017awiaj\u0105cego, gdy nadaje si\u0119 do podania.<\/p>\n<p>Wysy\u0142ka na ca\u0142y \u015bwiat<br \/>\n1000 mg THC na 30 ml<br \/>\nMinimum ilo\u015b\u0107 zam\u00f3wienia wynosi 2<br \/>\nSkontaktuj si\u0119 z nami w sprawie wi\u0119kszych zam\u00f3wie\u0144<\/p>\n","protected":false},"excerpt":{"rendered":"<p>Nalewki oferuj\u0105 ogromne korzy\u015bci w por\u00f3wnaniu z r\u00f3\u017cnymi technikami regulacji klinicznych kannabinoid\u00f3w. Nasze nalewki Keey THC s\u0105 dostarczane w szklanej butelce o pojemno\u015bci 30 ml z prostym w u\u017cyciu przyrz\u0105dem do kulek, kt\u00f3ry bezb\u0142\u0119dnie uwzgl\u0119dnia dok\u0142adne i kontrolowane dawki. Nalewki mo\u017cna kontrolowa\u0107 na wiele sposob\u00f3w i oferowa\u0107 uwa\u017cny spos\u00f3b na uspokojenie. Olej THC mo\u017cna przyjmowa\u0107 podj\u0119zykowo, nak\u0142adaj\u0105c nalewk\u0119 pod j\u0119zyk i trzymaj\u0105c j\u0105 przez oko\u0142o 60 sekund, aby rozwa\u017cy\u0107 zatrzymanie przez korytarz podj\u0119zykowy pod j\u0119zykiem. Badanie wykaza\u0142o, \u017ce ta strategia przenoszenia bierze pod uwag\u0119 kannabinoidy, kt\u00f3re okazuj\u0105 si\u0119 tym skuteczniej i szybciej dost\u0119pne dla organizmu do wch\u0142oni\u0119cia do uk\u0142adu kr\u0105\u017cenia.<\/p>\n<p>&nbsp;<\/p>\n<ul>\n<li>Wysy\u0142ka na ca\u0142y \u015bwiat<\/li>\n<li>Minimalna wielko\u015b\u0107 zam\u00f3wienia to\u00a0<strong>2<\/strong><\/li>\n<li>Skontaktuj si\u0119 z nami w sprawie wi\u0119kszych zam\u00f3wie\u0144<\/li>\n<\/ul>\n<p>&nbsp;<\/p>\n","protected":false},"featured_media":8360,"comment_status":"open","ping_status":"closed","template":"","meta":{"inline_featured_image":false},"product_brand":[],"product_cat":[61],"product_tag":[669,673,659,665,676,678,658,668,672,677,675,656,671,666,667,670,674,657,654,653,655],"class_list":{"0":"post-8358","1":"product","2":"type-product","3":"status-publish","4":"has-post-thumbnail","6":"product_cat-produkty-z-konopi-indyjskich","7":"product_tag-1000mg-thc-tincture-for-sale","8":"product_tag-1000mg-thc-tincture-for-sale-in-usa","9":"product_tag-bezpieczna-dostawa","10":"product_tag-buy-1000mg-thc-flavoured-tincture-buy-thc-tincture","11":"product_tag-buy-1000mg-thc-tincture-online-usa","12":"product_tag-is-1000mg-thc-tincture-legal-in-canada","13":"product_tag-dostawcy","14":"product_tag-gdzie-kupi-nalewk-1000mg-thc","15":"product_tag-gdzie-kupi-nalewk-thc-online","16":"product_tag-how-to-order-1000mg-thc-tincture","17":"product_tag-is-1000mg-thc-flavoured-tincture-legal-in-usa","18":"product_tag-kup","19":"product_tag-kup-nalewki-online","20":"product_tag-kup-nalewki-smakowe","21":"product_tag-kup-thc-nalewki-online","22":"product_tag-nalewka-thc-na-sprzeda","23":"product_tag-moesz-nadal-dosta-1000mg-thc-nalewki","24":"product_tag-online","25":"product_tag-ty-masz","26":"product_tag-usa","27":"product_tag-wielka-brytania","29":"first","30":"instock","31":"shipping-taxable","32":"purchasable","33":"product-type-simple"},"yoast_head":"<!-- This site is optimized with the Yoast SEO Premium plugin v19.2 (Yoast SEO v27.3) - https:\/\/yoast.com\/product\/yoast-seo-premium-wordpress\/ -->\n<title>1000 mg nalewki aromatyzowanej THC - Everyday Chem Shop<\/title>\n<meta name=\"description\" content=\"1000 mg nalewki aromatyzowanej THC. Nalewki oferuj\u0105 ogromne korzy\u015bci w por\u00f3wnaniu z r\u00f3\u017cnymi technikami regulacji klinicznych kannabinoid\u00f3w.\" \/>\n<meta name=\"robots\" content=\"index, follow, max-snippet:-1, max-image-preview:large, max-video-preview:-1\" \/>\n<link rel=\"canonical\" href=\"https:\/\/everydaychemshop.com\/pl\/product\/kup-1000mg-thc-nalewka-smakowa-key\/\" \/>\n<meta property=\"og:locale\" content=\"en_US\" \/>\n<meta property=\"og:type\" content=\"article\" \/>\n<meta property=\"og:title\" content=\"Kup 1000 mg nalewki aromatyzowanej THC \u2013 Keey\" \/>\n<meta property=\"og:description\" content=\"1000 mg nalewki aromatyzowanej THC. Nalewki oferuj\u0105 ogromne korzy\u015bci w por\u00f3wnaniu z r\u00f3\u017cnymi technikami regulacji klinicznych kannabinoid\u00f3w.\" \/>\n<meta property=\"og:url\" content=\"https:\/\/everydaychemshop.com\/pl\/product\/kup-1000mg-thc-nalewka-smakowa-key\/\" \/>\n<meta property=\"og:site_name\" content=\"Everyday Chem Shop\" \/>\n<meta property=\"article:modified_time\" content=\"2023-04-07T17:16:13+00:00\" \/>\n<meta property=\"og:image\" content=\"https:\/\/everydaychemshop.com\/pl\/wp-content\/uploads\/sites\/8\/2022\/11\/Buy-1000mg-THC-Flavoured-Tincture.jpg\" \/>\n\t<meta property=\"og:image:width\" content=\"600\" \/>\n\t<meta property=\"og:image:height\" content=\"600\" \/>\n\t<meta property=\"og:image:type\" content=\"image\/jpeg\" \/>\n<meta name=\"twitter:card\" content=\"summary_large_image\" \/>\n<meta name=\"twitter:label1\" content=\"Est. reading time\" \/>\n\t<meta name=\"twitter:data1\" content=\"1 minute\" \/>\n<script type=\"application\/ld+json\" class=\"yoast-schema-graph\">{\"@context\":\"https:\\\/\\\/schema.org\",\"@graph\":[{\"@type\":\"WebPage\",\"@id\":\"https:\\\/\\\/everydaychemshop.com\\\/pl\\\/product\\\/kup-1000mg-thc-nalewka-smakowa-key\\\/\",\"url\":\"https:\\\/\\\/everydaychemshop.com\\\/pl\\\/product\\\/kup-1000mg-thc-nalewka-smakowa-key\\\/\",\"name\":\"1000 mg nalewki aromatyzowanej THC - Everyday Chem Shop\",\"isPartOf\":{\"@id\":\"https:\\\/\\\/everydaychemshop.com\\\/pl\\\/#website\"},\"primaryImageOfPage\":{\"@id\":\"https:\\\/\\\/everydaychemshop.com\\\/pl\\\/product\\\/kup-1000mg-thc-nalewka-smakowa-key\\\/#primaryimage\"},\"image\":{\"@id\":\"https:\\\/\\\/everydaychemshop.com\\\/pl\\\/product\\\/kup-1000mg-thc-nalewka-smakowa-key\\\/#primaryimage\"},\"thumbnailUrl\":\"https:\\\/\\\/everydaychemshop.com\\\/pl\\\/wp-content\\\/uploads\\\/sites\\\/8\\\/2022\\\/11\\\/Buy-1000mg-THC-Flavoured-Tincture.jpg\",\"datePublished\":\"2022-11-22T22:53:32+00:00\",\"dateModified\":\"2023-04-07T17:16:13+00:00\",\"description\":\"1000 mg nalewki aromatyzowanej THC. Nalewki oferuj\u0105 ogromne korzy\u015bci w por\u00f3wnaniu z r\u00f3\u017cnymi technikami regulacji klinicznych kannabinoid\u00f3w.\",\"breadcrumb\":{\"@id\":\"https:\\\/\\\/everydaychemshop.com\\\/pl\\\/product\\\/kup-1000mg-thc-nalewka-smakowa-key\\\/#breadcrumb\"},\"inLanguage\":\"en-US\",\"potentialAction\":[{\"@type\":\"ReadAction\",\"target\":[\"https:\\\/\\\/everydaychemshop.com\\\/pl\\\/product\\\/kup-1000mg-thc-nalewka-smakowa-key\\\/\"]}]},{\"@type\":\"ImageObject\",\"inLanguage\":\"en-US\",\"@id\":\"https:\\\/\\\/everydaychemshop.com\\\/pl\\\/product\\\/kup-1000mg-thc-nalewka-smakowa-key\\\/#primaryimage\",\"url\":\"https:\\\/\\\/everydaychemshop.com\\\/pl\\\/wp-content\\\/uploads\\\/sites\\\/8\\\/2022\\\/11\\\/Buy-1000mg-THC-Flavoured-Tincture.jpg\",\"contentUrl\":\"https:\\\/\\\/everydaychemshop.com\\\/pl\\\/wp-content\\\/uploads\\\/sites\\\/8\\\/2022\\\/11\\\/Buy-1000mg-THC-Flavoured-Tincture.jpg\",\"width\":600,\"height\":600,\"caption\":\"1000 mg nalewki aromatyzowanej THC\"},{\"@type\":\"BreadcrumbList\",\"@id\":\"https:\\\/\\\/everydaychemshop.com\\\/pl\\\/product\\\/kup-1000mg-thc-nalewka-smakowa-key\\\/#breadcrumb\",\"itemListElement\":[{\"@type\":\"ListItem\",\"position\":1,\"name\":\"Home\",\"item\":\"https:\\\/\\\/everydaychemshop.com\\\/pl\\\/\"},{\"@type\":\"ListItem\",\"position\":2,\"name\":\"Produkty\",\"item\":\"https:\\\/\\\/everydaychemshop.com\\\/pl\\\/produkty\\\/\"},{\"@type\":\"ListItem\",\"position\":3,\"name\":\"Kup 1000 mg nalewki aromatyzowanej THC \u2013 Keey\"}]},{\"@type\":\"WebSite\",\"@id\":\"https:\\\/\\\/everydaychemshop.com\\\/pl\\\/#website\",\"url\":\"https:\\\/\\\/everydaychemshop.com\\\/pl\\\/\",\"name\":\"Everyday Chem Shop\",\"description\":\"\",\"potentialAction\":[{\"@type\":\"SearchAction\",\"target\":{\"@type\":\"EntryPoint\",\"urlTemplate\":\"https:\\\/\\\/everydaychemshop.com\\\/pl\\\/?s={search_term_string}\"},\"query-input\":{\"@type\":\"PropertyValueSpecification\",\"valueRequired\":true,\"valueName\":\"search_term_string\"}}],\"inLanguage\":\"en-US\"}]}<\/script>\n<!-- \/ Yoast SEO Premium plugin. -->","yoast_head_json":{"title":"1000 mg nalewki aromatyzowanej THC - Everyday Chem Shop","description":"1000 mg nalewki aromatyzowanej THC. Nalewki oferuj\u0105 ogromne korzy\u015bci w por\u00f3wnaniu z r\u00f3\u017cnymi technikami regulacji klinicznych kannabinoid\u00f3w.","robots":{"index":"index","follow":"follow","max-snippet":"max-snippet:-1","max-image-preview":"max-image-preview:large","max-video-preview":"max-video-preview:-1"},"canonical":"https:\/\/everydaychemshop.com\/pl\/product\/kup-1000mg-thc-nalewka-smakowa-key\/","og_locale":"en_US","og_type":"article","og_title":"Kup 1000 mg nalewki aromatyzowanej THC \u2013 Keey","og_description":"1000 mg nalewki aromatyzowanej THC. Nalewki oferuj\u0105 ogromne korzy\u015bci w por\u00f3wnaniu z r\u00f3\u017cnymi technikami regulacji klinicznych kannabinoid\u00f3w.","og_url":"https:\/\/everydaychemshop.com\/pl\/product\/kup-1000mg-thc-nalewka-smakowa-key\/","og_site_name":"Everyday Chem Shop","article_modified_time":"2023-04-07T17:16:13+00:00","og_image":[{"width":600,"height":600,"url":"https:\/\/everydaychemshop.com\/pl\/wp-content\/uploads\/sites\/8\/2022\/11\/Buy-1000mg-THC-Flavoured-Tincture.jpg","type":"image\/jpeg"}],"twitter_card":"summary_large_image","twitter_misc":{"Est. reading time":"1 minute"},"schema":{"@context":"https:\/\/schema.org","@graph":[{"@type":"WebPage","@id":"https:\/\/everydaychemshop.com\/pl\/product\/kup-1000mg-thc-nalewka-smakowa-key\/","url":"https:\/\/everydaychemshop.com\/pl\/product\/kup-1000mg-thc-nalewka-smakowa-key\/","name":"1000 mg nalewki aromatyzowanej THC - Everyday Chem Shop","isPartOf":{"@id":"https:\/\/everydaychemshop.com\/pl\/#website"},"primaryImageOfPage":{"@id":"https:\/\/everydaychemshop.com\/pl\/product\/kup-1000mg-thc-nalewka-smakowa-key\/#primaryimage"},"image":{"@id":"https:\/\/everydaychemshop.com\/pl\/product\/kup-1000mg-thc-nalewka-smakowa-key\/#primaryimage"},"thumbnailUrl":"https:\/\/everydaychemshop.com\/pl\/wp-content\/uploads\/sites\/8\/2022\/11\/Buy-1000mg-THC-Flavoured-Tincture.jpg","datePublished":"2022-11-22T22:53:32+00:00","dateModified":"2023-04-07T17:16:13+00:00","description":"1000 mg nalewki aromatyzowanej THC. Nalewki oferuj\u0105 ogromne korzy\u015bci w por\u00f3wnaniu z r\u00f3\u017cnymi technikami regulacji klinicznych kannabinoid\u00f3w.","breadcrumb":{"@id":"https:\/\/everydaychemshop.com\/pl\/product\/kup-1000mg-thc-nalewka-smakowa-key\/#breadcrumb"},"inLanguage":"en-US","potentialAction":[{"@type":"ReadAction","target":["https:\/\/everydaychemshop.com\/pl\/product\/kup-1000mg-thc-nalewka-smakowa-key\/"]}]},{"@type":"ImageObject","inLanguage":"en-US","@id":"https:\/\/everydaychemshop.com\/pl\/product\/kup-1000mg-thc-nalewka-smakowa-key\/#primaryimage","url":"https:\/\/everydaychemshop.com\/pl\/wp-content\/uploads\/sites\/8\/2022\/11\/Buy-1000mg-THC-Flavoured-Tincture.jpg","contentUrl":"https:\/\/everydaychemshop.com\/pl\/wp-content\/uploads\/sites\/8\/2022\/11\/Buy-1000mg-THC-Flavoured-Tincture.jpg","width":600,"height":600,"caption":"1000 mg nalewki aromatyzowanej THC"},{"@type":"BreadcrumbList","@id":"https:\/\/everydaychemshop.com\/pl\/product\/kup-1000mg-thc-nalewka-smakowa-key\/#breadcrumb","itemListElement":[{"@type":"ListItem","position":1,"name":"Home","item":"https:\/\/everydaychemshop.com\/pl\/"},{"@type":"ListItem","position":2,"name":"Produkty","item":"https:\/\/everydaychemshop.com\/pl\/produkty\/"},{"@type":"ListItem","position":3,"name":"Kup 1000 mg nalewki aromatyzowanej THC \u2013 Keey"}]},{"@type":"WebSite","@id":"https:\/\/everydaychemshop.com\/pl\/#website","url":"https:\/\/everydaychemshop.com\/pl\/","name":"Everyday Chem Shop","description":"","potentialAction":[{"@type":"SearchAction","target":{"@type":"EntryPoint","urlTemplate":"https:\/\/everydaychemshop.com\/pl\/?s={search_term_string}"},"query-input":{"@type":"PropertyValueSpecification","valueRequired":true,"valueName":"search_term_string"}}],"inLanguage":"en-US"}]}},"_links":{"self":[{"href":"https:\/\/everydaychemshop.com\/pl\/wp-json\/wp\/v2\/product\/8358","targetHints":{"allow":["GET"]}}],"collection":[{"href":"https:\/\/everydaychemshop.com\/pl\/wp-json\/wp\/v2\/product"}],"about":[{"href":"https:\/\/everydaychemshop.com\/pl\/wp-json\/wp\/v2\/types\/product"}],"replies":[{"embeddable":true,"href":"https:\/\/everydaychemshop.com\/pl\/wp-json\/wp\/v2\/comments?post=8358"}],"wp:featuredmedia":[{"embeddable":true,"href":"https:\/\/everydaychemshop.com\/pl\/wp-json\/wp\/v2\/media\/8360"}],"wp:attachment":[{"href":"https:\/\/everydaychemshop.com\/pl\/wp-json\/wp\/v2\/media?parent=8358"}],"wp:term":[{"taxonomy":"product_brand","embeddable":true,"href":"https:\/\/everydaychemshop.com\/pl\/wp-json\/wp\/v2\/product_brand?post=8358"},{"taxonomy":"product_cat","embeddable":true,"href":"https:\/\/everydaychemshop.com\/pl\/wp-json\/wp\/v2\/product_cat?post=8358"},{"taxonomy":"product_tag","embeddable":true,"href":"https:\/\/everydaychemshop.com\/pl\/wp-json\/wp\/v2\/product_tag?post=8358"}],"curies":[{"name":"wp","href":"https:\/\/api.w.org\/{rel}","templated":true}]}}